{"id":158632,"date":"2015-02-28T15:18:16","date_gmt":"2015-02-28T14:18:16","guid":{"rendered":"https:\/\/mini-bob.com\/nakup-mini-bob-zipfelbob\/"},"modified":"2025-11-23T18:21:09","modified_gmt":"2025-11-23T17:21:09","slug":"nakup-mini-bob-zipfelbob","status":"publish","type":"page","link":"https:\/\/mini-bob.com\/sl\/nakup-mini-bob-zipfelbob\/","title":{"rendered":"nakup mini bob (Zipfelbob)"},"content":{"rendered":"<div class=\"wpb-content-wrapper\"><p>[vc_row][vc_column][vc_custom_heading text=&#8221;Zipfelbob - nakup originalnega mini boba v trgovinah&#8221; google_fonts=&#8221;font_family:Roboto%20Condensed%3A300%2C300italic%2Cregular%2Citalic%2C700%2C700italic|font_style:400%20regular%3A400%3Anormal&#8221;][vc_column_text]Originalni mini bob (Zipfelbob) lahko kupite pri dobro zalo\u017eenih prodajalcih \u0161portnih izdelkov in igra? v va\u0161i bli\u017eini!<\/p>\n<p>?e va\u0161 lokalni prodajalec nima na zalogi originalnega mini boba, ga lahko napoti k nam <a href=\"https:\/\/mini-bob.com\/sl\/?page_id=158560&#038;v=3a52f3c22ed6\">- veseli smo povpra\u0161evanj prodajalcev<\/a>.[\/vc_column_text]<style type=\"text\/css\" data-type=\"the7_shortcodes-inline-css\">#default-btn-4876619e5f34e0b279cd85c1ec79de35.ico-right-side > i {\n  margin-right: 0px;\n  margin-left: 8px;\n}\n#default-btn-4876619e5f34e0b279cd85c1ec79de35 > i {\n  margin-right: 8px;\n}<\/style><a href=\"https:\/\/mini-bob.com\/mini-bob-zipfelbob-shop\/\" class=\"default-btn-shortcode dt-btn dt-btn-l link-hover-off btn-inline-left \" id=\"default-btn-4876619e5f34e0b279cd85c1ec79de35\" title=\"Originalni mini bob (Zipfelbob) Trgovina\"><span>KLIKNITE TUKAJ ZA TRGOVINO<\/span><\/a>[vc_empty_space][vc_column_text]Originalni mini bob (Zipfelbob) lahko kupite pri naslednjih trgovcih:[\/vc_column_text][\/vc_column][\/vc_row][vc_row][vc_column width=&#8221;1\/2&#8243;][vc_wp_text]<img decoding=\"async\" src=\"\/wp-content\/uploads\/2015\/02\/deutschland.gif\" alt=\"\" width=\"\" height=\"\">  <img decoding=\"async\" src=\"\/wp-content\/uploads\/2015\/02\/oestereich.gif\" alt=\"\" width=\"\" height=\"\">  <img decoding=\"async\" src=\"\/wp-content\/uploads\/2015\/02\/schweiz02.gif\" alt=\"\" width=\"\" height=\"\"><\/p>\n<p>Nem?ija, Avstrija in \u0160vica<\/p>\n<p>Tukaj lahko na spletu dobite <strong>posebne izdaje<\/strong> originalnih mini bobov:<\/p>\n<p><strong>mini bob Spletna trgovina<\/strong><br \/>\ne-po\u0161ta: vertrieb@mini-bob.com<\/p>\n<p>&nbsp;<\/p>\n<p><strong>Originalni mini bob v vseh drugih barvah lahko kupite tukaj:<\/strong><\/p>\n<p><strong>Rodelfuehrer.de<\/strong><br \/>\nFr\u00fchlingstr. 13<br \/>\n<strong>D-82223 Eichenau<\/strong><br \/>\nTelefon: +49(0)89\/381695562<br \/>\n<a href=\"https:\/\/www.rodelfuehrer.de\/rodel-shop\/Zipflbob-Minibob\" target=\"_blank\" rel=\"nofollow noopener\">Spletna trgovina<\/a>: www.rodelfuehrer.de<\/p>\n<p>&nbsp;<\/p>\n<p><strong>OBI Landsberg<\/strong><br \/>\nAm Penzinger Feld 21<br \/>\n<strong>D-86899 Landsberg<\/strong> am Lech<br \/>\nTelefon: +49(0)8191 973900<br \/>\nSpletna stran: <a href=\"https:\/\/www.obi.de\/baumarkt\/landsberg-am-lech\/\" target=\"_blank\" rel=\"nofollow noopener\">OBI Landsberg<\/a><\/p>\n<p>&nbsp;<\/p>\n<p><strong>JAKO-O M\u00f6bel und Spielmittel f\u00fcr die junge Familie GmbH<\/strong><br \/>\nAugust-Grosch-Stra\u00dfe 28-38<br \/>\n<strong>D-96476 Bad<\/strong> Rodach<br \/>\n<a href=\"https:\/\/www.jako-o.de\/produkte-sport-kinder-sportgeraete-wintersport-mini-bob--047626.html\" target=\"_blank\" rel=\"nofollow noopener\">Spletna trgovina<\/a>: www.jako-o.de<\/p>\n<p>&nbsp;<\/p>\n<p><strong>Spletna trgovina JAKO-O Avstrija<\/strong><br \/>\n<strong>AT<\/strong><br \/>\n<a href=\"https:\/\/www.jako-o.at\/produkte-sport-sportarten-wintersport-mini-bob--047626.html\" target=\"_blank\" rel=\"nofollow noopener\">Spletna trgovina<\/a>: www.jako-o.at<\/p>\n<p>&nbsp;<\/p>\n<p><strong>Kastner &amp; \u00d6hler Mode GmbH<\/strong><br \/>\nSackstra\u00dfe 7-13<br \/>\n<strong>AT-8010 Graz<\/strong><br \/>\nTelefon: +43 (0)316 870-0<br \/>\nE-naslov: <a href=\"https:\/\/www.kastner-oehler.at\/ZipflBob.html\" target=\"_blank\" rel=\"nofollow noopener\">kontakt@kastner-oehler<\/a>.at<br \/>\nSpletna trgovina: www.kastner-oehler.at<\/p>\n<p>&nbsp;<\/p>\n<p><strong>McTREK ( <\/strong>YEAH! AG)<br \/>\nKeltenstr. 20b<br \/>\n<strong>D-63486 Bruchk\u00f6bel<\/strong><br \/>\nTel: +49 (0)6181-952630<br \/>\nSpletna trgovina: www.mctrek.de<\/p>\n<p>&nbsp;<\/p>\n<p><strong>Globetrotter Equipment GmbH<\/strong><br \/>\n<strong>Po vsej Nem?iji<\/strong><br \/>\nNakup na kraju samem: <a href=\"https:\/\/www.globetrotter.de\/filialen\/\" target=\"_blank\" rel=\"nofollow noopener\">Iskalnik trgovin<\/a><br \/>\n<a href=\"https:\/\/www.globetrotter.de\/shop\/zipflbob-308405\/\" target=\"_blank\" rel=\"nofollow noopener\">Spletna trgovina<\/a>: www.globetrotter.de<\/p>\n<p>&nbsp;<\/p>\n<p><strong>SchuhSki<\/strong><br \/>\nSalzburger Stra\u00dfe 92<br \/>\n<strong>AT-4820 Bad<\/strong> Ischl<br \/>\nTelefon: +43 720 530 936<br \/>\nE-naslov: <a href=\"https:\/\/www.schuhski.com\/e-vendo.php?SessionId=&amp;a=search&amp;SearchStr=mini-bob\" target=\"_blank\" rel=\"nofollow noopener\">support@schuhski<\/a>.com<br \/>\nSpletna trgovina: www.schuhski.com<\/p>\n<p>&nbsp;<\/p>\n<p><strong>Sport M\u00fcller<\/strong><br \/>\nPassauer Strasse 24<br \/>\n<strong>D-94060 Pocking<\/strong><br \/>\nTelefon: +49(0)8531 4803<br \/>\nE-naslov: <a href=\"https:\/\/www.sportmueller-pocking.de\" target=\"_blank\" rel=\"nofollow noopener\">info@sportmueller-pocking<\/a>.de<br \/>\nSpletna trgovina: www.sportmueller-pocking.de<\/p>\n<p>&nbsp;<\/p>\n<p><strong>Probst Gospodinjsko blago<\/strong><br \/>\nBahnhofstr. 2<br \/>\n<strong>D-83661 Lenggries<\/strong><br \/>\nTelefon: +49(0)8042 8931<br \/>\nE-naslov: <a href=\"https:\/\/www.haushaltswaren-lenggries.de\/\" target=\"_blank\" rel=\"nofollow noopener\">probst@haushaltswaren-lenggries<\/a>.de<br \/>\nSplet: https:\/\/haushaltswaren-lenggries.de<\/p>\n<p>&nbsp;<\/p>\n<p><strong>\u0160port EDER + BERGER GmbH &amp; Co. KG<\/strong><br \/>\nSulzbacher Str. 1<br \/>\n<strong>D- 94152<\/strong> Neuhaus am Inn<br \/>\nTelefon: +49(0)8503 86 10<br \/>\nE-naslov: <a href=\"https:\/\/www.tauchshop-online.de\/zipflbob_minibob-onlineshop.php\" target=\"_blank\" rel=\"nofollow noopener\">versand@eder-tauchsport<\/a>.de<br \/>\nSpletna trgovina: www.tauchshop-online.de<\/p>\n<p>&nbsp;<\/p>\n<p><strong>\u0160portni strokovnjak<\/strong><br \/>\nFalkenburg 102<br \/>\n<strong>AT-8952 Irdning<\/strong>( <strong>spletna dostava \u0160vica!)<\/strong><br \/>\nTelefon: +43 (0) 3682 229527<br \/>\nE-naslov: office@sportsprofi. <a href=\"https:\/\/www.sportsprofi.com\/Sportarten\/Rodelsport\/Bobs\/Bob-mit-Stiel-Zipfelbob.html\" target=\"_blank\" rel=\"nofollow noopener\">com<br \/>\n<\/a> Spletna trgovina: www.sportsprofi.com<\/p>\n<p>&nbsp;<\/p>\n<p><strong>Sportworld24 GmbH<\/strong><br \/>\nGehringstrasse 26a<br \/>\n<strong>D-93444 Bad<\/strong> K\u00f6tzting<br \/>\nE-naslov: <a href=\"https:\/\/www.sportworld24.de\/de\/mini-bob-schlitten-bob-mini.html\" target=\"_blank\" rel=\"nofollow noopener\">info@sportworld24.de<br \/>\n<\/a> Spletna trgovina: www.sportworld24.de[\/vc_wp_text][\/vc_column][vc_column width=&#8221;1\/2&#8243;][vc_wp_text]<\/p>\n<p>&nbsp;<\/p>\n<p><img loading=\"lazy\" decoding=\"async\" src=\"\/wp-content\/uploads\/2015\/02\/deutschland.gif\" width=\"46\" height=\"31\" alt=\"\"><\/p>\n<p><strong>INTERSPORT Multichannel GmbH<\/strong><br \/>\nWannen\u00e4ckerstrasse 36<br \/>\n<strong>D-74078 Heilbronn<\/strong><br \/>\nTelefon: +49 7131 123 00 90<br \/>\nE-naslov: service@intersport.de<\/p>\n<p>Iskalnik prodajalcev: www. <a href=\"https:\/\/www.intersport.de\/suche?SearchTerm=M%C3%BCnchen&amp;SelectedSearchResult=MerchantSearch\" target=\"_blank\" rel=\"nofollow noopener\">intersport<\/a>.de<\/p>\n<p>&nbsp;<\/p>\n<p><img decoding=\"async\" src=\"\/wp-content\/uploads\/2015\/02\/oestereich.gif\" alt=\"\" width=\"\" height=\"\"><\/p>\n<p><strong>INTERSPORT Austria Gesellschaft mbH<\/strong><br \/>\nFlugplatzstra\u00dfe 10<br \/>\n<strong>AT-4600 Wels<\/strong><br \/>\nTelefon: +43 7242 233 - 0<br \/>\n<a href=\"https:\/\/www.intersport.at\" target=\"_blank\" rel=\"nofollow noopener\">E-po\u0161ta: headoffice@intersport<\/a>.at<br \/>\nSplet: www.intersport.at<\/p>\n<p>Iskalnik prodajalcev: www. <a href=\"https:\/\/www.intersport.at\/standorte\/index.html\" target=\"_blank\" rel=\"nofollow noopener\">intersport<\/a>.at<\/p>\n<p>Spletna trgovina: www. <a href=\"https:\/\/www.intersport.at\/eshop\/Snow-Ice\/Bobs-Schlitten\/Minibob-mit-Stiel-rot-30-000.html\" target=\"_blank\" rel=\"nofollow noopener\">intersport<\/a>.at<\/p>\n<p>&nbsp;<\/p>\n<p><img decoding=\"async\" src=\"\/wp-content\/uploads\/2017\/06\/spanien.gif\" alt=\"\" width=\"\" height=\"\">  <img loading=\"lazy\" decoding=\"async\" src=\"\/wp-content\/uploads\/2017\/06\/andorra.gif\" alt=\"\" width=\"46\" height=\"31\">  <img loading=\"lazy\" decoding=\"async\" src=\"\/wp-content\/uploads\/2017\/06\/portugal.gif\" alt=\"\" width=\"46\" height=\"31\"><\/p>\n<p><strong>\u0160panija, Andora in Portugalska<br \/>\n<\/strong><\/p>\n<p><strong>Whitefun Sports<\/strong><br \/>\nc\/North 8<br \/>\n<strong>ES 25550<\/strong> Bossost<br \/>\nTelefon: + 34 667594488<br \/>\nE-naslov <a href=\"https:\/\/www.whitefun.com\/sports\/es\/home\/70-minibob.html\" target=\"_blank\" rel=\"nofollow noopener\">: info@whitefun<\/a>.com<br \/>\nSpletna trgovina: www.whitefun.com<\/p>\n<p>&nbsp;<\/p>\n<p><img loading=\"lazy\" decoding=\"async\" src=\"\/wp-content\/uploads\/2018\/01\/frankreich.gif\" width=\"46\" height=\"31\" alt=\"\"><\/p>\n<p><strong>Francija<br \/>\n<\/strong><\/p>\n<p><strong>Val d&#8217;Allos Sport<\/strong><br \/>\n04260 La Foux d&#8217;Allos<br \/>\nOuvert toute la saison d&#8217;hiver 7\/7<br \/>\nTelefon: + <a class=\"_sEo iGHZATw6ZO1Y-6WH35iSZ2V0 rllt__link\" style=\"padding-right: 0;\" tabindex=\"0\" role=\"link\" data-rtid=\"iGHZATw6ZO1Y\" data-cid=\"1123861482795003801\" data-ved=\"0ahUKEwi_u-SP1cjYAhWB2KQKHee6BxIQyTMILzAA\"><span class=\"rllt__details lqhpac\">33 6 24 82 57 73<\/span><\/a><br \/>\nE-naslov: info@valdallossport.fr<br \/>\nSpletna trgovina: www.valdallossport.fr<\/p>\n<p>&nbsp;<\/p>\n<p><img loading=\"lazy\" decoding=\"async\" src=\"\/wp-content\/uploads\/2018\/11\/hu.png\" width=\"46\" height=\"31\" alt=\"\"><\/p>\n<p><strong>Mad\u017earska<br \/>\n<\/strong><\/p>\n<p><strong>SKI TRAVEL UTAZASI IRODA<\/strong><br \/>\n8200 Veszprem<br \/>\n<span class=\"rllt__details lqhpac\">Budapest ut 89\/A.<\/span><br \/>\n<span class=\"rllt__details lqhpac\"> Telefon: + 36 88 567 401<br \/>\nE-naslov: sitanoda@skitravel.hu<br \/>\nSpletna trgovina: www.sitanoda.hu<\/span><\/p>\n<p>&nbsp;<\/p>\n<p><img decoding=\"async\" src=\"\/wp-content\/uploads\/2015\/02\/rumaenien.gif\" alt=\"\" width=\"\" height=\"\"><\/p>\n<p><strong>Romunija<\/strong><\/p>\n<p><strong>SC Toptools SRL<\/strong><br \/>\nStr. Meteor 71B<br \/>\nCluj Napoca 400492<br \/>\nTelefon: <a href=\"https:\/\/www.sanius.ro\" target=\"_blank\" rel=\"nofollow noopener\">+40264438490<br \/>\n<\/a> E-naslov: info@sanuis.ro<br \/>\nSpletna trgovina: www.sanius.ro<\/p>\n<p>&nbsp;<\/p>\n<p><img decoding=\"async\" src=\"\/wp-content\/uploads\/2015\/02\/europa.gif\" alt=\"\" width=\"\" height=\"\"><\/p>\n<p><strong style=\"font-style: normal;\">IIC-INTERSPORT Mednarodna korporacija<\/strong><br \/>\nSplet: www.intersport.com<\/p>\n<p>&nbsp;<\/p>\n<p><img loading=\"lazy\" decoding=\"async\" src=\"\/wp-content\/uploads\/2016\/08\/norwegen.gif\" alt=\"\" width=\"46\" height=\"31\">  <img loading=\"lazy\" decoding=\"async\" src=\"\/wp-content\/uploads\/2016\/08\/finnland.gif\" alt=\"\" width=\"46\" height=\"31\">  <img loading=\"lazy\" decoding=\"async\" src=\"\/wp-content\/uploads\/2016\/08\/schweden.gif\" alt=\"\" width=\"46\" height=\"31\"><\/p>\n<p>mini bob v Skandinaviji:<\/p>\n<p>Norve\u0161ka:<\/p>\n<p><strong style=\"font-style: normal;\">Snowcon<\/strong><br \/>\nSplet: www.snowcon.no<br \/>\npo\u0161ta: kundeservice@snowcon.no<\/p>\n<p>\u0160vedska:<\/p>\n<p><strong style=\"font-style: normal;\">Snowcon<\/strong><br \/>\nSplet: www.snowcon.se<br \/>\npo\u0161ta: kundeservice@snowcon.se<\/p>\n<p>Finska:<\/p>\n<p><strong style=\"font-style: normal;\">Snowcon<\/strong><br \/>\nSplet: www.snowcon.fi<br \/>\npo\u0161ta: kundeservice@snowcon.fi<\/p>\n<p>[\/vc_wp_text][\/vc_column][\/vc_row][vc_row][vc_column][vc_empty_space][\/vc_column][\/vc_row][vc_row][vc_column][vc_custom_heading text=&#8221;\u017delite postati originalni prodajalec mini bobov?&#8221; google_fonts=&#8221;font_family:Roboto%20Condensed%3A300%2C300italic%2Cregular%2Citalic%2C700%2C700italic|font_style:400%20regular%3A400%3Anormal&#8221;]<style type=\"text\/css\" data-type=\"the7_shortcodes-inline-css\">#default-btn-de07380b1a2db9aa5b3897f04d8a2a75.ico-right-side > i {\n  margin-right: 0px;\n  margin-left: 8px;\n}\n#default-btn-de07380b1a2db9aa5b3897f04d8a2a75 > i {\n  margin-right: 8px;\n}<\/style><a href=\"https:\/\/mini-bob.com\/sl\/?page_id=158560\" class=\"default-btn-shortcode dt-btn dt-btn-l pulse animate-element animation-builder link-hover-off btn-inline-left \" id=\"default-btn-de07380b1a2db9aa5b3897f04d8a2a75\" title=\"Veselimo se va\u0161ega povpra\u0161evanja!\"><span>POSTANITE TRGOVEC<\/span><\/a>[\/vc_column][\/vc_row][vc_row][vc_column][vc_empty_space][\/vc_column][\/vc_row][vc_row][vc_column][vc_column_text]Ko kupujete mini bob (ali Zipfybob, zipflbob ali Zipfelbob), se vedno prepri?ajte, da je to originalni mini bob! To lahko prepoznate po originalnem logotipu mini bob. Ve? informacij o tem najdete pod naslovom: <a href=\"https:\/\/mini-bob.com\/sl\/?page_id=158651\">mini bob<\/a>  <\/p>\n<p>?e i\u0161?ete vrhunski <a href=\"https:\/\/mini-bob.com\/sl\/?page_id=158610\">plasti?ni bob, popo<\/a> <a href=\"https:\/\/mini-bob.com\/sl\/?page_id=158752\">slide, plasti?ne<\/a> <a href=\"https:\/\/mini-bob.com\/sl\/?page_id=158610\">sani, bob ali bob<\/a> <a href=\"https:\/\/mini-bob.com\/sl\/?page_id=159229\">sani<\/a>, <a href=\"https:\/\/mini-bob.com\/sl\/?page_id=159213\">morate izbrati <\/a>originalni mini bob!<\/p>\n<p>Kupite originalni Zipfelbob - kakovost, izdelana v Nem?iji od leta 1976[\/vc_column_text][\/vc_column][\/vc_row]<\/p>\n<\/div>","protected":false},"excerpt":{"rendered":"<p>[vc_row][vc_column][vc_custom_heading text=&#8221;Zipfelbob - nakup originalnega mini boba v trgovinah&#8221; google_fonts=&#8221;font_family:Roboto%20Condensed%3A300%2C300italic%2Cregular%2Citalic%2C700%2C700italic|font_style:400%20regular%3A400%3Anormal&#8221;][vc_column_text]Originalni mini bob (Zipfelbob) lahko kupite pri dobro zalo\u017eenih prodajalcih \u0161portnih izdelkov in igra? v va\u0161i bli\u017eini! ?e va\u0161 lokalni prodajalec nima na zalogi originalnega mini boba, ga lahko napoti k nam - veseli smo povpra\u0161evanj prodajalcev.[\/vc_column_text][vc_empty_space][vc_column_text]Originalni mini bob (Zipfelbob) lahko kupite pri naslednjih trgovcih:[\/vc_column_text][\/vc_column][\/vc_row][vc_row][vc_column width=&#8221;1\/2&#8243;][vc_wp_text]&hellip;<\/p>\n","protected":false},"author":1,"featured_media":0,"parent":0,"menu_order":0,"comment_status":"closed","ping_status":"closed","template":"","meta":{"_acf_changed":false,"footnotes":""},"class_list":["post-158632","page","type-page","status-publish","hentry","description-off"],"acf":[],"_links":{"self":[{"href":"https:\/\/mini-bob.com\/sl\/wp-json\/wp\/v2\/pages\/158632","targetHints":{"allow":["GET"]}}],"collection":[{"href":"https:\/\/mini-bob.com\/sl\/wp-json\/wp\/v2\/pages"}],"about":[{"href":"https:\/\/mini-bob.com\/sl\/wp-json\/wp\/v2\/types\/page"}],"author":[{"embeddable":true,"href":"https:\/\/mini-bob.com\/sl\/wp-json\/wp\/v2\/users\/1"}],"replies":[{"embeddable":true,"href":"https:\/\/mini-bob.com\/sl\/wp-json\/wp\/v2\/comments?post=158632"}],"version-history":[{"count":6,"href":"https:\/\/mini-bob.com\/sl\/wp-json\/wp\/v2\/pages\/158632\/revisions"}],"predecessor-version":[{"id":158701,"href":"https:\/\/mini-bob.com\/sl\/wp-json\/wp\/v2\/pages\/158632\/revisions\/158701"}],"wp:attachment":[{"href":"https:\/\/mini-bob.com\/sl\/wp-json\/wp\/v2\/media?parent=158632"}],"curies":[{"name":"wp","href":"https:\/\/api.w.org\/{rel}","templated":true}]}}