{"id":158673,"date":"2015-10-27T16:51:48","date_gmt":"2015-10-27T15:51:48","guid":{"rendered":"https:\/\/mini-bob.com\/rumeni-mini-bob-zipflbob\/"},"modified":"2025-11-23T18:21:05","modified_gmt":"2025-11-23T17:21:05","slug":"rumeni-mini-bob-zipflbob","status":"publish","type":"page","link":"https:\/\/mini-bob.com\/sl\/rumeni-mini-bob-zipflbob\/","title":{"rendered":"rumeni mini bob \/ zipflbob"},"content":{"rendered":"<div class=\"wpb-content-wrapper\"><p>[vc_row][vc_column width=&#8221;1\/2&#8243;][vc_single_image image=&#8221;158676&#8243; img_size=&#8221;large&#8221;][\/vc_column][vc_column width=&#8221;1\/2&#8243;][vc_custom_heading text=&#8221;Originalni mini bob (Zipfelbob) v rumeni barvi&#8221; google_fonts=&#8221;font_family:Roboto%20Condensed%3A300%2C300italic%2Cregular%2Citalic%2C700%2C700italic|font_style:400%20regular%3A400%3Anormal&#8221;][vc_column_text]Mini bob (zipflbob) so proizvajali in prodajali v rumeni barvi od leta 1976 do leta 2010.<\/p>\n<p>V zgodnjih dneh zipflbobov so majhne plasti?ne sani\/plasten bob \u0161e vedno izdelovali in prodajali z rumenim ro?ajem (Zipfl) in le s ?rnim sede\u017eem. Kasneje, od 80. let prej\u0161njega stoletja dalje, je tudi ro?aj postal ?rn, rumena barva pa je postala mo?nej\u0161a. <\/p>\n<p>Tako kot rde?i zipflbob in modri zipflbob je tudi rumeni zipflbob postal zimzelen. Rumeno barvo je \u0161ele leta 2010 zamenjala oran\u017ena. <\/p>\n<p>Od leta 2017 je na voljo nova izdaja originalnega mini boba v rumeni barvi.[\/vc_column_text]<style type=\"text\/css\" data-type=\"the7_shortcodes-inline-css\">#default-btn-d5e069bd827ee8405383e778a1366d62.ico-right-side > i {\n  margin-right: 0px;\n  margin-left: 8px;\n}\n#default-btn-d5e069bd827ee8405383e778a1366d62 > i {\n  margin-right: 8px;\n}<\/style><a href=\"https:\/\/mini-bob.com\/produkt\/mini-bob-zipfelbob-in-gelb\/\" class=\"default-btn-shortcode dt-btn dt-btn-l pulse animate-element animation-builder link-hover-off btn-inline-left \" id=\"default-btn-d5e069bd827ee8405383e778a1366d62\" title=\"+PRODANO+ originalni mini bob (Zipfelbob) v rumeni barvi\"><span>KUPI RUMENO ZIPFELBOB<\/span><\/a>[\/vc_column][\/vc_row][vc_row][vc_column][vc_empty_space][\/vc_column][\/vc_row][vc_row][vc_column width=&#8221;1\/2&#8243;][vc_empty_space height=&#8221;70px&#8221;][vc_custom_heading text=&#8221;1980 Prototipni rumeni bob z barvnim ro?ajem (&#8220;Zipfy&#8220;)&#8221; google_fonts=&#8221;font_family:Roboto%20Condensed%3A300%2C300italic%2Cregular%2Citalic%2C700%2C700italic|font_style:400%20regular%3A400%3Anormal&#8221;][vc_empty_space height=&#8221;50px&#8221;]<style type=\"text\/css\" data-type=\"the7_shortcodes-inline-css\">#default-btn-aac18d5ca6a677f256962b929f92271c.ico-right-side > i {\n  margin-right: 0px;\n  margin-left: 8px;\n}\n#default-btn-aac18d5ca6a677f256962b929f92271c > i {\n  margin-right: 8px;\n}<\/style><a href=\"https:\/\/mini-bob.com\/sl\/?page_id=158651\" class=\"default-btn-shortcode dt-btn dt-btn-l pulse animate-element animation-builder link-hover-off btn-inline-left \" id=\"default-btn-aac18d5ca6a677f256962b929f92271c\" title=\"mini bob\"><span>MINI BOB V DRUGIH BARVAH<\/span><\/a>[vc_empty_space]<style type=\"text\/css\" data-type=\"the7_shortcodes-inline-css\">#default-btn-fab6083690775df46b73da7cbd1d4bb2.ico-right-side > i {\n  margin-right: 0px;\n  margin-left: 8px;\n}\n#default-btn-fab6083690775df46b73da7cbd1d4bb2 > i {\n  margin-right: 8px;\n}<\/style><a href=\"https:\/\/mini-bob.com\/mini-bob-zipfelbob-shop\/\" class=\"default-btn-shortcode dt-btn dt-btn-l pulse animate-element animation-builder link-hover-off btn-inline-left \" id=\"default-btn-fab6083690775df46b73da7cbd1d4bb2\" title=\"Originalni mini bob (Zipfelbob) Trgovina\"><span>KLIKNITE TUKAJ ZA NEPOSREDEN DOSTOP DO TRGOVINE<\/span><\/a>[\/vc_column][vc_column width=&#8221;1\/2&#8243;][vc_single_image image=&#8221;158677&#8243; img_size=&#8221;large&#8221;][\/vc_column][\/vc_row]<\/p>\n<\/div>","protected":false},"excerpt":{"rendered":"<p>[vc_row][vc_column width=&#8221;1\/2&#8243;][vc_single_image image=&#8221;158676&#8243; img_size=&#8221;large&#8221;][\/vc_column][vc_column width=&#8221;1\/2&#8243;][vc_custom_heading text=&#8221;Originalni mini bob (Zipfelbob) v rumeni barvi&#8221; google_fonts=&#8221;font_family:Roboto%20Condensed%3A300%2C300italic%2Cregular%2Citalic%2C700%2C700italic|font_style:400%20regular%3A400%3Anormal&#8221;][vc_column_text]Mini bob (zipflbob) so proizvajali in prodajali v rumeni barvi od leta 1976 do leta 2010. V zgodnjih dneh zipflbobov so majhne plasti?ne sani\/plasten bob \u0161e vedno izdelovali in prodajali z rumenim ro?ajem (Zipfl) in le s ?rnim sede\u017eem. Kasneje, od 80. let&hellip;<\/p>\n","protected":false},"author":1,"featured_media":0,"parent":0,"menu_order":0,"comment_status":"closed","ping_status":"closed","template":"","meta":{"_acf_changed":false,"footnotes":""},"class_list":["post-158673","page","type-page","status-publish","hentry","description-off"],"acf":[],"_links":{"self":[{"href":"https:\/\/mini-bob.com\/sl\/wp-json\/wp\/v2\/pages\/158673","targetHints":{"allow":["GET"]}}],"collection":[{"href":"https:\/\/mini-bob.com\/sl\/wp-json\/wp\/v2\/pages"}],"about":[{"href":"https:\/\/mini-bob.com\/sl\/wp-json\/wp\/v2\/types\/page"}],"author":[{"embeddable":true,"href":"https:\/\/mini-bob.com\/sl\/wp-json\/wp\/v2\/users\/1"}],"replies":[{"embeddable":true,"href":"https:\/\/mini-bob.com\/sl\/wp-json\/wp\/v2\/comments?post=158673"}],"version-history":[{"count":4,"href":"https:\/\/mini-bob.com\/sl\/wp-json\/wp\/v2\/pages\/158673\/revisions"}],"predecessor-version":[{"id":158692,"href":"https:\/\/mini-bob.com\/sl\/wp-json\/wp\/v2\/pages\/158673\/revisions\/158692"}],"wp:attachment":[{"href":"https:\/\/mini-bob.com\/sl\/wp-json\/wp\/v2\/media?parent=158673"}],"curies":[{"name":"wp","href":"https:\/\/api.w.org\/{rel}","templated":true}]}}