{"id":158691,"date":"2015-10-27T16:34:53","date_gmt":"2015-10-27T15:34:53","guid":{"rendered":"https:\/\/mini-bob.com\/oranzni-mini-bob-zipflbob\/"},"modified":"2025-11-23T18:21:25","modified_gmt":"2025-11-23T17:21:25","slug":"oranzni-mini-bob-zipflbob","status":"publish","type":"page","link":"https:\/\/mini-bob.com\/sl\/oranzni-mini-bob-zipflbob\/","title":{"rendered":"oran\u017eni mini bob \/ zipflbob"},"content":{"rendered":"<div class=\"wpb-content-wrapper\"><p>[vc_row][vc_column width=&#8221;1\/2&#8243;][vc_single_image image=&#8221;158694&#8243; img_size=&#8221;large&#8221;][\/vc_column][vc_column width=&#8221;1\/2&#8243;][vc_custom_heading text=&#8221;Originalni mini bob (zipflbob) v oran\u017eni barvi&#8221; google_fonts=&#8221;font_family:Roboto%20Condensed%3A300%2C300italic%2Cregular%2Citalic%2C700%2C700italic|font_style:400%20regular%3A400%3Anormal&#8221;][vc_column_text]Oran\u017eni mini bob (Zipfelbob) je leta 2010 zamenjal rumenega mini boba in se je proizvajal in prodaval do leta 2014.<\/p>\n<p>Oran\u017eni zipflbob - mini bob je posebna barva v retro dizajnu, ki naj bi spominjala na barve, priljubljene v sedemdesetih letih prej\u0161njega stoletja.<\/p>\n<p>V sedemdesetih letih prej\u0161njega stoletja je v vsakdanjem \u017eivljenju prevladovala oran\u017ena barva. V oran\u017eni barvi so bili avtomobili, stene so bile tapecirane v oran\u017eni in rumeni barvi, v oran\u017eni barvi so bili izdelani kuhinjski aparati in pohi\u0161tvo.[\/vc_column_text][vc_empty_space]<style type=\"text\/css\" data-type=\"the7_shortcodes-inline-css\">#default-btn-fab6083690775df46b73da7cbd1d4bb2.ico-right-side > i {\n  margin-right: 0px;\n  margin-left: 8px;\n}\n#default-btn-fab6083690775df46b73da7cbd1d4bb2 > i {\n  margin-right: 8px;\n}<\/style><a href=\"https:\/\/mini-bob.com\/mini-bob-zipfelbob-shop\/\" class=\"default-btn-shortcode dt-btn dt-btn-l pulse animate-element animation-builder link-hover-off btn-inline-left \" id=\"default-btn-fab6083690775df46b73da7cbd1d4bb2\" title=\"Originalni mini bob (Zipfelbob) Trgovina\"><span>KLIKNITE TUKAJ ZA NEPOSREDEN DOSTOP DO TRGOVINE<\/span><\/a>[\/vc_column][\/vc_row][vc_row][vc_column][vc_empty_space][\/vc_column][\/vc_row][vc_row][vc_column width=&#8221;1\/2&#8243;][vc_empty_space][vc_empty_space]<style type=\"text\/css\" data-type=\"the7_shortcodes-inline-css\">#default-btn-2a1b9c5270324f37b97b148145d53004.ico-right-side > i {\n  margin-right: 0px;\n  margin-left: 8px;\n}\n#default-btn-2a1b9c5270324f37b97b148145d53004 > i {\n  margin-right: 8px;\n}<\/style><div class=\"btn-align-center\"><a href=\"https:\/\/mini-bob.com\/sl\/?page_id=158651\" class=\"default-btn-shortcode dt-btn dt-btn-l pulse animate-element animation-builder link-hover-off \" id=\"default-btn-2a1b9c5270324f37b97b148145d53004\" title=\"mini bob\"><span>MINI BOB V DRUGIH BARVAH<\/span><\/a><\/div>[\/vc_column][vc_column width=&#8221;1\/2&#8243;][vc_single_image image=&#8221;158660&#8243; img_size=&#8221;large&#8221;][\/vc_column][\/vc_row]<\/p>\n<\/div>","protected":false},"excerpt":{"rendered":"<p>[vc_row][vc_column width=&#8221;1\/2&#8243;][vc_single_image image=&#8221;158694&#8243; img_size=&#8221;large&#8221;][\/vc_column][vc_column width=&#8221;1\/2&#8243;][vc_custom_heading text=&#8221;Originalni mini bob (zipflbob) v oran\u017eni barvi&#8221; google_fonts=&#8221;font_family:Roboto%20Condensed%3A300%2C300italic%2Cregular%2Citalic%2C700%2C700italic|font_style:400%20regular%3A400%3Anormal&#8221;][vc_column_text]Oran\u017eni mini bob (Zipfelbob) je leta 2010 zamenjal rumenega mini boba in se je proizvajal in prodaval do leta 2014. Oran\u017eni zipflbob - mini bob je posebna barva v retro dizajnu, ki naj bi spominjala na barve, priljubljene v sedemdesetih letih prej\u0161njega stoletja.&hellip;<\/p>\n","protected":false},"author":1,"featured_media":0,"parent":0,"menu_order":0,"comment_status":"closed","ping_status":"closed","template":"","meta":{"_acf_changed":false,"footnotes":""},"class_list":["post-158691","page","type-page","status-publish","hentry","description-off"],"acf":[],"_links":{"self":[{"href":"https:\/\/mini-bob.com\/sl\/wp-json\/wp\/v2\/pages\/158691","targetHints":{"allow":["GET"]}}],"collection":[{"href":"https:\/\/mini-bob.com\/sl\/wp-json\/wp\/v2\/pages"}],"about":[{"href":"https:\/\/mini-bob.com\/sl\/wp-json\/wp\/v2\/types\/page"}],"author":[{"embeddable":true,"href":"https:\/\/mini-bob.com\/sl\/wp-json\/wp\/v2\/users\/1"}],"replies":[{"embeddable":true,"href":"https:\/\/mini-bob.com\/sl\/wp-json\/wp\/v2\/comments?post=158691"}],"version-history":[{"count":8,"href":"https:\/\/mini-bob.com\/sl\/wp-json\/wp\/v2\/pages\/158691\/revisions"}],"predecessor-version":[{"id":158736,"href":"https:\/\/mini-bob.com\/sl\/wp-json\/wp\/v2\/pages\/158691\/revisions\/158736"}],"wp:attachment":[{"href":"https:\/\/mini-bob.com\/sl\/wp-json\/wp\/v2\/media?parent=158691"}],"curies":[{"name":"wp","href":"https:\/\/api.w.org\/{rel}","templated":true}]}}