{"id":158698,"date":"2025-11-23T18:21:08","date_gmt":"2025-11-23T17:21:08","guid":{"rendered":"https:\/\/mini-bob.com\/nacini-posiljanja\/"},"modified":"2025-11-23T18:21:30","modified_gmt":"2025-11-23T17:21:30","slug":"nacini-posiljanja","status":"publish","type":"page","link":"https:\/\/mini-bob.com\/sl\/nacini-posiljanja\/","title":{"rendered":"Na?ini po\u0161iljanja"},"content":{"rendered":"<p>Na?ini po\u0161iljanja<\/p>\n<p>Informacije o ceni<\/p>\n<p>Stro\u0161ki po\u0161iljanja so odvisni od koli?ine naro?enega blaga in na?ina po\u0161iljanja. O njih boste obve\u0161?eni med postopkom naro?anja. <\/p>\n<p>Spodnji seznam je v va\u0161o vednost in orientacijo.<br \/>\nDejanski stro\u0161ki po\u0161iljanja so dolo?eni med postopkom naro?anja, ki ga lahko kadar koli prekli?ete.<\/p>\n<p>Stro\u0161ki dostave:<\/p>\n<p>V Nem?iji DHL Paket po enotni ceni 4,99 EUR<br \/>\nZunaj Nem?ije, vendar znotraj Evrope* DHL Premium Paket po enotni ceni 10,50 EUR<\/p>\n<p>Po\u0161iljke v \u0160vico po\u0161ilja DHL kot zavarovano po\u0161iljko po pav\u0161alni ceni 26,90 EUR - upo\u0161tevajte carinske predpise v svoji dr\u017eavi!<\/p>\n<p>Po\u0161iljke zunaj EU in drugih dr\u017eav (npr. Norve\u0161ka, Finska) obravnava DHL kot zavarovano po\u0161iljko po pav\u0161alni ceni 26,90 EUR - upo\u0161tevajte carinske predpise v svoji dr\u017eavi!<\/p>\n<p>Po\u0161iljke po povzetju in pristojbina DHL v vi\u0161ini 4,00 EUR <\/p>\n<p>Vse cene za naslove dostave v EU vklju?ujejo nem\u0161ki 19-odstotni DDV - upo\u0161tevajte carinske predpise v svoji dr\u017eavi! <\/p>\n<p>*Za dostavo zunaj Nem?ije se lahko zara?unajo dodatne dajatve, davki in pristojbine<br \/>\nPristojbina za vra?ilo nedostavljenih paketov DHL (oddelek 4, odstavek 6 Splo\u0161nih pogojev poslovanja PAKET\/EXPRESS NATIONAL), ?e DHL ni odgovoren za nedostavitev: 4,99 EUR na po\u0161iljko.<br \/>\nPristojbina za vra?ilo v vi\u0161ini 4,99 EUR se zara?una tudi za vnaprej\u0161njo dispozicijo (&#8220;takoj\u0161nje vra?ilo&#8221;, &#8220;sporo?ilo o nedostavljivosti&#8221;, na?rtovana dostava&#8221;, &#8220;dostava brez soseske&#8221;) v vseh primerih, ko se po\u0161iljka vrne.<\/p>\n<p>Splo\u0161ni pogoji dru\u017ebe DHL Parcel\/Express National (GTC Parcel\/Express National) se uporabljajo v veljavni razli?ici (na voljo na spletni strani www.dhl.de).<\/p>\n","protected":false},"excerpt":{"rendered":"<p>Na?ini po\u0161iljanja Informacije o ceni Stro\u0161ki po\u0161iljanja so odvisni od koli?ine naro?enega blaga in na?ina po\u0161iljanja. O njih boste obve\u0161?eni med postopkom naro?anja. Spodnji seznam je v va\u0161o vednost in orientacijo. Dejanski stro\u0161ki po\u0161iljanja so dolo?eni med postopkom naro?anja, ki ga lahko kadar koli prekli?ete. Stro\u0161ki dostave: V Nem?iji DHL Paket po enotni ceni 4,99&hellip;<\/p>\n","protected":false},"author":1,"featured_media":0,"parent":0,"menu_order":0,"comment_status":"closed","ping_status":"closed","template":"","meta":{"_acf_changed":false,"footnotes":""},"class_list":["post-158698","page","type-page","status-publish","hentry","description-off"],"acf":[],"_links":{"self":[{"href":"https:\/\/mini-bob.com\/sl\/wp-json\/wp\/v2\/pages\/158698","targetHints":{"allow":["GET"]}}],"collection":[{"href":"https:\/\/mini-bob.com\/sl\/wp-json\/wp\/v2\/pages"}],"about":[{"href":"https:\/\/mini-bob.com\/sl\/wp-json\/wp\/v2\/types\/page"}],"author":[{"embeddable":true,"href":"https:\/\/mini-bob.com\/sl\/wp-json\/wp\/v2\/users\/1"}],"replies":[{"embeddable":true,"href":"https:\/\/mini-bob.com\/sl\/wp-json\/wp\/v2\/comments?post=158698"}],"version-history":[{"count":1,"href":"https:\/\/mini-bob.com\/sl\/wp-json\/wp\/v2\/pages\/158698\/revisions"}],"predecessor-version":[{"id":158703,"href":"https:\/\/mini-bob.com\/sl\/wp-json\/wp\/v2\/pages\/158698\/revisions\/158703"}],"wp:attachment":[{"href":"https:\/\/mini-bob.com\/sl\/wp-json\/wp\/v2\/media?parent=158698"}],"curies":[{"name":"wp","href":"https:\/\/api.w.org\/{rel}","templated":true}]}}