{"id":158719,"date":"2025-11-23T18:21:14","date_gmt":"2025-11-23T17:21:14","guid":{"rendered":"https:\/\/mini-bob.com\/originalni-zipfelbob\/"},"modified":"2025-11-23T18:21:18","modified_gmt":"2025-11-23T17:21:18","slug":"originalni-zipfelbob","status":"publish","type":"page","link":"https:\/\/mini-bob.com\/sl\/originalni-zipfelbob\/","title":{"rendered":"originalni Zipfelbob"},"content":{"rendered":"<div class=\"wpb-content-wrapper\"><p>[vc_row][vc_column width=&#8221;1\/2&#8243;][vc_wp_text]<\/p>\n<p><img decoding=\"async\" class=\"wp-image-1733 size-medium\" src=\"\/wp-content\/uploads\/2014\/03\/mini-bob-rot-350px.png\" alt=\"Originalni zipflbob v rde?i barvi\"><\/p>\n<p>[\/vc_wp_text][\/vc_column][vc_column width=&#8221;1\/2&#8243; css=&#8221;.vc_custom_1660904565980{padding-top: 70px !important;}&#8221;][vc_wp_text]<img loading=\"lazy\" decoding=\"async\" class=\"alignnone wp-image-151941 size-large\" src=\"https:\/\/mini-bob.com\/wp-content\/uploads\/2023\/03\/220319_mini-bob_Logo_1976_RGB_RZ-1024x492.png\" alt=\"\" width=\"1024\" height=\"492\" srcset=\"https:\/\/mini-bob.com\/wp-content\/uploads\/2023\/03\/220319_mini-bob_Logo_1976_RGB_RZ-1024x492.png 1024w, https:\/\/mini-bob.com\/wp-content\/uploads\/2023\/03\/220319_mini-bob_Logo_1976_RGB_RZ-300x144.png 300w, https:\/\/mini-bob.com\/wp-content\/uploads\/2023\/03\/220319_mini-bob_Logo_1976_RGB_RZ-768x369.png 768w, https:\/\/mini-bob.com\/wp-content\/uploads\/2023\/03\/220319_mini-bob_Logo_1976_RGB_RZ-1536x737.png 1536w, https:\/\/mini-bob.com\/wp-content\/uploads\/2023\/03\/220319_mini-bob_Logo_1976_RGB_RZ-2048x983.png 2048w, https:\/\/mini-bob.com\/wp-content\/uploads\/2023\/03\/220319_mini-bob_Logo_1976_RGB_RZ-600x288.png 600w\" sizes=\"auto, (max-width: 1024px) 100vw, 1024px\" \/>[\/vc_wp_text][\/vc_column][\/vc_row][vc_row][vc_column][vc_wp_text]<\/p>\n<p>Tukaj boste na\u0161li vse potrebne informacije o pravem Zipfelbobu (mini bob).<\/p>\n<p>Zipfelbob (mini bob) v nespremenjeni obliki proizvaja podjetje Loeger GmbH in ga prodaja po vsem svetu \u017ee od leta 1976.<\/p>\n<p>V rubriki &#8220;mini bob&#8221; lahko najdete vse o zgodovini pravega Zipfelboba.<\/p>\n<p>Ime Zipfelbob ali &#8220;Zipfybob&#8221; &#8220;zipflbob&#8221; izhaja iz alpske regije in se razlikuje od regije do regije.<\/p>\n<p>Zipfelbob je pravi mini bob le, ?e ima logotip &#8220;Original mini bob&#8221;!<\/p>\n<p>[\/vc_wp_text]<style type=\"text\/css\" data-type=\"the7_shortcodes-inline-css\">#default-btn-ea24de2801c73f77d063126a1c81d4ae.ico-right-side > i {\n  margin-right: 0px;\n  margin-left: 8px;\n}\n#default-btn-ea24de2801c73f77d063126a1c81d4ae > i {\n  margin-right: 8px;\n}<\/style><a href=\"https:\/\/mini-bob.com\/sl\/\" class=\"default-btn-shortcode dt-btn dt-btn-l pulse animate-element animation-builder link-hover-off btn-inline-left \" id=\"default-btn-ea24de2801c73f77d063126a1c81d4ae\" title=\"Dom mini bob - izvirni zipflbob\"><span>KLIKNITE TUKAJ ZA MINI BOB<\/span><\/a>[\/vc_column][\/vc_row][vc_row][vc_column][vc_column_text]Zamisel o izvirnem Zipfelbobu ali Zipfybobu se je rodila v Avstriji leta 1976 in od takrat ga pod imenom &#8220;mini bob&#8221; proizvaja in prodaja podjetje Loeger GmbH v Nem?iji.<\/p>\n<p>Njegova inovativna, drzna in edinstvena oblika je bila nato ve?krat posnemana.[\/vc_column_text][vc_empty_space][\/vc_column][\/vc_row][vc_row][vc_column width=&#8221;1\/2&#8243;][vc_single_image image=&#8221;158722&#8243; img_size=&#8221;medium&#8221;][\/vc_column][vc_column width=&#8221;1\/2&#8243;][vc_single_image image=&#8221;158723&#8243; img_size=&#8221;medium&#8221;][\/vc_column][\/vc_row][vc_row][vc_column][vc_column_text]originalni Zipfelbob (minibob) je na voljo v razli?nih barvah. Od izuma leta 1976 so na voljo klasi?ne rde?a, rumena, oran\u017ena, ?rna in zelena barva. Z leti so bile dodane \u0161e \u0161tevilne druge barve, pogosto kot posebne barve v omejeni izdaji. Vse trenutne barve so na voljo v na\u0161i <a href=\"https:\/\/mini-bob.com\/mini-bob-zipfelbob-shop\/\">trgovini.<\/a> Originalni minibob je prepoznaven po svoji zna?ilni obliki in logotipu &#8220;original mini bob&#8221;. Originalni mini bob Zipfelbob je visokokakovostne in trpe\u017ene izdelave ter je odporen na najbolj ekstremne pogoje. Zaradi proizvodnje v Nem?iji in visokih standardov kakovosti zagotavljamo, da na\u0161 izdelek izpolnjuje najvi\u0161je zahteve.[\/vc_column_text][\/vc_column][\/vc_row]<\/p>\n<\/div>","protected":false},"excerpt":{"rendered":"<p>[vc_row][vc_column width=&#8221;1\/2&#8243;][vc_wp_text] [\/vc_wp_text][\/vc_column][vc_column width=&#8221;1\/2&#8243; css=&#8221;.vc_custom_1660904565980{padding-top: 70px !important;}&#8221;][vc_wp_text][\/vc_wp_text][\/vc_column][\/vc_row][vc_row][vc_column][vc_wp_text] Tukaj boste na\u0161li vse potrebne informacije o pravem Zipfelbobu (mini bob). Zipfelbob (mini bob) v nespremenjeni obliki proizvaja podjetje Loeger GmbH in ga prodaja po vsem svetu \u017ee od leta 1976. V rubriki &#8220;mini bob&#8221; lahko najdete vse o zgodovini pravega Zipfelboba. Ime Zipfelbob ali &#8220;Zipfybob&#8221; &#8220;zipflbob&#8221; izhaja&hellip;<\/p>\n","protected":false},"author":1,"featured_media":0,"parent":0,"menu_order":0,"comment_status":"closed","ping_status":"closed","template":"","meta":{"_acf_changed":false,"footnotes":""},"class_list":["post-158719","page","type-page","status-publish","hentry","description-off"],"acf":[],"_links":{"self":[{"href":"https:\/\/mini-bob.com\/sl\/wp-json\/wp\/v2\/pages\/158719","targetHints":{"allow":["GET"]}}],"collection":[{"href":"https:\/\/mini-bob.com\/sl\/wp-json\/wp\/v2\/pages"}],"about":[{"href":"https:\/\/mini-bob.com\/sl\/wp-json\/wp\/v2\/types\/page"}],"author":[{"embeddable":true,"href":"https:\/\/mini-bob.com\/sl\/wp-json\/wp\/v2\/users\/1"}],"replies":[{"embeddable":true,"href":"https:\/\/mini-bob.com\/sl\/wp-json\/wp\/v2\/comments?post=158719"}],"version-history":[{"count":4,"href":"https:\/\/mini-bob.com\/sl\/wp-json\/wp\/v2\/pages\/158719\/revisions"}],"predecessor-version":[{"id":158730,"href":"https:\/\/mini-bob.com\/sl\/wp-json\/wp\/v2\/pages\/158719\/revisions\/158730"}],"wp:attachment":[{"href":"https:\/\/mini-bob.com\/sl\/wp-json\/wp\/v2\/media?parent=158719"}],"curies":[{"name":"wp","href":"https:\/\/api.w.org\/{rel}","templated":true}]}}