{"id":158728,"date":"2025-11-23T18:21:16","date_gmt":"2025-11-23T17:21:16","guid":{"rendered":"https:\/\/mini-bob.com\/pravilnik-o-odpovedi\/"},"modified":"2025-11-23T18:21:18","modified_gmt":"2025-11-23T17:21:18","slug":"pravilnik-o-odpovedi","status":"publish","type":"page","link":"https:\/\/mini-bob.com\/sl\/pravilnik-o-odpovedi\/","title":{"rendered":"Pravilnik o odpovedi"},"content":{"rendered":"<h3>Pravica potro\u0161nikov do odpovedi<\/h3>\n<p>(Potro\u0161nik je vsaka fizi?na oseba, ki sklene pravni posel za namene, ki so prete\u017eno zunaj njene trgovske, poslovne ali poklicne dejavnosti).<\/p>\n<h1>Pravilnik o odpovedi<\/h1>\n<h3>Pravica do preklica<\/h3>\n<p>To pogodbo imate pravico odpovedati v \u0161tirinajstih dneh brez navedbe razloga.<\/p>\n<p>Rok za odpoved je \u0161tirinajst dni od datuma,<\/p>\n<ul>\n<li>na katerem ste vi ali tretja oseba, ki ste jo navedli in ki ni prevoznik, prevzeli ali je prevzela blago, ?e ste naro?ili eno ali ve? blaga v okviru enega naro?ila in je ali bo dobavljeno enotno, ali<\/li>\n<li>ko ste vi ali tretja oseba, ki jo navedete in ki ni prevoznik, prevzeli zadnje blago, pod pogojem, da ste v okviru enega naro?ila naro?ili ve? blaga, ki se dostavi lo?eno, ali<\/li>\n<li>ko ste vi ali tretja oseba, ki jo navedete in ki ni prevoznik, prevzeli zadnjo delno po\u0161iljko ali zadnji kos, ?e ste naro?ili blago, ki se dobavlja v ve? delnih po\u0161iljkah ali kosih, ali<\/li>\n<li>ko ste vi ali tretja oseba, ki jo navedete in ni prevoznik, prevzeli prvo blago, ?e ste sklenili pogodbo o redni dobavi blaga v dolo?enem ?asovnem obdobju.<\/li>\n<\/ul>\n<p>?e \u017eelite uveljavljati pravico do odpovedi, nas morate obvestiti (Loeger GmbH, Hauptstra\u00dfe 57, Deutschland, Telefonnummer: +49(0)815892101, E-Mail-Adresse: info@mini-bob.com) o svoji odlo?itvi za odpoved te pogodbe z jasno izjavo (npr. pismo, poslano po po\u0161ti, e-po\u0161ta). Uporabite lahko prilo\u017eeni vzorec obrazca za odpoved, vendar to ni obvezno. <\/p>\n<p>Za upo\u0161tevanje roka za preklic zadostuje, da obvestilo o uveljavljanju pravice do preklica po\u0161ljete pred iztekom roka za preklic.<\/p>\n<h3>Posledice preklica<\/h3>\n<p>?e odstopite od te pogodbe, vam brez nepotrebnega odla\u0161anja in v vsakem primeru najpozneje v 14 dneh od dneva, ko smo bili obve\u0161?eni o va\u0161i odlo?itvi za odstop od te pogodbe, povrnemo vsa prejeta pla?ila, vklju?no s stro\u0161ki dostave (razen dodatnih stro\u0161kov, ki nastanejo zaradi va\u0161e izbire vrste dostave, ki ni najcenej\u0161a vrsta standardne dostave, ki smo jo ponudili). Za to povra?ilo bomo uporabili isto pla?ilno sredstvo, kot ste ga uporabili pri prvotni transakciji, razen ?e se z vami izrecno dogovorimo druga?e; v nobenem primeru vam za to povra?ilo ne bomo zara?unali nobenih stro\u0161kov. <\/p>\n<p>Povra?ilo vam lahko zavrnemo, dokler ne prejmemo blaga nazaj ali dokler ne predlo\u017eite dokazila, da ste blago vrnili, karkoli se zgodi prej.<\/p>\n<p>Blago nam morate vrniti ali izro?iti takoj, v vsakem primeru pa najpozneje v \u0161tirinajstih dneh od dneva, ko nas obvestite o odpovedi te pogodbe. Rok je upo\u0161tevan, ?e blago odpo\u0161ljete pred iztekom \u0161tirinajstdnevnega roka. <\/p>\n<p>Neposredne stro\u0161ke vra?ila blaga nosite vi.<\/p>\n<p>Izgubo vrednosti blaga morate pla?ati le, ?e je ta izguba vrednosti posledica ravnanja z blagom, ki ni potrebno za preverjanje njegovega stanja, lastnosti in funkcionalnosti.<\/p>\n<h2>Vzorec obrazca za preklic<\/h2>\n<p>(?e \u017eelite odstopiti od pogodbe, izpolnite in vrnite ta obrazec.)<\/p>\n<p>- Za<\/p>\n<p>Loeger GmbH, Hauptstra\u00dfe 57, Nem?ija, telefonska \u0161tevilka: +49(0)815892101, elektronski naslov: info@mini-bob.com<\/p>\n<p>- S tem odstopam od pogodbe, ki sem jo sklenil\/-a (*) za nakup naslednjega blaga (*)\/izvedbo naslednje storitve (*)<\/p>\n<p>- Naro?eno (*)\/prejeto (*)<\/p>\n<p>- Ime potro\u0161nika(-ov)<\/p>\n<p>- Naslov potro\u0161nika(-ov)<\/p>\n<p>- Podpis potro\u0161nika(-ov) (samo za obvestilo na papirju)<\/p>\n<p>- datum<\/p>\n<p>___________<br \/>\n(*) Ustrezno ?rtajte.<\/p>\n","protected":false},"excerpt":{"rendered":"<p>Pravica potro\u0161nikov do odpovedi (Potro\u0161nik je vsaka fizi?na oseba, ki sklene pravni posel za namene, ki so prete\u017eno zunaj njene trgovske, poslovne ali poklicne dejavnosti). Pravilnik o odpovedi Pravica do preklica To pogodbo imate pravico odpovedati v \u0161tirinajstih dneh brez navedbe razloga. Rok za odpoved je \u0161tirinajst dni od datuma, na katerem ste vi ali&hellip;<\/p>\n","protected":false},"author":1,"featured_media":0,"parent":0,"menu_order":0,"comment_status":"closed","ping_status":"closed","template":"","meta":{"_acf_changed":false,"footnotes":""},"class_list":["post-158728","page","type-page","status-publish","hentry","description-off"],"acf":[],"_links":{"self":[{"href":"https:\/\/mini-bob.com\/sl\/wp-json\/wp\/v2\/pages\/158728","targetHints":{"allow":["GET"]}}],"collection":[{"href":"https:\/\/mini-bob.com\/sl\/wp-json\/wp\/v2\/pages"}],"about":[{"href":"https:\/\/mini-bob.com\/sl\/wp-json\/wp\/v2\/types\/page"}],"author":[{"embeddable":true,"href":"https:\/\/mini-bob.com\/sl\/wp-json\/wp\/v2\/users\/1"}],"replies":[{"embeddable":true,"href":"https:\/\/mini-bob.com\/sl\/wp-json\/wp\/v2\/comments?post=158728"}],"version-history":[{"count":1,"href":"https:\/\/mini-bob.com\/sl\/wp-json\/wp\/v2\/pages\/158728\/revisions"}],"predecessor-version":[{"id":158729,"href":"https:\/\/mini-bob.com\/sl\/wp-json\/wp\/v2\/pages\/158728\/revisions\/158729"}],"wp:attachment":[{"href":"https:\/\/mini-bob.com\/sl\/wp-json\/wp\/v2\/media?parent=158728"}],"curies":[{"name":"wp","href":"https:\/\/api.w.org\/{rel}","templated":true}]}}