{"id":158731,"date":"2015-12-07T17:28:58","date_gmt":"2015-12-07T16:28:58","guid":{"rendered":"https:\/\/mini-bob.com\/gtc\/"},"modified":"2025-12-09T09:42:12","modified_gmt":"2025-12-09T08:42:12","slug":"gtc","status":"publish","type":"page","link":"https:\/\/mini-bob.com\/sl\/gtc\/","title":{"rendered":"GTC"},"content":{"rendered":"<h1>Splo\u0161ni pogoji in dolo?ila<\/h1>\n<h3>\u00a7 1 Veljavnost, opredelitve pojmov<\/h3>\n<p>Loeger GmbH, Hauptstr. 57, D-82327 Tutzing, Nem?ija (v nadaljevanju: &#8220;mi&#8221; ali &#8220;mini bob shop&#8221;) upravlja spletno trgovino z blagom na spletni strani https:\/\/mini-bob.com. Naslednji splo\u0161ni pogoji veljajo za vse storitve med nami in na\u0161imi strankami (v nadaljevanju: &#8220;stranka&#8221; ali &#8220;vi&#8221;) v razli?ici, veljavni v ?asu naro?ila, razen ?e ni izrecno dogovorjeno druga?e.  <\/p>\n<p>(2) &#8220;Potro\u0161nik&#8221; v smislu teh splo\u0161nih pogojev je vsaka fizi?na oseba, ki sklene pravni posel za namene, ki so prete\u017eno zunaj njene trgovske, poslovne ali poklicne dejavnosti. &#8220;Podjetnik&#8221; je fizi?na ali pravna oseba ali partnerstvo s pravno sposobnostjo, ki pri sklepanju pravnega posla deluje v okviru svoje poslovne ali samostojne poklicne dejavnosti, pri ?emer je partnerstvo s pravno sposobnostjo partnerstvo s sposobnostjo pridobivanja pravic in prevzemanja obveznosti. <\/p>\n<h3>\u00a7 2 Sklenitev pogodb, hramba pogodbenega besedila<\/h3>\n<p>(1) Naslednje dolo?be o sklepanju pogodb veljajo za naro?ila, oddana prek na\u0161e spletne trgovine na naslovu https:\/\/mini-bob.com.<\/p>\n<p>(2) Na\u0161e predstavitve izdelkov na internetu so nezavezujo?e in ne pomenijo zavezujo?e ponudbe za sklenitev pogodbe.<\/p>\n<p>(3) Ob prejemu naro?ila v na\u0161i spletni trgovini veljajo naslednja pravila: Stranka odda zavezujo?o pogodbeno ponudbo z uspe\u0161no izvedenim postopkom naro?ila v na\u0161i spletni trgovini. Naro?ilo se odda v naslednjih korakih: <\/p>\n<ol>\n<li>Izbira \u017eelenega blaga,<\/li>\n<li>Izdelke dodajte s klikom na ustrezen gumb (npr. &#8220;Dodaj v ko\u0161arico&#8221;, &#8220;Dodaj v nakupovalno vre?ko&#8221; ali podobno),<\/li>\n<li>Preverite podatke v nakupovalni ko\u0161arici,<\/li>\n<li>S klikom na ustrezen gumb (npr. &#8220;Nadaljuj na blagajno&#8221;, &#8220;Nadaljuj s pla?ilom&#8221;, &#8220;Na pregled naro?ila&#8221; ali podobno) prikli?ite pregled naro?ila,<\/li>\n<li>Vnos\/potrditev naslova in kontaktnih podatkov, izbira na?ina pla?ila, potrditev splo\u0161nih pogojev in pravilnika o odpovedi,<\/li>\n<li>?e dogovorjena kakovost blaga odstopa od njegove obi?ajne kakovosti in pogojev uporabe, potrditev negativnega dogovora o kakovosti,<\/li>\n<li>Naro?ilo zaklju?ite s klikom na gumb &#8220;Kupi zdaj&#8221;. To je va\u0161e zavezujo?e naro?ilo. <\/li>\n<li>Pogodba je sklenjena, ko od nas v treh delovnih dneh prejmete potrditev naro?ila na navedeni e-po\u0161tni naslov.<\/li>\n<\/ol>\n<p>(4) ?e je pogodba sklenjena, je pogodba sklenjena s podjetjem Loeger GmbH, Hauptstr. 57, D-82327 Tutzing, Nem?ija. <\/p>\n<p>(5) Pred oddajo naro?ila lahko podatke o naro?ilu natisnete ali shranite v elektronski obliki z uporabo funkcije tiskanja v brskalniku. Obdelava naro?ila in posredovanje vseh informacij, potrebnih v zvezi s sklenitvijo pogodbe, zlasti podatkov o naro?ilu, splo\u0161nih pogojev poslovanja in pravilnika o odpovedi, se izvede po elektronski po\u0161ti po oddaji naro?ila, v nekaterih primerih samodejno. Besedila pogodbe po njeni sklenitvi ne shranjujemo.  <\/p>\n<p>(6) Napake pri vnosu lahko popravite z obi?ajnimi funkcijami tipkovnice, mi\u0161ke in brskalnika (npr. z gumbom &#8220;nazaj&#8221; v brskalniku). Popravite jih lahko tudi tako, da pred?asno prekli?ete postopek naro?ila, zaprete okno brskalnika in ponovite postopek. <\/p>\n<p>(7) Obdelava naro?ila in posredovanje vseh informacij, potrebnih za sklenitev pogodbe, sta delno avtomatizirana po elektronski po\u0161ti. Zato morate zagotoviti, da je e-po\u0161tni naslov, ki ste nam ga posredovali, pravilen, da je prejemanje e-po\u0161tnih sporo?il tehni?no zagotovljeno in da ga zlasti ne prepre?ujejo filtri SPAM. <\/p>\n<h3>\u00a7 3 Predmet pogodbe in bistvene zna?ilnosti izdelkov<\/h3>\n<p>(1) Predmet pogodbe je na\u0161a spletna trgovina:<\/p>\n<ol style=\"list-style-type: lower-alpha\">\n<li>Prodaja blaga. Konkretno ponujeno blago je na voljo na na\u0161ih straneh z izdelki. <\/li>\n<\/ol>\n<p>(2) Bistvene zna?ilnosti blaga so navedene v opisu blaga. ?e dogovorjena kakovost blaga odstopa od njegove obi?ajne kakovosti in pogojev uporabe, mora biti to izrecno navedeno v opisu artikla (dogovor o negativni kakovosti). V kolikor je kupec izrecno sogla\u0161al z negativnim odstopanjem kakovosti, je s tem opredeljen predmet pogodbe.  <\/p>\n<h3>\u00a7 4 Cene, stro\u0161ki po\u0161iljanja in dostave<\/h3>\n<p>(1) Cene, navedene v posameznih ponudbah, in stro\u0161ki dostave so skupne cene in vklju?ujejo vse sestavine cene, vklju?no z vsemi veljavnimi davki.<\/p>\n<p>(2) Zadevno kupnino je treba pla?ati pred dobavo izdelka (predpla?ilo), razen ?e izrecno ponudimo nakup na ra?un. Na?ini pla?ila, ki so vam na voljo, so prikazani pod ustrezno ozna?enim gumbom v spletni trgovini ali v ustrezni ponudbi. ?e pri posameznih na?inih pla?ila ni navedeno druga?e, zahtevki za pla?ilo zapadejo v pla?ilo takoj.  <\/p>\n<p>(3) Poleg navedenih cen lahko za dostavo izdelkov nastanejo stro\u0161ki po\u0161iljanja, razen ?e je posamezen izdelek ozna?en kot izdelek brez stro\u0161kov po\u0161iljanja. Stro\u0161ki po\u0161iljanja vam bodo ponovno jasno sporo?eni pri ponudbah, po potrebi v sistemu nakupovalne ko\u0161arice in pri pregledu naro?ila. <\/p>\n<p>(4) ?e v opisu izdelka ni jasno navedeno druga?e, so vsi ponujeni izdelki pripravljeni za takoj\u0161njo odpremo (?as dostave: naro?ilo od ponedeljka do petka do 16. ure odprema obi?ajno \u0161e isti dan po prejemu pla?ila).<\/p>\n<p>(5) Za obmo?je dostave veljajo naslednje omejitve: Dostava se izvaja v naslednje dr\u017eave: Andora, Belgija, Nem?ija, Danska, Finska, Francija, Irska, Italija, Hrva\u0161ka, Liechtenstein, Nizozemska, Norve\u0161ka, Poljska, \u0160vedska, \u0160vica, Slova\u0161ka, Slovenija, \u0160panija, ?e\u0161ka, Zdru\u017eeno kraljestvo, Avstrija.<\/p>\n<p>(6) ?e dobava blaga ni uspela iz razlogov, za katere ste odgovorni vi, nosite razumne stro\u0161ke, ki nam zaradi tega nastanejo. To ne velja za stro\u0161ke povratne po\u0161iljke, ?e u?inkovito uveljavljate pravico do odpovedi. ?e dejansko uveljavljate pravico do odpovedi, se za stro\u0161ke vrnitve uporablja dolo?ba, ki smo jo navedli v politiki odpovedi.  <\/p>\n<h3>\u00a7 5 Pravica do zadr\u017eanja, pridr\u017eanje lastninske pravice<\/h3>\n<p>(1) Pravico do zadr\u017eanja lahko uveljavljate le, ?e gre za zahtevke, ki izhajajo iz istega pogodbenega razmerja.<\/p>\n<p>(2) Blago ostane na\u0161a last, dokler kupnina ni v celoti pla?ana.<\/p>\n<h3>\u00a7 6 Pravica do odpovedi<\/h3>\n<p>Kot potro\u0161nik imate pravico do odstopa od pogodbe. To ureja na\u0161 <a href=\"https:\/\/mini-bob.com\/sl\/pravilnik-o-odpovedi\/\">pravilnik o odpovedi.<\/a> <\/p>\n<h3>\u00a7 7 Jezik pogodbe<\/h3>\n<p>Pogodbeni jezik je izklju?no nem\u0161ki.<\/p>\n<h3>\u00a7 8 Odgovornost<\/h3>\n<p>(1) Ob upo\u0161tevanju naslednjih izjem je na\u0161a odgovornost za pogodbene kr\u0161itve dol\u017enosti in nedovoljena dejanja omejena na naklep ali veliko malomarnost.<\/p>\n<p>(2) V primeru lahke malomarnosti odgovarjamo brez omejitev v primeru po\u0161kodbe \u017eivljenja, telesa ali zdravja ali v primeru kr\u0161itve bistvenih pogodbenih obveznosti. ?e zaradi lahke malomarnosti zamujamo z izpolnitvijo obveznosti, ?e je izpolnitev postala nemogo?a ali ?e smo kr\u0161ili bistveno pogodbeno obveznost, je odgovornost za premo\u017eenjsko \u0161kodo in finan?no izgubo, ki iz tega izhaja, omejena na <strong>predvidljivo \u0161kodo, zna?ilno za pogodbo.<\/strong> Bistvena pogodbena obveznost je tista, katere izpolnitev je bistvena za pravilno izvajanje pogodbe, katere kr\u0161itev ogro\u017ea doseganje namena pogodbe in na katere izpolnitev se lahko redno zana\u0161ate. To vklju?uje zlasti na\u0161o obveznost ukrepanja in izpolnitve pogodbeno obvezne storitve, ki je opisana v \u00a7 3.   <\/p>\n<h3>\u00a7 9 Garancija<\/h3>\n<p>(1) Jamstvo urejajo zakonske dolo?be.<\/p>\n<p>(2) Garancijski rok za blago, dobavljeno podjetnikom, je 12 mesecev.<\/p>\n<p>(3) Kot potro\u0161nik morate takoj po izpolnitvi pogodbe preveriti popolnost, o?itne napake in po\u0161kodbe pri prevozu ter nas in prevoznika ?im prej obvestiti o morebitnih reklamacijah. ?e tega ne storite, to seveda ne bo vplivalo na va\u0161e zakonske garancijske zahtevke. <\/p>\n<h3>\u00a7 10 Kon?ne dolo?be\/re\u0161evanje sporov<\/h3>\n<p>(1) Uporablja se nem\u0161ko pravo. V primeru potro\u0161nikov se ta izbira prava uporablja le, ?e se s tem ne prekli?e varstvo, ki ga zagotavljajo prisilne dolo?be prava dr\u017eave, v kateri ima potro\u0161nik obi?ajno prebivali\u0161?e (na?elo ugodnosti). <\/p>\n<p>(2) Dolo?be Konvencije ZN o pogodbah o mednarodni prodaji blaga se izrecno ne uporabljajo.<\/p>\n<p>(3) ?e je stranka trgovec, pravna oseba javnega prava ali posebni sklad javnega prava, je za vse spore iz pogodbenih razmerij med stranko in ponudnikom pristojen sede\u017e ponudnika.<\/p>\n<p>(4)  \n\nZur Teilnahme an einem Streitbeilegungsverfahren vor einer Verbraucherschlichtungsstelle sind wir nicht verpflichtet und nicht bereit.<\/p>\n","protected":false},"excerpt":{"rendered":"<p>Splo\u0161ni pogoji in dolo?ila \u00a7 1 Veljavnost, opredelitve pojmov Loeger GmbH, Hauptstr. 57, D-82327 Tutzing, Nem?ija (v nadaljevanju: &#8220;mi&#8221; ali &#8220;mini bob shop&#8221;) upravlja spletno trgovino z blagom na spletni strani https:\/\/mini-bob.com. Naslednji splo\u0161ni pogoji veljajo za vse storitve med nami in na\u0161imi strankami (v nadaljevanju: &#8220;stranka&#8221; ali &#8220;vi&#8221;) v razli?ici, veljavni v ?asu naro?ila,&hellip;<\/p>\n","protected":false},"author":1,"featured_media":0,"parent":0,"menu_order":0,"comment_status":"closed","ping_status":"closed","template":"","meta":{"_acf_changed":false,"footnotes":""},"class_list":["post-158731","page","type-page","status-publish","hentry","description-off"],"acf":[],"_links":{"self":[{"href":"https:\/\/mini-bob.com\/sl\/wp-json\/wp\/v2\/pages\/158731","targetHints":{"allow":["GET"]}}],"collection":[{"href":"https:\/\/mini-bob.com\/sl\/wp-json\/wp\/v2\/pages"}],"about":[{"href":"https:\/\/mini-bob.com\/sl\/wp-json\/wp\/v2\/types\/page"}],"author":[{"embeddable":true,"href":"https:\/\/mini-bob.com\/sl\/wp-json\/wp\/v2\/users\/1"}],"replies":[{"embeddable":true,"href":"https:\/\/mini-bob.com\/sl\/wp-json\/wp\/v2\/comments?post=158731"}],"version-history":[{"count":2,"href":"https:\/\/mini-bob.com\/sl\/wp-json\/wp\/v2\/pages\/158731\/revisions"}],"predecessor-version":[{"id":163346,"href":"https:\/\/mini-bob.com\/sl\/wp-json\/wp\/v2\/pages\/158731\/revisions\/163346"}],"wp:attachment":[{"href":"https:\/\/mini-bob.com\/sl\/wp-json\/wp\/v2\/media?parent=158731"}],"curies":[{"name":"wp","href":"https:\/\/api.w.org\/{rel}","templated":true}]}}