{"id":158737,"date":"2015-10-25T13:37:22","date_gmt":"2015-10-25T12:37:22","guid":{"rendered":"https:\/\/mini-bob.com\/rdeci-mini-bob-zipflbob\/"},"modified":"2025-11-23T18:21:31","modified_gmt":"2025-11-23T17:21:31","slug":"rdeci-mini-bob-zipflbob","status":"publish","type":"page","link":"https:\/\/mini-bob.com\/sl\/rdeci-mini-bob-zipflbob\/","title":{"rendered":"rde?i mini bob \/ zipflbob"},"content":{"rendered":"<div class=\"wpb-content-wrapper\"><p>[vc_row][vc_column width=&#8221;1\/2&#8243;]\n\t\t\t\t<p class=\"rs-p-wp-fix\"><\/p>\n\t\t\t\t<sr7-module data-alias=\"mini-bob-detail\" data-id=\"2\" id=\"SR7_2_1\" data-version=\"6.7.52\">\n\t\t\t\t\t<sr7-adjuster><\/sr7-adjuster>\n\t\t\t\t\t<sr7-content>\n\t\t\t\t\t\t<sr7-slide id=\"SR7_2_1-5\" data-key=\"5\">\n\t\t\t\t\t\t\t<sr7-bg id=\"SR7_2_1-5-slidebg\" class=\"sr7-layer\"><noscript><img decoding=\"async\" src=\"https:\/\/mini-bob.com\/wp-content\/uploads\/2015\/02\/IMG_2427-500.jpg\" alt=\"\" title=\"rde?i mini bob \/ zipflbob\"><\/noscript><\/sr7-bg>\n\t\t\t\t\t\t<\/sr7-slide>\n\t\t\t\t\t\t<sr7-slide id=\"SR7_2_1-6\" data-key=\"6\">\n\t\t\t\t\t\t\t<sr7-bg id=\"SR7_2_1-6-slidebg\" class=\"sr7-layer\"><noscript><img decoding=\"async\" src=\"https:\/\/mini-bob.com\/wp-content\/uploads\/2015\/02\/IMG_2529-500.jpg\" alt=\"\" title=\"rde?i mini bob \/ zipflbob\"><\/noscript><\/sr7-bg>\n\t\t\t\t\t\t<\/sr7-slide>\n\t\t\t\t\t\t<sr7-slide id=\"SR7_2_1-7\" data-key=\"7\">\n\t\t\t\t\t\t\t<sr7-bg id=\"SR7_2_1-7-slidebg\" class=\"sr7-layer\"><noscript><img decoding=\"async\" src=\"https:\/\/mini-bob.com\/wp-content\/uploads\/2015\/02\/IMG_2517-500.jpg\" alt=\"\" title=\"rde?i mini bob \/ zipflbob\"><\/noscript><\/sr7-bg>\n\t\t\t\t\t\t<\/sr7-slide>\n\t\t\t\t\t\t<sr7-slide id=\"SR7_2_1-8\" data-key=\"8\">\n\t\t\t\t\t\t\t<sr7-bg id=\"SR7_2_1-8-slidebg\" class=\"sr7-layer\"><noscript><img decoding=\"async\" src=\"https:\/\/mini-bob.com\/wp-content\/uploads\/2015\/02\/IMG_2442-500.jpg\" alt=\"\" title=\"rde?i mini bob \/ zipflbob\"><\/noscript><\/sr7-bg>\n\t\t\t\t\t\t<\/sr7-slide>\n\t\t\t\t\t\t<sr7-slide id=\"SR7_2_1-9\" data-key=\"9\">\n\t\t\t\t\t\t\t<sr7-bg id=\"SR7_2_1-9-slidebg\" class=\"sr7-layer\"><noscript><img decoding=\"async\" src=\"https:\/\/mini-bob.com\/wp-content\/uploads\/2015\/02\/IMG_2435-500.jpg\" alt=\"\" title=\"rde?i mini bob \/ zipflbob\"><\/noscript><\/sr7-bg>\n\t\t\t\t\t\t<\/sr7-slide>\n\t\t\t\t\t\t<sr7-slide id=\"SR7_2_1-10\" data-key=\"10\">\n\t\t\t\t\t\t\t<sr7-bg id=\"SR7_2_1-10-slidebg\" class=\"sr7-layer\"><noscript><img decoding=\"async\" src=\"https:\/\/mini-bob.com\/wp-content\/uploads\/2015\/02\/IMG_2418-500.jpg\" alt=\"\" title=\"rde?i mini bob \/ zipflbob\"><\/noscript><\/sr7-bg>\n\t\t\t\t\t\t<\/sr7-slide>\n\t\t\t\t\t\t<sr7-slide id=\"SR7_2_1-11\" data-key=\"11\">\n\t\t\t\t\t\t\t<sr7-bg id=\"SR7_2_1-11-slidebg\" class=\"sr7-layer\"><noscript><img decoding=\"async\" src=\"https:\/\/mini-bob.com\/wp-content\/uploads\/2015\/02\/IMG_2495-500.jpg\" alt=\"\" title=\"rde?i mini bob \/ zipflbob\"><\/noscript><\/sr7-bg>\n\t\t\t\t\t\t<\/sr7-slide>\n\t\t\t\t\t\t<sr7-slide id=\"SR7_2_1-47\" data-key=\"47\">\n\t\t\t\t\t\t<\/sr7-slide>\n\t\t\t\t\t<\/sr7-content>\n\t\t\t\t<\/sr7-module>\n\t\t\t\t<script>\n\t\t\t\t\twindow.SR7 ??={};SR7.PMH ??={}; SR7.PMH[\"SR7_2_1\"] = {cn:100,state:false,fn: function() { if (window._tpt!==undefined && window._tpt.prepareModuleHeight !== undefined) {  _tpt.prepareModuleHeight({id:\"SR7_2_1\",el:[],type:'standard',shdw:'1',gh:[350],gw:[200],vpt:['-200px'],size:{fullWidth:false, fullHeight:false},mh:'0',onh:0,onw:0,bg:{color:'#E9E9E9'},plType:'0',plColor:'#FFFFFF'});   SR7.PMH[\"SR7_2_1\"].state=true;} else if(SR7.PMH[\"SR7_2_1\"].cn-->0)\tsetTimeout( SR7.PMH[\"SR7_2_1\"].fn,19);}};SR7.PMH[\"SR7_2_1\" ].fn();\n\t\t\t\t<\/script>\n[\/vc_column][vc_column width=&#8221;1\/2&#8243;][vc_custom_heading text=&#8221;Originalni mini bob (zipflbob) v rde?i barvi&#8221; google_fonts=&#8221;font_family:Roboto%20Condensed%3A300%2C300italic%2Cregular%2Citalic%2C700%2C700italic|font_style:400%20regular%3A400%3Anormal&#8221;][vc_wp_text]Originalni mini bob (Zipfelbob) v rde?i barvi je na trgu \u017ee od leta 1976.<\/p>\n<p>Proizvajalci z Daljnega vzhoda zdaj za svoje kopije uporabljajo tudi barvno kombinacijo &#8220;rde?a in ?rna&#8221;, da bi ustvarili vtis, da gre za originalni mini bob. Le z originalnim logotipom mini boba je rde?i zipflbob res originalni rde?i mini bob! <\/p>\n<p>Ne glede na to, ali gre za mo\u0161kega ali \u017eensko, mladega ali starega - zabava z mini bobom je zagotovljena za vsakogar![\/vc_wp_text]<style type=\"text\/css\" data-type=\"the7_shortcodes-inline-css\">#default-btn-56a701d3600aa27be535cfe84f51f886.ico-right-side > i {\n  margin-right: 0px;\n  margin-left: 8px;\n}\n#default-btn-56a701d3600aa27be535cfe84f51f886 > i {\n  margin-right: 8px;\n}<\/style><a href=\"https:\/\/mini-bob.com\/produkt\/mini-bob-zipfelbob-rot\/\" class=\"default-btn-shortcode dt-btn dt-btn-l pulse animate-element animation-builder link-hover-off btn-inline-left \" id=\"default-btn-56a701d3600aa27be535cfe84f51f886\" title=\"mini bob\"><span>NAKUP RDE?E ZIPFELBOB<\/span><\/a>[\/vc_column][\/vc_row][vc_row][vc_column width=&#8221;1\/2&#8243;][vc_empty_space height=&#8221;110px&#8221;][vc_column_text]Na za?etku izumljanja je bil prvotni mini bob, znan tudi kot Zipfelbob ali plasti?ni bob, v celoti izdelan v rde?i barvi, \u0161ele pozneje so se odlo?ili za uporabo kontrastnih rde?e in ?rne barve (&#8220;Zipfl&#8221; in sede\u017e v ?rni barvi, telo Zipflbob v rde?i), kot ga lahko kupite \u0161e danes.<\/p>\n<p>Rde?i mini bob \u0161e posebej dobro izstopa na sne\u017eno beli povr\u0161ini in \u017ee od leta 1976 skrbi za barvo na snegu.<\/p>\n<p>Rde?i zipflbob, na katerega so vplivali barviti ?asi sedemdesetih let, \u0161e danes navdu\u0161uje na hribih in smu?i\u0161?ih - zimzeleni v rde?i barvi.[\/vc_column_text][vc_empty_space]<style type=\"text\/css\" data-type=\"the7_shortcodes-inline-css\">#default-btn-aac18d5ca6a677f256962b929f92271c.ico-right-side > i {\n  margin-right: 0px;\n  margin-left: 8px;\n}\n#default-btn-aac18d5ca6a677f256962b929f92271c > i {\n  margin-right: 8px;\n}<\/style><a href=\"https:\/\/mini-bob.com\/sl\/?page_id=158651\" class=\"default-btn-shortcode dt-btn dt-btn-l pulse animate-element animation-builder link-hover-off btn-inline-left \" id=\"default-btn-aac18d5ca6a677f256962b929f92271c\" title=\"mini bob\"><span>MINI BOB V DRUGIH BARVAH<\/span><\/a>[vc_empty_space]<style type=\"text\/css\" data-type=\"the7_shortcodes-inline-css\">#default-btn-fab6083690775df46b73da7cbd1d4bb2.ico-right-side > i {\n  margin-right: 0px;\n  margin-left: 8px;\n}\n#default-btn-fab6083690775df46b73da7cbd1d4bb2 > i {\n  margin-right: 8px;\n}<\/style><a href=\"https:\/\/mini-bob.com\/mini-bob-zipfelbob-shop\/\" class=\"default-btn-shortcode dt-btn dt-btn-l pulse animate-element animation-builder link-hover-off btn-inline-left \" id=\"default-btn-fab6083690775df46b73da7cbd1d4bb2\" title=\"Originalni mini bob (Zipfelbob) Trgovina\"><span>KLIKNITE TUKAJ ZA NEPOSREDEN DOSTOP DO TRGOVINE<\/span><\/a>[\/vc_column][vc_column width=&#8221;1\/2&#8243; css=&#8221;.vc_custom_1660905577148{padding-top: 70px !important;}&#8221;][vc_single_image image=&#8221;158738&#8243; img_size=&#8221;large&#8221;][\/vc_column][\/vc_row][vc_row][vc_column][vc_single_image image=&#8221;158739&#8243; img_size=&#8221;full&#8221;][\/vc_column][\/vc_row][vc_row][vc_column][vc_wp_text]Originalni mini bob v klasi?ni rde?e-?rni barvi - zimzeleni med plasti?nimi bobi[\/vc_wp_text][\/vc_column][\/vc_row]<\/p>\n<\/div>","protected":false},"excerpt":{"rendered":"<p>[vc_row][vc_column width=&#8221;1\/2&#8243;][\/vc_column][vc_column width=&#8221;1\/2&#8243;][vc_custom_heading text=&#8221;Originalni mini bob (zipflbob) v rde?i barvi&#8221; google_fonts=&#8221;font_family:Roboto%20Condensed%3A300%2C300italic%2Cregular%2Citalic%2C700%2C700italic|font_style:400%20regular%3A400%3Anormal&#8221;][vc_wp_text]Originalni mini bob (Zipfelbob) v rde?i barvi je na trgu \u017ee od leta 1976. Proizvajalci z Daljnega vzhoda zdaj za svoje kopije uporabljajo tudi barvno kombinacijo &#8220;rde?a in ?rna&#8221;, da bi ustvarili vtis, da gre za originalni mini bob. Le z originalnim logotipom mini boba&hellip;<\/p>\n","protected":false},"author":1,"featured_media":0,"parent":0,"menu_order":0,"comment_status":"closed","ping_status":"closed","template":"","meta":{"_acf_changed":false,"footnotes":""},"class_list":["post-158737","page","type-page","status-publish","hentry","description-off"],"acf":[],"_links":{"self":[{"href":"https:\/\/mini-bob.com\/sl\/wp-json\/wp\/v2\/pages\/158737","targetHints":{"allow":["GET"]}}],"collection":[{"href":"https:\/\/mini-bob.com\/sl\/wp-json\/wp\/v2\/pages"}],"about":[{"href":"https:\/\/mini-bob.com\/sl\/wp-json\/wp\/v2\/types\/page"}],"author":[{"embeddable":true,"href":"https:\/\/mini-bob.com\/sl\/wp-json\/wp\/v2\/users\/1"}],"replies":[{"embeddable":true,"href":"https:\/\/mini-bob.com\/sl\/wp-json\/wp\/v2\/comments?post=158737"}],"version-history":[{"count":4,"href":"https:\/\/mini-bob.com\/sl\/wp-json\/wp\/v2\/pages\/158737\/revisions"}],"predecessor-version":[{"id":158751,"href":"https:\/\/mini-bob.com\/sl\/wp-json\/wp\/v2\/pages\/158737\/revisions\/158751"}],"wp:attachment":[{"href":"https:\/\/mini-bob.com\/sl\/wp-json\/wp\/v2\/media?parent=158737"}],"curies":[{"name":"wp","href":"https:\/\/api.w.org\/{rel}","templated":true}]}}