{"id":158752,"date":"2025-11-23T18:21:32","date_gmt":"2025-11-23T17:21:32","guid":{"rendered":"https:\/\/mini-bob.com\/poporutscher-plasticna-skleda-ali-mini-bob\/"},"modified":"2025-11-23T18:21:37","modified_gmt":"2025-11-23T17:21:37","slug":"poporutscher-plasticna-skleda-ali-mini-bob","status":"publish","type":"page","link":"https:\/\/mini-bob.com\/sl\/poporutscher-plasticna-skleda-ali-mini-bob\/","title":{"rendered":"Poporutscher - plasti?na skleda ali mini bob?"},"content":{"rendered":"<div class=\"wpb-content-wrapper\"><p>[vc_row][vc_column][vc_custom_heading text=&#8221;Poporutscher vs. originalni mini bob&#8221; google_fonts=&#8221;font_family:Roboto%20Condensed%3A300%2C300italic%2Cregular%2Citalic%2C700%2C700italic|font_style:400%20regular%3A400%3Anormal&#8221;][vc_column_text]Vsi jih poznamo, majhne popo drsalke, sne\u017ene drsalke, drsalne kro\u017enike, drsalke za zadnjico, plasti?ne drsalke, sne\u017ene drsalke, sne\u017ene drsalke, sne\u017ene pospe\u0161evalnike ali plasti?ne sklede za nekaj evrov, ki jih zdaj lahko kupite povsod&#8230; Nekateri celo pustijo svojemu otroku, da se po pobo?ju spu\u0161?a na plasti?ni vre?ki ali celo na svojih hla?ah.[\/vc_column_text][\/vc_column][\/vc_row][vc_row][vc_column width=&#8221;1\/2&#8243;][vc_single_image image=&#8221;158754&#8243; img_size=&#8221;large&#8221;][\/vc_column][vc_column width=&#8221;1\/2&#8243;][vc_column_text]Toda zakaj bi moral za svojega otroka ali sebe kupiti visokokakovostni mini bob in ne preprost popo slide?<\/p>\n<p>Izvirni mini bob se kot izdelek blagovne znamke v Nem?iji proizvaja \u017ee ve? kot 40 let, zaradi svoje zasnove pa je varen in preizku\u0161en kos zimske \u0161portne opreme za vsakogar.<\/p>\n<p>V primerjavi z navadnim popo drsnikom mini bob zdr\u017ei ve? generacij in se ne zlomi ob prvem stiku s kamni ali drugimi trdimi povr\u0161inami, zato je trajnostna nalo\u017eba.<\/p>\n<p>Zasnova mini bob ima tudi jasne prednosti pred navadnimi plasti?nimi \u0161koljkami - ne le da je material veliko debelej\u0161i in zato trpe\u017enej\u0161i, temve? tudi votla konstrukcija telesa mini bob ubla\u017ei udarce, ki bi sicer neposredno zadeli otrokovo hrbtenico, s ?imer je za\u0161?iten otrokov hrbet.<\/p>\n<p>Zaradi posebne zasnove s krmilno in zavorno palico ter zavornim robom lahko otrok hitro in varno upravlja mini bob, predvsem pa zlahka zavira - pri popo toboganu obi?ajno ni tehni?ne naprave za krmiljenje in zaviranje, zato ima otrok pogosto le mo\u017enost skoka ali tr?enja.[\/vc_column_text][\/vc_column][\/vc_row][vc_row][vc_column][vc_empty_space][\/vc_column][\/vc_row][vc_row][vc_column][vc_cta h2=&#8221;Vse informacije o kon?ni popo slide &#8220;mini bob&#8220;&#8221; add_button=&#8221;right&#8221; btn_title=&#8221;TO THE mini bob&#8221; btn_link=&#8221;url:https%3A%2F%2Fmini-bob.com%2Fsl%2F|title:Dom%20mini%20bob%20-%20izvirni%20zipflbob|&#8221;]<\/p>\n<h4>Vse informacije o diapozitivu &#8220;mini bob&#8221; popo najdete tukaj.<\/h4>\n<p>[\/vc_cta][\/vc_column][\/vc_row][vc_row][vc_column width=&#8221;1\/2&#8243;][vc_column_text]Mali plasti?ni mini bob je primeren za vsakogar, ne glede na to, ali je mlad ali star!<\/p>\n<p><strong>Idealen plasti?ni bob za otroke in najstnike<\/strong>.<\/p>\n<p>V na\u0161ih <a href=\"https:\/\/mini-bob.com\/sl\/pogosta-vprasanja\/?v=3a52f3c22ed6\">pogosto zastavljenih  vpra\u0161anjih in odgovorih (FAQ <\/a>) boste na\u0161li ve? informacij o originalnem mini bobu<\/p>\n<p>V rubriki &#8220;mini bob&#8221; boste na\u0161li ve? tehni?nih informacij o originalnem mini bobu<\/p>\n<p>Originalni mini bob lahko kupite v specializiranih trgovinah ali na spletu - seznam prodajalcev <a href=\"https:\/\/mini-bob.com\/sl\/?page_id=158632&#038;v=3a52f3c22ed6\">najdete tukaj:<\/a> nakup mini boba<\/p>\n<p>?e imate kot star\u0161i kakr\u0161na koli vpra\u0161anja o mini bobu - pi\u0161ite nam, z veseljem vam bomo pomagali![\/vc_column_text][\/vc_column][vc_column width=&#8221;1\/2&#8243;][vc_single_image image=&#8221;158755&#8243; img_size=&#8221;large&#8221;][\/vc_column][\/vc_row][vc_row][vc_column][vc_empty_space][\/vc_column][\/vc_row][vc_row][vc_column width=&#8221;1\/2&#8243;][vc_single_image image=&#8221;158756&#8243; img_size=&#8221;large&#8221;][\/vc_column][vc_column width=&#8221;1\/2&#8243;][vc_column_text]Tudi pravi dirka?i bodo z mini bobom dobili svoj denar - zaradi stabilne konstrukcije in natan?nega krmiljenja je mini bob zelo zabaven tudi za napredne voznike![\/vc_column_text][\/vc_column][\/vc_row][vc_row][vc_column][vc_masonry_media_grid initial_loading_animation=&#8221;fadeIn&#8221; grid_id=&#8221;vc_gid:1661520873153-92b3fc5c-85e7-6&#8243; include=&#8221;158757,158758,158759,158684,158760,158761&#8243;][\/vc_column][\/vc_row]<\/p>\n<\/div>","protected":false},"excerpt":{"rendered":"<p>[vc_row][vc_column][vc_custom_heading text=&#8221;Poporutscher vs. originalni mini bob&#8221; google_fonts=&#8221;font_family:Roboto%20Condensed%3A300%2C300italic%2Cregular%2Citalic%2C700%2C700italic|font_style:400%20regular%3A400%3Anormal&#8221;][vc_column_text]Vsi jih poznamo, majhne popo drsalke, sne\u017ene drsalke, drsalne kro\u017enike, drsalke za zadnjico, plasti?ne drsalke, sne\u017ene drsalke, sne\u017ene drsalke, sne\u017ene pospe\u0161evalnike ali plasti?ne sklede za nekaj evrov, ki jih zdaj lahko kupite povsod&#8230; Nekateri celo pustijo svojemu otroku, da se po pobo?ju spu\u0161?a na plasti?ni vre?ki ali celo na&hellip;<\/p>\n","protected":false},"author":1,"featured_media":0,"parent":0,"menu_order":0,"comment_status":"closed","ping_status":"closed","template":"","meta":{"_acf_changed":false,"footnotes":""},"class_list":["post-158752","page","type-page","status-publish","hentry","description-off"],"acf":[],"_links":{"self":[{"href":"https:\/\/mini-bob.com\/sl\/wp-json\/wp\/v2\/pages\/158752","targetHints":{"allow":["GET"]}}],"collection":[{"href":"https:\/\/mini-bob.com\/sl\/wp-json\/wp\/v2\/pages"}],"about":[{"href":"https:\/\/mini-bob.com\/sl\/wp-json\/wp\/v2\/types\/page"}],"author":[{"embeddable":true,"href":"https:\/\/mini-bob.com\/sl\/wp-json\/wp\/v2\/users\/1"}],"replies":[{"embeddable":true,"href":"https:\/\/mini-bob.com\/sl\/wp-json\/wp\/v2\/comments?post=158752"}],"version-history":[{"count":8,"href":"https:\/\/mini-bob.com\/sl\/wp-json\/wp\/v2\/pages\/158752\/revisions"}],"predecessor-version":[{"id":158773,"href":"https:\/\/mini-bob.com\/sl\/wp-json\/wp\/v2\/pages\/158752\/revisions\/158773"}],"wp:attachment":[{"href":"https:\/\/mini-bob.com\/sl\/wp-json\/wp\/v2\/media?parent=158752"}],"curies":[{"name":"wp","href":"https:\/\/api.w.org\/{rel}","templated":true}]}}