{"id":159213,"date":"2017-01-20T21:03:33","date_gmt":"2017-01-20T20:03:33","guid":{"rendered":"https:\/\/mini-bob.com\/bob-sani-min-bob-vrhunske-sodobne-sani\/"},"modified":"2025-11-23T18:25:44","modified_gmt":"2025-11-23T17:25:44","slug":"bob-sani-min-bob-vrhunske-sodobne-sani","status":"publish","type":"page","link":"https:\/\/mini-bob.com\/sl\/bob-sani-min-bob-vrhunske-sodobne-sani\/","title":{"rendered":"bob sani min bob - vrhunske sodobne sani"},"content":{"rendered":"<div class=\"wpb-content-wrapper\"><p>[vc_row][vc_column][vc_custom_heading text=&#8221;Tako je danes videti bob sanka\u0161ka akcija!&#8221; google_fonts=&#8221;font_family:Roboto%20Condensed%3A300%2C300italic%2Cregular%2Citalic%2C700%2C700italic|font_style:400%20regular%3A400%3Anormal&#8221;][vc_column_text]Vrhunske sani za mlade in stare, preizku\u0161ene na \u0161tevilnih testih - nespremenjene in preizku\u0161ene \u017ee od leta 1976.[\/vc_column_text][vc_video link=&#8221;https:\/\/player.vimeo.com\/video\/200398022&#8243;][vc_column_text]Ali poznate le &#8220;obi?ajne&#8221; lesene sani ali plasti?ne volanske sani? Potem morate vsekakor preizkusiti originalni mini bob! ?eprav so inovativne sani na voljo \u017ee od leta 1976, njihov koncept v primerjavi s tradicionalnimi lesenimi sanmi \u0161e vedno navdu\u0161uje. V \u0161tevilnih primerjalnih testih za sani vedno znova doka\u017ee, kako genialen in preprost je njegov koncept. Zato so minibob \u017ee ve?krat posnemali in posnemali njegov koncept krmilne palice.    <\/p>\n<p>Pri nakupu sani se prepri?ajte, da ste kupili originalni mini bob - \u017eal je zdaj na voljo veliko poceni kopij z Daljnega vzhoda, ki pogosto ne izpolnjujejo zahtevanih visokih varnostnih standardov.<\/p>\n<p>Sanke 2.0 - originalni mini bob![\/vc_column_text][\/vc_column][\/vc_row][vc_row][vc_column][vc_empty_space][\/vc_column][\/vc_row][vc_row][vc_column][vc_custom_heading text=&#8221;vrhunske bob sani dana\u0161njega ?asa&#8221; google_fonts=&#8221;font_family:Roboto%20Condensed%3A300%2C300italic%2Cregular%2Citalic%2C700%2C700italic|font_style:400%20regular%3A400%3Anormal&#8221;][vc_column_text]V sedemdesetih letih prej\u0161njega stoletja izumljena in \u0161e vedno sodobna brez?asna klasika: mini bob.<\/p>\n<p>?e i\u0161?ete sani, ki so zelo zabavne na snegu in jih lahko hitro, enostavno in varno obvladajo tako mladi kot stari, potem vas bodo na\u0161e plasti?ne sani &#8220;mini bob&#8221; zagotovo razveselile!<\/p>\n<p>Od izuma v Avstriji v sedemdesetih letih prej\u0161njega stoletja se mini bob proizvaja v Nem?iji in vse od takrat navdihuje generacije.<\/p>\n<p>Zaradi lahke in robustne plasti?ne konstrukcije z votlim ohi\u0161jem lahko majhne bob sani preva\u017eajo in upravljajo tudi najmlaj\u0161i otroci. Zaradi stabilne konstrukcije tudi visoki in te\u017eki vozniki niso te\u017eava za &#8220;mini bob&#8221; - sani lahko tehtajo do 100 kg![\/vc_column_text][\/vc_column][\/vc_row][vc_row][vc_column][vc_custom_heading text=&#8221;nakup bob sani mini bob&#8221; google_fonts=&#8221;font_family:Roboto%20Condensed%3A300%2C300italic%2Cregular%2Citalic%2C700%2C700italic|font_style:400%20regular%3A400%3Anormal&#8221;][vc_column_text]<\/p>\n<h4>tukaj lahko kupite ultimativne bob sani &#8220;mini bob&#8221;!<\/h4>\n<p>[\/vc_column_text]<style type=\"text\/css\" data-type=\"the7_shortcodes-inline-css\">#default-btn-fab6083690775df46b73da7cbd1d4bb2.ico-right-side > i {\n  margin-right: 0px;\n  margin-left: 8px;\n}\n#default-btn-fab6083690775df46b73da7cbd1d4bb2 > i {\n  margin-right: 8px;\n}<\/style><a href=\"https:\/\/mini-bob.com\/mini-bob-zipfelbob-shop\/\" class=\"default-btn-shortcode dt-btn dt-btn-l pulse animate-element animation-builder link-hover-off btn-inline-left \" id=\"default-btn-fab6083690775df46b73da7cbd1d4bb2\" title=\"Originalni mini bob (Zipfelbob) Trgovina\"><span>NAKUP mini bob<\/span><\/a>[\/vc_column][\/vc_row][vc_row][vc_column][vc_empty_space][\/vc_column][\/vc_row][vc_row][vc_column][vc_custom_heading text=&#8221;Vse informacije o bob sani &#8220;mini bob&#8220;&#8221; google_fonts=&#8221;font_family:Roboto%20Condensed%3A300%2C300italic%2Cregular%2Citalic%2C700%2C700italic|font_style:400%20regular%3A400%3Anormal&#8221;][vc_single_image image=&#8221;159216&#8243; img_size=&#8221;large&#8221;][vc_column_text]bob sani<\/p>\n<p>&nbsp;<\/p>\n<p>Na na\u0161i spletni strani boste na\u0161li vse potrebne informacije, od zgodovine mini boba do njegovega trenutnega razvoja. ?e imate kakr\u0161na koli vpra\u0161anja, si lahko ogledate na\u0161a obse\u017ena pogosto zastavljena vpra\u0161anja <a href=\"https:\/\/mini-bob.com\/sl\/pogosta-vprasanja\/\">in se obrnete<\/a> neposredno na nas. <\/p>\n<p>?e \u017eelite kupiti izvirni mini bob, boste to, kar i\u0161?ete, na\u0161li pod &#8220;buy mini bob&#8221;. Od tu lahko dostopate do na\u0161e trgovine s posebnimi izdajami ter do trgovcev, ki prodajajo bobove sani na spletu in v trgovinah. <\/p>\n<p>?e i\u0161?ete informacije o sankah, boste nekaj koristnih ?lankov na\u0161li tudi v na\u0161em razdelku z novicami.[\/vc_column_text][\/vc_column][\/vc_row]<\/p>\n<\/div>","protected":false},"excerpt":{"rendered":"<p>[vc_row][vc_column][vc_custom_heading text=&#8221;Tako je danes videti bob sanka\u0161ka akcija!&#8221; google_fonts=&#8221;font_family:Roboto%20Condensed%3A300%2C300italic%2Cregular%2Citalic%2C700%2C700italic|font_style:400%20regular%3A400%3Anormal&#8221;][vc_column_text]Vrhunske sani za mlade in stare, preizku\u0161ene na \u0161tevilnih testih - nespremenjene in preizku\u0161ene \u017ee od leta 1976.[\/vc_column_text][vc_video link=&#8221;https:\/\/player.vimeo.com\/video\/200398022&#8243;][vc_column_text]Ali poznate le &#8220;obi?ajne&#8221; lesene sani ali plasti?ne volanske sani? Potem morate vsekakor preizkusiti originalni mini bob! ?eprav so inovativne sani na voljo \u017ee od leta 1976, njihov koncept&hellip;<\/p>\n","protected":false},"author":1,"featured_media":0,"parent":0,"menu_order":0,"comment_status":"closed","ping_status":"closed","template":"","meta":{"_acf_changed":false,"footnotes":""},"class_list":["post-159213","page","type-page","status-publish","hentry","description-off"],"acf":[],"_links":{"self":[{"href":"https:\/\/mini-bob.com\/sl\/wp-json\/wp\/v2\/pages\/159213","targetHints":{"allow":["GET"]}}],"collection":[{"href":"https:\/\/mini-bob.com\/sl\/wp-json\/wp\/v2\/pages"}],"about":[{"href":"https:\/\/mini-bob.com\/sl\/wp-json\/wp\/v2\/types\/page"}],"author":[{"embeddable":true,"href":"https:\/\/mini-bob.com\/sl\/wp-json\/wp\/v2\/users\/1"}],"replies":[{"embeddable":true,"href":"https:\/\/mini-bob.com\/sl\/wp-json\/wp\/v2\/comments?post=159213"}],"version-history":[{"count":7,"href":"https:\/\/mini-bob.com\/sl\/wp-json\/wp\/v2\/pages\/159213\/revisions"}],"predecessor-version":[{"id":159226,"href":"https:\/\/mini-bob.com\/sl\/wp-json\/wp\/v2\/pages\/159213\/revisions\/159226"}],"wp:attachment":[{"href":"https:\/\/mini-bob.com\/sl\/wp-json\/wp\/v2\/media?parent=159213"}],"curies":[{"name":"wp","href":"https:\/\/api.w.org\/{rel}","templated":true}]}}