{"id":159225,"date":"2025-11-23T18:25:42","date_gmt":"2025-11-23T17:25:42","guid":{"rendered":"https:\/\/mini-bob.com\/avtenticnost-ocen\/"},"modified":"2025-11-23T18:25:44","modified_gmt":"2025-11-23T17:25:44","slug":"avtenticnost-ocen","status":"publish","type":"page","link":"https:\/\/mini-bob.com\/sl\/avtenticnost-ocen\/","title":{"rendered":"Avtenti?nost ocen"},"content":{"rendered":"<h1>Opomba o verodostojnosti ocen<\/h1>\n<p>Mnenja na na\u0161em spletnem mestu lahko oddajo samo stranke in samo za izdelke, ki so jih dejansko kupile pri nas.<\/p>\n<p>Izbirni ukrepi za filtriranje pri predlo\u017eitvi ocen:<\/p>\n<ul>\n<li>Stranke lahko pustijo oceno le, ?e so zadevni izdelek dejansko kupile.<\/li>\n<li>Za isti izdelek ne dovoljujemo dvojnih ocen.<\/li>\n<li>Mnenja ro?no preverimo glede pristnosti (primerjava naro?ila, imena in e-po\u0161te kupca) in jih aktiviramo \u0161ele po uspe\u0161nem preverjanju.<\/li>\n<li>Ocene so objavljene ne glede na rezultat: &#8220;dober ali slab&#8221; - odprti smo za kritike!<\/li>\n<\/ul>\n","protected":false},"excerpt":{"rendered":"<p>Opomba o verodostojnosti ocen Mnenja na na\u0161em spletnem mestu lahko oddajo samo stranke in samo za izdelke, ki so jih dejansko kupile pri nas. Izbirni ukrepi za filtriranje pri predlo\u017eitvi ocen: Stranke lahko pustijo oceno le, ?e so zadevni izdelek dejansko kupile. Za isti izdelek ne dovoljujemo dvojnih ocen. Mnenja ro?no preverimo glede pristnosti (primerjava&hellip;<\/p>\n","protected":false},"author":1,"featured_media":0,"parent":0,"menu_order":0,"comment_status":"closed","ping_status":"closed","template":"","meta":{"_acf_changed":false,"footnotes":""},"class_list":["post-159225","page","type-page","status-publish","hentry","description-off"],"acf":[],"_links":{"self":[{"href":"https:\/\/mini-bob.com\/sl\/wp-json\/wp\/v2\/pages\/159225","targetHints":{"allow":["GET"]}}],"collection":[{"href":"https:\/\/mini-bob.com\/sl\/wp-json\/wp\/v2\/pages"}],"about":[{"href":"https:\/\/mini-bob.com\/sl\/wp-json\/wp\/v2\/types\/page"}],"author":[{"embeddable":true,"href":"https:\/\/mini-bob.com\/sl\/wp-json\/wp\/v2\/users\/1"}],"replies":[{"embeddable":true,"href":"https:\/\/mini-bob.com\/sl\/wp-json\/wp\/v2\/comments?post=159225"}],"version-history":[{"count":1,"href":"https:\/\/mini-bob.com\/sl\/wp-json\/wp\/v2\/pages\/159225\/revisions"}],"predecessor-version":[{"id":159227,"href":"https:\/\/mini-bob.com\/sl\/wp-json\/wp\/v2\/pages\/159225\/revisions\/159227"}],"wp:attachment":[{"href":"https:\/\/mini-bob.com\/sl\/wp-json\/wp\/v2\/media?parent=159225"}],"curies":[{"name":"wp","href":"https:\/\/api.w.org\/{rel}","templated":true}]}}