{"id":159228,"date":"2017-01-08T13:29:04","date_gmt":"2017-01-08T12:29:04","guid":{"rendered":"https:\/\/mini-bob.com\/kupite-vrhunske-sani-izvirni-mini-bob\/"},"modified":"2025-11-23T18:25:49","modified_gmt":"2025-11-23T17:25:49","slug":"kupite-vrhunske-sani-izvirni-mini-bob","status":"publish","type":"page","link":"https:\/\/mini-bob.com\/sl\/kupite-vrhunske-sani-izvirni-mini-bob\/","title":{"rendered":"kupite vrhunske sani - izvirni mini bob"},"content":{"rendered":"<div class=\"wpb-content-wrapper\"><p>[vc_row][vc_column][vc_custom_heading text=&#8221;Maxi zabava z mini bobom - ultimativnimi sanmi&#8221; font_container=&#8221;tag:h1|text_align:left&#8221; google_fonts=&#8221;font_family:Roboto%20Condensed%3A300%2C300italic%2Cregular%2Citalic%2C700%2C700italic|font_style:400%20regular%3A400%3Anormal&#8221;][\/vc_column][\/vc_row][vc_row][vc_column][vc_custom_heading text=&#8221;?e na sankah, potem z mini bobom!&#8221; font_container=&#8221;tag:h2|text_align:center&#8221; google_fonts=&#8221;font_family:Roboto%20Condensed%3A300%2C300italic%2Cregular%2Citalic%2C700%2C700italic|font_style:400%20regular%3A400%3Anormal&#8221;][\/vc_column][\/vc_row][vc_row][vc_column][vc_single_image image=&#8221;159216&#8243; img_size=&#8221;large&#8221; alignment=&#8221;center&#8221; onclick=&#8221;zoom&#8221; lazy_loading=&#8221;true&#8221;][\/vc_column][\/vc_row][vc_row][vc_column][vc_custom_heading text=&#8221;Edinstvene in morda najbolj\u0161e sani za zabavo na snegu - izdelane v Nem?iji od leta 1976!&#8221; font_container=&#8221;tag:h2|text_align:center&#8221; google_fonts=&#8221;font_family:Roboto%20Condensed%3A300%2C300italic%2Cregular%2Citalic%2C700%2C700italic|font_style:400%20regular%3A400%3Anormal&#8221;][vc_column_text]Ali poznate le obi?ajne lesene sani? Potem boste presene?eni, kako zabavno je lahko sankanje! <\/p>\n<p>Originalni mini bob, ki so ga izumili v avstrijskih Alpah in od leta 1976 izdelujejo v Nem?iji po najvi\u0161jih standardih kakovosti, ponuja najve?jo zabavo pri vo\u017enji in najve?jo varnost.<\/p>\n<p>Zaradi svoje edinstvene oblike in zasnove je mini bob veliko bolj\u0161i od obi?ajnih sani. Z njim se hitro nau?ite natan?no krmiliti ter hitro in u?inkovito zavirati. <\/p>\n<p>Z majhnimi mini sanmi je mogo?e vse, od preprostega spusta z majhnega hriba do spektakularnih akrobacij.<\/p>\n<p>Originalni mini bob je na voljo v razli?nih barvah. ?e torej \u017eelite kupiti sani, lahko zdaj izbirate med \u0161tevilnimi svetlimi barvami, ki so na snegu videti \u0161e posebej dobro.[\/vc_column_text][\/vc_column][\/vc_row][vc_row][vc_column][vc_custom_heading text=&#8221;mini bob - nakup vrhunskih sani?&#8221; google_fonts=&#8221;font_family:Roboto%20Condensed%3A300%2C300italic%2Cregular%2Citalic%2C700%2C700italic|font_style:400%20regular%3A400%3Anormal&#8221;]<style type=\"text\/css\" data-type=\"the7_shortcodes-inline-css\">#default-btn-fab6083690775df46b73da7cbd1d4bb2.ico-right-side > i {\n  margin-right: 0px;\n  margin-left: 8px;\n}\n#default-btn-fab6083690775df46b73da7cbd1d4bb2 > i {\n  margin-right: 8px;\n}<\/style><a href=\"https:\/\/mini-bob.com\/mini-bob-zipfelbob-shop\/\" class=\"default-btn-shortcode dt-btn dt-btn-l pulse animate-element animation-builder link-hover-off btn-inline-left \" id=\"default-btn-fab6083690775df46b73da7cbd1d4bb2\" title=\"Originalni mini bob (Zipfelbob) Trgovina\"><span>KUPITE MINI BOB!<\/span><\/a>[\/vc_column][\/vc_row][vc_row][vc_column][vc_empty_space][vc_masonry_media_grid initial_loading_animation=&#8221;fadeIn&#8221; grid_id=&#8221;vc_gid:1662623660523-c096aec2-2791-10&#8243; include=&#8221;158755,159148,159231,159232,159233&#8243;][\/vc_column][\/vc_row][vc_row][vc_column][vc_column_text]Original mini bob ni izdelan iz lesa kot obi?ajne sanke, temve? iz neuni?ljive plastike, ki je izredno odporna in prenese tudi najte\u017eje sanka\u0161ke proge. Kjer se lesene sanke zlomijo ali plasti?ni bobi z lupino, originalni mini bob deluje \u0161e naprej. To pomeni, da je nevarnost po\u0161kodb manj\u0161a kot pri obi?ajnih sankah.  <\/p>\n<p>Zaradi nizkega te\u017ei\u0161?a je nevarnost po\u0161kodb zelo majhna tudi v primeru padca, zato lahko mini bob vozijo osebe, stare od 3 do 99 let.<\/p>\n<p>Mini bob ponuja vrhunsko sanka\u0161ko izku\u0161njo za mlade in stare.<\/p>\n<p>Zaradi edinstvene oblike zaviranja (krmilno palico preprosto potegnete proti telesu) lahko min bob hitro in varno ustavite.[\/vc_column_text][vc_custom_heading text=&#8221;mini bob - izvirni na?in sankanja!&#8221; google_fonts=&#8221;font_family:Roboto%20Condensed%3A300%2C300italic%2Cregular%2Citalic%2C700%2C700italic|font_style:400%20regular%3A400%3Anormal&#8221;][\/vc_column][\/vc_row][vc_row][vc_column][vc_column_text]V na\u0161ih <a href=\"https:\/\/mini-bob.com\/sl\/pogosta-vprasanja\/\">pogosto zastavljenih vpra\u0161anjih in odgovorih (FAQ<\/a> ) boste na\u0161li dodatne informacije o originalnem mini bobu<\/p>\n<p><a href=\"https:\/\/mini-bob.com\/sl\/?page_id=158651\">Pod &#8220;mini bob<\/a> &#8221; boste na\u0161li dodatne tehni?ne informacije o originalnem mini bobu<\/p>\n<p>Originalni mini bob lahko kupite v specializiranih trgovinah ali na spletu - seznam prodajalcev <a href=\"https:\/\/mini-bob.com\/sl\/?page_id=158632\">najdete tukaj:<\/a> nakup mini boba<\/p>\n<p>?e imate kot star\u0161i kakr\u0161nakoli <a href=\"https:\/\/mini-bob.com\/sl\/?page_id=158560\">vpra\u0161anja<\/a> o mini bobu - prosimo, kontaktirajte nas, z veseljem vam bomo pomagali![\/vc_column_text][\/vc_column][\/vc_row]<\/p>\n<\/div>","protected":false},"excerpt":{"rendered":"<p>[vc_row][vc_column][vc_custom_heading text=&#8221;Maxi zabava z mini bobom - ultimativnimi sanmi&#8221; font_container=&#8221;tag:h1|text_align:left&#8221; google_fonts=&#8221;font_family:Roboto%20Condensed%3A300%2C300italic%2Cregular%2Citalic%2C700%2C700italic|font_style:400%20regular%3A400%3Anormal&#8221;][\/vc_column][\/vc_row][vc_row][vc_column][vc_custom_heading text=&#8221;?e na sankah, potem z mini bobom!&#8221; font_container=&#8221;tag:h2|text_align:center&#8221; google_fonts=&#8221;font_family:Roboto%20Condensed%3A300%2C300italic%2Cregular%2Citalic%2C700%2C700italic|font_style:400%20regular%3A400%3Anormal&#8221;][\/vc_column][\/vc_row][vc_row][vc_column][vc_single_image image=&#8221;159216&#8243; img_size=&#8221;large&#8221; alignment=&#8221;center&#8221; onclick=&#8221;zoom&#8221; lazy_loading=&#8221;true&#8221;][\/vc_column][\/vc_row][vc_row][vc_column][vc_custom_heading text=&#8221;Edinstvene in morda najbolj\u0161e sani za zabavo na snegu - izdelane v Nem?iji od leta 1976!&#8221; font_container=&#8221;tag:h2|text_align:center&#8221; google_fonts=&#8221;font_family:Roboto%20Condensed%3A300%2C300italic%2Cregular%2Citalic%2C700%2C700italic|font_style:400%20regular%3A400%3Anormal&#8221;][vc_column_text]Ali poznate le obi?ajne lesene sani? Potem boste presene?eni, kako zabavno je lahko&hellip;<\/p>\n","protected":false},"author":1,"featured_media":0,"parent":0,"menu_order":0,"comment_status":"closed","ping_status":"closed","template":"","meta":{"_acf_changed":false,"footnotes":""},"class_list":["post-159228","page","type-page","status-publish","hentry","description-off"],"acf":[],"_links":{"self":[{"href":"https:\/\/mini-bob.com\/sl\/wp-json\/wp\/v2\/pages\/159228","targetHints":{"allow":["GET"]}}],"collection":[{"href":"https:\/\/mini-bob.com\/sl\/wp-json\/wp\/v2\/pages"}],"about":[{"href":"https:\/\/mini-bob.com\/sl\/wp-json\/wp\/v2\/types\/page"}],"author":[{"embeddable":true,"href":"https:\/\/mini-bob.com\/sl\/wp-json\/wp\/v2\/users\/1"}],"replies":[{"embeddable":true,"href":"https:\/\/mini-bob.com\/sl\/wp-json\/wp\/v2\/comments?post=159228"}],"version-history":[{"count":4,"href":"https:\/\/mini-bob.com\/sl\/wp-json\/wp\/v2\/pages\/159228\/revisions"}],"predecessor-version":[{"id":159246,"href":"https:\/\/mini-bob.com\/sl\/wp-json\/wp\/v2\/pages\/159228\/revisions\/159246"}],"wp:attachment":[{"href":"https:\/\/mini-bob.com\/sl\/wp-json\/wp\/v2\/media?parent=159228"}],"curies":[{"name":"wp","href":"https:\/\/api.w.org\/{rel}","templated":true}]}}