{"id":159230,"date":"2022-09-23T17:26:41","date_gmt":"2022-09-23T15:26:41","guid":{"rendered":"https:\/\/mini-bob.com\/turkizni-mini-bob-zipflbob\/"},"modified":"2025-11-23T18:25:49","modified_gmt":"2025-11-23T17:25:49","slug":"turkizni-mini-bob-zipflbob","status":"publish","type":"page","link":"https:\/\/mini-bob.com\/sl\/turkizni-mini-bob-zipflbob\/","title":{"rendered":"turkizni mini bob \/ zipflbob"},"content":{"rendered":"<div class=\"wpb-content-wrapper\"><p>[vc_row][vc_column width=&#8221;1\/2&#8243;][vc_single_image image=&#8221;159236&#8243; img_size=&#8221;large&#8221;][\/vc_column][vc_column width=&#8221;1\/2&#8243;][vc_custom_heading text=&#8221;Originalni mini bob (zipflbob) v turkizni barvi&#8221; google_fonts=&#8221;font_family:Roboto%20Condensed%3A300%2C300italic%2Cregular%2Citalic%2C700%2C700italic|font_style:400%20regular%3A400%3Anormal&#8221;][vc_column_text]Originalni mini bob (Zipfelbob) je od septembra 2022 na voljo v posebni turkizni barvi.<\/p>\n<p>Tokrat zipflbob v posebni turkizni barvi ne bo zamenjal zipflboba v posebni roza barvi, kot je to obi?ajno. Prav nasprotno! Originalni mini bob v barvi mete je dodatek k na\u0161i trgovini, ki omogo?a, da malim in velikim strankam ponudimo \u0161iroko paleto barv. V skladu z geslom: ?im bolj barvito, tem bolje.   <\/p>\n<p>Ta posebna me\u0161anica modre in zelene barve takoj pade v o?i in bo nepogre\u0161ljiva leta 2022. Zato nam je bilo pomembno, da izdelamo izviren mini bob v trendovski turkizni barvi. Svetle barve pa so pri otrocih vedno \u0161e posebej priljubljene. Vijoli?na in turkizna barva \u0161e posebej spominjata na priljubljeno ledeno kraljico in kaj bi se lahko bolje podalo na sneg kot turkizni originalni mini bob?   <\/p>\n<p>Podoben &#8220;bencinski&#8221; mini bob je bil izdelan \u017ee v sedemdesetih letih prej\u0161njega stoletja in je bil \u017ee takrat dobro sprejet. In kot vemo, se trendi ponavljajo vsakih nekaj let. Zato je \u0161e toliko bolje, da lahko to barvno paleto ponovno uporabimo in del?ek sedemdesetih let prenesemo v dana\u0161nji ?as.[\/vc_column_text]<style type=\"text\/css\" data-type=\"the7_shortcodes-inline-css\">#default-btn-e1440e9966c697bbdb59cc06d0bd8a51.ico-right-side > i {\n  margin-right: 0px;\n  margin-left: 8px;\n}\n#default-btn-e1440e9966c697bbdb59cc06d0bd8a51 > i {\n  margin-right: 8px;\n}<\/style><a href=\"https:\/\/mini-bob.com\/produkt\/tuerkis-original-mini-bob-zipfelbob\/\" class=\"default-btn-shortcode dt-btn dt-btn-l pulse animate-element animation-builder link-hover-off btn-inline-left \" id=\"default-btn-e1440e9966c697bbdb59cc06d0bd8a51\" title=\"++NOVA BARVA++ Izvirni mini bob (koni?ast bob) v turkizni barvi\"><span>NAKUP TURKIZNA ZIPFELBOB<\/span><\/a>[\/vc_column][\/vc_row][vc_row][vc_column][vc_empty_space][\/vc_column][\/vc_row][vc_row][vc_column width=&#8221;1\/2&#8243;][vc_empty_space height=&#8221;60px&#8221;][vc_empty_space height=&#8221;60px&#8221;]<style type=\"text\/css\" data-type=\"the7_shortcodes-inline-css\">#default-btn-2a1b9c5270324f37b97b148145d53004.ico-right-side > i {\n  margin-right: 0px;\n  margin-left: 8px;\n}\n#default-btn-2a1b9c5270324f37b97b148145d53004 > i {\n  margin-right: 8px;\n}<\/style><div class=\"btn-align-center\"><a href=\"https:\/\/mini-bob.com\/sl\/?page_id=158651\" class=\"default-btn-shortcode dt-btn dt-btn-l pulse animate-element animation-builder link-hover-off \" id=\"default-btn-2a1b9c5270324f37b97b148145d53004\" title=\"mini bob\"><span>MINI BOB V DRUGIH BARVAH<\/span><\/a><\/div>[vc_empty_space]<style type=\"text\/css\" data-type=\"the7_shortcodes-inline-css\">#default-btn-5c000aaf6e7a279d43ee83657c18feb7.ico-right-side > i {\n  margin-right: 0px;\n  margin-left: 8px;\n}\n#default-btn-5c000aaf6e7a279d43ee83657c18feb7 > i {\n  margin-right: 8px;\n}<\/style><div class=\"btn-align-center\"><a href=\"https:\/\/mini-bob.com\/mini-bob-zipfelbob-shop\/\" class=\"default-btn-shortcode dt-btn dt-btn-l pulse animate-element animation-builder link-hover-off \" id=\"default-btn-5c000aaf6e7a279d43ee83657c18feb7\" title=\"Originalni mini bob (Zipfelbob) Trgovina\"><span>KLIKNITE TUKAJ ZA NEPOSREDEN DOSTOP DO TRGOVINE<\/span><\/a><\/div>[\/vc_column][vc_column width=&#8221;1\/2&#8243;][vc_single_image image=&#8221;159237&#8243; img_size=&#8221;large&#8221;][vc_column_text]Temelji na podobnem Zipfybobu bencinske barve iz sedemdesetih let prej\u0161njega stoletja.[\/vc_column_text][\/vc_column][\/vc_row]<\/p>\n<\/div>","protected":false},"excerpt":{"rendered":"<p>[vc_row][vc_column width=&#8221;1\/2&#8243;][vc_single_image image=&#8221;159236&#8243; img_size=&#8221;large&#8221;][\/vc_column][vc_column width=&#8221;1\/2&#8243;][vc_custom_heading text=&#8221;Originalni mini bob (zipflbob) v turkizni barvi&#8221; google_fonts=&#8221;font_family:Roboto%20Condensed%3A300%2C300italic%2Cregular%2Citalic%2C700%2C700italic|font_style:400%20regular%3A400%3Anormal&#8221;][vc_column_text]Originalni mini bob (Zipfelbob) je od septembra 2022 na voljo v posebni turkizni barvi. Tokrat zipflbob v posebni turkizni barvi ne bo zamenjal zipflboba v posebni roza barvi, kot je to obi?ajno. Prav nasprotno! Originalni mini bob v barvi mete je dodatek k&hellip;<\/p>\n","protected":false},"author":3,"featured_media":0,"parent":0,"menu_order":0,"comment_status":"closed","ping_status":"closed","template":"","meta":{"_acf_changed":false,"footnotes":""},"class_list":["post-159230","page","type-page","status-publish","hentry","description-off"],"acf":[],"_links":{"self":[{"href":"https:\/\/mini-bob.com\/sl\/wp-json\/wp\/v2\/pages\/159230","targetHints":{"allow":["GET"]}}],"collection":[{"href":"https:\/\/mini-bob.com\/sl\/wp-json\/wp\/v2\/pages"}],"about":[{"href":"https:\/\/mini-bob.com\/sl\/wp-json\/wp\/v2\/types\/page"}],"author":[{"embeddable":true,"href":"https:\/\/mini-bob.com\/sl\/wp-json\/wp\/v2\/users\/3"}],"replies":[{"embeddable":true,"href":"https:\/\/mini-bob.com\/sl\/wp-json\/wp\/v2\/comments?post=159230"}],"version-history":[{"count":4,"href":"https:\/\/mini-bob.com\/sl\/wp-json\/wp\/v2\/pages\/159230\/revisions"}],"predecessor-version":[{"id":159245,"href":"https:\/\/mini-bob.com\/sl\/wp-json\/wp\/v2\/pages\/159230\/revisions\/159245"}],"wp:attachment":[{"href":"https:\/\/mini-bob.com\/sl\/wp-json\/wp\/v2\/media?parent=159230"}],"curies":[{"name":"wp","href":"https:\/\/api.w.org\/{rel}","templated":true}]}}