{"id":159253,"date":"2022-08-22T16:16:54","date_gmt":"2022-08-22T14:16:54","guid":{"rendered":"https:\/\/mini-bob.com\/roza-mini-bob-zipfelbob\/"},"modified":"2025-11-23T18:25:56","modified_gmt":"2025-11-23T17:25:56","slug":"roza-mini-bob-zipfelbob","status":"publish","type":"page","link":"https:\/\/mini-bob.com\/sl\/roza-mini-bob-zipfelbob\/","title":{"rendered":"roza mini bob \/ Zipfelbob"},"content":{"rendered":"<div class=\"wpb-content-wrapper\"><p>[vc_row][vc_column width=&#8221;1\/2&#8243;][vc_single_image image=&#8221;159256&#8243; img_size=&#8221;large&#8221;][\/vc_column][vc_column width=&#8221;1\/2&#8243;][vc_custom_heading text=&#8221;Originalni mini bob (zipflbob) v roza barvi&#8221; google_fonts=&#8221;font_family:Roboto%20Condensed%3A300%2C300italic%2Cregular%2Citalic%2C700%2C700italic|font_style:400%20regular%3A400%3Anormal&#8221;][vc_column_text]Mini bob (Zipfelbob) je od leta 2020 na voljo v posebni roza barvi.<\/p>\n<p>Po neonsko ro\u017enatem mini bobu (80. leta prej\u0161njega stoletja), vijoli?nem mini bobu (90. leta prej\u0161njega stoletja), zipflbobu v dizajnu Milka (2000) in zipflbobu v &#8220;vijoli?ni&#8221; barvi (2010) je leta 2020 kon?no sledil \u017eeleni originalni mini bob v ro\u017enati barvi.<br \/>\nVeliko povpra\u0161evanje po &#8220;dekli\u0161kem&#8221; plasti?nem bobu nas je pripeljalo do na\u0161e posebne barve: ro\u017enate.<br \/>\nNavsezadnje, kaj bi se lahko bolje ujemalo z na\u0161im Zipfibobom iz 70. let prej\u0161njega stoletja kot ro\u017enata barva (katere ime izhaja iz istoimenske ro\u017ee), ki je v 70. letih postala \u017eenski simbol? Tako je, originalni mini bob ro\u017enate barve. <\/p>\n<p>\u017de ve? kot 45 let vedno znova uporabljamo te barve in s tem zagotavljamo, da slavni Zipfelbob nenehno spreminja barvo.[\/vc_column_text][\/vc_column][\/vc_row][vc_row][vc_column width=&#8221;1\/2&#8243;][vc_empty_space height=&#8221;200px&#8221;]<style type=\"text\/css\" data-type=\"the7_shortcodes-inline-css\">#default-btn-c0cd59cfcb8e2b25a0df785845a59035.ico-right-side > i {\n  margin-right: 0px;\n  margin-left: 8px;\n}\n#default-btn-c0cd59cfcb8e2b25a0df785845a59035 > i {\n  margin-right: 8px;\n}<\/style><a href=\"https:\/\/mini-bob.com\/produkt\/mini-bob-zipfelbob-pink\/\" class=\"default-btn-shortcode dt-btn dt-btn-l pulse animate-element animation-builder link-hover-off btn-inline-left \" id=\"default-btn-c0cd59cfcb8e2b25a0df785845a59035\" title=\"originalni mini bob (koni?ast bob) v roza barvi\"><span>NAKUP ROZA ZIPFELBOB<\/span><\/a>[vc_empty_space]<style type=\"text\/css\" data-type=\"the7_shortcodes-inline-css\">#default-btn-aac18d5ca6a677f256962b929f92271c.ico-right-side > i {\n  margin-right: 0px;\n  margin-left: 8px;\n}\n#default-btn-aac18d5ca6a677f256962b929f92271c > i {\n  margin-right: 8px;\n}<\/style><a href=\"https:\/\/mini-bob.com\/sl\/?page_id=158651\" class=\"default-btn-shortcode dt-btn dt-btn-l pulse animate-element animation-builder link-hover-off btn-inline-left \" id=\"default-btn-aac18d5ca6a677f256962b929f92271c\" title=\"mini bob\"><span>MINI BOB V DRUGIH BARVAH<\/span><\/a>[vc_empty_space]<style type=\"text\/css\" data-type=\"the7_shortcodes-inline-css\">#default-btn-fab6083690775df46b73da7cbd1d4bb2.ico-right-side > i {\n  margin-right: 0px;\n  margin-left: 8px;\n}\n#default-btn-fab6083690775df46b73da7cbd1d4bb2 > i {\n  margin-right: 8px;\n}<\/style><a href=\"https:\/\/mini-bob.com\/mini-bob-zipfelbob-shop\/\" class=\"default-btn-shortcode dt-btn dt-btn-l pulse animate-element animation-builder link-hover-off btn-inline-left \" id=\"default-btn-fab6083690775df46b73da7cbd1d4bb2\" title=\"Originalni mini bob (Zipfelbob) Trgovina\"><span>KLIKNITE TUKAJ ZA NEPOSREDEN DOSTOP DO TRGOVINE<\/span><\/a>[\/vc_column][vc_column width=&#8221;1\/2&#8243;][vc_single_image image=&#8221;159257&#8243; img_size=&#8221;large&#8221;][\/vc_column][\/vc_row][vc_row][vc_column][vc_single_image image=&#8221;159258&#8243; img_size=&#8221;full&#8221; alignment=&#8221;center&#8221;][\/vc_column][\/vc_row]<\/p>\n<\/div>","protected":false},"excerpt":{"rendered":"<p>[vc_row][vc_column width=&#8221;1\/2&#8243;][vc_single_image image=&#8221;159256&#8243; img_size=&#8221;large&#8221;][\/vc_column][vc_column width=&#8221;1\/2&#8243;][vc_custom_heading text=&#8221;Originalni mini bob (zipflbob) v roza barvi&#8221; google_fonts=&#8221;font_family:Roboto%20Condensed%3A300%2C300italic%2Cregular%2Citalic%2C700%2C700italic|font_style:400%20regular%3A400%3Anormal&#8221;][vc_column_text]Mini bob (Zipfelbob) je od leta 2020 na voljo v posebni roza barvi. Po neonsko ro\u017enatem mini bobu (80. leta prej\u0161njega stoletja), vijoli?nem mini bobu (90. leta prej\u0161njega stoletja), zipflbobu v dizajnu Milka (2000) in zipflbobu v &#8220;vijoli?ni&#8221; barvi (2010) je leta 2020&hellip;<\/p>\n","protected":false},"author":3,"featured_media":0,"parent":0,"menu_order":0,"comment_status":"closed","ping_status":"closed","template":"","meta":{"_acf_changed":false,"footnotes":""},"class_list":["post-159253","page","type-page","status-publish","hentry","description-off"],"acf":[],"_links":{"self":[{"href":"https:\/\/mini-bob.com\/sl\/wp-json\/wp\/v2\/pages\/159253","targetHints":{"allow":["GET"]}}],"collection":[{"href":"https:\/\/mini-bob.com\/sl\/wp-json\/wp\/v2\/pages"}],"about":[{"href":"https:\/\/mini-bob.com\/sl\/wp-json\/wp\/v2\/types\/page"}],"author":[{"embeddable":true,"href":"https:\/\/mini-bob.com\/sl\/wp-json\/wp\/v2\/users\/3"}],"replies":[{"embeddable":true,"href":"https:\/\/mini-bob.com\/sl\/wp-json\/wp\/v2\/comments?post=159253"}],"version-history":[{"count":4,"href":"https:\/\/mini-bob.com\/sl\/wp-json\/wp\/v2\/pages\/159253\/revisions"}],"predecessor-version":[{"id":159262,"href":"https:\/\/mini-bob.com\/sl\/wp-json\/wp\/v2\/pages\/159253\/revisions\/159262"}],"wp:attachment":[{"href":"https:\/\/mini-bob.com\/sl\/wp-json\/wp\/v2\/media?parent=159253"}],"curies":[{"name":"wp","href":"https:\/\/api.w.org\/{rel}","templated":true}]}}