{"id":158911,"date":"2020-01-22T16:24:39","date_gmt":"2020-01-22T15:24:39","guid":{"rendered":"https:\/\/mini-bob.com\/produkt\/izvirni-mini-bob-zipfelbob-sanke-v-modri-barvi\/"},"modified":"2026-01-05T16:22:32","modified_gmt":"2026-01-05T15:22:32","slug":"izvirni-mini-bob-zipfelbob-sanke-v-modri-barvi","status":"publish","type":"product","link":"https:\/\/mini-bob.com\/sl\/produkt\/izvirni-mini-bob-zipfelbob-sanke-v-modri-barvi\/","title":{"rendered":"Izvirni mini bob (Zipfelbob sanke) v modri barvi"},"content":{"rendered":"<h2>Originalni mini bob (Zipfelbob) modri<\/h2>\n<p>V Nem?iji ga izdelujejo od leta 1976 kot nezlomljiv in lahek plasti?ni bob. Originalni mini bob v modri barvi ima ergonomski sede\u017e s posebnim materialom, ki se uporablja tudi v avtomobilski industriji. Visoko trdna krmilna palica, ki je trdno pritrjena na modri mini bob (zipflbob), je prav tako ergonomsko oblikovana in nedrse?a, da se prilega obliki roke. Vodilni utori na spodnji strani mini bobna zagotavljajo smerno stabilnost in usmerjenost.   <\/p>\n<blockquote><p><span style=\"color: #ff0000;\">!! Pozor!!! Dvojniki so na voljo v razli?nih spletnih trgovinah. Pri nakupu poi\u0161?ite licenciranega prodajalca in logotip mini bob!<\/span><\/p><\/blockquote>\n<p>Podatki:<\/p>\n<h3>modri koni?asti bob (mini bob)<\/h3>\n<p>Te\u017ea: pribli\u017eno 1,7 kg<br \/>\nDimenzije D x \u0160 x V (v cm): 53 x 33 x 40<br \/>\nMaterial: HD PE (brez ftalatov)<br \/>\nDovoljena obremenitev: najve? 100 kg<br \/>\nIzdelano v Nem?iji - Made in Germany<\/p>\n<p>Opozorilo: Ni primerno za otroke, mlaj\u0161e od treh let. Uporabljajte pod neposrednim nadzorom odraslih.  Uporablja se z za\u0161?itno opremo.<\/p>\n<p>Za na\u0161e blago veljajo zakonske garancijske pravice. Upo\u0161tevajte na\u0161a varnostna navodila in pogosto <a href=\"https:\/\/mini-bob.com\/sl\/pogosta-vprasanja\/\" target=\"_blank\" rel=\"noopener noreferrer\">zastavljena vpra\u0161anja!<\/a> <\/p>\n<p>Ve? zanimivih informacij o originalnem Zipfelbobu najdete na <strong>spletni strani mini bob:<\/strong><strong><a href=\"https:\/\/mini-bob.com\/sl\/mini-bob\/\">originalna spletna stran mini bob<\/a><\/strong><\/p>\n<p>Prodaja samo v obi?ajnih gospodinjskih koli?inah - samo za zasebno uporabo! Trgovska preprodaja (z dopla?ilom) je prepovedana! <\/p>\n","protected":false},"excerpt":{"rendered":"<p>Originalni mini bob v modri barvi - zipflbob blue<\/p>\n","protected":false},"featured_media":158921,"comment_status":"open","ping_status":"closed","template":"","meta":{"_acf_changed":false},"product_brand":[],"product_cat":[1262,1263],"product_tag":[1273,1274,1275,1276,1277],"class_list":{"0":"post-158911","1":"product","2":"type-product","3":"status-publish","4":"has-post-thumbnail","6":"product_cat-minibob","7":"product_cat-standardne-izdaje-minibob","8":"product_tag-minibob-blue","9":"product_tag-zipflbob-blue","10":"product_tag-plasticni-bob-modre-barve","11":"product_tag-zipfybob-blue","12":"product_tag-zipfy-blue","13":"product_shipping_class-minibob","14":"description-off","16":"first","17":"instock","18":"featured","19":"taxable","20":"shipping-taxable","21":"purchasable","22":"product-type-simple"},"acf":[],"_links":{"self":[{"href":"https:\/\/mini-bob.com\/sl\/wp-json\/wp\/v2\/product\/158911","targetHints":{"allow":["GET"]}}],"collection":[{"href":"https:\/\/mini-bob.com\/sl\/wp-json\/wp\/v2\/product"}],"about":[{"href":"https:\/\/mini-bob.com\/sl\/wp-json\/wp\/v2\/types\/product"}],"replies":[{"embeddable":true,"href":"https:\/\/mini-bob.com\/sl\/wp-json\/wp\/v2\/comments?post=158911"}],"wp:featuredmedia":[{"embeddable":true,"href":"https:\/\/mini-bob.com\/sl\/wp-json\/wp\/v2\/media\/158921"}],"wp:attachment":[{"href":"https:\/\/mini-bob.com\/sl\/wp-json\/wp\/v2\/media?parent=158911"}],"wp:term":[{"taxonomy":"product_brand","embeddable":true,"href":"https:\/\/mini-bob.com\/sl\/wp-json\/wp\/v2\/product_brand?post=158911"},{"taxonomy":"product_cat","embeddable":true,"href":"https:\/\/mini-bob.com\/sl\/wp-json\/wp\/v2\/product_cat?post=158911"},{"taxonomy":"product_tag","embeddable":true,"href":"https:\/\/mini-bob.com\/sl\/wp-json\/wp\/v2\/product_tag?post=158911"}],"curies":[{"name":"wp","href":"https:\/\/api.w.org\/{rel}","templated":true}]}}