{"id":158925,"date":"2018-12-09T15:01:12","date_gmt":"2018-12-09T14:01:12","guid":{"rendered":"https:\/\/mini-bob.com\/produkt\/predaano-edition-mini-bob-zipfelbob-tobogan-sanke-v-bronasti-barvi\/"},"modified":"2025-12-07T22:39:01","modified_gmt":"2025-12-07T21:39:01","slug":"predaano-edition-mini-bob-zipfelbob-tobogan-sanke-v-bronasti-barvi","status":"publish","type":"product","link":"https:\/\/mini-bob.com\/sl\/produkt\/predaano-edition-mini-bob-zipfelbob-tobogan-sanke-v-bronasti-barvi\/","title":{"rendered":"+PREDAANO+ Edition mini bob (Zipfelbob tobogan sanke) v bronasti barvi"},"content":{"rendered":"<p><strong>+POSLEDNA IZPRODAJA+<\/strong><\/p>\n<h2>Originalni mini bob (Zipfelbob) bronast<\/h2>\n<p><strong>Originalni mini bob (<\/strong> znan <strong>tudi<\/strong> kot &#8220;zipflbob&#8221;, &#8220;Zipfelbob&#8221; ali &#8220;Zipfybob&#8221;), ki so ga izumili v Avstriji v sedemdesetih letih prej\u0161njega stoletja, izdelujemo v Nem?iji od leta 1976, \u0161e vedno delno ro?no.<\/p>\n<p>Bronasti <strong>mini bob je<\/strong> skoraj neuni?ljiv, saj je njegova konstrukcija iz kompaktne plastike z votlim ohi\u0161jem, ki je odporna na lomljenje in uspe\u0161no preizku\u0161ena \u017ee desetletja, \u0161e vedno pa je zelo lahka, saj tehta pribli\u017eno 1,7 kilograma. Njegov nizki polo\u017eaj sedenja, prilagojen telesu, omogo?a udobno zimsko zabavo brez utrujenosti tako mladim kot starej\u0161im. Od njegove iznajdbe v sedemdesetih letih prej\u0161njega stoletja so tri generacije lahko sledile sloganu: &#8220;Maxi zabava <strong> z mini bobom&#8221;.<\/strong> <strong>Bronasti mini bob je<\/strong> zaradi varnega na?ina vo\u017enje primeren za vsakogar!    Zabava je zagotovljena na kratkih in ravnih sanka\u0161kih progah ter na tekmovalnih progah. Zaradi stabilne konstrukcije in izjemne okretnosti visoke hitrosti niso te\u017eava. <\/p>\n<p>Izvirni mini bob je ve?kratni zmagovalec dr\u017eavnih in mednarodnih prvenstev &#8220;zipflbob&#8221;.<\/p>\n<p>&nbsp;<\/p>\n<p><span style=\"color: #ff0000;\">!! Pozor!!! V razli?nih spletnih trgovinah so na voljo dvojniki. Pri nakupu poi\u0161?ite licenciranega prodajalca in logotip mini bob!  <\/span><\/p>\n<p>&nbsp;<\/p>\n<p>Podatki:<\/p>\n<p><strong>bronasti Zipfelbob (mini bob)<\/strong><\/p>\n<p>Te\u017ea: pribli\u017eno 1,7 kg<br \/>\nDimenzije D x \u0160 x V (v cm): 53 x 33 x 40<br \/>\nMaterial: HD PE (brez ftalatov)<br \/>\nDovoljena obremenitev: najve? 100 kg<br \/>\nMade in Germany - Izdelano v Nem?iji<\/p>\n<p>Opozorilo: Ni primerno za otroke, mlaj\u0161e od treh let. Uporabljajte pod neposrednim nadzorom odraslih. Uporabljajte z za\u0161?itno opremo.  <\/p>\n<p>Za na\u0161e blago veljajo zakonske garancijske pravice. Upo\u0161tevajte na\u0161a varnostna navodila in pogosto <a href=\"https:\/\/mini-bob.com\/sl\/pogosta-vprasanja\/\" target=\"_blank\" rel=\"noopener noreferrer\">zastavljena vpra\u0161anja!<\/a> <\/p>\n<p>Ve? zanimivih informacij o originalnem Zipfelbobu najdete na <strong>spletni strani mini bob:<\/strong><strong><a href=\"https:\/\/mini-bob.com\/sl\/?page_id=158651\">originalna spletna stran mini bob<\/a><\/strong><\/p>\n<p>Prodaja samo v obi?ajnih gospodinjskih koli?inah (najve? 2 kosa na barvo!) - samo za zasebno uporabo! Trgovska preprodaja (z dopla?ilom) je prepovedana! <\/p>\n","protected":false},"excerpt":{"rendered":"<p>+POSLEDNA IZPRODAJA+<\/p>\n<p>Posebna serija v bronasti barvi s kovinskim u?inkom. Ta <strong>izvirni mini bob ustvarja<\/strong> poseben barvni u?inek, ki je odvisen od padanja svetlobe. <\/p>\n<p><strong>Proizvodnja je strogo omejena na 700 enot.<\/strong>  Zato pohitite, da boste med sre?ne\u017ei tudi vi!<\/p>\n","protected":false},"featured_media":158930,"comment_status":"open","ping_status":"closed","template":"","meta":{"_acf_changed":false},"product_brand":[],"product_cat":[1280],"product_tag":[1281,1282,1283,1284,1285],"class_list":{"0":"post-158925","1":"product","2":"type-product","3":"status-publish","4":"has-post-thumbnail","6":"product_cat-mini-bob-posebna-izdaja","7":"product_tag-mini-bob-posebna-izdaja","8":"product_tag-mini-bob-bronz","9":"product_tag-zipfy-bron","10":"product_tag-zipflbob-bron","11":"product_tag-plasticni-bob-bron","12":"product_shipping_class-minibob","13":"description-off","15":"first","16":"outofstock","17":"taxable","18":"shipping-taxable","19":"purchasable","20":"product-type-simple"},"acf":[],"_links":{"self":[{"href":"https:\/\/mini-bob.com\/sl\/wp-json\/wp\/v2\/product\/158925","targetHints":{"allow":["GET"]}}],"collection":[{"href":"https:\/\/mini-bob.com\/sl\/wp-json\/wp\/v2\/product"}],"about":[{"href":"https:\/\/mini-bob.com\/sl\/wp-json\/wp\/v2\/types\/product"}],"replies":[{"embeddable":true,"href":"https:\/\/mini-bob.com\/sl\/wp-json\/wp\/v2\/comments?post=158925"}],"wp:featuredmedia":[{"embeddable":true,"href":"https:\/\/mini-bob.com\/sl\/wp-json\/wp\/v2\/media\/158930"}],"wp:attachment":[{"href":"https:\/\/mini-bob.com\/sl\/wp-json\/wp\/v2\/media?parent=158925"}],"wp:term":[{"taxonomy":"product_brand","embeddable":true,"href":"https:\/\/mini-bob.com\/sl\/wp-json\/wp\/v2\/product_brand?post=158925"},{"taxonomy":"product_cat","embeddable":true,"href":"https:\/\/mini-bob.com\/sl\/wp-json\/wp\/v2\/product_cat?post=158925"},{"taxonomy":"product_tag","embeddable":true,"href":"https:\/\/mini-bob.com\/sl\/wp-json\/wp\/v2\/product_tag?post=158925"}],"curies":[{"name":"wp","href":"https:\/\/api.w.org\/{rel}","templated":true}]}}