{"id":158967,"date":"2025-06-22T15:55:15","date_gmt":"2025-06-22T13:55:15","guid":{"rendered":"https:\/\/mini-bob.com\/produkt\/originalni-mini-bob-zipfelbob-tobogan-v-rdeci-barvi\/"},"modified":"2026-02-16T00:09:56","modified_gmt":"2026-02-15T23:09:56","slug":"originalni-mini-bob-zipfelbob-tobogan-v-rdeci-barvi","status":"publish","type":"product","link":"https:\/\/mini-bob.com\/sl\/produkt\/originalni-mini-bob-zipfelbob-tobogan-v-rdeci-barvi\/","title":{"rendered":"Originalni mini bob (Zipfelbob tobogan) v rde?i barvi"},"content":{"rendered":"<h2>Originalni mini bob (Zipfelbob) rde?<\/h2>\n<p><strong>Originalni mini bob (<\/strong> znan <strong>tudi<\/strong> kot &#8220;zipflbob&#8221;, &#8220;Zipfelbob&#8221; ali &#8220;Zipfybob&#8221;), ki so ga izumili v Avstriji v sedemdesetih letih prej\u0161njega stoletja, izdelujemo od leta 1976 v Nem?iji, delno \u0161e vedno ro?no, kot odporne proti zlomu in lahke sanke.<\/p>\n<p>Originalni mini bob v rde?i barvi ima ergonomski sede\u017e s posebnim materialom, ki se uporablja tudi v avtomobilski industriji. Visoko trdna krmilna palica, ki je trdno pritrjena na rde?i (zipflbob) mini bob, je prav tako ergonomsko oblikovana in nedrse?a, da se prilega obliki roke. Sledilni utori na spodnji strani mini bobna zagotavljajo smerno stabilnost in usmerjenost.  <\/p>\n<blockquote><p><span style=\"color: #ff0000;\">!! Pozor!!! V razli?nih spletnih trgovinah so na voljo dvojniki. Pri nakupu poi\u0161?ite licenciranega prodajalca in logotip mini bob!  <\/span><\/p><\/blockquote>\n<p>Podatki:<\/p>\n<h3>rde?i koni?asti bob (mini bob)<\/h3>\n<p>Te\u017ea: pribli\u017eno 1,7 kg<br \/>\nDimenzije D x \u0160 x V (v cm): 53 x 33 x 40<br \/>\nMaterial: HD PE (brez ftalatov)<br \/>\nDovoljena obremenitev: najve? 100 kg<br \/>\nIzdelano v Nem?iji - Made in Germany<\/p>\n<p>Opozorilo: Ni primerno za otroke, mlaj\u0161e od treh let. Uporabljajte pod neposrednim nadzorom odraslih.  Uporablja se z za\u0161?itno opremo.<\/p>\n<p>Za na\u0161e blago veljajo zakonske garancijske pravice. Upo\u0161tevajte na\u0161a varnostna navodila in pogosto <a href=\"https:\/\/mini-bob.com\/sl\/pogosta-vprasanja\/\" target=\"_blank\" rel=\"noopener noreferrer\">zastavljena vpra\u0161anja!<\/a> <\/p>\n<p>Ve? zanimivih informacij o originalnem Zipfelbobu najdete na <strong>spletni strani mini bob:<\/strong><strong><a href=\"https:\/\/mini-bob.com\/sl\/mini-bob\/\">originalna spletna stran mini bob<\/a><\/strong><\/p>\n<p>Prodaja samo v obi?ajnih gospodinjskih koli?inah - samo za zasebno uporabo! Trgovska preprodaja (z dopla?ilom) je prepovedana! <\/p>\n","protected":false},"excerpt":{"rendered":"<p>Originalni mini bob v rde?i barvi - zipflbob red<\/p>\n","protected":false},"featured_media":158987,"comment_status":"open","ping_status":"closed","template":"","meta":{"_acf_changed":false},"product_brand":[],"product_cat":[1262,1263],"product_tag":[1298,1299,1300,1301,1302],"class_list":{"0":"post-158967","1":"product","2":"type-product","3":"status-publish","4":"has-post-thumbnail","6":"product_cat-minibob","7":"product_cat-standardne-izdaje-minibob","8":"product_tag-zipflbob-rdeca","9":"product_tag-minibob-rdeca","10":"product_tag-rdeci-plasticni-bob","11":"product_tag-zipfybob-rdeca","12":"product_tag-zipfy-rdeca","13":"product_shipping_class-minibob","14":"description-off","16":"first","17":"instock","18":"featured","19":"taxable","20":"shipping-taxable","21":"purchasable","22":"product-type-simple"},"acf":[],"_links":{"self":[{"href":"https:\/\/mini-bob.com\/sl\/wp-json\/wp\/v2\/product\/158967","targetHints":{"allow":["GET"]}}],"collection":[{"href":"https:\/\/mini-bob.com\/sl\/wp-json\/wp\/v2\/product"}],"about":[{"href":"https:\/\/mini-bob.com\/sl\/wp-json\/wp\/v2\/types\/product"}],"replies":[{"embeddable":true,"href":"https:\/\/mini-bob.com\/sl\/wp-json\/wp\/v2\/comments?post=158967"}],"wp:featuredmedia":[{"embeddable":true,"href":"https:\/\/mini-bob.com\/sl\/wp-json\/wp\/v2\/media\/158987"}],"wp:attachment":[{"href":"https:\/\/mini-bob.com\/sl\/wp-json\/wp\/v2\/media?parent=158967"}],"wp:term":[{"taxonomy":"product_brand","embeddable":true,"href":"https:\/\/mini-bob.com\/sl\/wp-json\/wp\/v2\/product_brand?post=158967"},{"taxonomy":"product_cat","embeddable":true,"href":"https:\/\/mini-bob.com\/sl\/wp-json\/wp\/v2\/product_cat?post=158967"},{"taxonomy":"product_tag","embeddable":true,"href":"https:\/\/mini-bob.com\/sl\/wp-json\/wp\/v2\/product_tag?post=158967"}],"curies":[{"name":"wp","href":"https:\/\/api.w.org\/{rel}","templated":true}]}}