{"id":158985,"date":"2018-01-20T19:46:28","date_gmt":"2018-01-20T18:46:28","guid":{"rendered":"https:\/\/mini-bob.com\/produkt\/edition-mini-bob-zipfelbob-tobogan-sanke-v-beli-biserni-barvi\/"},"modified":"2025-11-23T18:23:14","modified_gmt":"2025-11-23T17:23:14","slug":"edition-mini-bob-zipfelbob-tobogan-sanke-v-beli-biserni-barvi","status":"publish","type":"product","link":"https:\/\/mini-bob.com\/sl\/produkt\/edition-mini-bob-zipfelbob-tobogan-sanke-v-beli-biserni-barvi\/","title":{"rendered":"Edition mini bob (Zipfelbob tobogan sanke) v beli biserni barvi"},"content":{"rendered":"<h2>Izvirni mini bob (koni?ast bob) biserno bele barve<\/h2>\n<p><strong>Originalni mini bob (<\/strong> znan <strong>tudi<\/strong> kot &#8220;zipflbob&#8221;, &#8220;Zipfelbob&#8221; ali &#8220;Zipfybob&#8221;), ki so ga izumili v Avstriji v sedemdesetih letih prej\u0161njega stoletja, izdelujemo v Nem?iji od leta 1976, \u0161e vedno delno ro?no.<\/p>\n<p>Zaradi svoje konstrukcije votlega ohi\u0161ja iz kompaktne plastike, ki je odporna proti zlomu in je \u017ee desetletja uspe\u0161no preizku\u0161ena, <strong>je<\/strong> biserno beli mini bob <strong>prakti?no<\/strong> neuni?ljiv in s pribli\u017eno 1,7 kilograma \u0161e vedno zelo lahek. Njegov nizki polo\u017eaj sedenja, prilagojen telesu, omogo?a udobno zimsko zabavo brez utrujenosti tako mladim kot starej\u0161im. Od njegove iznajdbe v sedemdesetih letih prej\u0161njega stoletja so tri generacije lahko sledile sloganu: &#8220;Maxi zabava <strong> z mini bobom&#8221;.<\/strong> <strong>Mini bob v beli biserni barvi je<\/strong> zaradi varne vo\u017enje primeren za vsakogar!    Zabava je zagotovljena na kratkih in ravnih sanka\u0161kih progah ter na tekmovalnih progah. Zaradi stabilne konstrukcije in izjemne okretnosti visoke hitrosti niso te\u017eava. <\/p>\n<p>Originalni mini bob v beli barvi je ve?kratni zmagovalec dr\u017eavnih in mednarodnih prvenstev &#8220;zipflbob&#8221;.<\/p>\n<p>&nbsp;<\/p>\n<p><span style=\"color: #ff0000;\">!! Pozor!!! V razli?nih spletnih trgovinah so na voljo dvojniki. Pri nakupu poi\u0161?ite licenciranega prodajalca in logotip mini bob!  <\/span><\/p>\n<p>&nbsp;<\/p>\n<p>Podatki:<\/p>\n<h3>biserno bel koni?ast bob (mini bob)<\/h3>\n<p>Te\u017ea: pribli\u017eno 1,7 kg<br \/>\nDimenzije D x \u0160 x V (v cm): 53 x 33 x 40<br \/>\nMaterial: HD PE (brez ftalatov)<br \/>\nDovoljena obremenitev: najve? 100 kg<br \/>\nIzdelano v Nem?iji - Made in Germany<\/p>\n<p>Opozorilo: Ni primerno za otroke, mlaj\u0161e od treh let. Uporabljajte pod neposrednim nadzorom odraslih.  Uporablja se z za\u0161?itno opremo.<\/p>\n<p>Za na\u0161e blago veljajo zakonske garancijske pravice. Upo\u0161tevajte na\u0161a varnostna navodila in pogosto <a href=\"https:\/\/mini-bob.com\/sl\/pogosta-vprasanja\/\" target=\"_blank\" rel=\"noopener noreferrer\">zastavljena vpra\u0161anja!<\/a> <\/p>\n<p>Ve? zanimivih informacij o originalnem Zipfelbobu najdete na <strong>spletni strani mini bob:<\/strong><strong><a href=\"https:\/\/mini-bob.com\/sl\/?page_id=158651\" target=\"_blank\" rel=\"noopener noreferrer\">originalna spletna stran mini bob<\/a><\/strong><\/p>\n<p>Prodaja samo v obi?ajnih gospodinjskih koli?inah - samo za zasebno uporabo! Trgovska preprodaja (z dopla?ilom) je prepovedana! <\/p>\n","protected":false},"excerpt":{"rendered":"<p>Posebna serija v beli biserni barvi. Ta <strong>izvirni mini bob ima<\/strong> glede na jakost svetlobe poseben <strong>sijaj<\/strong>. <\/p>\n<p><strong>Proizvodnja je omejena na nekaj enot.<\/strong>  Zato pohitite, da boste med sre?ne\u017ei tudi vi!<\/p>\n","protected":false},"featured_media":158827,"comment_status":"open","ping_status":"closed","template":"","meta":{"_acf_changed":false},"product_brand":[],"product_cat":[1262,1280],"product_tag":[1281,1305,1306,1307,1309,1310],"class_list":{"0":"post-158985","1":"product","2":"type-product","3":"status-publish","4":"has-post-thumbnail","6":"product_cat-minibob","7":"product_cat-mini-bob-posebna-izdaja","8":"product_tag-mini-bob-posebna-izdaja","9":"product_tag-zipfybob-bela","10":"product_tag-plasticni-bob-bele-barve","11":"product_tag-zipfelbob-bela","12":"product_tag-minibob-bele-barve","13":"product_tag-bela-sanka","14":"product_shipping_class-minibob","15":"description-off","17":"first","18":"outofstock","19":"taxable","20":"shipping-taxable","21":"purchasable","22":"product-type-simple"},"acf":[],"_links":{"self":[{"href":"https:\/\/mini-bob.com\/sl\/wp-json\/wp\/v2\/product\/158985","targetHints":{"allow":["GET"]}}],"collection":[{"href":"https:\/\/mini-bob.com\/sl\/wp-json\/wp\/v2\/product"}],"about":[{"href":"https:\/\/mini-bob.com\/sl\/wp-json\/wp\/v2\/types\/product"}],"replies":[{"embeddable":true,"href":"https:\/\/mini-bob.com\/sl\/wp-json\/wp\/v2\/comments?post=158985"}],"wp:featuredmedia":[{"embeddable":true,"href":"https:\/\/mini-bob.com\/sl\/wp-json\/wp\/v2\/media\/158827"}],"wp:attachment":[{"href":"https:\/\/mini-bob.com\/sl\/wp-json\/wp\/v2\/media?parent=158985"}],"wp:term":[{"taxonomy":"product_brand","embeddable":true,"href":"https:\/\/mini-bob.com\/sl\/wp-json\/wp\/v2\/product_brand?post=158985"},{"taxonomy":"product_cat","embeddable":true,"href":"https:\/\/mini-bob.com\/sl\/wp-json\/wp\/v2\/product_cat?post=158985"},{"taxonomy":"product_tag","embeddable":true,"href":"https:\/\/mini-bob.com\/sl\/wp-json\/wp\/v2\/product_tag?post=158985"}],"curies":[{"name":"wp","href":"https:\/\/api.w.org\/{rel}","templated":true}]}}