{"id":159267,"date":"2022-09-15T17:03:16","date_gmt":"2022-09-15T15:03:16","guid":{"rendered":"https:\/\/mini-bob.com\/produkt\/sonderedition-mini-bob-zipflbob-sledge-v-zeleni-kovinski-barvi\/"},"modified":"2026-02-20T21:34:04","modified_gmt":"2026-02-20T20:34:04","slug":"sonderedition-mini-bob-zipflbob-sledge-v-zeleni-kovinski-barvi","status":"publish","type":"product","link":"https:\/\/mini-bob.com\/sl\/produkt\/sonderedition-mini-bob-zipflbob-sledge-v-zeleni-kovinski-barvi\/","title":{"rendered":"++SONDEREDITION++ mini bob (zipflbob sledge) v zeleni kovinski barvi"},"content":{"rendered":"<p><strong>+POSEBNA IZDAJA+<\/strong><\/p>\n<h2>Originalni mini bob (Zipfelbob) zelena kovinska<\/h2>\n<p><strong>Originalni mini bob (<\/strong> znan <strong>tudi<\/strong> kot &#8220;zipflbob&#8221;, &#8220;Zipfelbob&#8221; ali &#8220;Zipfybob&#8221;), ki so ga izumili v Avstriji v sedemdesetih letih prej\u0161njega stoletja, izdelujemo v Nem?iji od leta 1976, \u0161e vedno delno ro?no.<\/p>\n<p>Zahvaljujo? svoji odporni na lomljenje in kompaktni plasti?ni konstrukciji votlega ohi\u0161ja, ki je \u017ee desetletja uspe\u0161no preizku\u0161ena, <strong>je<\/strong> ble\u0161?e?e zeleni mini bob <strong>prakti?no<\/strong> neuni?ljiv in s pribli\u017eno 1,7 kilograma \u0161e vedno zelo lahek. Njegov nizki polo\u017eaj sedenja, prilagojen telesu, omogo?a udobno zimsko zabavo brez utrujenosti tako mladim kot starej\u0161im. Od njegove iznajdbe v sedemdesetih letih prej\u0161njega stoletja so tri generacije lahko sledile sloganu: &#8220;Maxi zabava <strong> z mini bobom&#8221;.<\/strong> <strong>Mini bob v kovinsko zeleni barvi je<\/strong> zaradi varnega upravljanja primeren za vsakogar! Zabava je zagotovljena tako na kratkih in ravnih sanka\u0161kih progah kot tudi na dirkali\u0161?ih. Zaradi njegove stabilne konstrukcije in izjemne okretnosti visoke hitrosti niso te\u017eava.     <\/p>\n<p>Originalni mini bob v zeleni kovinski barvi je ve?kratni zmagovalec dr\u017eavnih in mednarodnih prvenstev &#8220;zipflbob&#8221;.<\/p>\n<p><span style=\"color: #ff0000\">!! Pozor!!! V razli?nih spletnih trgovinah so na voljo dvojniki. Pri nakupu poi\u0161?ite licenciranega prodajalca in logotip mini bob!  <\/span><\/p>\n<p>Podatki:<\/p>\n<h3>zeleno-kovinski Zipfelbob (mini bob)<\/h3>\n<p>Te\u017ea: pribli\u017eno 1,7 kg<br \/>\nDimenzije D x \u0160 x V (v cm): 53 x 33 x 40<br \/>\nMaterial: HD PE (brez ftalatov)<br \/>\nDovoljena obremenitev: najve? 100 kg<br \/>\nIzdelano v Nem?iji - Made in Germany<\/p>\n<p>Opozorilo: Ni primerno za otroke, mlaj\u0161e od treh let. Uporabljajte pod neposrednim nadzorom odraslih.  Uporablja se z za\u0161?itno opremo.<\/p>\n<p>Za na\u0161e blago veljajo zakonske garancijske pravice. Upo\u0161tevajte na\u0161a varnostna navodila in pogosto <a href=\"https:\/\/mini-bob.com\/sl\/pogosta-vprasanja\/\" target=\"_blank\" rel=\"noopener\">zastavljena vpra\u0161anja!<\/a> <\/p>\n<p>Ve? zanimivih informacij o originalnem Zipfelbobu najdete na <strong>spletni strani mini bob:<\/strong><strong><a href=\"https:\/\/mini-bob.com\/sl\/mini-bob\/\" target=\"_blank\" rel=\"noopener\">originalna spletna stran mini bob<\/a><\/strong><\/p>\n<p>Prodaja samo v obi?ajnih gospodinjskih koli?inah - samo za zasebno uporabo! Trgovska preprodaja (z dopla?ilom) je prepovedana! <\/p>\n","protected":false},"excerpt":{"rendered":"<h3><strong>+POSEBNA IZDAJA+<\/strong><\/h3>\n<p>Posebna serija v zeleni barvi s kovinskim u?inkom. Ta <strong>izvirni mini bob ustvarja<\/strong> poseben barvni u?inek, ki je odvisen od padanja svetlobe. <\/p>\n","protected":false},"featured_media":158722,"comment_status":"open","ping_status":"closed","template":"","meta":{"_acf_changed":false},"product_brand":[],"product_cat":[1280,1326,1262],"product_tag":[1281,1327,1328,1329,1330],"class_list":{"0":"post-159267","1":"product","2":"type-product","3":"status-publish","4":"has-post-thumbnail","6":"product_cat-mini-bob-posebna-izdaja","7":"product_cat-zipflbob-zelena","8":"product_cat-minibob","9":"product_tag-mini-bob-posebna-izdaja","10":"product_tag-mini-bob-zelena","11":"product_tag-zipflbob-zelena","12":"product_tag-zipfybob-zelena","13":"product_tag-plasticni-bob-zelene-barve","14":"product_shipping_class-minibob","15":"description-off","17":"first","18":"outofstock","19":"featured","20":"taxable","21":"shipping-taxable","22":"purchasable","23":"product-type-simple"},"acf":[],"_links":{"self":[{"href":"https:\/\/mini-bob.com\/sl\/wp-json\/wp\/v2\/product\/159267","targetHints":{"allow":["GET"]}}],"collection":[{"href":"https:\/\/mini-bob.com\/sl\/wp-json\/wp\/v2\/product"}],"about":[{"href":"https:\/\/mini-bob.com\/sl\/wp-json\/wp\/v2\/types\/product"}],"replies":[{"embeddable":true,"href":"https:\/\/mini-bob.com\/sl\/wp-json\/wp\/v2\/comments?post=159267"}],"wp:featuredmedia":[{"embeddable":true,"href":"https:\/\/mini-bob.com\/sl\/wp-json\/wp\/v2\/media\/158722"}],"wp:attachment":[{"href":"https:\/\/mini-bob.com\/sl\/wp-json\/wp\/v2\/media?parent=159267"}],"wp:term":[{"taxonomy":"product_brand","embeddable":true,"href":"https:\/\/mini-bob.com\/sl\/wp-json\/wp\/v2\/product_brand?post=159267"},{"taxonomy":"product_cat","embeddable":true,"href":"https:\/\/mini-bob.com\/sl\/wp-json\/wp\/v2\/product_cat?post=159267"},{"taxonomy":"product_tag","embeddable":true,"href":"https:\/\/mini-bob.com\/sl\/wp-json\/wp\/v2\/product_tag?post=159267"}],"curies":[{"name":"wp","href":"https:\/\/api.w.org\/{rel}","templated":true}]}}