{"id":159308,"date":"2020-01-21T17:45:28","date_gmt":"2020-01-21T16:45:28","guid":{"rendered":"https:\/\/mini-bob.com\/produkt\/izvirni-mini-bob-zipfelbob-sanke-v-roza-barvi\/"},"modified":"2026-03-30T19:24:52","modified_gmt":"2026-03-30T17:24:52","slug":"izvirni-mini-bob-zipfelbob-sanke-v-roza-barvi","status":"publish","type":"product","link":"https:\/\/mini-bob.com\/sl\/produkt\/izvirni-mini-bob-zipfelbob-sanke-v-roza-barvi\/","title":{"rendered":"Izvirni mini bob (Zipfelbob sanke) v roza barvi"},"content":{"rendered":"<h2>Izvirni mini bob (koni?ast bob) roza - roza<\/h2>\n<p><strong>Originalni mini bob (<\/strong> znan <strong>tudi<\/strong> kot &#8220;zipflbob&#8221;, &#8220;Zipfelbob&#8221; ali &#8220;Zipfybob&#8221;), ki so ga izumili v Avstriji v sedemdesetih letih prej\u0161njega stoletja, izdelujemo v Nem?iji od leta 1976, \u0161e vedno delno ro?no.<\/p>\n<p>Ro\u017enati mini bob <strong>je<\/strong> zaradi svoje odporne proti zlomu in kompaktne plasti?ne konstrukcije votlega ohi\u0161ja, ki je bila uspe\u0161no preizku\u0161ena \u017ee pred desetletji, <strong>prakti?no<\/strong> neuni?ljiv in \u0161e vedno zelo lahek, saj tehta pribli\u017eno 1,7 kilograma. Njegov nizki polo\u017eaj sedenja, prilagojen telesu, omogo?a udobno zimsko zabavo brez utrujenosti tako za mlade kot za starej\u0161e. Od njegove iznajdbe v sedemdesetih letih prej\u0161njega stoletja so \u017ee tri generacije lahko sledile sloganu: &#8220;Maxi zabava <strong> z mini bobom&#8221;.<\/strong> Mini bob v roza barvi je zaradi varne vo\u017enje primeren za vsakogar!    Zabava je zagotovljena na kratkih in ravnih sanka\u0161kih progah ter na tekmovalnih progah. Zaradi stabilne konstrukcije in izjemne okretnosti visoke hitrosti niso te\u017eava. <\/p>\n<blockquote><p><span style=\"color: #ff0000;\">!! Pozor!!! Dvojniki so na voljo v razli?nih spletnih trgovinah. Pri nakupu poi\u0161?ite licenciranega prodajalca in logotip mini bob!<\/span><\/p><\/blockquote>\n<p>Originalni mini bob v roza barvi je ve?kratni zmagovalec dr\u017eavnih in mednarodnih prvenstev &#8220;zipflbob&#8221;.<\/p>\n<p>Podatki:<\/p>\n<h3>roza koni?ast bob (mini bob)<\/h3>\n<p>Te\u017ea: pribli\u017eno 1,7 kg<br \/>\nDimenzije D x \u0160 x V (v cm): 53 x 33 x 40<br \/>\nMaterial: HD PE (brez ftalatov)<br \/>\nDovoljena obremenitev: najve? 100 kg<\/p>\n<p>Izdelano v Nem?iji - Made in Germany<\/p>\n<p>Opozorilo: Ni primerno za otroke, mlaj\u0161e od treh let. Uporabljajte pod neposrednim nadzorom odraslih.  Uporablja se z za\u0161?itno opremo.<\/p>\n<p>Za na\u0161e blago veljajo zakonske garancijske pravice. Upo\u0161tevajte na\u0161a varnostna navodila in pogosto <a href=\"https:\/\/mini-bob.com\/sl\/pogosta-vprasanja\/\" target=\"_blank\" rel=\"noopener noreferrer\">zastavljena vpra\u0161anja!<\/a> <\/p>\n<p>Ve? zanimivih informacij o originalnem ro\u017enatem Zipfelbobu najdete na <strong>spletni strani mini bob:<\/strong><strong><a href=\"https:\/\/mini-bob.com\/sl\/mini-bob\/\" target=\"_blank\" rel=\"noopener noreferrer\">originalna spletna stran mini bob<\/a><\/strong><\/p>\n<p>Prodaja samo v obi?ajnih gospodinjskih koli?inah - samo za zasebno uporabo! Trgovska preprodaja (z dopla?ilom) je prepovedana! <\/p>\n","protected":false},"excerpt":{"rendered":"<p>Originalni mini bob v roza barvi - zipflbob pink. roza koni?ast bob <\/p>\n","protected":false},"featured_media":159344,"comment_status":"open","ping_status":"closed","template":"","meta":{"_acf_changed":false},"product_brand":[],"product_cat":[1280,1262],"product_tag":[],"class_list":{"0":"post-159308","1":"product","2":"type-product","3":"status-publish","4":"has-post-thumbnail","6":"product_cat-mini-bob-posebna-izdaja","7":"product_cat-minibob","8":"product_shipping_class-minibob","9":"description-off","11":"first","12":"instock","13":"featured","14":"taxable","15":"shipping-taxable","16":"purchasable","17":"product-type-simple"},"acf":[],"_links":{"self":[{"href":"https:\/\/mini-bob.com\/sl\/wp-json\/wp\/v2\/product\/159308","targetHints":{"allow":["GET"]}}],"collection":[{"href":"https:\/\/mini-bob.com\/sl\/wp-json\/wp\/v2\/product"}],"about":[{"href":"https:\/\/mini-bob.com\/sl\/wp-json\/wp\/v2\/types\/product"}],"replies":[{"embeddable":true,"href":"https:\/\/mini-bob.com\/sl\/wp-json\/wp\/v2\/comments?post=159308"}],"wp:featuredmedia":[{"embeddable":true,"href":"https:\/\/mini-bob.com\/sl\/wp-json\/wp\/v2\/media\/159344"}],"wp:attachment":[{"href":"https:\/\/mini-bob.com\/sl\/wp-json\/wp\/v2\/media?parent=159308"}],"wp:term":[{"taxonomy":"product_brand","embeddable":true,"href":"https:\/\/mini-bob.com\/sl\/wp-json\/wp\/v2\/product_brand?post=159308"},{"taxonomy":"product_cat","embeddable":true,"href":"https:\/\/mini-bob.com\/sl\/wp-json\/wp\/v2\/product_cat?post=159308"},{"taxonomy":"product_tag","embeddable":true,"href":"https:\/\/mini-bob.com\/sl\/wp-json\/wp\/v2\/product_tag?post=159308"}],"curies":[{"name":"wp","href":"https:\/\/api.w.org\/{rel}","templated":true}]}}