{"id":159372,"date":"2019-11-01T11:18:24","date_gmt":"2019-11-01T10:18:24","guid":{"rendered":"https:\/\/mini-bob.com\/produkt\/original-mini-bob-zipfelbob-hoodie-kids-temno-modra\/"},"modified":"2025-11-23T18:26:11","modified_gmt":"2025-11-23T17:26:11","slug":"original-mini-bob-zipfelbob-hoodie-kids-temno-modra","status":"publish","type":"product","link":"https:\/\/mini-bob.com\/sl\/produkt\/original-mini-bob-zipfelbob-hoodie-kids-temno-modra\/","title":{"rendered":"Original mini bob - Zipfelbob Hoodie Kids - Temno modra"},"content":{"rendered":"<h2>Original mini bob (Zipfelbob) Otro\u0161ka kapuca s kapuco - Temno modra<\/h2>\n<ul>\n<li>80 % bomba\u017e, ?esan in preden z obro?em, 20 % poliester (3-slojni)<\/li>\n<li>Fina in zelo gladka povr\u0161ina iz 100-odstotnega bomba\u017ea<\/li>\n<li>Bru\u0161ena flis tkanina na notranji strani<\/li>\n<li>Dvoslojna kapuca (brez vrvice)<\/li>\n<li>\u0160ir\u0161i rob in man\u0161ete, krojeni z elastanom<\/li>\n<li>Stranski \u0161ivi za optimalno prileganje<\/li>\n<li>Kengurujski \u017eep<\/li>\n<li>Pokrivni \u0161ivi na rokavih, man\u0161etah in pasu<\/li>\n<li>\u0160ir\u0161e rebraste man\u0161ete in pas.<\/li>\n<li>Originalni mini bob &#8220;Silhouette&#8221; spredaj - visokokakovostni tisk<\/li>\n<li>Originalni mini bob logotip na hrbtni strani - visokokakovostni tisk<\/li>\n<li>Pranje v pralnem stroju na 40 \u00b0C, primerno za su\u0161enje v su\u0161ilnem stroju (nizka temperatura)<\/li>\n<\/ul>\n","protected":false},"excerpt":{"rendered":"<p>Otro\u0161ka kapuca 80% bomba\u017e 20% poliester z logotipom Zipfelbob v barvi french navy (temno modra)<\/p>\n","protected":false},"featured_media":159373,"comment_status":"closed","ping_status":"closed","template":"","meta":{"_acf_changed":false},"product_brand":[],"product_cat":[1341],"product_tag":[],"class_list":{"0":"post-159372","1":"product","2":"type-product","3":"status-publish","4":"has-post-thumbnail","6":"product_cat-mikina-s-kapuco-zipfelbob-kids","7":"product_shipping_class-minibob","8":"description-off","10":"first","11":"instock","12":"taxable","13":"shipping-taxable","14":"purchasable","15":"product-type-variable"},"acf":[],"_links":{"self":[{"href":"https:\/\/mini-bob.com\/sl\/wp-json\/wp\/v2\/product\/159372","targetHints":{"allow":["GET"]}}],"collection":[{"href":"https:\/\/mini-bob.com\/sl\/wp-json\/wp\/v2\/product"}],"about":[{"href":"https:\/\/mini-bob.com\/sl\/wp-json\/wp\/v2\/types\/product"}],"replies":[{"embeddable":true,"href":"https:\/\/mini-bob.com\/sl\/wp-json\/wp\/v2\/comments?post=159372"}],"wp:featuredmedia":[{"embeddable":true,"href":"https:\/\/mini-bob.com\/sl\/wp-json\/wp\/v2\/media\/159373"}],"wp:attachment":[{"href":"https:\/\/mini-bob.com\/sl\/wp-json\/wp\/v2\/media?parent=159372"}],"wp:term":[{"taxonomy":"product_brand","embeddable":true,"href":"https:\/\/mini-bob.com\/sl\/wp-json\/wp\/v2\/product_brand?post=159372"},{"taxonomy":"product_cat","embeddable":true,"href":"https:\/\/mini-bob.com\/sl\/wp-json\/wp\/v2\/product_cat?post=159372"},{"taxonomy":"product_tag","embeddable":true,"href":"https:\/\/mini-bob.com\/sl\/wp-json\/wp\/v2\/product_tag?post=159372"}],"curies":[{"name":"wp","href":"https:\/\/api.w.org\/{rel}","templated":true}]}}