{"id":159382,"date":"2022-12-10T16:46:50","date_gmt":"2022-12-10T15:46:50","guid":{"rendered":"https:\/\/mini-bob.com\/produkt\/black-edition-originalni-mini-bob-zipfelbobove-sani-v-crni-barvi\/"},"modified":"2026-01-13T18:46:35","modified_gmt":"2026-01-13T17:46:35","slug":"black-edition-originalni-mini-bob-zipfelbobove-sani-v-crni-barvi","status":"publish","type":"product","link":"https:\/\/mini-bob.com\/sl\/produkt\/black-edition-originalni-mini-bob-zipfelbobove-sani-v-crni-barvi\/","title":{"rendered":"+BLACK EDITION+ Originalni mini bob (Zipfelbobove sani) v ?rni barvi"},"content":{"rendered":"<h2>++ ?RNA IZDAJA ++<\/h2>\n<p>Nova ?rna izdaja originalnega mini boba iz leta 2010!<\/p>\n<p>&nbsp;<\/p>\n<h2>Originalni mini bob (Zipfelbob) ?rn<\/h2>\n<p><strong>Originalni mini bob (<\/strong> znan <strong>tudi<\/strong> kot &#8220;zipflbob&#8221;, &#8220;Zipfelbob&#8221; ali &#8220;Zipfybob&#8221;), ki so ga izumili v Avstriji v sedemdesetih letih prej\u0161njega stoletja, izdelujemo v Nem?iji od leta 1976, \u0161e vedno delno ro?no.<\/p>\n<p><strong>?rni<\/strong> <strong>mini bob je<\/strong> skoraj neuni?ljiv, saj je njegova konstrukcija votlega ohi\u0161ja iz kompaktne plastike, ki je odporna na lomljenje in uspe\u0161no preizku\u0161ena \u017ee desetletja, \u0161e vedno pa je zelo lahka, saj tehta pribli\u017eno 1,7 kilograma. Njegov nizki polo\u017eaj sedenja, prilagojen telesu, omogo?a udobno zimsko zabavo brez utrujenosti tako mladim kot starej\u0161im.  Od njegove iznajdbe v sedemdesetih letih prej\u0161njega stoletja so tri generacije sledile sloganu: &#8220;Maxi zabava <strong> z mini bobom&#8221;.<\/strong> <strong>Mini bob v ?rni barvi je <\/strong>zaradi varnega rokovanja primeren za vsakogar! Zabava je zagotovljena na kratkih in ravnih sanka\u0161kih progah ter na dirkali\u0161?ih. Zaradi njegove stabilne konstrukcije in izjemne okretnosti visoke hitrosti niso te\u017eava.   <\/p>\n<blockquote><p><span style=\"color: #ff0000;\">!! Pozor!!! Dvojniki so na voljo v razli?nih spletnih trgovinah. Pri nakupu poi\u0161?ite licenciranega prodajalca in logotip mini bob!<\/span><\/p><\/blockquote>\n<p>Izvirni mini bob je ve?kratni zmagovalec dr\u017eavnih in mednarodnih prvenstev &#8220;zipflbob&#8221;.<\/p>\n<p>Podatki:<\/p>\n<h3>?rni koni?asti bob (mini bob Black Edition)<\/h3>\n<p>Te\u017ea: pribli\u017eno 1,7 kg<br \/>\nDimenzije D x \u0160 x V (v cm): 53 x 33 x 40<br \/>\nMaterial: HD PE (brez ftalatov)<br \/>\nDovoljena obremenitev: najve? 100 kg<\/p>\n<p>Izdelano v Nem?iji - Made in Germany<\/p>\n<p>Opozorilo: Ni primerno za otroke, mlaj\u0161e od treh let. Uporabljajte pod neposrednim nadzorom odraslih.  Uporablja se z za\u0161?itno opremo.<\/p>\n<p>Za na\u0161e blago veljajo zakonske garancijske pravice. Upo\u0161tevajte na\u0161a varnostna navodila in pogosto <a href=\"https:\/\/mini-bob.com\/sl\/pogosta-vprasanja\/\" target=\"_blank\" rel=\"noopener noreferrer\">zastavljena vpra\u0161anja!<\/a> <\/p>\n<p>Ve? zanimivih informacij o <strong>originalnem Zipfelbobu v<\/strong> <strong>?rni barvi <\/strong>najdete <strong>na <\/strong> <strong>spletni strani mini bob:<\/strong><strong><a href=\"https:\/\/mini-bob.com\/sl\/mini-bob\/\" target=\"_blank\" rel=\"noopener noreferrer\">originalna spletna stran mini bob<\/a><\/strong><\/p>\n<p>Prodaja samo v obi?ajnih gospodinjskih koli?inah - samo za zasebno uporabo! Trgovska preprodaja (z dopla?ilom) je prepovedana! <\/p>\n","protected":false},"excerpt":{"rendered":"<h3><strong>+?RNA IZDAJA+<\/strong><\/h3>\n<p>Nova izdaja ?rnega mini boba - Originalni mini bob v ?rni barvi- zipflbob black. ?rni bob s konico <\/p>\n","protected":false},"featured_media":159387,"comment_status":"open","ping_status":"closed","template":"","meta":{"_acf_changed":false},"product_brand":[],"product_cat":[1344,1262,1280],"product_tag":[],"class_list":{"0":"post-159382","1":"product","2":"type-product","3":"status-publish","4":"has-post-thumbnail","6":"product_cat-zipfelbob-crna","7":"product_cat-minibob","8":"product_cat-mini-bob-posebna-izdaja","9":"product_shipping_class-minibob","10":"description-off","12":"first","13":"instock","14":"featured","15":"taxable","16":"shipping-taxable","17":"purchasable","18":"product-type-simple"},"acf":[],"_links":{"self":[{"href":"https:\/\/mini-bob.com\/sl\/wp-json\/wp\/v2\/product\/159382","targetHints":{"allow":["GET"]}}],"collection":[{"href":"https:\/\/mini-bob.com\/sl\/wp-json\/wp\/v2\/product"}],"about":[{"href":"https:\/\/mini-bob.com\/sl\/wp-json\/wp\/v2\/types\/product"}],"replies":[{"embeddable":true,"href":"https:\/\/mini-bob.com\/sl\/wp-json\/wp\/v2\/comments?post=159382"}],"wp:featuredmedia":[{"embeddable":true,"href":"https:\/\/mini-bob.com\/sl\/wp-json\/wp\/v2\/media\/159387"}],"wp:attachment":[{"href":"https:\/\/mini-bob.com\/sl\/wp-json\/wp\/v2\/media?parent=159382"}],"wp:term":[{"taxonomy":"product_brand","embeddable":true,"href":"https:\/\/mini-bob.com\/sl\/wp-json\/wp\/v2\/product_brand?post=159382"},{"taxonomy":"product_cat","embeddable":true,"href":"https:\/\/mini-bob.com\/sl\/wp-json\/wp\/v2\/product_cat?post=159382"},{"taxonomy":"product_tag","embeddable":true,"href":"https:\/\/mini-bob.com\/sl\/wp-json\/wp\/v2\/product_tag?post=159382"}],"curies":[{"name":"wp","href":"https:\/\/api.w.org\/{rel}","templated":true}]}}