{"id":159396,"date":"2024-01-21T19:01:47","date_gmt":"2024-01-21T18:01:47","guid":{"rendered":"https:\/\/mini-bob.com\/produkt\/black-edition-dark-orange-originalni-mini-bob-zipfelbob-tobogan-v-crno-oranzni-barvi\/"},"modified":"2026-01-17T13:07:19","modified_gmt":"2026-01-17T12:07:19","slug":"black-edition-dark-orange-originalni-mini-bob-zipfelbob-tobogan-v-crno-oranzni-barvi","status":"publish","type":"product","link":"https:\/\/mini-bob.com\/sl\/produkt\/black-edition-dark-orange-originalni-mini-bob-zipfelbob-tobogan-v-crno-oranzni-barvi\/","title":{"rendered":"+BLACK EDITION DARK ORANGE+ Originalni mini bob (Zipfelbob tobogan) v ?rno-oran\u017eni barvi"},"content":{"rendered":"<h2>++ ?RNA IZDAJA TEMNO ORAN\u017dNA ++<\/h2>\n<p>Nova ?rna izdaja originalnega mini boba iz leta 2010 z barvnim sede\u017eem!<\/p>\n<p>&nbsp;<\/p>\n<h2>Originalni mini bob (Zipfelbob) ?rn z oran\u017enim sede\u017eem<\/h2>\n<p><strong>Originalni mini bob (<\/strong> znan <strong>tudi<\/strong> kot &#8220;zipflbob&#8221;, &#8220;Zipfelbob&#8221; ali &#8220;Zipfybob&#8221;), ki so ga izumili v Avstriji v sedemdesetih letih prej\u0161njega stoletja, izdelujemo v Nem?iji od leta 1976, \u0161e vedno delno ro?no.<\/p>\n<p><strong>?rni<\/strong> <strong>mini bob je<\/strong> skoraj neuni?ljiv, saj je njegova konstrukcija votlega ohi\u0161ja iz kompaktne plastike, ki je odporna na lomljenje in uspe\u0161no preizku\u0161ena \u017ee desetletja, \u0161e vedno pa je zelo lahka, saj tehta pribli\u017eno 1,7 kilograma. Njegov nizki polo\u017eaj sedenja, prilagojen telesu, omogo?a udobno zimsko zabavo brez utrujenosti tako mladim kot starej\u0161im.  Od njegove iznajdbe v sedemdesetih letih prej\u0161njega stoletja so tri generacije sledile sloganu: &#8220;Maxi zabava <strong> z mini bobom&#8221;.<\/strong> <strong>Mini bob v ?rni barvi je <\/strong>zaradi varnega rokovanja primeren za vsakogar! Zabava je zagotovljena na kratkih in ravnih sanka\u0161kih progah ter na dirkali\u0161?ih. Zaradi njegove stabilne konstrukcije in izjemne okretnosti visoke hitrosti niso te\u017eava.   <\/p>\n<blockquote><p><span style=\"color: #ff0000;\">!! Pozor!!! Dvojniki so na voljo v razli?nih spletnih trgovinah. Pri nakupu poi\u0161?ite licenciranega prodajalca in logotip mini bob!<\/span><\/p><\/blockquote>\n<p>Izvirni mini bob je ve?kratni zmagovalec dr\u017eavnih in mednarodnih prvenstev &#8220;zipflbob&#8221;.<\/p>\n<p>Podatki:<\/p>\n<h3>?rni koni?asti bob (mini bob Black Edition temno oran\u017ena)<\/h3>\n<p>Te\u017ea: pribli\u017eno 1,7 kg<br \/>\nDimenzije D x \u0160 x V (v cm): 53 x 33 x 40<br \/>\nMaterial: HD PE (brez ftalatov)<br \/>\nDovoljena obremenitev: najve? 100 kg<\/p>\n<p>Izdelano v Nem?iji - Made in Germany<\/p>\n<p>Opozorilo: Ni primerno za otroke, mlaj\u0161e od treh let. Uporabljajte pod neposrednim nadzorom odraslih.  Uporablja se z za\u0161?itno opremo.<\/p>\n<p>Za na\u0161e blago veljajo zakonske garancijske pravice. Upo\u0161tevajte na\u0161a varnostna navodila in pogosto <a href=\"https:\/\/mini-bob.com\/sl\/pogosta-vprasanja\/\" target=\"_blank\" rel=\"noopener noreferrer\">zastavljena vpra\u0161anja!<\/a> <\/p>\n<p>Ve? zanimivih informacij o <strong>originalnem Zipfelbobu v<\/strong> <strong>?rno-oran\u017eni barvi <\/strong>najdete <strong>na <\/strong> <strong>spletni strani mini bob:<\/strong><strong><a href=\"https:\/\/mini-bob.com\/sl\/mini-bob\/\" target=\"_blank\" rel=\"noopener noreferrer\">originalna spletna stran mini bob<\/a><\/strong><\/p>\n<p>Prodaja samo v obi?ajnih gospodinjskih koli?inah - samo za zasebno uporabo! Trgovska preprodaja (z dopla?ilom) je prepovedana! <\/p>\n","protected":false},"excerpt":{"rendered":"<h3><strong>+ ?RNA IZDAJA TEMNO ORAN\u017dNA+<\/strong><\/h3>\n<p>Nova izdaja ?rnega mini boba - Originalni mini bob v ?rni barvi z oran\u017enim sede\u017eem - zipflbob black. black zipflbob <\/p>\n","protected":false},"featured_media":159398,"comment_status":"open","ping_status":"closed","template":"","meta":{"_acf_changed":false},"product_brand":[],"product_cat":[1262,1280,1344],"product_tag":[],"class_list":{"0":"post-159396","1":"product","2":"type-product","3":"status-publish","4":"has-post-thumbnail","6":"product_cat-minibob","7":"product_cat-mini-bob-posebna-izdaja","8":"product_cat-zipfelbob-crna","9":"product_shipping_class-minibob","10":"description-off","12":"first","13":"outofstock","14":"taxable","15":"shipping-taxable","16":"purchasable","17":"product-type-simple"},"acf":[],"_links":{"self":[{"href":"https:\/\/mini-bob.com\/sl\/wp-json\/wp\/v2\/product\/159396","targetHints":{"allow":["GET"]}}],"collection":[{"href":"https:\/\/mini-bob.com\/sl\/wp-json\/wp\/v2\/product"}],"about":[{"href":"https:\/\/mini-bob.com\/sl\/wp-json\/wp\/v2\/types\/product"}],"replies":[{"embeddable":true,"href":"https:\/\/mini-bob.com\/sl\/wp-json\/wp\/v2\/comments?post=159396"}],"wp:featuredmedia":[{"embeddable":true,"href":"https:\/\/mini-bob.com\/sl\/wp-json\/wp\/v2\/media\/159398"}],"wp:attachment":[{"href":"https:\/\/mini-bob.com\/sl\/wp-json\/wp\/v2\/media?parent=159396"}],"wp:term":[{"taxonomy":"product_brand","embeddable":true,"href":"https:\/\/mini-bob.com\/sl\/wp-json\/wp\/v2\/product_brand?post=159396"},{"taxonomy":"product_cat","embeddable":true,"href":"https:\/\/mini-bob.com\/sl\/wp-json\/wp\/v2\/product_cat?post=159396"},{"taxonomy":"product_tag","embeddable":true,"href":"https:\/\/mini-bob.com\/sl\/wp-json\/wp\/v2\/product_tag?post=159396"}],"curies":[{"name":"wp","href":"https:\/\/api.w.org\/{rel}","templated":true}]}}