{"id":159397,"date":"2024-10-21T15:37:08","date_gmt":"2024-10-21T13:37:08","guid":{"rendered":"https:\/\/mini-bob.com\/produkt\/sonderedition-originalni-mini-bob-sanke-zipfelbob-v-svetlo-rumeni-barvi\/"},"modified":"2025-11-23T18:26:26","modified_gmt":"2025-11-23T17:26:26","slug":"sonderedition-originalni-mini-bob-sanke-zipfelbob-v-svetlo-rumeni-barvi","status":"publish","type":"product","link":"https:\/\/mini-bob.com\/sl\/produkt\/sonderedition-originalni-mini-bob-sanke-zipfelbob-v-svetlo-rumeni-barvi\/","title":{"rendered":"++SONDEREDITION++ Originalni mini bob (sanke Zipfelbob) v svetlo rumeni barvi"},"content":{"rendered":"<h2>++ POSEBNA IZDAJA SVETLO RUMENE BARVE ++<\/h2>\n<p>originalni mini bob v svetlo rumeni barvi<\/p>\n<p>&nbsp;<\/p>\n<h2>Originalni mini bob (Zipfelbob) svetlo rumene barve<\/h2>\n<p><strong>Originalni mini bob (<\/strong> znan <strong>tudi<\/strong> kot &#8220;zipflbob&#8221;, &#8220;Zipfelbob&#8221; ali &#8220;Zipfybob&#8221;), ki so ga izumili v Avstriji v sedemdesetih letih prej\u0161njega stoletja, izdelujemo v Nem?iji od leta 1976, \u0161e vedno delno ro?no.<\/p>\n<p>Svetlo rumeni mini bob <strong>je<\/strong> zaradi svoje kompaktne plasti?ne konstrukcije votlega telesa, ki je odporna proti zlomu in je \u017ee desetletja uspe\u0161no preizku\u0161ena, <strong>prakti?no<\/strong> neuni?ljiv in s pribli\u017eno 1,7 kilograma \u0161e vedno zelo lahek. Njegov nizki polo\u017eaj sedenja, prilagojen telesu, omogo?a udobno zimsko zabavo brez utrujenosti tako mladim kot starej\u0161im. Od njegove iznajdbe v sedemdesetih letih prej\u0161njega stoletja so tri generacije lahko sledile sloganu: &#8220;Maxi zabava <g id=\"gid_1\"> z mini bobom&#8221;.<\/g> <g id=\"gid_2\">Mini bob v \u017eivo rumeni barvi je<\/g> zaradi varnega upravljanja primeren za vsakogar! Zabava je zagotovljena tako na kratkih in ravnih sanka\u0161kih progah kot tudi na dirkali\u0161?ih. Zaradi njegove stabilne konstrukcije in izjemne okretnosti visoke hitrosti niso te\u017eava.     <\/p>\n<blockquote><p><span style=\"color: #ff0000;\">!! Pozor!!! V razli?nih spletnih trgovinah so na voljo dvojniki. Pri nakupu poi\u0161?ite licenciranega prodajalca in logotip mini bob!!!  <\/span><\/p><\/blockquote>\n<p>Izvirni mini bob je ve?kratni zmagovalec dr\u017eavnih in mednarodnih prvenstev &#8220;zipflbob&#8221;.<\/p>\n<p>Podatki:<\/p>\n<h3>svetlo rumeni koni?asti bob (mini bob)<\/h3>\n<p>Te\u017ea: pribli\u017eno 1,7 kg<br \/>\nDimenzije D x \u0160 x V (v cm): 53 x 33 x 40<br \/>\nMaterial: HD PE (brez ftalatov)<br \/>\nDovoljena obremenitev: najve? 100 kg<\/p>\n<p>Izdelano v Nem?iji - Made in Germany<\/p>\n<p>Opozorilo: Ni primerno za otroke, mlaj\u0161e od treh let. Uporabljajte pod neposrednim nadzorom odraslih.  Uporablja se z za\u0161?itno opremo.<\/p>\n<p>Za na\u0161e blago veljajo zakonske garancijske pravice. Upo\u0161tevajte na\u0161a varnostna navodila in pogosto <a href=\"https:\/\/mini-bob.com\/sl\/pogosta-vprasanja\/\" target=\"_blank\" rel=\"noopener noreferrer\">zastavljena vpra\u0161anja!<\/a> <\/p>\n<p>Ve? zanimivih informacij o <strong>originalnem Zipfelbobu v<\/strong> <strong>\u017eivo rumeni barvi<\/strong> najdete <strong>na<\/strong> <strong>spletni strani mini bob:<\/strong><strong><a href=\"https:\/\/mini-bob.com\/sl\/?page_id=158651\" target=\"_blank\" rel=\"noopener noreferrer\">originalna spletna stran mini bob<\/a><\/strong><\/p>\n<p>Prodaja samo v obi?ajnih gospodinjskih koli?inah - samo za zasebno uporabo! Trgovska preprodaja (z dopla?ilom) je prepovedana! <\/p>\n","protected":false},"excerpt":{"rendered":"<h3><strong>+POSEBNA IZDAJA+<\/strong><\/h3>\n<p>Originalni mini bob v svetlo rumeni barvi - zipflbob svetlo rumena. svetlo rumena konica boba <\/p>\n","protected":false},"featured_media":159431,"comment_status":"open","ping_status":"closed","template":"","meta":{"_acf_changed":false},"product_brand":[],"product_cat":[1280,1262],"product_tag":[],"class_list":{"0":"post-159397","1":"product","2":"type-product","3":"status-publish","4":"has-post-thumbnail","6":"product_cat-mini-bob-posebna-izdaja","7":"product_cat-minibob","8":"product_shipping_class-minibob","9":"description-off","11":"first","12":"instock","13":"featured","14":"taxable","15":"shipping-taxable","16":"purchasable","17":"product-type-simple"},"acf":[],"_links":{"self":[{"href":"https:\/\/mini-bob.com\/sl\/wp-json\/wp\/v2\/product\/159397","targetHints":{"allow":["GET"]}}],"collection":[{"href":"https:\/\/mini-bob.com\/sl\/wp-json\/wp\/v2\/product"}],"about":[{"href":"https:\/\/mini-bob.com\/sl\/wp-json\/wp\/v2\/types\/product"}],"replies":[{"embeddable":true,"href":"https:\/\/mini-bob.com\/sl\/wp-json\/wp\/v2\/comments?post=159397"}],"wp:featuredmedia":[{"embeddable":true,"href":"https:\/\/mini-bob.com\/sl\/wp-json\/wp\/v2\/media\/159431"}],"wp:attachment":[{"href":"https:\/\/mini-bob.com\/sl\/wp-json\/wp\/v2\/media?parent=159397"}],"wp:term":[{"taxonomy":"product_brand","embeddable":true,"href":"https:\/\/mini-bob.com\/sl\/wp-json\/wp\/v2\/product_brand?post=159397"},{"taxonomy":"product_cat","embeddable":true,"href":"https:\/\/mini-bob.com\/sl\/wp-json\/wp\/v2\/product_cat?post=159397"},{"taxonomy":"product_tag","embeddable":true,"href":"https:\/\/mini-bob.com\/sl\/wp-json\/wp\/v2\/product_tag?post=159397"}],"curies":[{"name":"wp","href":"https:\/\/api.w.org\/{rel}","templated":true}]}}