{"id":146370,"date":"2022-08-22T12:03:56","date_gmt":"2022-08-22T10:03:56","guid":{"rendered":"https:\/\/mini-bob.com\/betygens-aekthet\/"},"modified":"2025-11-22T20:51:46","modified_gmt":"2025-11-22T19:51:46","slug":"betygens-aekthet","status":"publish","type":"page","link":"https:\/\/mini-bob.com\/sv\/betygens-aekthet\/","title":{"rendered":"\u00c4kthet i kreditbetyg"},"content":{"rendered":"<h1>Anm\u00e4rkning om \u00e4ktheten hos betyg<\/h1>\n<p>Recensioner p\u00e5 v\u00e5r webbplats kan endast l\u00e4mnas av kunder och endast f\u00f6r produkter som de faktiskt har k\u00f6pt fr\u00e5n oss.<\/p>\n<p>Valfria filter\u00e5tg\u00e4rder vid inl\u00e4mning av betyg:<\/p>\n<ul>\n<li>Kunder kan bara l\u00e4mna en recension om de faktiskt har k\u00f6pt produkten i fr\u00e5ga.<\/li>\n<li>Vi till\u00e5ter inte dubbla betyg f\u00f6r samma produkt.<\/li>\n<li>Recensioner kontrolleras manuellt av oss f\u00f6r \u00e4kthet (j\u00e4mf\u00f6relse av order, namn och e-post p\u00e5 k\u00f6paren) och aktiveras endast efter framg\u00e5ngsrik verifiering.<\/li>\n<li>Betyg l\u00e4mnas oavsett resultat: &#8221;bra eller d\u00e5ligt&#8221; - vi \u00e4r \u00f6ppna f\u00f6r kritik!<\/li>\n<\/ul>\n","protected":false},"excerpt":{"rendered":"<p>Anm\u00e4rkning om \u00e4ktheten hos betyg Recensioner p\u00e5 v\u00e5r webbplats kan endast l\u00e4mnas av kunder och endast f\u00f6r produkter som de faktiskt har k\u00f6pt fr\u00e5n oss. Valfria filter\u00e5tg\u00e4rder vid inl\u00e4mning av betyg: Kunder kan bara l\u00e4mna en recension om de faktiskt har k\u00f6pt produkten i fr\u00e5ga. Vi till\u00e5ter inte dubbla betyg f\u00f6r samma produkt. Recensioner kontrolleras&hellip;<\/p>\n","protected":false},"author":1,"featured_media":0,"parent":0,"menu_order":0,"comment_status":"closed","ping_status":"closed","template":"","meta":{"_acf_changed":false,"footnotes":""},"class_list":["post-146370","page","type-page","status-publish","hentry","description-off"],"acf":[],"_links":{"self":[{"href":"https:\/\/mini-bob.com\/sv\/wp-json\/wp\/v2\/pages\/146370","targetHints":{"allow":["GET"]}}],"collection":[{"href":"https:\/\/mini-bob.com\/sv\/wp-json\/wp\/v2\/pages"}],"about":[{"href":"https:\/\/mini-bob.com\/sv\/wp-json\/wp\/v2\/types\/page"}],"author":[{"embeddable":true,"href":"https:\/\/mini-bob.com\/sv\/wp-json\/wp\/v2\/users\/1"}],"replies":[{"embeddable":true,"href":"https:\/\/mini-bob.com\/sv\/wp-json\/wp\/v2\/comments?post=146370"}],"version-history":[{"count":2,"href":"https:\/\/mini-bob.com\/sv\/wp-json\/wp\/v2\/pages\/146370\/revisions"}],"predecessor-version":[{"id":158351,"href":"https:\/\/mini-bob.com\/sv\/wp-json\/wp\/v2\/pages\/146370\/revisions\/158351"}],"wp:attachment":[{"href":"https:\/\/mini-bob.com\/sv\/wp-json\/wp\/v2\/media?parent=146370"}],"curies":[{"name":"wp","href":"https:\/\/api.w.org\/{rel}","templated":true}]}}