{"id":146609,"date":"2017-01-20T21:03:33","date_gmt":"2017-01-20T20:03:33","guid":{"rendered":"https:\/\/mini-bob.com\/bob-sled-min-bob-den-ultimata-moderna-slaeden\/"},"modified":"2023-03-19T16:36:46","modified_gmt":"2023-03-19T15:36:46","slug":"bob-sled-min-bob-den-ultimata-moderna-slaeden","status":"publish","type":"page","link":"https:\/\/mini-bob.com\/sv\/bob-sled-min-bob-den-ultimata-moderna-slaeden\/","title":{"rendered":"bob sled min bob - den ultimata moderna sl\u00e4den"},"content":{"rendered":"<div class=\"wpb-content-wrapper\"><p>[vc_row][vc_column][vc_custom_heading text=&#8221;S\u00e5 h\u00e4r ser Bob Sled Action ut i dag!&#8221; google_fonts=&#8221;font_family:Roboto%20Condensed%3A300%2C300italic%2Cregular%2Citalic%2C700%2C700italic|font_style:400%20regular%3A400%3Anormal&#8221;][vc_column_text]Den ultimata sl\u00e4den f\u00f6r unga och gamla, bepr\u00f6vad i m\u00e5nga tester - of\u00f6r\u00e4ndrad och testad sedan 1976.[\/vc_column_text][vc_video link=&#8221;https:\/\/player.vimeo.com\/video\/200398022&#8243;][vc_column_text]Hittills har du bara k\u00e4nt till den &#8221;vanliga&#8221; tr\u00e4k\u00e4lken eller plastk\u00e4lken f\u00f6r styrning? D\u00e5 borde du definitivt prova den ursprungliga minibobben! En innovativ sl\u00e4de som trots att den har funnits sedan 1976 aldrig misslyckas med att imponera p\u00e5 konceptet j\u00e4mf\u00f6rt med traditionella tr\u00e4sl\u00e4dor. I m\u00e5nga j\u00e4mf\u00f6rande tester av k\u00e4lkar visar den g\u00e5ng p\u00e5 g\u00e5ng hur genialiskt och samtidigt enkelt dess koncept \u00e4r. D\u00e4rf\u00f6r har minibob redan kopierats flera g\u00e5nger och dess styrpinnekoncept efterliknats.<\/p>\n<p>N\u00e4r du k\u00f6per en sl\u00e4de ska du se till att du k\u00f6per en originalminibob - tyv\u00e4rr finns det numera m\u00e5nga billiga kopior fr\u00e5n Fj\u00e4rran \u00d6stern, som ofta inte uppfyller de h\u00f6ga s\u00e4kerhetskrav som kr\u00e4vs.<\/p>\n<p>Sl\u00e4de 2.0 - den ursprungliga miniboben![\/vc_column_text][\/vc_column][\/vc_row][vc_row][vc_column][vc_empty_space][\/vc_column][\/vc_row][vc_row][vc_column][vc_custom_heading text=&#8221;Dagens ultimata bob-sl\u00e4de&#8221; google_fonts=&#8221;font_family:Roboto%20Condensed%3A300%2C300italic%2Cregular%2Citalic%2C700%2C700italic|font_style:400%20regular%3A400%3Anormal&#8221;][vc_column_text]Den uppfanns p\u00e5 1970-talet och \u00e4r fortfarande modern - en tidl\u00f6s klassiker: minibobben.<\/p>\n<p>Om du letar efter en bob-sl\u00e4de som \u00e4r j\u00e4vligt rolig i sn\u00f6n och som kan bem\u00e4stras snabbt, enkelt och s\u00e4kert av b\u00e5de unga och gamla, kommer du s\u00e4kert att bli n\u00f6jd med v\u00e5r &#8221;mini bob&#8221;-plastsl\u00e4de!<\/p>\n<p>Sedan den uppfanns i \u00d6sterrike p\u00e5 70-talet har minibobben tillverkats i Tyskland och har sedan dess gjort generationer n\u00f6jda.<\/p>\n<p>Tack vare den l\u00e4tta och robusta konstruktionen med h\u00e5lkropp i plast kan den lilla bobsleden transporteras och styras \u00e4ven av de minsta barnen. Tack vare den stabila konstruktionen \u00e4r \u00e4ven stora och tunga ryttare inget problem f\u00f6r bobsleden &#8221;mini bob&#8221; - upp till 100 kg \u00e4r m\u00f6jligt![\/vc_column_text][\/vc_column][\/vc_row][vc_row][vc_column][vc_custom_heading text=&#8221;k\u00f6pa bob sledge mini bob&#8221; google_fonts=&#8221;font_family:Roboto%20Condensed%3A300%2C300italic%2Cregular%2Citalic%2C700%2C700italic|font_style:400%20regular%3A400%3Anormal&#8221;][vc_column_text]<\/p>\n<h4>h\u00e4r kan du k\u00f6pa den ultimata bobsleden &#8221;mini bob&#8221;!<\/h4>\n<p>[\/vc_column_text]<style type=\"text\/css\" data-type=\"the7_shortcodes-inline-css\">#default-btn-1456b6708678fba44f25293009e3144e.ico-right-side > i {\n  margin-right: 0px;\n  margin-left: 8px;\n}\n#default-btn-1456b6708678fba44f25293009e3144e > i {\n  margin-right: 8px;\n}<\/style><a href=\"https:\/\/mini-bob.com\/mini-bob-zipfelbob-shop\/\" class=\"default-btn-shortcode dt-btn dt-btn-l pulse animate-element animation-builder link-hover-off btn-inline-left \" id=\"default-btn-1456b6708678fba44f25293009e3144e\" title=\"Original mini bob (Zipfelbob) Shop\"><span>K\u00d6PA MINI BOB SLEDGE<\/span><\/a>[\/vc_column][\/vc_row][vc_row][vc_column][vc_empty_space][\/vc_column][\/vc_row][vc_row][vc_column][vc_custom_heading text=&#8221;All information om bobsleden &#8221;mini bob&#8221;`.&#8221; google_fonts=&#8221;font_family:Roboto%20Condensed%3A300%2C300italic%2Cregular%2Citalic%2C700%2C700italic|font_style:400%20regular%3A400%3Anormal&#8221;][vc_single_image image=&#8221;5752&#8243; img_size=&#8221;large&#8221;][vc_column_text]bob sled<\/p>\n<p>&nbsp;<\/p>\n<p>P\u00e5 v\u00e5r webbplats hittar du all information fr\u00e5n minibobs historia till dess nuvarande utveckling. Om du har n\u00e5gra fr\u00e5gor hittar du en omfattande FAQ och kan kontakta oss direkt.<\/p>\n<p>Om du vill k\u00f6pa originalet av mini bob hittar du det under &#8221;buy mini bob&#8221;. H\u00e4rifr\u00e5n kan du g\u00e5 till v\u00e5r butik med specialutg\u00e5vor och till \u00e5terf\u00f6rs\u00e4ljare som s\u00e4ljer bobsleden online och i butiker.<\/p>\n<p>Om du letar efter information om sl\u00e4dar kan du ocks\u00e5 hitta n\u00e5gra anv\u00e4ndbara artiklar i v\u00e5ra nyheter.[\/vc_column_text][\/vc_column][\/vc_row]<\/p>\n<\/div>","protected":false},"excerpt":{"rendered":"<p>[vc_row][vc_column][vc_custom_heading text=&#8221;S\u00e5 h\u00e4r ser Bob Sled Action ut i dag!&#8221; google_fonts=&#8221;font_family:Roboto%20Condensed%3A300%2C300italic%2Cregular%2Citalic%2C700%2C700italic|font_style:400%20regular%3A400%3Anormal&#8221;][vc_column_text]Den ultimata sl\u00e4den f\u00f6r unga och gamla, bepr\u00f6vad i m\u00e5nga tester - of\u00f6r\u00e4ndrad och testad sedan 1976.[\/vc_column_text][vc_video link=&#8221;https:\/\/player.vimeo.com\/video\/200398022&#8243;][vc_column_text]Hittills har du bara k\u00e4nt till den &#8221;vanliga&#8221; tr\u00e4k\u00e4lken eller plastk\u00e4lken f\u00f6r styrning? D\u00e5 borde du definitivt prova den ursprungliga minibobben! En innovativ sl\u00e4de som trots att den&hellip;<\/p>\n","protected":false},"author":1,"featured_media":0,"parent":0,"menu_order":0,"comment_status":"closed","ping_status":"closed","template":"","meta":{"_acf_changed":false,"footnotes":""},"class_list":["post-146609","page","type-page","status-publish","hentry","description-off"],"acf":[],"_links":{"self":[{"href":"https:\/\/mini-bob.com\/sv\/wp-json\/wp\/v2\/pages\/146609","targetHints":{"allow":["GET"]}}],"collection":[{"href":"https:\/\/mini-bob.com\/sv\/wp-json\/wp\/v2\/pages"}],"about":[{"href":"https:\/\/mini-bob.com\/sv\/wp-json\/wp\/v2\/types\/page"}],"author":[{"embeddable":true,"href":"https:\/\/mini-bob.com\/sv\/wp-json\/wp\/v2\/users\/1"}],"replies":[{"embeddable":true,"href":"https:\/\/mini-bob.com\/sv\/wp-json\/wp\/v2\/comments?post=146609"}],"version-history":[{"count":6,"href":"https:\/\/mini-bob.com\/sv\/wp-json\/wp\/v2\/pages\/146609\/revisions"}],"predecessor-version":[{"id":151752,"href":"https:\/\/mini-bob.com\/sv\/wp-json\/wp\/v2\/pages\/146609\/revisions\/151752"}],"wp:attachment":[{"href":"https:\/\/mini-bob.com\/sv\/wp-json\/wp\/v2\/media?parent=146609"}],"curies":[{"name":"wp","href":"https:\/\/api.w.org\/{rel}","templated":true}]}}