{"id":146664,"date":"2022-08-26T14:48:28","date_gmt":"2022-08-26T12:48:28","guid":{"rendered":"https:\/\/mini-bob.com\/fraktmetoder\/"},"modified":"2025-11-24T22:40:37","modified_gmt":"2025-11-24T21:40:37","slug":"fraktmetoder","status":"publish","type":"page","link":"https:\/\/mini-bob.com\/sv\/fraktmetoder\/","title":{"rendered":"Leveransmetoder"},"content":{"rendered":"<p>Leveransmetoder<\/p>\n<p>Prisinformation<\/p>\n<p>Fraktkostnaderna beror p\u00e5 antalet best\u00e4llda varor och leveransmetod. De kommer att meddelas till dig under best\u00e4llningsprocessen. <\/p>\n<p>F\u00f6ljande lista \u00e4r f\u00f6r din information och orientering.<br \/>\nDe faktiska fraktkostnaderna best\u00e4ms under best\u00e4llningsprocessen, som kan avbrytas n\u00e4r som helst.<\/p>\n<p>Fraktkostnader:<\/p>\n<p>Inom Tyskland DHL Paket fast pris EUR 4,99<br \/>\nUtanf\u00f6r Tyskland men inom Europa* DHL Premium Paket fast pris EUR 10,50<\/p>\n<p>F\u00f6rs\u00e4ndelser till Schweiz hanteras av DHL som ett f\u00f6rs\u00e4krat paket till ett fast pris p\u00e5 26,90 EUR - observera tullbest\u00e4mmelserna i ditt land!<\/p>\n<p>F\u00f6rs\u00e4ndelser utanf\u00f6r EU och andra l\u00e4nder (t.ex. Norge, Finland) hanteras av DHL som ett f\u00f6rs\u00e4krat paket till ett fast pris p\u00e5 26,90 euro - observera tullbest\u00e4mmelserna i ditt land!<\/p>\n<p>Postf\u00f6rskott plus DHL-avgift p\u00e5 EUR 4,00 <\/p>\n<p>Alla priser f\u00f6r leveransadresser inom EU inkl. tysk moms 19% - observera tullbest\u00e4mmelserna i ditt land! <\/p>\n<p>*F\u00f6r leveranser utanf\u00f6r Tyskland kan ytterligare tullar, skatter och avgifter tillkomma<br \/>\nReturavgift f\u00f6r obest\u00e4llbara DHL-paket (\u00a7 4 mom. 6 AGB PAKET\/EXPRESS NATIONAL), f\u00f6rutsatt att DHL inte \u00e4r ansvarigt f\u00f6r obest\u00e4llbarheten: 4,99 EUR per f\u00f6rs\u00e4ndelse.<br \/>\nReturavgiften p\u00e5 4,99 euro debiteras ocks\u00e5 f\u00f6r f\u00f6rhandsdisposition (&#8221;omedelbar retur&#8221;, &#8221;meddelande om obest\u00e4llbarhet&#8221;, planerad leverans&#8221;, &#8221;ingen grannleverans&#8221;) i alla fall d\u00e4r en returf\u00f6rs\u00e4ndelse g\u00f6rs.<\/p>\n<p>Allm\u00e4nna villkor f\u00f6r DHL Parcel\/Express National (GTC Parcel\/Express National) g\u00e4ller i g\u00e4llande version (tillg\u00e4nglig p\u00e5 www.dhl.de).<\/p>\n","protected":false},"excerpt":{"rendered":"<p>Leveransmetoder Prisinformation Fraktkostnaderna beror p\u00e5 antalet best\u00e4llda varor och leveransmetod. De kommer att meddelas till dig under best\u00e4llningsprocessen. F\u00f6ljande lista \u00e4r f\u00f6r din information och orientering. De faktiska fraktkostnaderna best\u00e4ms under best\u00e4llningsprocessen, som kan avbrytas n\u00e4r som helst. Fraktkostnader: Inom Tyskland DHL Paket fast pris EUR 4,99 Utanf\u00f6r Tyskland men inom Europa* DHL Premium Paket&hellip;<\/p>\n","protected":false},"author":1,"featured_media":0,"parent":0,"menu_order":0,"comment_status":"closed","ping_status":"closed","template":"","meta":{"_acf_changed":false,"footnotes":""},"class_list":["post-146664","page","type-page","status-publish","hentry","description-off"],"acf":[],"_links":{"self":[{"href":"https:\/\/mini-bob.com\/sv\/wp-json\/wp\/v2\/pages\/146664","targetHints":{"allow":["GET"]}}],"collection":[{"href":"https:\/\/mini-bob.com\/sv\/wp-json\/wp\/v2\/pages"}],"about":[{"href":"https:\/\/mini-bob.com\/sv\/wp-json\/wp\/v2\/types\/page"}],"author":[{"embeddable":true,"href":"https:\/\/mini-bob.com\/sv\/wp-json\/wp\/v2\/users\/1"}],"replies":[{"embeddable":true,"href":"https:\/\/mini-bob.com\/sv\/wp-json\/wp\/v2\/comments?post=146664"}],"version-history":[{"count":3,"href":"https:\/\/mini-bob.com\/sv\/wp-json\/wp\/v2\/pages\/146664\/revisions"}],"predecessor-version":[{"id":161313,"href":"https:\/\/mini-bob.com\/sv\/wp-json\/wp\/v2\/pages\/146664\/revisions\/161313"}],"wp:attachment":[{"href":"https:\/\/mini-bob.com\/sv\/wp-json\/wp\/v2\/media?parent=146664"}],"curies":[{"name":"wp","href":"https:\/\/api.w.org\/{rel}","templated":true}]}}