{"id":147522,"date":"2022-09-29T18:23:13","date_gmt":"2022-09-29T16:23:13","guid":{"rendered":"https:\/\/mini-bob.com\/betalningsmetoder\/"},"modified":"2022-09-29T18:23:13","modified_gmt":"2022-09-29T16:23:13","slug":"betalningsmetoder","status":"publish","type":"page","link":"https:\/\/mini-bob.com\/sv\/betalningsmetoder\/","title":{"rendered":"Betalningsmetoder"},"content":{"rendered":"<div class=\"woocommerce woocommerce-gzd\">\n\t<ul class=\"payment_methods methods\">\n\t\t\t\t\t<li class=\"payment_method_bacs\">\n\t\t\t\t<label>\u00dcberweisung<\/label>\n\t\t\t\t\t\t\t\t\t<div class=\"payment_box payment_method_bacs\">\n\t\t\t\t\t\t<p>\u00d6verv\u00e4g direkt till v\u00e5r bankf\u00f6rbindelse. V\u00e4nligen anv\u00e4nd best\u00e4llningsnumret som anv\u00e4ndningsvillkor. Din best\u00e4llning kommer f\u00f6rst att skickas till v\u00e5r konto efter att den har skickats.  <\/p>\n\t\t\t\t\t<\/div>\n\t\t\t\t\t\t\t<\/li>\n\t\t\t\t\t<li class=\"payment_method_stripe\">\n\t\t\t\t<label>Kredit\/betalkort<img decoding=\"async\" src=\"https:\/\/mini-bob.com\/wp-content\/plugins\/woocommerce-gateway-stripe\/assets\/images\/cards.svg\" class=\"stripe-cards-icon stripe-icon\" alt=\"Kredit\/betalkort\" \/><\/label>\n\t\t\t\t\t\t\t\t\t<div class=\"payment_box payment_method_stripe\">\n\t\t\t\t\t\t<p>Per Kreditkarte mittels Stripe betala.<\/p>\n\t\t\t\t\t<\/div>\n\t\t\t\t\t\t\t<\/li>\n\t\t\t\t\t<li class=\"payment_method_stripe_link\">\n\t\t\t\t<label>Link<\/label>\n\t\t\t\t\t\t\t\t\t<div class=\"payment_box payment_method_stripe_link\">\n\t\t\t\t\t\t<p><\/p>\n\t\t\t\t\t<\/div>\n\t\t\t\t\t\t\t<\/li>\n\t\t\t\t\t<li class=\"payment_method_ppcp-gateway\">\n\t\t\t\t<label>PayPal<\/label>\n\t\t\t\t\t\t\t\t\t<div class=\"payment_box payment_method_ppcp-gateway\">\n\t\t\t\t\t\t<p>Med v\u00e5r allt-i-ett-kassal\u00f6sning kan du erbjuda PayPal, Venmo, betala senare-alternativ och mycket mer f\u00f6r att maximera konverteringen.<\/p>\n\t\t\t\t\t<\/div>\n\t\t\t\t\t\t\t<\/li>\n\t\t\t\t\t<li class=\"payment_method_ppcp-credit-card-gateway\">\n\t\t\t\t<label>Debit- och kreditkort (PayPal)<\/label>\n\t\t\t\t\t\t\t\t\t<div class=\"payment_box payment_method_ppcp-credit-card-gateway\">\n\t\t\t\t\t\t<p>Bezahle mit deiner Kreditkarte.<\/p>\n\t\t\t\t\t<\/div>\n\t\t\t\t\t\t\t<\/li>\n\t\t\t<\/ul>\n<\/div>\n","protected":false},"excerpt":{"rendered":"<p>\u00dcberweisung \u00d6verv\u00e4g direkt till v\u00e5r bankf\u00f6rbindelse. V\u00e4nligen anv\u00e4nd best\u00e4llningsnumret som anv\u00e4ndningsvillkor. Din best\u00e4llning kommer f\u00f6rst att skickas till v\u00e5r konto efter att den har skickats. Kredit\/betalkort Per Kreditkarte mittels Stripe betala. Link PayPal Med v\u00e5r allt-i-ett-kassal\u00f6sning kan du erbjuda PayPal, Venmo, betala senare-alternativ och mycket mer f\u00f6r att maximera konverteringen. Debit- och kreditkort (PayPal) Bezahle&hellip;<\/p>\n","protected":false},"author":1,"featured_media":0,"parent":0,"menu_order":0,"comment_status":"closed","ping_status":"closed","template":"","meta":{"_acf_changed":false,"footnotes":""},"class_list":["post-147522","page","type-page","status-publish","hentry","description-off"],"acf":[],"_links":{"self":[{"href":"https:\/\/mini-bob.com\/sv\/wp-json\/wp\/v2\/pages\/147522","targetHints":{"allow":["GET"]}}],"collection":[{"href":"https:\/\/mini-bob.com\/sv\/wp-json\/wp\/v2\/pages"}],"about":[{"href":"https:\/\/mini-bob.com\/sv\/wp-json\/wp\/v2\/types\/page"}],"author":[{"embeddable":true,"href":"https:\/\/mini-bob.com\/sv\/wp-json\/wp\/v2\/users\/1"}],"replies":[{"embeddable":true,"href":"https:\/\/mini-bob.com\/sv\/wp-json\/wp\/v2\/comments?post=147522"}],"version-history":[{"count":0,"href":"https:\/\/mini-bob.com\/sv\/wp-json\/wp\/v2\/pages\/147522\/revisions"}],"wp:attachment":[{"href":"https:\/\/mini-bob.com\/sv\/wp-json\/wp\/v2\/media?parent=147522"}],"curies":[{"name":"wp","href":"https:\/\/api.w.org\/{rel}","templated":true}]}}