{"id":147703,"date":"2017-01-08T13:29:04","date_gmt":"2017-01-08T12:29:04","guid":{"rendered":"https:\/\/mini-bob.com\/koep-den-ultimata-kaelken-originalet-mini-bob\/"},"modified":"2023-03-19T18:35:30","modified_gmt":"2023-03-19T17:35:30","slug":"koep-den-ultimata-kaelken-originalet-mini-bob","status":"publish","type":"page","link":"https:\/\/mini-bob.com\/sv\/koep-den-ultimata-kaelken-originalet-mini-bob\/","title":{"rendered":"k\u00f6p den ultimata k\u00e4lken - originalet mini bob"},"content":{"rendered":"<div class=\"wpb-content-wrapper\"><p>[vc_row][vc_column][vc_custom_heading text=&#8221;Maxi kul med mini bob - den ultimata rodeln&#8221; font_container=&#8221;tag:h1|text_align:left&#8221; google_fonts=&#8221;font_family:Roboto%20Condensed%3A300%2C300italic%2Cregular%2Citalic%2C700%2C700italic|font_style:400%20regular%3A400%3Anormal&#8221;][\/vc_column][\/vc_row][vc_row][vc_column][vc_custom_heading text=&#8221;Om du \u00e5ker rodel, s\u00e5 med minibob!&#8221; font_container=&#8221;tag:h2|text_align:center&#8221; google_fonts=&#8221;font_family:Roboto%20Condensed%3A300%2C300italic%2Cregular%2Citalic%2C700%2C700italic|font_style:400%20regular%3A400%3Anormal&#8221;][\/vc_column][\/vc_row][vc_row][vc_column][vc_single_image image=&#8221;5752&#8243; img_size=&#8221;large&#8221; alignment=&#8221;center&#8221; onclick=&#8221;zoom&#8221; lazy_loading=&#8221;true&#8221;][\/vc_column][\/vc_row][vc_row][vc_column][vc_custom_heading text=&#8221;Den unika och kanske b\u00e4sta sl\u00e4den f\u00f6r sn\u00f6sporter - tillverkad i Tyskland sedan 1976!&#8221; font_container=&#8221;tag:h2|text_align:center&#8221; google_fonts=&#8221;font_family:Roboto%20Condensed%3A300%2C300italic%2Cregular%2Citalic%2C700%2C700italic|font_style:400%20regular%3A400%3Anormal&#8221;][vc_column_text]Hittills k\u00e4nner du bara till de vanliga tr\u00e4sl\u00e4den? L\u00e5t oss d\u00e5 \u00f6verraska dig med hur roligt det fortfarande \u00e4r att \u00e5ka rodel!<\/p>\n<p>Den ursprungliga miniboben uppfanns i de \u00f6sterrikiska alperna och har tillverkats i Tyskland sedan 1976 med h\u00f6gsta kvalitetskrav och erbjuder maximal k\u00f6rgl\u00e4dje med maximal s\u00e4kerhet.<\/p>\n<p>P\u00e5 grund av sin unika form och sitt koncept \u00e4r minibob l\u00e5ngt \u00f6verl\u00e4gsen vanliga sl\u00e4dar. Du l\u00e4r dig snabbt att styra exakt och bromsa snabbt och effektivt.<\/p>\n<p>Allt \u00e4r m\u00f6jligt med den lilla minisl\u00e4den, fr\u00e5n en enkel nedstigning i en liten backe till spektakul\u00e4ra stunts.<\/p>\n<p>Den ursprungliga minibobben finns i m\u00e5nga olika f\u00e4rger. Den som vill k\u00f6pa en k\u00e4lke kan nu v\u00e4lja mellan m\u00e5nga ljusa f\u00e4rger som \u00e4r s\u00e4rskilt snygga i sn\u00f6n.[\/vc_column_text][\/vc_column][\/vc_row][vc_row][vc_column][vc_custom_heading text=&#8221;mini bob - k\u00f6pa den ultimata k\u00e4lken?&#8221; google_fonts=&#8221;font_family:Roboto%20Condensed%3A300%2C300italic%2Cregular%2Citalic%2C700%2C700italic|font_style:400%20regular%3A400%3Anormal&#8221;]<style type=\"text\/css\" data-type=\"the7_shortcodes-inline-css\">#default-btn-24cc2f19393fbee78f06478a15609e98.ico-right-side > i {\n  margin-right: 0px;\n  margin-left: 8px;\n}\n#default-btn-24cc2f19393fbee78f06478a15609e98 > i {\n  margin-right: 8px;\n}<\/style><a href=\"https:\/\/mini-bob.com\/mini-bob-zipfelbob-shop\/\" class=\"default-btn-shortcode dt-btn dt-btn-l pulse animate-element animation-builder link-hover-off btn-inline-left \" id=\"default-btn-24cc2f19393fbee78f06478a15609e98\" title=\"Original mini bob (k\u00e4lke) Shop\"><span>K\u00d6P MINI BIR!<\/span><\/a>[\/vc_column][\/vc_row][vc_row][vc_column][vc_empty_space][vc_masonry_media_grid initial_loading_animation=&#8221;fadeIn&#8221; grid_id=&#8221;vc_gid:1662623660523-c096aec2-2791-10&#8243; include=&#8221;5781,3655,3671,3422,3404&#8243;][\/vc_column][\/vc_row][vc_row][vc_column][vc_column_text]Den ursprungliga minibob \u00e4r inte tillverkad av tr\u00e4 som en vanlig rodel, utan av en of\u00f6rst\u00f6rbar plast som \u00e4r extremt h\u00e5llbar och klarar \u00e4ven de tuffaste rodelbanorna. N\u00e4r tr\u00e4k\u00e4glor redan g\u00e5r s\u00f6nder eller plastbobbar g\u00e5r s\u00f6nder, forts\u00e4tter den ursprungliga minibobben att fungera. Detta inneb\u00e4r att risken f\u00f6r skador \u00e4r mindre \u00e4n med konventionella sl\u00e4dar.<\/p>\n<p>P\u00e5 grund av den l\u00e5ga tyngdpunkten \u00e4r risken f\u00f6r skador mycket liten \u00e4ven vid ett fall, vilket \u00e4r anledningen till att minibobs kan ridas av barn i \u00e5ldrarna 3-99 \u00e5r.<\/p>\n<p>Minibobben erbjuder den ultimata pulkaupplevelsen f\u00f6r b\u00e5de unga och gamla.<\/p>\n<p>Med sin unika form av bromsning (du drar helt enkelt styrspaken mot kroppen) kan min bob stannas snabbt och s\u00e4kert.[\/vc_column_text][vc_custom_heading text=&#8221;mini bob - det originella s\u00e4ttet att rodela!&#8221; google_fonts=&#8221;font_family:Roboto%20Condensed%3A300%2C300italic%2Cregular%2Citalic%2C700%2C700italic|font_style:400%20regular%3A400%3Anormal&#8221;][\/vc_column][\/vc_row][vc_row][vc_column][vc_column_text]I v\u00e5r <a href=\"https:\/\/mini-bob.com\/sv\/faq\/\">FAQ<\/a> (fr\u00e5gor och svar) hittar du mer information om original mini bob.<\/p>\n<p>Under &#8221;<a href=\"https:\/\/mini-bob.com\/sv\/mini-bob\/\">mini bob<\/a>&#8221; hittar du ytterligare teknisk information om den ursprungliga mini bob.<\/p>\n<p>Du kan k\u00f6pa originalminibob i specialbutiker eller p\u00e5 n\u00e4tet - en lista \u00f6ver \u00e5terf\u00f6rs\u00e4ljare hittar du h\u00e4r: <a href=\"https:\/\/mini-bob.com\/sv\/koep-en-mini-bob\/\">k\u00f6p mini bob<\/a><\/p>\n<p>Om du som f\u00f6r\u00e4lder har n\u00e5gra fr\u00e5gor om minibobben - h\u00f6r av dig till oss, vi <a href=\"https:\/\/mini-bob.com\/sv\/vi-ser-fram-emot-din-foerfraagan\/\">hj\u00e4lper<\/a> dig g\u00e4rna![\/vc_column_text][\/vc_column][\/vc_row]<\/p>\n<\/div>","protected":false},"excerpt":{"rendered":"<p>[vc_row][vc_column][vc_custom_heading text=&#8221;Maxi kul med mini bob - den ultimata rodeln&#8221; font_container=&#8221;tag:h1|text_align:left&#8221; google_fonts=&#8221;font_family:Roboto%20Condensed%3A300%2C300italic%2Cregular%2Citalic%2C700%2C700italic|font_style:400%20regular%3A400%3Anormal&#8221;][\/vc_column][\/vc_row][vc_row][vc_column][vc_custom_heading text=&#8221;Om du \u00e5ker rodel, s\u00e5 med minibob!&#8221; font_container=&#8221;tag:h2|text_align:center&#8221; google_fonts=&#8221;font_family:Roboto%20Condensed%3A300%2C300italic%2Cregular%2Citalic%2C700%2C700italic|font_style:400%20regular%3A400%3Anormal&#8221;][\/vc_column][\/vc_row][vc_row][vc_column][vc_single_image image=&#8221;5752&#8243; img_size=&#8221;large&#8221; alignment=&#8221;center&#8221; onclick=&#8221;zoom&#8221; lazy_loading=&#8221;true&#8221;][\/vc_column][\/vc_row][vc_row][vc_column][vc_custom_heading text=&#8221;Den unika och kanske b\u00e4sta sl\u00e4den f\u00f6r sn\u00f6sporter - tillverkad i Tyskland sedan 1976!&#8221; font_container=&#8221;tag:h2|text_align:center&#8221; google_fonts=&#8221;font_family:Roboto%20Condensed%3A300%2C300italic%2Cregular%2Citalic%2C700%2C700italic|font_style:400%20regular%3A400%3Anormal&#8221;][vc_column_text]Hittills k\u00e4nner du bara till de vanliga tr\u00e4sl\u00e4den? L\u00e5t oss d\u00e5 \u00f6verraska dig med&hellip;<\/p>\n","protected":false},"author":1,"featured_media":0,"parent":0,"menu_order":0,"comment_status":"closed","ping_status":"closed","template":"","meta":{"_acf_changed":false,"footnotes":""},"class_list":["post-147703","page","type-page","status-publish","hentry","description-off"],"acf":[],"_links":{"self":[{"href":"https:\/\/mini-bob.com\/sv\/wp-json\/wp\/v2\/pages\/147703","targetHints":{"allow":["GET"]}}],"collection":[{"href":"https:\/\/mini-bob.com\/sv\/wp-json\/wp\/v2\/pages"}],"about":[{"href":"https:\/\/mini-bob.com\/sv\/wp-json\/wp\/v2\/types\/page"}],"author":[{"embeddable":true,"href":"https:\/\/mini-bob.com\/sv\/wp-json\/wp\/v2\/users\/1"}],"replies":[{"embeddable":true,"href":"https:\/\/mini-bob.com\/sv\/wp-json\/wp\/v2\/comments?post=147703"}],"version-history":[{"count":6,"href":"https:\/\/mini-bob.com\/sv\/wp-json\/wp\/v2\/pages\/147703\/revisions"}],"predecessor-version":[{"id":151780,"href":"https:\/\/mini-bob.com\/sv\/wp-json\/wp\/v2\/pages\/147703\/revisions\/151780"}],"wp:attachment":[{"href":"https:\/\/mini-bob.com\/sv\/wp-json\/wp\/v2\/media?parent=147703"}],"curies":[{"name":"wp","href":"https:\/\/api.w.org\/{rel}","templated":true}]}}