{"id":156485,"date":"2022-09-23T17:26:41","date_gmt":"2022-09-23T15:26:41","guid":{"rendered":"https:\/\/mini-bob.com\/den-turkosa-mini-bob-zipflbob\/"},"modified":"2025-11-22T17:26:56","modified_gmt":"2025-11-22T16:26:56","slug":"den-turkosa-mini-bob-zipflbob","status":"publish","type":"page","link":"https:\/\/mini-bob.com\/sv\/den-turkosa-mini-bob-zipflbob\/","title":{"rendered":"den turkosa mini bob \/ Zipflbob"},"content":{"rendered":"<div class=\"wpb-content-wrapper\"><p>[vc_row][vc_column width=&#8221;1\/2&#8243;][vc_single_image image=&#8221;147304&#8243; img_size=&#8221;large&#8221;][\/vc_column][vc_column width=&#8221;1\/2&#8243;][vc_custom_heading text=&#8221;Den ursprungliga mini bob (Zipflbob) i turkos&#8221; google_fonts=&#8221;font_family:Roboto%20Condensed%3A300%2C300italic%2Cregular%2Citalic%2C700%2C700italic|font_style:400%20regular%3A400%3Anormal&#8221;][vc_column_text]Den ursprungliga mini bob (Zipflbob) har funnits tillg\u00e4nglig i specialf\u00e4rgen turkos sedan september 2022.<\/p>\n<p>Den h\u00e4r g\u00e5ngen \u00e4r det inte som vanligt zipflbob i specialf\u00e4rgen turkos som ers\u00e4tter zipflbob i specialf\u00e4rgen rosa. Tv\u00e4rtom! Den mintf\u00e4rgade original mini bob \u00e4r ett tillskott till v\u00e5r butik, s\u00e5 att vi kan erbjuda v\u00e5ra sm\u00e5 och stora kunder ett brett utbud av f\u00e4rger. Helt enligt mottot: ju mer f\u00e4rgglatt desto b\u00e4ttre.   <\/p>\n<p>Den h\u00e4r speciella blandningen av bl\u00e5tt och gr\u00f6nt f\u00e5ngar omedelbart \u00f6gat och kommer att vara oumb\u00e4rlig under 2022. D\u00e4rf\u00f6r var det viktigt f\u00f6r oss att ta fram en originell mini bob i trendf\u00e4rgen turkos. Och ljusa f\u00e4rger \u00e4r alltid s\u00e4rskilt popul\u00e4ra bland barn. F\u00e4rgerna lila och turkos p\u00e5minner s\u00e4rskilt om en popul\u00e4r isdrottning och vad kan passa b\u00e4ttre i sn\u00f6n \u00e4n den turkosa Original mini bob?   <\/p>\n<p>En liknande &#8221;petrol&#8221;-f\u00e4rgad mini bob tillverkades redan p\u00e5 1970-talet och fick redan d\u00e5 ett gott mottagande. Och som vi alla vet upprepar sig en trend med n\u00e5gra \u00e5rs mellanrum. S\u00e5 det \u00e4r desto b\u00e4ttre att vi kan anv\u00e4nda den h\u00e4r f\u00e4rgpaletten igen och ta med oss en bit av 70-talet in i nutiden.[\/vc_column_text]<style type=\"text\/css\" data-type=\"the7_shortcodes-inline-css\">#default-btn-e82f5ba896f41457bbb0abbd354c88c0.ico-right-side > i {\n  margin-right: 0px;\n  margin-left: 8px;\n}\n#default-btn-e82f5ba896f41457bbb0abbd354c88c0 > i {\n  margin-right: 8px;\n}<\/style><a href=\"https:\/\/mini-bob.com\/sv\/produkt\/turkos-original-mini-bob-sledge\/\" class=\"default-btn-shortcode dt-btn dt-btn-l pulse animate-element animation-builder link-hover-off btn-inline-left \" id=\"default-btn-e82f5ba896f41457bbb0abbd354c88c0\" title=\"++NY F\u00c4RG++ Original mini bob (zipflbob) i turkos\"><span>K\u00d6PA TURKOS ZIPFLBOB<\/span><\/a>[\/vc_column][\/vc_row][vc_row][vc_column][vc_empty_space][\/vc_column][\/vc_row][vc_row][vc_column width=&#8221;1\/2&#8243;][vc_empty_space height=&#8221;60px&#8221;][vc_empty_space height=&#8221;60px&#8221;]<style type=\"text\/css\" data-type=\"the7_shortcodes-inline-css\">#default-btn-cb10b8b744894e3c17a4215ab63ef768.ico-right-side > i {\n  margin-right: 0px;\n  margin-left: 8px;\n}\n#default-btn-cb10b8b744894e3c17a4215ab63ef768 > i {\n  margin-right: 8px;\n}<\/style><div class=\"btn-align-center\"><a href=\"https:\/\/mini-bob.com\/sv\/mini-bob\/\" class=\"default-btn-shortcode dt-btn dt-btn-l pulse animate-element animation-builder link-hover-off \" id=\"default-btn-cb10b8b744894e3c17a4215ab63ef768\" title=\"mini bob\"><span>MINI BOB I ANDRA F\u00c4RGER<\/span><\/a><\/div>[vc_empty_space]<style type=\"text\/css\" data-type=\"the7_shortcodes-inline-css\">#default-btn-00321fe342d7fc91af953f880c7b7ae6.ico-right-side > i {\n  margin-right: 0px;\n  margin-left: 8px;\n}\n#default-btn-00321fe342d7fc91af953f880c7b7ae6 > i {\n  margin-right: 8px;\n}<\/style><div class=\"btn-align-center\"><a href=\"https:\/\/mini-bob.com\/mini-bob-zipfelbob-shop\/\" class=\"default-btn-shortcode dt-btn dt-btn-l pulse animate-element animation-builder link-hover-off \" id=\"default-btn-00321fe342d7fc91af953f880c7b7ae6\" title=\"Original mini bob (Zipflbob) Butik\"><span>KLICKA H\u00c4R F\u00d6R ATT KOMMA DIREKT TILL BUTIKEN<\/span><\/a><\/div>[\/vc_column][vc_column width=&#8221;1\/2&#8243;][vc_single_image image=&#8221;147310&#8243; img_size=&#8221;large&#8221;][vc_column_text]Baserad p\u00e5 en liknande bensinf\u00e4rgad Zipfybob fr\u00e5n 1970-talet.[\/vc_column_text][\/vc_column][\/vc_row]<\/p>\n<\/div>","protected":false},"excerpt":{"rendered":"<p>[vc_row][vc_column width=&#8221;1\/2&#8243;][vc_single_image image=&#8221;147304&#8243; img_size=&#8221;large&#8221;][\/vc_column][vc_column width=&#8221;1\/2&#8243;][vc_custom_heading text=&#8221;Den ursprungliga mini bob (Zipflbob) i turkos&#8221; google_fonts=&#8221;font_family:Roboto%20Condensed%3A300%2C300italic%2Cregular%2Citalic%2C700%2C700italic|font_style:400%20regular%3A400%3Anormal&#8221;][vc_column_text]Den ursprungliga mini bob (Zipflbob) har funnits tillg\u00e4nglig i specialf\u00e4rgen turkos sedan september 2022. Den h\u00e4r g\u00e5ngen \u00e4r det inte som vanligt zipflbob i specialf\u00e4rgen turkos som ers\u00e4tter zipflbob i specialf\u00e4rgen rosa. Tv\u00e4rtom! Den mintf\u00e4rgade original mini bob \u00e4r ett tillskott till v\u00e5r&hellip;<\/p>\n","protected":false},"author":3,"featured_media":0,"parent":0,"menu_order":0,"comment_status":"closed","ping_status":"closed","template":"","meta":{"_acf_changed":false,"footnotes":""},"class_list":["post-156485","page","type-page","status-publish","hentry","description-off"],"acf":[],"_links":{"self":[{"href":"https:\/\/mini-bob.com\/sv\/wp-json\/wp\/v2\/pages\/156485","targetHints":{"allow":["GET"]}}],"collection":[{"href":"https:\/\/mini-bob.com\/sv\/wp-json\/wp\/v2\/pages"}],"about":[{"href":"https:\/\/mini-bob.com\/sv\/wp-json\/wp\/v2\/types\/page"}],"author":[{"embeddable":true,"href":"https:\/\/mini-bob.com\/sv\/wp-json\/wp\/v2\/users\/3"}],"replies":[{"embeddable":true,"href":"https:\/\/mini-bob.com\/sv\/wp-json\/wp\/v2\/comments?post=156485"}],"version-history":[{"count":4,"href":"https:\/\/mini-bob.com\/sv\/wp-json\/wp\/v2\/pages\/156485\/revisions"}],"predecessor-version":[{"id":156497,"href":"https:\/\/mini-bob.com\/sv\/wp-json\/wp\/v2\/pages\/156485\/revisions\/156497"}],"wp:attachment":[{"href":"https:\/\/mini-bob.com\/sv\/wp-json\/wp\/v2\/media?parent=156485"}],"curies":[{"name":"wp","href":"https:\/\/api.w.org\/{rel}","templated":true}]}}