{"id":156542,"date":"2022-08-22T16:16:54","date_gmt":"2022-08-22T14:16:54","guid":{"rendered":"https:\/\/mini-bob.com\/den-rosa-mini-bob-zipflbob\/"},"modified":"2025-11-22T17:27:10","modified_gmt":"2025-11-22T16:27:10","slug":"den-rosa-mini-bob-zipflbob","status":"publish","type":"page","link":"https:\/\/mini-bob.com\/sv\/den-rosa-mini-bob-zipflbob\/","title":{"rendered":"den rosa mini bob \/ Zipflbob"},"content":{"rendered":"<div class=\"wpb-content-wrapper\"><p>[vc_row][vc_column width=&#8221;1\/2&#8243;][vc_single_image image=&#8221;141009&#8243; img_size=&#8221;large&#8221;][\/vc_column][vc_column width=&#8221;1\/2&#8243;][vc_custom_heading text=&#8221;Den ursprungliga mini bob (Zipflbob) i rosa&#8221; google_fonts=&#8221;font_family:Roboto%20Condensed%3A300%2C300italic%2Cregular%2Citalic%2C700%2C700italic|font_style:400%20regular%3A400%3Anormal&#8221;][vc_column_text]Mini bob (Zipflbob) har funnits i specialf\u00e4rgen rosa sedan 2020.<\/p>\n<p>Efter den neonrosa mini bob (1980-talet), den lila mini bob (1990-talet), Zipflbob i Milka-design (2000-talet) och Zipflbob i &#8221;lila&#8221; (2010-talet) kom \u00e4ntligen den \u00f6nskade rosa original mini bob 2020.<br \/>\nDen stora efterfr\u00e5gan p\u00e5 en &#8221;tjejig&#8221; plastbob ledde oss till v\u00e5r specialf\u00e4rg: rosa.<br \/>\nF\u00f6r vad skulle kunna passa b\u00e4ttre till v\u00e5r Zipfibob fr\u00e5n 1970-talet \u00e4n f\u00e4rgen rosa (vars namn kommer fr\u00e5n blomman med samma namn), som blev en feminin symbol p\u00e5 1970-talet? Just det, den rosa original mini bob. <\/p>\n<p>I mer \u00e4n 45 \u00e5r har vi nu anv\u00e4nt dessa f\u00e4rger om och om igen, vilket g\u00f6r att den ber\u00f6mda zipflboben st\u00e4ndigt skiftar f\u00e4rg.[\/vc_column_text][\/vc_column][\/vc_row][vc_row][vc_column width=&#8221;1\/2&#8243;][vc_empty_space height=&#8221;200px&#8221;]<style type=\"text\/css\" data-type=\"the7_shortcodes-inline-css\">#default-btn-9086c945ad5bd09140919a9cb03dadb8.ico-right-side > i {\n  margin-right: 0px;\n  margin-left: 8px;\n}\n#default-btn-9086c945ad5bd09140919a9cb03dadb8 > i {\n  margin-right: 8px;\n}<\/style><a href=\"https:\/\/mini-bob.com\/sv\/produkt\/mini-bob-sledge-plastic-bob-rosa\/\" class=\"default-btn-shortcode dt-btn dt-btn-l pulse animate-element animation-builder link-hover-off btn-inline-left \" id=\"default-btn-9086c945ad5bd09140919a9cb03dadb8\" title=\"original mini bob (Zipfelbob) in pink\"><span>K\u00d6PA ROSA ZIPFLBOB<\/span><\/a>[vc_empty_space]<style type=\"text\/css\" data-type=\"the7_shortcodes-inline-css\">#default-btn-f3e23f8f02e9eba5875899173ee10dfd.ico-right-side > i {\n  margin-right: 0px;\n  margin-left: 8px;\n}\n#default-btn-f3e23f8f02e9eba5875899173ee10dfd > i {\n  margin-right: 8px;\n}<\/style><a href=\"https:\/\/mini-bob.com\/sv\/mini-bob\/\" class=\"default-btn-shortcode dt-btn dt-btn-l pulse animate-element animation-builder link-hover-off btn-inline-left \" id=\"default-btn-f3e23f8f02e9eba5875899173ee10dfd\" title=\"mini bob\"><span>MINI BOB I ANDRA F\u00c4RGER<\/span><\/a>[vc_empty_space]<style type=\"text\/css\" data-type=\"the7_shortcodes-inline-css\">#default-btn-192da1195f789a1f156e744257e611e0.ico-right-side > i {\n  margin-right: 0px;\n  margin-left: 8px;\n}\n#default-btn-192da1195f789a1f156e744257e611e0 > i {\n  margin-right: 8px;\n}<\/style><a href=\"https:\/\/mini-bob.com\/mini-bob-zipfelbob-shop\/\" class=\"default-btn-shortcode dt-btn dt-btn-l pulse animate-element animation-builder link-hover-off btn-inline-left \" id=\"default-btn-192da1195f789a1f156e744257e611e0\" title=\"Original mini bob (Zipflbob) Butik\"><span>KLICKA H\u00c4R F\u00d6R ATT KOMMA DIREKT TILL BUTIKEN<\/span><\/a>[\/vc_column][vc_column width=&#8221;1\/2&#8243;][vc_single_image image=&#8221;140996&#8243; img_size=&#8221;large&#8221;][\/vc_column][\/vc_row][vc_row][vc_column][vc_single_image image=&#8221;140945&#8243; img_size=&#8221;full&#8221; alignment=&#8221;center&#8221;][\/vc_column][\/vc_row]<\/p>\n<\/div>","protected":false},"excerpt":{"rendered":"<p>[vc_row][vc_column width=&#8221;1\/2&#8243;][vc_single_image image=&#8221;141009&#8243; img_size=&#8221;large&#8221;][\/vc_column][vc_column width=&#8221;1\/2&#8243;][vc_custom_heading text=&#8221;Den ursprungliga mini bob (Zipflbob) i rosa&#8221; google_fonts=&#8221;font_family:Roboto%20Condensed%3A300%2C300italic%2Cregular%2Citalic%2C700%2C700italic|font_style:400%20regular%3A400%3Anormal&#8221;][vc_column_text]Mini bob (Zipflbob) har funnits i specialf\u00e4rgen rosa sedan 2020. Efter den neonrosa mini bob (1980-talet), den lila mini bob (1990-talet), Zipflbob i Milka-design (2000-talet) och Zipflbob i &#8221;lila&#8221; (2010-talet) kom \u00e4ntligen den \u00f6nskade rosa original mini bob 2020. Den stora efterfr\u00e5gan p\u00e5&hellip;<\/p>\n","protected":false},"author":3,"featured_media":0,"parent":0,"menu_order":0,"comment_status":"closed","ping_status":"closed","template":"","meta":{"_acf_changed":false,"footnotes":""},"class_list":["post-156542","page","type-page","status-publish","hentry","description-off"],"acf":[],"_links":{"self":[{"href":"https:\/\/mini-bob.com\/sv\/wp-json\/wp\/v2\/pages\/156542","targetHints":{"allow":["GET"]}}],"collection":[{"href":"https:\/\/mini-bob.com\/sv\/wp-json\/wp\/v2\/pages"}],"about":[{"href":"https:\/\/mini-bob.com\/sv\/wp-json\/wp\/v2\/types\/page"}],"author":[{"embeddable":true,"href":"https:\/\/mini-bob.com\/sv\/wp-json\/wp\/v2\/users\/3"}],"replies":[{"embeddable":true,"href":"https:\/\/mini-bob.com\/sv\/wp-json\/wp\/v2\/comments?post=156542"}],"version-history":[{"count":4,"href":"https:\/\/mini-bob.com\/sv\/wp-json\/wp\/v2\/pages\/156542\/revisions"}],"predecessor-version":[{"id":156559,"href":"https:\/\/mini-bob.com\/sv\/wp-json\/wp\/v2\/pages\/156542\/revisions\/156559"}],"wp:attachment":[{"href":"https:\/\/mini-bob.com\/sv\/wp-json\/wp\/v2\/media?parent=156542"}],"curies":[{"name":"wp","href":"https:\/\/api.w.org\/{rel}","templated":true}]}}