{"id":156656,"date":"2025-11-22T17:27:34","date_gmt":"2025-11-22T16:27:34","guid":{"rendered":"https:\/\/mini-bob.com\/den-ursprungliga-zipflbob\/"},"modified":"2025-11-22T17:27:36","modified_gmt":"2025-11-22T16:27:36","slug":"den-ursprungliga-zipflbob","status":"publish","type":"page","link":"https:\/\/mini-bob.com\/sv\/den-ursprungliga-zipflbob\/","title":{"rendered":"den ursprungliga Zipflbob"},"content":{"rendered":"<div class=\"wpb-content-wrapper\"><p>[vc_row][vc_column width=&#8221;1\/2&#8243;][vc_wp_text]<\/p>\n<p><img decoding=\"async\" class=\"wp-image-1733 size-medium\" src=\"\/wp-content\/uploads\/2014\/03\/mini-bob-rot-350px.png\" alt=\"Original Zipflbob i r\u00f6tt\"><\/p>\n<p>[\/vc_wp_text][\/vc_column][vc_column width=&#8221;1\/2&#8243; css=&#8221;.vc_custom_1660904565980{padding-top: 70px !important;}&#8221;][vc_wp_text]<img loading=\"lazy\" decoding=\"async\" class=\"alignnone wp-image-151941 size-large\" src=\"https:\/\/mini-bob.com\/wp-content\/uploads\/2023\/03\/220319_mini-bob_Logo_1976_RGB_RZ-1024x492.png\" alt=\"\" width=\"1024\" height=\"492\" srcset=\"https:\/\/mini-bob.com\/wp-content\/uploads\/2023\/03\/220319_mini-bob_Logo_1976_RGB_RZ-1024x492.png 1024w, https:\/\/mini-bob.com\/wp-content\/uploads\/2023\/03\/220319_mini-bob_Logo_1976_RGB_RZ-300x144.png 300w, https:\/\/mini-bob.com\/wp-content\/uploads\/2023\/03\/220319_mini-bob_Logo_1976_RGB_RZ-768x369.png 768w, https:\/\/mini-bob.com\/wp-content\/uploads\/2023\/03\/220319_mini-bob_Logo_1976_RGB_RZ-1536x737.png 1536w, https:\/\/mini-bob.com\/wp-content\/uploads\/2023\/03\/220319_mini-bob_Logo_1976_RGB_RZ-2048x983.png 2048w, https:\/\/mini-bob.com\/wp-content\/uploads\/2023\/03\/220319_mini-bob_Logo_1976_RGB_RZ-600x288.png 600w\" sizes=\"auto, (max-width: 1024px) 100vw, 1024px\" \/>[\/vc_wp_text][\/vc_column][\/vc_row][vc_row][vc_column][vc_wp_text]<\/p>\n<p>H\u00e4r hittar du all information du beh\u00f6ver om den \u00e4kta Zipflbob (mini bob).<\/p>\n<p>Zipflbob (mini bob) har tillverkats av Loeger GmbH i of\u00f6r\u00e4ndrad form och s\u00e5lts \u00f6ver hela v\u00e4rlden sedan 1976.<\/p>\n<p>Under &#8221;the mini bob&#8221; kan du l\u00e4sa allt om den \u00e4kta Zipflbobs historia.<\/p>\n<p>Namnet Zipflbob eller &#8221;Zipfybob&#8221; &#8221;Zipflbob&#8221; kommer fr\u00e5n alpregionen och varierar fr\u00e5n region till region.<\/p>\n<p>Zipflbob \u00e4r bara en \u00e4kta mini bob om den b\u00e4r logotypen &#8221;Original mini bob&#8221;!<\/p>\n<p>[\/vc_wp_text]<style type=\"text\/css\" data-type=\"the7_shortcodes-inline-css\">#default-btn-b81e4187b5471018ea4858cb68795f09.ico-right-side > i {\n  margin-right: 0px;\n  margin-left: 8px;\n}\n#default-btn-b81e4187b5471018ea4858cb68795f09 > i {\n  margin-right: 8px;\n}<\/style><a href=\"https:\/\/mini-bob.com\/sv\/\" class=\"default-btn-shortcode dt-btn dt-btn-l pulse animate-element animation-builder link-hover-off btn-inline-left \" id=\"default-btn-b81e4187b5471018ea4858cb68795f09\" title=\"Hem till mini bob - den ursprungliga zipflbob\"><span>KLICKA H\u00c4R F\u00d6R MINI BOB<\/span><\/a>[\/vc_column][\/vc_row][vc_row][vc_column][vc_column_text]Id\u00e9n till den ursprungliga Zipflbob eller Zipfybob f\u00f6ddes i \u00d6sterrike 1976 och sedan dess har den tillverkats och s\u00e5lts under namnet &#8221;mini bob&#8221; av Loeger GmbH i Tyskland.<\/p>\n<p>Dess innovativa, dj\u00e4rva och unika form har sedan dess kopierats flera g\u00e5nger.[\/vc_column_text][vc_empty_space][\/vc_column][\/vc_row][vc_row][vc_column width=&#8221;1\/2&#8243;][vc_single_image image=&#8221;148562&#8243; img_size=&#8221;medium&#8221;][\/vc_column][vc_column width=&#8221;1\/2&#8243;][vc_single_image image=&#8221;148595&#8243; img_size=&#8221;medium&#8221;][\/vc_column][\/vc_row][vc_row][vc_column][vc_column_text]den ursprungliga Zipflbob (minibob) finns i m\u00e5nga olika f\u00e4rger. Sedan den uppfanns 1976 har de klassiska f\u00e4rgerna varit r\u00f6tt, gult, orange, svart och gr\u00f6nt. Under \u00e5rens lopp har m\u00e5nga andra f\u00e4rger tillkommit, ofta som specialf\u00e4rger under en begr\u00e4nsad tid. Du hittar alla aktuella f\u00e4rger i v\u00e5r <a href=\"https:\/\/mini-bob.com\/mini-bob-zipfelbob-shop\/\">butik<\/a>. Den ursprungliga miniboben k\u00e4nns igen p\u00e5 sin karakteristiska form och logotypen &#8221;original mini bob&#8221;. Den ursprungliga zipflboben har en h\u00f6gkvalitativ, stabil design och klarar de mest extrema f\u00f6rh\u00e5llanden. Tack vare v\u00e5r produktion i Tyskland och den h\u00f6ga kvalitetsstandarden kan vi s\u00e4kerst\u00e4lla att v\u00e5r produkt uppfyller de h\u00f6gsta kraven.[\/vc_column_text][\/vc_column][\/vc_row]<\/p>\n<\/div>","protected":false},"excerpt":{"rendered":"<p>[vc_row][vc_column width=&#8221;1\/2&#8243;][vc_wp_text] [\/vc_wp_text][\/vc_column][vc_column width=&#8221;1\/2&#8243; css=&#8221;.vc_custom_1660904565980{padding-top: 70px !important;}&#8221;][vc_wp_text][\/vc_wp_text][\/vc_column][\/vc_row][vc_row][vc_column][vc_wp_text] H\u00e4r hittar du all information du beh\u00f6ver om den \u00e4kta Zipflbob (mini bob). Zipflbob (mini bob) har tillverkats av Loeger GmbH i of\u00f6r\u00e4ndrad form och s\u00e5lts \u00f6ver hela v\u00e4rlden sedan 1976. Under &#8221;the mini bob&#8221; kan du l\u00e4sa allt om den \u00e4kta Zipflbobs historia. Namnet Zipflbob eller &#8221;Zipfybob&#8221;&hellip;<\/p>\n","protected":false},"author":1,"featured_media":0,"parent":0,"menu_order":0,"comment_status":"closed","ping_status":"closed","template":"","meta":{"_acf_changed":false,"footnotes":""},"class_list":["post-156656","page","type-page","status-publish","hentry","description-off"],"acf":[],"_links":{"self":[{"href":"https:\/\/mini-bob.com\/sv\/wp-json\/wp\/v2\/pages\/156656","targetHints":{"allow":["GET"]}}],"collection":[{"href":"https:\/\/mini-bob.com\/sv\/wp-json\/wp\/v2\/pages"}],"about":[{"href":"https:\/\/mini-bob.com\/sv\/wp-json\/wp\/v2\/types\/page"}],"author":[{"embeddable":true,"href":"https:\/\/mini-bob.com\/sv\/wp-json\/wp\/v2\/users\/1"}],"replies":[{"embeddable":true,"href":"https:\/\/mini-bob.com\/sv\/wp-json\/wp\/v2\/comments?post=156656"}],"version-history":[{"count":4,"href":"https:\/\/mini-bob.com\/sv\/wp-json\/wp\/v2\/pages\/156656\/revisions"}],"predecessor-version":[{"id":156664,"href":"https:\/\/mini-bob.com\/sv\/wp-json\/wp\/v2\/pages\/156656\/revisions\/156664"}],"wp:attachment":[{"href":"https:\/\/mini-bob.com\/sv\/wp-json\/wp\/v2\/media?parent=156656"}],"curies":[{"name":"wp","href":"https:\/\/api.w.org\/{rel}","templated":true}]}}