{"id":156687,"date":"2025-11-22T17:27:46","date_gmt":"2025-11-22T16:27:46","guid":{"rendered":"https:\/\/mini-bob.com\/poporutscher-plastskaal-eller-mini-bob\/"},"modified":"2025-11-22T17:27:49","modified_gmt":"2025-11-22T16:27:49","slug":"poporutscher-plastskaal-eller-mini-bob","status":"publish","type":"page","link":"https:\/\/mini-bob.com\/sv\/poporutscher-plastskaal-eller-mini-bob\/","title":{"rendered":"Poporutscher - plastsk\u00e5l eller mini bob?"},"content":{"rendered":"<div class=\"wpb-content-wrapper\"><p>[vc_row][vc_column][vc_custom_heading text=&#8221;Poporutscher vs. original mini bob&#8221; google_fonts=&#8221;font_family:Roboto%20Condensed%3A300%2C300italic%2Cregular%2Citalic%2C700%2C700italic|font_style:400%20regular%3A400%3Anormal&#8221;][vc_column_text]Alla k\u00e4nner till dem, de sm\u00e5 popo slides, snow slides, slide plates, bum slides, plastic slides, snow woks, snow gliders, snow speeders, eller plastsk\u00e5lar f\u00f6r n\u00e5gra euro, som man nu kan k\u00f6pa \u00f6verallt&#8230; Vissa l\u00e5ter till och med sitt barn glida nerf\u00f6r backen p\u00e5 en plastp\u00e5se eller till och med p\u00e5 byxorna.[\/vc_column_text][\/vc_column][\/vc_row][vc_row][vc_column width=&#8221;1\/2&#8243;][vc_single_image image=&#8221;3248&#8243; img_size=&#8221;large&#8221;][\/vc_column][vc_column width=&#8221;1\/2&#8243;][vc_column_text]Men varf\u00f6r ska jag k\u00f6pa en h\u00f6gkvalitativ mini bob till mitt barn eller mig sj\u00e4lv i st\u00e4llet f\u00f6r en enkel popo slide?<\/p>\n<p>Den ursprungliga mini bob har tillverkats som en m\u00e4rkesprodukt i Tyskland i \u00f6ver 40 \u00e5r nu och dess design g\u00f6r den till en s\u00e4ker och bepr\u00f6vad vintersportutrustning f\u00f6r alla.<\/p>\n<p>J\u00e4mf\u00f6rt med en enkel popo-slide h\u00e5ller mini bob i generationer och g\u00e5r inte s\u00f6nder vid f\u00f6rsta kontakten med stenar eller andra h\u00e5rda ytor - vilket g\u00f6r den till en h\u00e5llbar investering.<\/p>\n<p>Konstruktionen av mini bob har ocks\u00e5 klara f\u00f6rdelar j\u00e4mf\u00f6rt med enkla plastskal - inte bara \u00e4r materialet mycket tjockare och d\u00e4rf\u00f6r mer robust, utan mini bob:s ih\u00e5liga konstruktion d\u00e4mpar st\u00f6tar som annars skulle tr\u00e4ffa barnets ryggrad direkt och skyddar d\u00e4rmed ditt barns rygg.<\/p>\n<p>Tack vare den speciella utformningen med styr- och bromspinne samt bromskant kan barnet styra mini bob snabbt och s\u00e4kert och framf\u00f6r allt bromsa enkelt - med en popo slide finns det vanligtvis ingen teknisk anordning f\u00f6r styrning och bromsning, s\u00e5 barnet har ofta bara m\u00f6jlighet att hoppa av eller kollidera.[\/vc_column_text][\/vc_column][\/vc_row][vc_row][vc_column][vc_empty_space][\/vc_column][\/vc_row][vc_row][vc_column][vc_cta h2=&#8221;All information om den ultimata popo-sliden &quot;mini bob&#8221; add_button=&#8221;right&#8221; btn_title=&#8221;TILL MINI BOB&#8221; btn_link=&#8221;url:https%3A%2F%2Fmini-bob.com%2Fsv%2F|title:Hem%20till%20mini%20bob%20-%20den%20ursprungliga%20zipflbob|&#8221;]<\/p>\n<h4>Du hittar all information om &#8221;mini bob&#8221; popo slide h\u00e4r<\/h4>\n<p>[\/vc_cta][\/vc_column][\/vc_row][vc_row][vc_column width=&#8221;1\/2&#8243;][vc_column_text]Den lilla plastbollen mini bob passar alla, oavsett om man \u00e4r ung eller gammal!<\/p>\n<p><strong>Den perfekta plastbollen f\u00f6r barn och ton\u00e5ringar<\/strong>.<\/p>\n<p>I v\u00e5r <a href=\"https:\/\/mini-bob.com\/sv\/faq\/?v=3a52f3c22ed6\">FAQ <\/a>(fr\u00e5gor och svar) hittar du mer information om den ursprungliga mini bob<\/p>\n<p>Under &#8221;mini bob&#8221; hittar du mer teknisk information om den ursprungliga mini bob<\/p>\n<p>Du kan k\u00f6pa den ursprungliga mini bob i specialbutiker eller online - en lista \u00f6ver \u00e5terf\u00f6rs\u00e4ljare finns h\u00e4r: <a href=\"https:\/\/mini-bob.com\/sv\/koep-en-mini-bob\/?v=3a52f3c22ed6\">k\u00f6p<\/a> mini bob<\/p>\n<p>Om du som f\u00f6r\u00e4lder har n\u00e5gra fr\u00e5gor om mini bob - kontakta oss, vi hj\u00e4lper dig g\u00e4rna![\/vc_column_text][\/vc_column][vc_column width=&#8221;1\/2&#8243;][vc_single_image image=&#8221;5781&#8243; img_size=&#8221;large&#8221;][\/vc_column][\/vc_row][vc_row][vc_column][vc_empty_space][\/vc_column][\/vc_row][vc_row][vc_column width=&#8221;1\/2&#8243;][vc_single_image image=&#8221;3653&#8243; img_size=&#8221;large&#8221;][\/vc_column][vc_column width=&#8221;1\/2&#8243;][vc_column_text]Riktiga racerf\u00f6rare kommer ocks\u00e5 att f\u00e5 valuta f\u00f6r pengarna med mini bob - tack vare sin stabila konstruktion och exakta styrning \u00e4r mini bob ocks\u00e5 mycket roligt f\u00f6r avancerade f\u00f6rare![\/vc_column_text][\/vc_column][\/vc_row][vc_row][vc_column][vc_masonry_media_grid initial_loading_animation=&#8221;fadeIn&#8221; grid_id=&#8221;vc_gid:1661520873153-92b3fc5c-85e7-6&#8243; include=&#8221;13201,13183,13189,10067,10155,5022&#8243;][\/vc_column][\/vc_row]<\/p>\n<\/div>","protected":false},"excerpt":{"rendered":"<p>[vc_row][vc_column][vc_custom_heading text=&#8221;Poporutscher vs. original mini bob&#8221; google_fonts=&#8221;font_family:Roboto%20Condensed%3A300%2C300italic%2Cregular%2Citalic%2C700%2C700italic|font_style:400%20regular%3A400%3Anormal&#8221;][vc_column_text]Alla k\u00e4nner till dem, de sm\u00e5 popo slides, snow slides, slide plates, bum slides, plastic slides, snow woks, snow gliders, snow speeders, eller plastsk\u00e5lar f\u00f6r n\u00e5gra euro, som man nu kan k\u00f6pa \u00f6verallt&#8230; Vissa l\u00e5ter till och med sitt barn glida nerf\u00f6r backen p\u00e5 en plastp\u00e5se eller till och&hellip;<\/p>\n","protected":false},"author":1,"featured_media":0,"parent":0,"menu_order":0,"comment_status":"closed","ping_status":"closed","template":"","meta":{"_acf_changed":false,"footnotes":""},"class_list":["post-156687","page","type-page","status-publish","hentry","description-off"],"acf":[],"_links":{"self":[{"href":"https:\/\/mini-bob.com\/sv\/wp-json\/wp\/v2\/pages\/156687","targetHints":{"allow":["GET"]}}],"collection":[{"href":"https:\/\/mini-bob.com\/sv\/wp-json\/wp\/v2\/pages"}],"about":[{"href":"https:\/\/mini-bob.com\/sv\/wp-json\/wp\/v2\/types\/page"}],"author":[{"embeddable":true,"href":"https:\/\/mini-bob.com\/sv\/wp-json\/wp\/v2\/users\/1"}],"replies":[{"embeddable":true,"href":"https:\/\/mini-bob.com\/sv\/wp-json\/wp\/v2\/comments?post=156687"}],"version-history":[{"count":4,"href":"https:\/\/mini-bob.com\/sv\/wp-json\/wp\/v2\/pages\/156687\/revisions"}],"predecessor-version":[{"id":156694,"href":"https:\/\/mini-bob.com\/sv\/wp-json\/wp\/v2\/pages\/156687\/revisions\/156694"}],"wp:attachment":[{"href":"https:\/\/mini-bob.com\/sv\/wp-json\/wp\/v2\/media?parent=156687"}],"curies":[{"name":"wp","href":"https:\/\/api.w.org\/{rel}","templated":true}]}}