{"id":156713,"date":"2015-10-27T17:12:27","date_gmt":"2015-10-27T16:12:27","guid":{"rendered":"https:\/\/mini-bob.com\/brons-mini-bob-zipflbob\/"},"modified":"2025-11-22T17:28:02","modified_gmt":"2025-11-22T16:28:02","slug":"brons-mini-bob-zipflbob","status":"publish","type":"page","link":"https:\/\/mini-bob.com\/sv\/brons-mini-bob-zipflbob\/","title":{"rendered":"brons mini bob \/ Zipflbob"},"content":{"rendered":"<div class=\"wpb-content-wrapper\"><p>[vc_row][vc_column width=&#8221;1\/2&#8243;][vc_single_image image=&#8221;3045&#8243; img_size=&#8221;large&#8221;][\/vc_column][vc_column width=&#8221;1\/2&#8243;][vc_custom_heading text=&#8221;Den ursprungliga mini bob (Zipflbob) i brons&#8221; google_fonts=&#8221;font_family:Roboto%20Condensed%3A300%2C300italic%2Cregular%2Citalic%2C700%2C700italic|font_style:400%20regular%3A400%3Anormal&#8221;][vc_column_text]Original mini bob i brons \u00e4r en mycket speciell modell av Zipflbob och var begr\u00e4nsad till endast 700 exemplar.<\/p>\n<p>Under 2014, tillsammans med specialf\u00e4rgen &#8221;Green Glitter&#8221;, var en specialserie av original mini bob i brons ocks\u00e5 begr\u00e4nsad till endast 700 exemplar.<\/p>\n<p>Denna unika f\u00e4rg kommer verkligen till sin r\u00e4tt i solljuset och inspirerar inte bara unga Zipflbob-\u00e5kare, utan \u00e4ven andra och tredje generationens Zipflbob-\u00e5kare.<\/p>\n<p>Den bronsf\u00e4rgade mini bob kan k\u00f6pas via v\u00e5r webbshop (s\u00e5 l\u00e4nge lagret r\u00e4cker).[\/vc_column_text]<style type=\"text\/css\" data-type=\"the7_shortcodes-inline-css\">#default-btn-d4ee884ac5699c0a7a60926d8636c23b.ico-right-side > i {\n  margin-right: 0px;\n  margin-left: 8px;\n}\n#default-btn-d4ee884ac5699c0a7a60926d8636c23b > i {\n  margin-right: 8px;\n}<\/style><a href=\"https:\/\/mini-bob.com\/sv\/produkt\/specialutgaava-pulka-mini-bob-brons-metalic\/\" class=\"default-btn-shortcode dt-btn dt-btn-l pulse animate-element animation-builder link-hover-off btn-inline-left \" id=\"default-btn-d4ee884ac5699c0a7a60926d8636c23b\" title=\"+UTF\u00d6RS\u00c5LD+ Edition mini bob (Zipflbob) i brons\"><span>K\u00d6PA BRONS ZIPFLBOB<\/span><\/a>[\/vc_column][\/vc_row][vc_row][vc_column width=&#8221;1\/2&#8243;][vc_empty_space height=&#8221;120px&#8221;]<style type=\"text\/css\" data-type=\"the7_shortcodes-inline-css\">#default-btn-cb10b8b744894e3c17a4215ab63ef768.ico-right-side > i {\n  margin-right: 0px;\n  margin-left: 8px;\n}\n#default-btn-cb10b8b744894e3c17a4215ab63ef768 > i {\n  margin-right: 8px;\n}<\/style><div class=\"btn-align-center\"><a href=\"https:\/\/mini-bob.com\/sv\/mini-bob\/\" class=\"default-btn-shortcode dt-btn dt-btn-l pulse animate-element animation-builder link-hover-off \" id=\"default-btn-cb10b8b744894e3c17a4215ab63ef768\" title=\"mini bob\"><span>MINI BOB I ANDRA F\u00c4RGER<\/span><\/a><\/div>[vc_empty_space]<style type=\"text\/css\" data-type=\"the7_shortcodes-inline-css\">#default-btn-00321fe342d7fc91af953f880c7b7ae6.ico-right-side > i {\n  margin-right: 0px;\n  margin-left: 8px;\n}\n#default-btn-00321fe342d7fc91af953f880c7b7ae6 > i {\n  margin-right: 8px;\n}<\/style><div class=\"btn-align-center\"><a href=\"https:\/\/mini-bob.com\/mini-bob-zipfelbob-shop\/\" class=\"default-btn-shortcode dt-btn dt-btn-l pulse animate-element animation-builder link-hover-off \" id=\"default-btn-00321fe342d7fc91af953f880c7b7ae6\" title=\"Original mini bob (Zipflbob) Butik\"><span>KLICKA H\u00c4R F\u00d6R ATT KOMMA DIREKT TILL BUTIKEN<\/span><\/a><\/div>[\/vc_column][vc_column width=&#8221;1\/2&#8243;][vc_single_image image=&#8221;3043&#8243; img_size=&#8221;large&#8221;][\/vc_column][\/vc_row]<\/p>\n<\/div>","protected":false},"excerpt":{"rendered":"<p>[vc_row][vc_column width=&#8221;1\/2&#8243;][vc_single_image image=&#8221;3045&#8243; img_size=&#8221;large&#8221;][\/vc_column][vc_column width=&#8221;1\/2&#8243;][vc_custom_heading text=&#8221;Den ursprungliga mini bob (Zipflbob) i brons&#8221; google_fonts=&#8221;font_family:Roboto%20Condensed%3A300%2C300italic%2Cregular%2Citalic%2C700%2C700italic|font_style:400%20regular%3A400%3Anormal&#8221;][vc_column_text]Original mini bob i brons \u00e4r en mycket speciell modell av Zipflbob och var begr\u00e4nsad till endast 700 exemplar. Under 2014, tillsammans med specialf\u00e4rgen &#8221;Green Glitter&#8221;, var en specialserie av original mini bob i brons ocks\u00e5 begr\u00e4nsad till endast 700 exemplar. Denna unika&hellip;<\/p>\n","protected":false},"author":1,"featured_media":0,"parent":0,"menu_order":0,"comment_status":"closed","ping_status":"closed","template":"","meta":{"_acf_changed":false,"footnotes":""},"class_list":["post-156713","page","type-page","status-publish","hentry","description-off"],"acf":[],"_links":{"self":[{"href":"https:\/\/mini-bob.com\/sv\/wp-json\/wp\/v2\/pages\/156713","targetHints":{"allow":["GET"]}}],"collection":[{"href":"https:\/\/mini-bob.com\/sv\/wp-json\/wp\/v2\/pages"}],"about":[{"href":"https:\/\/mini-bob.com\/sv\/wp-json\/wp\/v2\/types\/page"}],"author":[{"embeddable":true,"href":"https:\/\/mini-bob.com\/sv\/wp-json\/wp\/v2\/users\/1"}],"replies":[{"embeddable":true,"href":"https:\/\/mini-bob.com\/sv\/wp-json\/wp\/v2\/comments?post=156713"}],"version-history":[{"count":4,"href":"https:\/\/mini-bob.com\/sv\/wp-json\/wp\/v2\/pages\/156713\/revisions"}],"predecessor-version":[{"id":156724,"href":"https:\/\/mini-bob.com\/sv\/wp-json\/wp\/v2\/pages\/156713\/revisions\/156724"}],"wp:attachment":[{"href":"https:\/\/mini-bob.com\/sv\/wp-json\/wp\/v2\/media?parent=156713"}],"curies":[{"name":"wp","href":"https:\/\/api.w.org\/{rel}","templated":true}]}}