{"id":156829,"date":"2025-11-22T18:57:10","date_gmt":"2025-11-22T17:57:10","guid":{"rendered":"https:\/\/mini-bob.com\/instruktioner-foer-koerning\/"},"modified":"2025-11-22T18:57:11","modified_gmt":"2025-11-22T17:57:11","slug":"instruktioner-foer-koerning","status":"publish","type":"page","link":"https:\/\/mini-bob.com\/sv\/instruktioner-foer-koerning\/","title":{"rendered":"Instruktioner f\u00f6r k\u00f6rning"},"content":{"rendered":"<div class=\"wpb-content-wrapper\"><p>[vc_row][vc_column][vc_custom_heading text=&#8221;Zipflbob k\u00f6rinstruktioner&#8221; google_fonts=&#8221;font_family:Roboto%20Condensed%3A300%2C300italic%2Cregular%2Citalic%2C700%2C700italic|font_style:400%20regular%3A400%3Anormal&#8221;][vc_column_text]Du kommer att l\u00e4ra dig att beh\u00e4rska mini bob p\u00e5 ett s\u00e4kert s\u00e4tt p\u00e5 nolltid!<br \/>\nProva och l\u00e4r dig k\u00f6rtekniken f\u00f6rst i terr\u00e4ng med svag lutning innan du anv\u00e4nder mini bob i branta sluttningar - hj\u00e4lp barnen att l\u00e4ra sig![\/vc_column_text][\/vc_column][\/vc_row][vc_row][vc_column width=&#8221;1\/2&#8243;][vc_single_image image=&#8221;3309&#8243; img_size=&#8221;large&#8221;][\/vc_column][vc_column width=&#8221;1\/2&#8243;][vc_single_image image=&#8221;3307&#8243; img_size=&#8221;large&#8221;][\/vc_column][\/vc_row][vc_row][vc_column][vc_column_text]<strong>F\u00f6r nyb\u00f6rjare:<\/strong><\/p>\n<p>Bromsning: Dra styrspaken mot kroppen (endast den bakre bakkanten p\u00e5 mini bob anv\u00e4nds f\u00f6r detta) och h\u00e5ll \u00f6verkroppen uppr\u00e4tt. Anv\u00e4nd inte f\u00f6tterna f\u00f6r att bromsa - de \u00e4r bara till f\u00f6r stabiliteten! <\/p>\n<p>Styrning: Flytta \u00f6verkroppen \u00e5t v\u00e4nster eller h\u00f6ger, beroende p\u00e5 i vilken riktning du vill styra, samtidigt som du h\u00e5ller handtaget stadigt i handen!<\/p>\n<p>K\u00f6r: Sitt bekv\u00e4mt p\u00e5 mini bob och ta tag i styret med b\u00e5da h\u00e4nderna. Benen ska alltid vila p\u00e5 underlaget - f\u00f6tterna f\u00e5r inte nudda marken under \u00e5kturen. <\/p>\n<p><strong>Tips f\u00f6r yrkesverksamma:<\/strong><\/p>\n<p>Starta \/ plana partier: Kontrollera att du sitter stadigt p\u00e5 mini bob och kl\u00e4m fast styrspaken mellan benen. Nu kan du driva p\u00e5 med b\u00e5da armarna. <\/p>\n<p>Styrning: F\u00f6r att styra runt skarpa kurvor kan du ocks\u00e5 sl\u00e4ppa handen p\u00e5 insidan av b\u00f6jen fr\u00e5n handtaget och str\u00e4cka ut den \u00e5t sidan, s\u00e5 att den n\u00e5r l\u00e4tt ner i sn\u00f6n. (Se till att du b\u00e4r l\u00e4mpliga handskar och \u00e4r medveten om potentiella faror som t.ex. stenar i sn\u00f6n). <\/p>\n<p>Hastighet: Proffsen minskar luftmotst\u00e5ndet genom att flytta \u00f6verkroppen s\u00e5 l\u00e5ngt bak\u00e5t som m\u00f6jligt och str\u00e4cka ut benen (sl\u00e4pp inte handtaget!) - detta optimerar k\u00f6rhastigheten.<\/p>\n<p><strong>Observera:<\/strong> Benen och f\u00f6tterna beh\u00f6vs inte f\u00f6r k\u00f6rman\u00f6vrerna. De ger bara stabilitet! L\u00e4s ocks\u00e5 v\u00e5ra kl\u00e4dinstruktioner i <a title=\"VANLIGA FR\u00c5GOR\" href=\"https:\/\/mini-bob.com\/sv\/faq\/\">FAQ.<\/a> Alla har mini bob s\u00e4kert under kontroll, eftersom den lyder sin f\u00f6rare, oavsett om den \u00e4r ung eller gammal, &#8221;p\u00e5 ordet&#8221;. Sitt p\u00e5 den och k\u00f6r iv\u00e4g.[\/vc_column_text][\/vc_column][\/vc_row][vc_row][vc_column][vc_custom_heading text=&#8221;Historiska k\u00f6rinstruktioner fr\u00e5n 1970&#8243; google_fonts=&#8221;font_family:Roboto%20Condensed%3A300%2C300italic%2Cregular%2Citalic%2C700%2C700italic|font_style:400%20regular%3A400%3Anormal&#8221;][vc_single_image image=&#8221;3216&#8243; img_size=&#8221;large&#8221;][\/vc_column][\/vc_row]<\/p>\n<\/div>","protected":false},"excerpt":{"rendered":"<p>[vc_row][vc_column][vc_custom_heading text=&#8221;Zipflbob k\u00f6rinstruktioner&#8221; google_fonts=&#8221;font_family:Roboto%20Condensed%3A300%2C300italic%2Cregular%2Citalic%2C700%2C700italic|font_style:400%20regular%3A400%3Anormal&#8221;][vc_column_text]Du kommer att l\u00e4ra dig att beh\u00e4rska mini bob p\u00e5 ett s\u00e4kert s\u00e4tt p\u00e5 nolltid! Prova och l\u00e4r dig k\u00f6rtekniken f\u00f6rst i terr\u00e4ng med svag lutning innan du anv\u00e4nder mini bob i branta sluttningar - hj\u00e4lp barnen att l\u00e4ra sig![\/vc_column_text][\/vc_column][\/vc_row][vc_row][vc_column width=&#8221;1\/2&#8243;][vc_single_image image=&#8221;3309&#8243; img_size=&#8221;large&#8221;][\/vc_column][vc_column width=&#8221;1\/2&#8243;][vc_single_image image=&#8221;3307&#8243; img_size=&#8221;large&#8221;][\/vc_column][\/vc_row][vc_row][vc_column][vc_column_text]F\u00f6r nyb\u00f6rjare: Bromsning: Dra styrspaken mot kroppen&hellip;<\/p>\n","protected":false},"author":1,"featured_media":0,"parent":0,"menu_order":0,"comment_status":"closed","ping_status":"closed","template":"","meta":{"_acf_changed":false,"footnotes":""},"class_list":["post-156829","page","type-page","status-publish","hentry","description-off"],"acf":[],"_links":{"self":[{"href":"https:\/\/mini-bob.com\/sv\/wp-json\/wp\/v2\/pages\/156829","targetHints":{"allow":["GET"]}}],"collection":[{"href":"https:\/\/mini-bob.com\/sv\/wp-json\/wp\/v2\/pages"}],"about":[{"href":"https:\/\/mini-bob.com\/sv\/wp-json\/wp\/v2\/types\/page"}],"author":[{"embeddable":true,"href":"https:\/\/mini-bob.com\/sv\/wp-json\/wp\/v2\/users\/1"}],"replies":[{"embeddable":true,"href":"https:\/\/mini-bob.com\/sv\/wp-json\/wp\/v2\/comments?post=156829"}],"version-history":[{"count":4,"href":"https:\/\/mini-bob.com\/sv\/wp-json\/wp\/v2\/pages\/156829\/revisions"}],"predecessor-version":[{"id":156839,"href":"https:\/\/mini-bob.com\/sv\/wp-json\/wp\/v2\/pages\/156829\/revisions\/156839"}],"wp:attachment":[{"href":"https:\/\/mini-bob.com\/sv\/wp-json\/wp\/v2\/media?parent=156829"}],"curies":[{"name":"wp","href":"https:\/\/api.w.org\/{rel}","templated":true}]}}