{"id":156964,"date":"2015-10-25T15:30:06","date_gmt":"2015-10-25T14:30:06","guid":{"rendered":"https:\/\/mini-bob.com\/den-lila-mini-bob-zipflbob\/"},"modified":"2025-11-22T19:04:33","modified_gmt":"2025-11-22T18:04:33","slug":"den-lila-mini-bob-zipflbob","status":"publish","type":"page","link":"https:\/\/mini-bob.com\/sv\/den-lila-mini-bob-zipflbob\/","title":{"rendered":"den lila mini bob \/ Zipflbob"},"content":{"rendered":"<div class=\"wpb-content-wrapper\"><p>[vc_row][vc_column width=&#8221;1\/2&#8243;][vc_single_image image=&#8221;3454&#8243; img_size=&#8221;large&#8221;][\/vc_column][vc_column width=&#8221;1\/2&#8243;][vc_custom_heading text=&#8221;Den ursprungliga mini bob (Zipflbob) i lila&#8221; google_fonts=&#8221;font_family:Roboto%20Condensed%3A300%2C300italic%2Cregular%2Citalic%2C700%2C700italic|font_style:400%20regular%3A400%3Anormal&#8221;][vc_column_text]Sedan 2015 har den ursprungliga mini bob (Zipflbob) funnits tillg\u00e4nglig i f\u00e4rgen &#8221;purple&#8221;, \u00e4ven k\u00e4nd som:<\/p>\n<p><strong>Violett<\/strong>: f\u00e4rgen violett gr\u00e4nsar till lila eller \u00e4r ocks\u00e5 k\u00e4nd som m\u00f6rkt lila (violett zipflbob)<\/p>\n<p><strong>Lila<\/strong>: Lila \u00e4r en ljusare violett som ocks\u00e5 \u00e4r k\u00e4nd som purpur (purpur zipflbob)<\/p>\n<p><strong>Magenta<\/strong>: Magenta ligger mellan violett och r\u00f6tt och \u00e4r komplementf\u00e4rgen till gr\u00f6nt! (magentaf\u00e4rgad zipflbob) <\/p>\n<p><strong>Rosa<\/strong>: Rosa \u00e4r den mycket ljusa magentaf\u00e4rgen i pastelliga nyanser (rosa zipflbob)<\/p>\n<p>Redan p\u00e5 1990-talet fanns det en speciell neonrosa f\u00e4rg som tillverkades och s\u00e5ldes under tv\u00e5 \u00e5r.[\/vc_column_text][\/vc_column][\/vc_row][vc_row][vc_column width=&#8221;1\/2&#8243;][vc_empty_space height=&#8221;90px&#8221;]<style type=\"text\/css\" data-type=\"the7_shortcodes-inline-css\">#default-btn-00321fe342d7fc91af953f880c7b7ae6.ico-right-side > i {\n  margin-right: 0px;\n  margin-left: 8px;\n}\n#default-btn-00321fe342d7fc91af953f880c7b7ae6 > i {\n  margin-right: 8px;\n}<\/style><div class=\"btn-align-center\"><a href=\"https:\/\/mini-bob.com\/mini-bob-zipfelbob-shop\/\" class=\"default-btn-shortcode dt-btn dt-btn-l pulse animate-element animation-builder link-hover-off \" id=\"default-btn-00321fe342d7fc91af953f880c7b7ae6\" title=\"Original mini bob (Zipflbob) Butik\"><span>KLICKA H\u00c4R F\u00d6R ATT KOMMA DIREKT TILL BUTIKEN<\/span><\/a><\/div>[vc_empty_space]<style type=\"text\/css\" data-type=\"the7_shortcodes-inline-css\">#default-btn-cb10b8b744894e3c17a4215ab63ef768.ico-right-side > i {\n  margin-right: 0px;\n  margin-left: 8px;\n}\n#default-btn-cb10b8b744894e3c17a4215ab63ef768 > i {\n  margin-right: 8px;\n}<\/style><div class=\"btn-align-center\"><a href=\"https:\/\/mini-bob.com\/sv\/mini-bob\/\" class=\"default-btn-shortcode dt-btn dt-btn-l pulse animate-element animation-builder link-hover-off \" id=\"default-btn-cb10b8b744894e3c17a4215ab63ef768\" title=\"mini bob\"><span>MINI BOB I ANDRA F\u00c4RGER<\/span><\/a><\/div>[\/vc_column][vc_column width=&#8221;1\/2&#8243;][vc_single_image image=&#8221;3448&#8243; img_size=&#8221;large&#8221;][\/vc_column][\/vc_row]<\/p>\n<\/div>","protected":false},"excerpt":{"rendered":"<p>[vc_row][vc_column width=&#8221;1\/2&#8243;][vc_single_image image=&#8221;3454&#8243; img_size=&#8221;large&#8221;][\/vc_column][vc_column width=&#8221;1\/2&#8243;][vc_custom_heading text=&#8221;Den ursprungliga mini bob (Zipflbob) i lila&#8221; google_fonts=&#8221;font_family:Roboto%20Condensed%3A300%2C300italic%2Cregular%2Citalic%2C700%2C700italic|font_style:400%20regular%3A400%3Anormal&#8221;][vc_column_text]Sedan 2015 har den ursprungliga mini bob (Zipflbob) funnits tillg\u00e4nglig i f\u00e4rgen &#8221;purple&#8221;, \u00e4ven k\u00e4nd som: Violett: f\u00e4rgen violett gr\u00e4nsar till lila eller \u00e4r ocks\u00e5 k\u00e4nd som m\u00f6rkt lila (violett zipflbob) Lila: Lila \u00e4r en ljusare violett som ocks\u00e5 \u00e4r k\u00e4nd som purpur&hellip;<\/p>\n","protected":false},"author":1,"featured_media":0,"parent":0,"menu_order":0,"comment_status":"closed","ping_status":"closed","template":"","meta":{"_acf_changed":false,"footnotes":""},"class_list":["post-156964","page","type-page","status-publish","hentry","description-off"],"acf":[],"_links":{"self":[{"href":"https:\/\/mini-bob.com\/sv\/wp-json\/wp\/v2\/pages\/156964","targetHints":{"allow":["GET"]}}],"collection":[{"href":"https:\/\/mini-bob.com\/sv\/wp-json\/wp\/v2\/pages"}],"about":[{"href":"https:\/\/mini-bob.com\/sv\/wp-json\/wp\/v2\/types\/page"}],"author":[{"embeddable":true,"href":"https:\/\/mini-bob.com\/sv\/wp-json\/wp\/v2\/users\/1"}],"replies":[{"embeddable":true,"href":"https:\/\/mini-bob.com\/sv\/wp-json\/wp\/v2\/comments?post=156964"}],"version-history":[{"count":4,"href":"https:\/\/mini-bob.com\/sv\/wp-json\/wp\/v2\/pages\/156964\/revisions"}],"predecessor-version":[{"id":156978,"href":"https:\/\/mini-bob.com\/sv\/wp-json\/wp\/v2\/pages\/156964\/revisions\/156978"}],"wp:attachment":[{"href":"https:\/\/mini-bob.com\/sv\/wp-json\/wp\/v2\/media?parent=156964"}],"curies":[{"name":"wp","href":"https:\/\/api.w.org\/{rel}","templated":true}]}}