{"id":156990,"date":"2015-10-25T14:47:40","date_gmt":"2015-10-25T13:47:40","guid":{"rendered":"https:\/\/mini-bob.com\/den-blaa-mini-bob-zipflbob\/"},"modified":"2025-11-22T19:04:40","modified_gmt":"2025-11-22T18:04:40","slug":"den-blaa-mini-bob-zipflbob","status":"publish","type":"page","link":"https:\/\/mini-bob.com\/sv\/den-blaa-mini-bob-zipflbob\/","title":{"rendered":"den bl\u00e5 mini bob \/ Zipflbob"},"content":{"rendered":"<div class=\"wpb-content-wrapper\"><p>[vc_row][vc_column width=&#8221;1\/2&#8243;][vc_single_image image=&#8221;3458&#8243; img_size=&#8221;large&#8221;][\/vc_column][vc_column width=&#8221;1\/2&#8243;][vc_custom_heading text=&#8221;Den ursprungliga mini bob (Zipflbob) i bl\u00e5tt&#8221; google_fonts=&#8221;font_family:Roboto%20Condensed%3A300%2C300italic%2Cregular%2Citalic%2C700%2C700italic|font_style:400%20regular%3A400%3Anormal&#8221;][vc_column_text]Precis som den r\u00f6da mini bob (Zipflbob) har den ursprungliga mini bob (Zipflbob) funnits i f\u00e4rgen bl\u00e5 sedan 1976.<\/p>\n<p>Precis som den r\u00f6da mini bob tillverkades och s\u00e5ldes den bl\u00e5 zipflbob till en b\u00f6rjan helt i bl\u00e5tt - f\u00f6rst senare skapades en kontrast med svart p\u00e5 handtaget (zipfl) och sitsen p\u00e5 den bl\u00e5 zipflbob.<\/p>\n<p>Den f\u00f6rsta bl\u00e5 nyansen var fortfarande ganska m\u00f6rk och blev mycket ljusare n\u00e4r den kombinerades med svart. M\u00e5nga kallar ocks\u00e5 den bl\u00e5 mini bob f\u00f6r &#8221;Smurf bob&#8221; eftersom f\u00e4rgen p\u00e5minner mycket om de sm\u00e5 smurfarna.[\/vc_column_text]<style type=\"text\/css\" data-type=\"the7_shortcodes-inline-css\">#default-btn-8d1bbed0811e77477d5f99fd031a8670.ico-right-side > i {\n  margin-right: 0px;\n  margin-left: 8px;\n}\n#default-btn-8d1bbed0811e77477d5f99fd031a8670 > i {\n  margin-right: 8px;\n}<\/style><a href=\"https:\/\/mini-bob.com\/sv\/produkt\/mini-bob-sledge-pulka-in-blue\/\" class=\"default-btn-shortcode dt-btn dt-btn-l pulse animate-element animation-builder link-hover-off btn-inline-left  vc_custom_1661157285387\" id=\"default-btn-8d1bbed0811e77477d5f99fd031a8670\" title=\"original mini bob (Zipflbob) i bl\u00e5tt\"><span>K\u00d6PA BL\u00c5 ZIPFLBOB<\/span><\/a>[\/vc_column][\/vc_row][vc_row][vc_column][vc_empty_space][\/vc_column][\/vc_row][vc_row][vc_column width=&#8221;1\/2&#8243;][vc_custom_heading text=&#8221;Den bl\u00e5 Zipflbob (mini bob) p\u00e5 1970-talet.&#8221; font_container=&#8221;tag:h3|text_align:left&#8221; google_fonts=&#8221;font_family:Roboto%20Condensed%3A300%2C300italic%2Cregular%2Citalic%2C700%2C700italic|font_style:400%20regular%3A400%3Anormal&#8221;][vc_column_text]N\u00e5gra \u00e5r efter den ursprungliga gula mini bob och den ursprungliga r\u00f6da mini bob kom en ny f\u00e4rg p\u00e5 zipflbob. Det stod snabbt klart att det skulle bli en bl\u00e5 zipflbob. <\/p>\n<p>Den bl\u00e5 original mini bob med det typiska &#8221;Zipflbob-handtaget&#8221; visas ocks\u00e5 h\u00e4r i bl\u00e5tt. H\u00e4r syns det tydligt: Redan p\u00e5 70-talet var den popul\u00e4ra plastboben helt f\u00e4rgad i respektive f\u00e4rg, inklusive den ursprungliga bl\u00e5 mini bob - under tiden har det svarta handtaget (Zipfl) och den svarta sitsen p\u00e5 Zipfibob blivit igenk\u00e4nnliga och gett upphov till kopiering. <\/p>\n<p>Idag \u00e4r den bl\u00e5 zipflboben, vid sidan av den r\u00f6da zipflboben, en av de mest popul\u00e4ra varianterna av mini bob. S\u00e4rskilt &#8221;Schlumpfbob&#8221; har blivit oumb\u00e4rlig.[\/vc_column_text][vc_empty_space height=&#8221;20px&#8221;]<style type=\"text\/css\" data-type=\"the7_shortcodes-inline-css\">#default-btn-f3e23f8f02e9eba5875899173ee10dfd.ico-right-side > i {\n  margin-right: 0px;\n  margin-left: 8px;\n}\n#default-btn-f3e23f8f02e9eba5875899173ee10dfd > i {\n  margin-right: 8px;\n}<\/style><a href=\"https:\/\/mini-bob.com\/sv\/mini-bob\/\" class=\"default-btn-shortcode dt-btn dt-btn-l pulse animate-element animation-builder link-hover-off btn-inline-left \" id=\"default-btn-f3e23f8f02e9eba5875899173ee10dfd\" title=\"mini bob\"><span>MINI BOB I ANDRA F\u00c4RGER<\/span><\/a>[vc_empty_space]<style type=\"text\/css\" data-type=\"the7_shortcodes-inline-css\">#default-btn-192da1195f789a1f156e744257e611e0.ico-right-side > i {\n  margin-right: 0px;\n  margin-left: 8px;\n}\n#default-btn-192da1195f789a1f156e744257e611e0 > i {\n  margin-right: 8px;\n}<\/style><a href=\"https:\/\/mini-bob.com\/mini-bob-zipfelbob-shop\/\" class=\"default-btn-shortcode dt-btn dt-btn-l pulse animate-element animation-builder link-hover-off btn-inline-left \" id=\"default-btn-192da1195f789a1f156e744257e611e0\" title=\"Original mini bob (Zipflbob) Butik\"><span>KLICKA H\u00c4R F\u00d6R ATT KOMMA DIREKT TILL BUTIKEN<\/span><\/a>[\/vc_column][vc_column width=&#8221;1\/2&#8243;][vc_single_image image=&#8221;3269&#8243; img_size=&#8221;large&#8221;][vc_column_text]Bl\u00e5 minibob (Zipfybob, Zipflbob) i original fr\u00e5n 1970-talet[\/vc_column_text][\/vc_column][\/vc_row]<\/p>\n<\/div>","protected":false},"excerpt":{"rendered":"<p>[vc_row][vc_column width=&#8221;1\/2&#8243;][vc_single_image image=&#8221;3458&#8243; img_size=&#8221;large&#8221;][\/vc_column][vc_column width=&#8221;1\/2&#8243;][vc_custom_heading text=&#8221;Den ursprungliga mini bob (Zipflbob) i bl\u00e5tt&#8221; google_fonts=&#8221;font_family:Roboto%20Condensed%3A300%2C300italic%2Cregular%2Citalic%2C700%2C700italic|font_style:400%20regular%3A400%3Anormal&#8221;][vc_column_text]Precis som den r\u00f6da mini bob (Zipflbob) har den ursprungliga mini bob (Zipflbob) funnits i f\u00e4rgen bl\u00e5 sedan 1976. Precis som den r\u00f6da mini bob tillverkades och s\u00e5ldes den bl\u00e5 zipflbob till en b\u00f6rjan helt i bl\u00e5tt - f\u00f6rst senare skapades en kontrast&hellip;<\/p>\n","protected":false},"author":1,"featured_media":0,"parent":0,"menu_order":0,"comment_status":"closed","ping_status":"closed","template":"","meta":{"_acf_changed":false,"footnotes":""},"class_list":["post-156990","page","type-page","status-publish","hentry","description-off"],"acf":[],"_links":{"self":[{"href":"https:\/\/mini-bob.com\/sv\/wp-json\/wp\/v2\/pages\/156990","targetHints":{"allow":["GET"]}}],"collection":[{"href":"https:\/\/mini-bob.com\/sv\/wp-json\/wp\/v2\/pages"}],"about":[{"href":"https:\/\/mini-bob.com\/sv\/wp-json\/wp\/v2\/types\/page"}],"author":[{"embeddable":true,"href":"https:\/\/mini-bob.com\/sv\/wp-json\/wp\/v2\/users\/1"}],"replies":[{"embeddable":true,"href":"https:\/\/mini-bob.com\/sv\/wp-json\/wp\/v2\/comments?post=156990"}],"version-history":[{"count":4,"href":"https:\/\/mini-bob.com\/sv\/wp-json\/wp\/v2\/pages\/156990\/revisions"}],"predecessor-version":[{"id":157003,"href":"https:\/\/mini-bob.com\/sv\/wp-json\/wp\/v2\/pages\/156990\/revisions\/157003"}],"wp:attachment":[{"href":"https:\/\/mini-bob.com\/sv\/wp-json\/wp\/v2\/media?parent=156990"}],"curies":[{"name":"wp","href":"https:\/\/api.w.org\/{rel}","templated":true}]}}