{"id":157019,"date":"2015-10-25T14:32:44","date_gmt":"2015-10-25T13:32:44","guid":{"rendered":"https:\/\/mini-bob.com\/den-groena-mini-bob-zipflbob-zipflbob-i-groent\/"},"modified":"2025-11-23T18:06:27","modified_gmt":"2025-11-23T17:06:27","slug":"den-groena-mini-bob-zipflbob-zipflbob-i-groent","status":"publish","type":"page","link":"https:\/\/mini-bob.com\/sv\/den-groena-mini-bob-zipflbob-zipflbob-i-groent\/","title":{"rendered":"den gr\u00f6na mini bob \/ Zipflbob \/ Zipflbob i gr\u00f6nt"},"content":{"rendered":"<div class=\"wpb-content-wrapper\"><p>[vc_row][vc_column][vc_custom_heading text=&#8221;den ursprungliga Zipflbob i gr\u00f6nt&#8221; font_container=&#8221;tag:h1|text_align:left&#8221; google_fonts=&#8221;font_family:Roboto%20Condensed%3A300%2C300italic%2Cregular%2Citalic%2C700%2C700italic|font_style:400%20regular%3A400%3Anormal&#8221;][\/vc_column][\/vc_row][vc_row][vc_column width=&#8221;1\/2&#8243;][vc_single_image image=&#8221;10462&#8243; img_size=&#8221;large&#8221;][\/vc_column][vc_column width=&#8221;1\/2&#8243;][vc_custom_heading text=&#8221;original mini bob (Zipflbob) i gr\u00f6nt&#8221; google_fonts=&#8221;font_family:Roboto%20Condensed%3A300%2C300italic%2Cregular%2Citalic%2C700%2C700italic|font_style:400%20regular%3A400%3Anormal&#8221;][vc_column_text]Den ursprungliga mini bob (Zipflbob) har tillverkats och s\u00e5lts i olika nyanser av gr\u00f6nt sedan 1976.<\/p>\n<p>P\u00e5 1990-talet fanns det till exempel en popul\u00e4r neongr\u00f6n specialutg\u00e5va som bara tillverkades och s\u00e5ldes under 2 \u00e5r.<\/p>\n<p>En specialutg\u00e5va &#8221;green-glitter&#8221; begr\u00e4nsad till 300 exemplar finns nu ocks\u00e5 tillg\u00e4nglig i v\u00e5r webbshop.<\/p>\n<p>Gr\u00f6nt \u00e4r en mycket popul\u00e4r f\u00e4rg som har olika betydelser i m\u00e5nga religioner och kulturer. Gr\u00f6nt symboliserar t.ex. ofta uppst\u00e5ndelsens f\u00e4rg och v\u00e5rens uppvaknande. <\/p>\n<p>den gr\u00f6na mini bob \/ Zipflbob \u00e4r ett riktigt blickf\u00e5ng i pisten och \u00e4r s\u00e4rskilt effektiv i solljus.[\/vc_column_text]<style type=\"text\/css\" data-type=\"the7_shortcodes-inline-css\">#default-btn-192da1195f789a1f156e744257e611e0.ico-right-side > i {\n  margin-right: 0px;\n  margin-left: 8px;\n}\n#default-btn-192da1195f789a1f156e744257e611e0 > i {\n  margin-right: 8px;\n}<\/style><a href=\"https:\/\/mini-bob.com\/mini-bob-zipfelbob-shop\/\" class=\"default-btn-shortcode dt-btn dt-btn-l pulse animate-element animation-builder link-hover-off btn-inline-left \" id=\"default-btn-192da1195f789a1f156e744257e611e0\" title=\"Original mini bob (Zipflbob) Butik\"><span>KLICKA H\u00c4R F\u00d6R ATT KOMMA TILL BUTIKEN!<\/span><\/a>[\/vc_column][\/vc_row][vc_row][vc_column width=&#8221;1\/2&#8243;][vc_custom_heading text=&#8221;Zipflbob gr\u00f6n fr\u00e5n 2018&#8243; google_fonts=&#8221;font_family:Roboto%20Condensed%3A300%2C300italic%2Cregular%2Citalic%2C700%2C700italic|font_style:400%20regular%3A400%3Anormal&#8221;][vc_single_image image=&#8221;10067&#8243; img_size=&#8221;large&#8221; add_caption=&#8221;yes&#8221;][\/vc_column][vc_column width=&#8221;1\/2&#8243;][vc_custom_heading text=&#8221;Original minibob i gr\u00f6nt&#8221; google_fonts=&#8221;font_family:Roboto%20Condensed%3A300%2C300italic%2Cregular%2Citalic%2C700%2C700italic|font_style:400%20regular%3A400%3Anormal&#8221;][vc_single_image image=&#8221;10487&#8243; img_size=&#8221;large&#8221; add_caption=&#8221;yes&#8221;][\/vc_column][\/vc_row][vc_row][vc_column width=&#8221;1\/2&#8243;][vc_custom_heading text=&#8221;Specialutg\u00e5va gr\u00f6n metallic i sn\u00f6n&#8221; google_fonts=&#8221;font_family:Roboto%20Condensed%3A300%2C300italic%2Cregular%2Citalic%2C700%2C700italic|font_style:400%20regular%3A400%3Anormal&#8221;][vc_single_image image=&#8221;3050&#8243; img_size=&#8221;large&#8221; add_caption=&#8221;yes&#8221;][\/vc_column][vc_column width=&#8221;1\/2&#8243;][vc_custom_heading text=&#8221;den gr\u00f6na plastboben - mini bob&#8221; google_fonts=&#8221;font_family:Roboto%20Condensed%3A300%2C300italic%2Cregular%2Citalic%2C700%2C700italic|font_style:400%20regular%3A400%3Anormal&#8221;][vc_single_image image=&#8221;10467&#8243; img_size=&#8221;large&#8221; add_caption=&#8221;yes&#8221;][\/vc_column][\/vc_row]<\/p>\n<\/div>","protected":false},"excerpt":{"rendered":"<p>[vc_row][vc_column][vc_custom_heading text=&#8221;den ursprungliga Zipflbob i gr\u00f6nt&#8221; font_container=&#8221;tag:h1|text_align:left&#8221; google_fonts=&#8221;font_family:Roboto%20Condensed%3A300%2C300italic%2Cregular%2Citalic%2C700%2C700italic|font_style:400%20regular%3A400%3Anormal&#8221;][\/vc_column][\/vc_row][vc_row][vc_column width=&#8221;1\/2&#8243;][vc_single_image image=&#8221;10462&#8243; img_size=&#8221;large&#8221;][\/vc_column][vc_column width=&#8221;1\/2&#8243;][vc_custom_heading text=&#8221;original mini bob (Zipflbob) i gr\u00f6nt&#8221; google_fonts=&#8221;font_family:Roboto%20Condensed%3A300%2C300italic%2Cregular%2Citalic%2C700%2C700italic|font_style:400%20regular%3A400%3Anormal&#8221;][vc_column_text]Den ursprungliga mini bob (Zipflbob) har tillverkats och s\u00e5lts i olika nyanser av gr\u00f6nt sedan 1976. P\u00e5 1990-talet fanns det till exempel en popul\u00e4r neongr\u00f6n specialutg\u00e5va som bara tillverkades och s\u00e5ldes under 2 \u00e5r. En specialutg\u00e5va &#8221;green-glitter&#8221;&hellip;<\/p>\n","protected":false},"author":1,"featured_media":0,"parent":0,"menu_order":0,"comment_status":"closed","ping_status":"closed","template":"","meta":{"_acf_changed":false,"footnotes":""},"class_list":["post-157019","page","type-page","status-publish","hentry","description-off"],"acf":[],"_links":{"self":[{"href":"https:\/\/mini-bob.com\/sv\/wp-json\/wp\/v2\/pages\/157019","targetHints":{"allow":["GET"]}}],"collection":[{"href":"https:\/\/mini-bob.com\/sv\/wp-json\/wp\/v2\/pages"}],"about":[{"href":"https:\/\/mini-bob.com\/sv\/wp-json\/wp\/v2\/types\/page"}],"author":[{"embeddable":true,"href":"https:\/\/mini-bob.com\/sv\/wp-json\/wp\/v2\/users\/1"}],"replies":[{"embeddable":true,"href":"https:\/\/mini-bob.com\/sv\/wp-json\/wp\/v2\/comments?post=157019"}],"version-history":[{"count":12,"href":"https:\/\/mini-bob.com\/sv\/wp-json\/wp\/v2\/pages\/157019\/revisions"}],"predecessor-version":[{"id":158552,"href":"https:\/\/mini-bob.com\/sv\/wp-json\/wp\/v2\/pages\/157019\/revisions\/158552"}],"wp:attachment":[{"href":"https:\/\/mini-bob.com\/sv\/wp-json\/wp\/v2\/media?parent=157019"}],"curies":[{"name":"wp","href":"https:\/\/api.w.org\/{rel}","templated":true}]}}