{"id":157168,"date":"2015-10-25T13:37:22","date_gmt":"2015-10-25T12:37:22","guid":{"rendered":"https:\/\/mini-bob.com\/den-roeda-mini-bob-zipflbob\/"},"modified":"2025-11-22T19:16:34","modified_gmt":"2025-11-22T18:16:34","slug":"den-roeda-mini-bob-zipflbob","status":"publish","type":"page","link":"https:\/\/mini-bob.com\/sv\/den-roeda-mini-bob-zipflbob\/","title":{"rendered":"den r\u00f6da mini bob \/ Zipflbob"},"content":{"rendered":"<div class=\"wpb-content-wrapper\"><p>[vc_row][vc_column width=&#8221;1\/2&#8243;]\n\t\t\t\t<p class=\"rs-p-wp-fix\"><\/p>\n\t\t\t\t<sr7-module data-alias=\"mini-bob-detail\" data-id=\"2\" id=\"SR7_2_1\" data-version=\"6.7.52\">\n\t\t\t\t\t<sr7-adjuster><\/sr7-adjuster>\n\t\t\t\t\t<sr7-content>\n\t\t\t\t\t\t<sr7-slide id=\"SR7_2_1-5\" data-key=\"5\">\n\t\t\t\t\t\t\t<sr7-bg id=\"SR7_2_1-5-slidebg\" class=\"sr7-layer\"><noscript><img decoding=\"async\" src=\"https:\/\/mini-bob.com\/wp-content\/uploads\/2015\/02\/IMG_2427-500.jpg\" alt=\"\" title=\"den r\u00f6da mini bob \/ Zipflbob\"><\/noscript><\/sr7-bg>\n\t\t\t\t\t\t<\/sr7-slide>\n\t\t\t\t\t\t<sr7-slide id=\"SR7_2_1-6\" data-key=\"6\">\n\t\t\t\t\t\t\t<sr7-bg id=\"SR7_2_1-6-slidebg\" class=\"sr7-layer\"><noscript><img decoding=\"async\" src=\"https:\/\/mini-bob.com\/wp-content\/uploads\/2015\/02\/IMG_2529-500.jpg\" alt=\"\" title=\"den r\u00f6da mini bob \/ Zipflbob\"><\/noscript><\/sr7-bg>\n\t\t\t\t\t\t<\/sr7-slide>\n\t\t\t\t\t\t<sr7-slide id=\"SR7_2_1-7\" data-key=\"7\">\n\t\t\t\t\t\t\t<sr7-bg id=\"SR7_2_1-7-slidebg\" class=\"sr7-layer\"><noscript><img decoding=\"async\" src=\"https:\/\/mini-bob.com\/wp-content\/uploads\/2015\/02\/IMG_2517-500.jpg\" alt=\"\" title=\"den r\u00f6da mini bob \/ Zipflbob\"><\/noscript><\/sr7-bg>\n\t\t\t\t\t\t<\/sr7-slide>\n\t\t\t\t\t\t<sr7-slide id=\"SR7_2_1-8\" data-key=\"8\">\n\t\t\t\t\t\t\t<sr7-bg id=\"SR7_2_1-8-slidebg\" class=\"sr7-layer\"><noscript><img decoding=\"async\" src=\"https:\/\/mini-bob.com\/wp-content\/uploads\/2015\/02\/IMG_2442-500.jpg\" alt=\"\" title=\"den r\u00f6da mini bob \/ Zipflbob\"><\/noscript><\/sr7-bg>\n\t\t\t\t\t\t<\/sr7-slide>\n\t\t\t\t\t\t<sr7-slide id=\"SR7_2_1-9\" data-key=\"9\">\n\t\t\t\t\t\t\t<sr7-bg id=\"SR7_2_1-9-slidebg\" class=\"sr7-layer\"><noscript><img decoding=\"async\" src=\"https:\/\/mini-bob.com\/wp-content\/uploads\/2015\/02\/IMG_2435-500.jpg\" alt=\"\" title=\"den r\u00f6da mini bob \/ Zipflbob\"><\/noscript><\/sr7-bg>\n\t\t\t\t\t\t<\/sr7-slide>\n\t\t\t\t\t\t<sr7-slide id=\"SR7_2_1-10\" data-key=\"10\">\n\t\t\t\t\t\t\t<sr7-bg id=\"SR7_2_1-10-slidebg\" class=\"sr7-layer\"><noscript><img decoding=\"async\" src=\"https:\/\/mini-bob.com\/wp-content\/uploads\/2015\/02\/IMG_2418-500.jpg\" alt=\"\" title=\"den r\u00f6da mini bob \/ Zipflbob\"><\/noscript><\/sr7-bg>\n\t\t\t\t\t\t<\/sr7-slide>\n\t\t\t\t\t\t<sr7-slide id=\"SR7_2_1-11\" data-key=\"11\">\n\t\t\t\t\t\t\t<sr7-bg id=\"SR7_2_1-11-slidebg\" class=\"sr7-layer\"><noscript><img decoding=\"async\" src=\"https:\/\/mini-bob.com\/wp-content\/uploads\/2015\/02\/IMG_2495-500.jpg\" alt=\"\" title=\"den r\u00f6da mini bob \/ Zipflbob\"><\/noscript><\/sr7-bg>\n\t\t\t\t\t\t<\/sr7-slide>\n\t\t\t\t\t\t<sr7-slide id=\"SR7_2_1-47\" data-key=\"47\">\n\t\t\t\t\t\t<\/sr7-slide>\n\t\t\t\t\t<\/sr7-content>\n\t\t\t\t<\/sr7-module>\n\t\t\t\t<script>\n\t\t\t\t\twindow.SR7 ??={};SR7.PMH ??={}; SR7.PMH[\"SR7_2_1\"] = {cn:100,state:false,fn: function() { if (window._tpt!==undefined && window._tpt.prepareModuleHeight !== undefined) {  _tpt.prepareModuleHeight({id:\"SR7_2_1\",el:[],type:'standard',shdw:'1',gh:[350],gw:[200],vpt:['-200px'],size:{fullWidth:false, fullHeight:false},mh:'0',onh:0,onw:0,bg:{color:'#E9E9E9'},plType:'0',plColor:'#FFFFFF'});   SR7.PMH[\"SR7_2_1\"].state=true;} else if(SR7.PMH[\"SR7_2_1\"].cn-->0)\tsetTimeout( SR7.PMH[\"SR7_2_1\"].fn,19);}};SR7.PMH[\"SR7_2_1\" ].fn();\n\t\t\t\t<\/script>\n[\/vc_column][vc_column width=&#8221;1\/2&#8243;][vc_custom_heading text=&#8221;Den ursprungliga mini bob (Zipflbob) i r\u00f6tt&#8221; google_fonts=&#8221;font_family:Roboto%20Condensed%3A300%2C300italic%2Cregular%2Citalic%2C700%2C700italic|font_style:400%20regular%3A400%3Anormal&#8221;][vc_wp_text]Den ursprungliga mini bob (Zipflbob) i f\u00e4rgen r\u00f6d har funnits sedan 1976.<\/p>\n<p>Tillverkare fr\u00e5n Fj\u00e4rran \u00d6stern anv\u00e4nder nu ocks\u00e5 f\u00e4rgkombinationen &#8221;r\u00f6d och svart&#8221; f\u00f6r sina kopior f\u00f6r att ge intryck av att detta \u00e4r den ursprungliga mini bob. Endast med den ursprungliga mini bob-logotypen \u00e4r en r\u00f6d zipflbob verkligen den ursprungliga r\u00f6da mini bob! <\/p>\n<p>Oavsett om du \u00e4r man eller kvinna, ung eller gammal - kul med mini bob \u00e4r garanterat f\u00f6r alla![\/vc_wp_text]<style type=\"text\/css\" data-type=\"the7_shortcodes-inline-css\">#default-btn-f24d15dccee8032107b6d66afe33c357.ico-right-side > i {\n  margin-right: 0px;\n  margin-left: 8px;\n}\n#default-btn-f24d15dccee8032107b6d66afe33c357 > i {\n  margin-right: 8px;\n}<\/style><a href=\"https:\/\/mini-bob.com\/sv\/produkt\/mini-bob-sledge-sled-red\/\" class=\"default-btn-shortcode dt-btn dt-btn-l pulse animate-element animation-builder link-hover-off btn-inline-left \" id=\"default-btn-f24d15dccee8032107b6d66afe33c357\" title=\"der mini bob\"><span>K\u00d6PA R\u00d6D ZIPFLBOB<\/span><\/a>[\/vc_column][\/vc_row][vc_row][vc_column width=&#8221;1\/2&#8243;][vc_empty_space height=&#8221;110px&#8221;][vc_column_text]Den ursprungliga mini bob, \u00e4ven k\u00e4nd som Zipflbob eller plastbob, tillverkades i b\u00f6rjan av sin uppfinning i genomg\u00e5ende r\u00f6d f\u00e4rg, f\u00f6rst senare best\u00e4mde man sig f\u00f6r att anv\u00e4nda kontrastf\u00e4rgerna r\u00f6tt och svart (&#8221;Zipfl&#8221; och sits i svart, Zipflbob-kropp i r\u00f6tt), som man kan k\u00f6pa den \u00e4n idag.<\/p>\n<p>Den r\u00f6da mini bob sticker ut s\u00e4rskilt bra mot den sn\u00f6vita ytan och har gett f\u00e4rg i sn\u00f6n sedan 1976.<\/p>\n<p>Influerad av 1970-talets f\u00e4rgstarka tid imponerar den r\u00f6da zipflbob \u00e4n idag p\u00e5 kullarna och i skidbackarna - en evergreen i r\u00f6tt.[\/vc_column_text][vc_empty_space]<style type=\"text\/css\" data-type=\"the7_shortcodes-inline-css\">#default-btn-4aa6c2a3965e1f9297c2c8c65aa3cc5d.ico-right-side > i {\n  margin-right: 0px;\n  margin-left: 8px;\n}\n#default-btn-4aa6c2a3965e1f9297c2c8c65aa3cc5d > i {\n  margin-right: 8px;\n}<\/style><a href=\"https:\/\/mini-bob.com\/sv\/mini-bob\/\" class=\"default-btn-shortcode dt-btn dt-btn-l pulse animate-element animation-builder link-hover-off btn-inline-left \" id=\"default-btn-4aa6c2a3965e1f9297c2c8c65aa3cc5d\" title=\"der mini bob\"><span>MINI BOB I ANDRA F\u00c4RGER<\/span><\/a>[vc_empty_space]<style type=\"text\/css\" data-type=\"the7_shortcodes-inline-css\">#default-btn-1456b6708678fba44f25293009e3144e.ico-right-side > i {\n  margin-right: 0px;\n  margin-left: 8px;\n}\n#default-btn-1456b6708678fba44f25293009e3144e > i {\n  margin-right: 8px;\n}<\/style><a href=\"https:\/\/mini-bob.com\/mini-bob-zipfelbob-shop\/\" class=\"default-btn-shortcode dt-btn dt-btn-l pulse animate-element animation-builder link-hover-off btn-inline-left \" id=\"default-btn-1456b6708678fba44f25293009e3144e\" title=\"Original mini bob (Zipfelbob) Shop\"><span>KLICKA H\u00c4R F\u00d6R ATT KOMMA DIREKT TILL BUTIKEN<\/span><\/a>[\/vc_column][vc_column width=&#8221;1\/2&#8243; css=&#8221;.vc_custom_1660905577148{padding-top: 70px !important;}&#8221;][vc_single_image image=&#8221;135207&#8243; img_size=&#8221;large&#8221;][\/vc_column][\/vc_row][vc_row][vc_column][vc_single_image image=&#8221;3450&#8243; img_size=&#8221;full&#8221;][\/vc_column][\/vc_row][vc_row][vc_column][vc_wp_text]Den ursprungliga mini bob i den klassiska r\u00f6d\/svarta f\u00e4rgen - den evigt gr\u00f6na bland plastbobbar[\/vc_wp_text][\/vc_column][\/vc_row]<\/p>\n<\/div>","protected":false},"excerpt":{"rendered":"<p>[vc_row][vc_column width=&#8221;1\/2&#8243;][\/vc_column][vc_column width=&#8221;1\/2&#8243;][vc_custom_heading text=&#8221;Den ursprungliga mini bob (Zipflbob) i r\u00f6tt&#8221; google_fonts=&#8221;font_family:Roboto%20Condensed%3A300%2C300italic%2Cregular%2Citalic%2C700%2C700italic|font_style:400%20regular%3A400%3Anormal&#8221;][vc_wp_text]Den ursprungliga mini bob (Zipflbob) i f\u00e4rgen r\u00f6d har funnits sedan 1976. Tillverkare fr\u00e5n Fj\u00e4rran \u00d6stern anv\u00e4nder nu ocks\u00e5 f\u00e4rgkombinationen &#8221;r\u00f6d och svart&#8221; f\u00f6r sina kopior f\u00f6r att ge intryck av att detta \u00e4r den ursprungliga mini bob. Endast med den ursprungliga mini bob-logotypen \u00e4r&hellip;<\/p>\n","protected":false},"author":1,"featured_media":0,"parent":0,"menu_order":0,"comment_status":"closed","ping_status":"closed","template":"","meta":{"_acf_changed":false,"footnotes":""},"class_list":["post-157168","page","type-page","status-publish","hentry","description-off"],"acf":[],"_links":{"self":[{"href":"https:\/\/mini-bob.com\/sv\/wp-json\/wp\/v2\/pages\/157168","targetHints":{"allow":["GET"]}}],"collection":[{"href":"https:\/\/mini-bob.com\/sv\/wp-json\/wp\/v2\/pages"}],"about":[{"href":"https:\/\/mini-bob.com\/sv\/wp-json\/wp\/v2\/types\/page"}],"author":[{"embeddable":true,"href":"https:\/\/mini-bob.com\/sv\/wp-json\/wp\/v2\/users\/1"}],"replies":[{"embeddable":true,"href":"https:\/\/mini-bob.com\/sv\/wp-json\/wp\/v2\/comments?post=157168"}],"version-history":[{"count":10,"href":"https:\/\/mini-bob.com\/sv\/wp-json\/wp\/v2\/pages\/157168\/revisions"}],"predecessor-version":[{"id":157195,"href":"https:\/\/mini-bob.com\/sv\/wp-json\/wp\/v2\/pages\/157168\/revisions\/157195"}],"wp:attachment":[{"href":"https:\/\/mini-bob.com\/sv\/wp-json\/wp\/v2\/media?parent=157168"}],"curies":[{"name":"wp","href":"https:\/\/api.w.org\/{rel}","templated":true}]}}