{"id":158322,"date":"2015-10-27T16:51:48","date_gmt":"2015-10-27T15:51:48","guid":{"rendered":"https:\/\/mini-bob.com\/der-gelbe-mini-bob-zipflbob\/"},"modified":"2025-11-23T10:10:29","modified_gmt":"2025-11-23T09:10:29","slug":"der-gelbe-mini-bob-zipflbob","status":"publish","type":"page","link":"https:\/\/mini-bob.com\/sv\/der-gelbe-mini-bob-zipflbob\/","title":{"rendered":"den gula mini bob \/ Zipflbob"},"content":{"rendered":"<div class=\"wpb-content-wrapper\"><p>[vc_row][vc_column width=&#8221;1\/2&#8243;][vc_single_image image=&#8221;146149&#8243; img_size=&#8221;large&#8221;][\/vc_column][vc_column width=&#8221;1\/2&#8243;][vc_custom_heading text=&#8221;Den ursprungliga mini bob (Zipflbob) i gult&#8221; google_fonts=&#8221;font_family:Roboto%20Condensed%3A300%2C300italic%2Cregular%2Citalic%2C700%2C700italic|font_style:400%20regular%3A400%3Anormal&#8221;][vc_column_text]Mini bob (Zipflbob) tillverkades och s\u00e5ldes i f\u00e4rgen gul fr\u00e5n 1976 till 2010.<\/p>\n<p>I Zipflbobs barndom tillverkades och s\u00e5ldes den lilla plastsl\u00e4den\/plastboben fortfarande med ett gult handtag (Zipfl) och endast en svart sits. Senare, fr\u00e5n 1980-talet och fram\u00e5t, blev \u00e4ven handtaget svart och den gula f\u00e4rgen blev starkare. <\/p>\n<p>Precis som den r\u00f6da zipflboben och den bl\u00e5 zipflboben blev den gula zipflboben en evergreen. Den gula f\u00e4rgen ersattes av orange f\u00f6rst 2010. <\/p>\n<p>Sedan 2017 finns det en ny upplaga av den ursprungliga mini bob i f\u00e4rgen gul.[\/vc_column_text]<style type=\"text\/css\" data-type=\"the7_shortcodes-inline-css\">#default-btn-a5c977ca70e464d02aa8a59ac8a717cb.ico-right-side > i {\n  margin-right: 0px;\n  margin-left: 8px;\n}\n#default-btn-a5c977ca70e464d02aa8a59ac8a717cb > i {\n  margin-right: 8px;\n}<\/style><a href=\"https:\/\/mini-bob.com\/sv\/produkt\/mini-bob-kaelke-sledge-in-gul-yellow\/\" class=\"default-btn-shortcode dt-btn dt-btn-l pulse animate-element animation-builder link-hover-off btn-inline-left \" id=\"default-btn-a5c977ca70e464d02aa8a59ac8a717cb\" title=\"+UTF\u00d6RS\u00c5LD+ original mini bob (Zipflbob) i gult\"><span>K\u00d6PA GUL ZIPFLBOB<\/span><\/a>[\/vc_column][\/vc_row][vc_row][vc_column][vc_empty_space][\/vc_column][\/vc_row][vc_row][vc_column width=&#8221;1\/2&#8243;][vc_empty_space height=&#8221;70px&#8221;][vc_custom_heading text=&#8221;1980 Prototyp gul bob med m\u00e5lat handtag (Zipfy)&#8221; google_fonts=&#8221;font_family:Roboto%20Condensed%3A300%2C300italic%2Cregular%2Citalic%2C700%2C700italic|font_style:400%20regular%3A400%3Anormal&#8221;][vc_empty_space height=&#8221;50px&#8221;]<style type=\"text\/css\" data-type=\"the7_shortcodes-inline-css\">#default-btn-f3e23f8f02e9eba5875899173ee10dfd.ico-right-side > i {\n  margin-right: 0px;\n  margin-left: 8px;\n}\n#default-btn-f3e23f8f02e9eba5875899173ee10dfd > i {\n  margin-right: 8px;\n}<\/style><a href=\"https:\/\/mini-bob.com\/sv\/mini-bob\/\" class=\"default-btn-shortcode dt-btn dt-btn-l pulse animate-element animation-builder link-hover-off btn-inline-left \" id=\"default-btn-f3e23f8f02e9eba5875899173ee10dfd\" title=\"mini bob\"><span>MINI BOB I ANDRA F\u00c4RGER<\/span><\/a>[vc_empty_space]<style type=\"text\/css\" data-type=\"the7_shortcodes-inline-css\">#default-btn-192da1195f789a1f156e744257e611e0.ico-right-side > i {\n  margin-right: 0px;\n  margin-left: 8px;\n}\n#default-btn-192da1195f789a1f156e744257e611e0 > i {\n  margin-right: 8px;\n}<\/style><a href=\"https:\/\/mini-bob.com\/mini-bob-zipfelbob-shop\/\" class=\"default-btn-shortcode dt-btn dt-btn-l pulse animate-element animation-builder link-hover-off btn-inline-left \" id=\"default-btn-192da1195f789a1f156e744257e611e0\" title=\"Original mini bob (Zipflbob) Butik\"><span>KLICKA H\u00c4R F\u00d6R ATT KOMMA DIREKT TILL BUTIKEN<\/span><\/a>[\/vc_column][vc_column width=&#8221;1\/2&#8243;][vc_single_image image=&#8221;3259&#8243; img_size=&#8221;large&#8221;][\/vc_column][\/vc_row]<\/p>\n<\/div>","protected":false},"excerpt":{"rendered":"<p>[vc_row][vc_column width=&#8221;1\/2&#8243;][vc_single_image image=&#8221;146149&#8243; img_size=&#8221;large&#8221;][\/vc_column][vc_column width=&#8221;1\/2&#8243;][vc_custom_heading text=&#8221;Den ursprungliga mini bob (Zipflbob) i gult&#8221; google_fonts=&#8221;font_family:Roboto%20Condensed%3A300%2C300italic%2Cregular%2Citalic%2C700%2C700italic|font_style:400%20regular%3A400%3Anormal&#8221;][vc_column_text]Mini bob (Zipflbob) tillverkades och s\u00e5ldes i f\u00e4rgen gul fr\u00e5n 1976 till 2010. I Zipflbobs barndom tillverkades och s\u00e5ldes den lilla plastsl\u00e4den\/plastboben fortfarande med ett gult handtag (Zipfl) och endast en svart sits. Senare, fr\u00e5n 1980-talet och fram\u00e5t, blev \u00e4ven handtaget svart och&hellip;<\/p>\n","protected":false},"author":1,"featured_media":0,"parent":0,"menu_order":0,"comment_status":"closed","ping_status":"closed","template":"","meta":{"_acf_changed":false,"footnotes":""},"class_list":["post-158322","page","type-page","status-publish","hentry","description-off"],"acf":[],"_links":{"self":[{"href":"https:\/\/mini-bob.com\/sv\/wp-json\/wp\/v2\/pages\/158322","targetHints":{"allow":["GET"]}}],"collection":[{"href":"https:\/\/mini-bob.com\/sv\/wp-json\/wp\/v2\/pages"}],"about":[{"href":"https:\/\/mini-bob.com\/sv\/wp-json\/wp\/v2\/types\/page"}],"author":[{"embeddable":true,"href":"https:\/\/mini-bob.com\/sv\/wp-json\/wp\/v2\/users\/1"}],"replies":[{"embeddable":true,"href":"https:\/\/mini-bob.com\/sv\/wp-json\/wp\/v2\/comments?post=158322"}],"version-history":[{"count":17,"href":"https:\/\/mini-bob.com\/sv\/wp-json\/wp\/v2\/pages\/158322\/revisions"}],"predecessor-version":[{"id":158506,"href":"https:\/\/mini-bob.com\/sv\/wp-json\/wp\/v2\/pages\/158322\/revisions\/158506"}],"wp:attachment":[{"href":"https:\/\/mini-bob.com\/sv\/wp-json\/wp\/v2\/media?parent=158322"}],"curies":[{"name":"wp","href":"https:\/\/api.w.org\/{rel}","templated":true}]}}