{"id":2930,"date":"2016-08-20T17:50:45","date_gmt":"2016-08-20T15:50:45","guid":{"rendered":"https:\/\/mini-bob.com\/?page_id=2930"},"modified":"2025-11-22T18:57:29","modified_gmt":"2025-11-22T17:57:29","slug":"impressum","status":"publish","type":"page","link":"https:\/\/mini-bob.com\/sv\/impressum\/","title":{"rendered":"Avtryck"},"content":{"rendered":"<p>Detta juridiska meddelande g\u00e4ller \u00e4ven f\u00f6r v\u00e5ra f\u00f6retagssidor p\u00e5 <a href=\"https:\/\/www.facebook.com\/zipflbob\/\" target=\"_blank\" rel=\"noopener nofollow\">Facebook<\/a>, <a href=\"https:\/\/www.youtube.com\/channel\/UCn3eWIhTjy0_Tq4BEy463OQ\" target=\"_blank\" rel=\"noopener nofollow\">YouTube<\/a>.<\/p>\n<h1>Avtryck<\/h1>\n<h2>Information enligt \u00a7 5 TMG<\/h2>\n<p>Loeger GmbH<br \/>\nHauptstr. 57<br \/>\n82327 Tutzing <\/p>\n<h2>F\u00f6retr\u00e4dd av<\/h2>\n<p>Siegmund L\u00f6ger<\/p>\n<h2>Kontakta oss<\/h2>\n<p>Telefon: +49 (0)8158 92101<br \/>\nFax: +49 (0)8158 7288<br \/>\nE-post: info@mini-bob.com<\/p>\n<h2>Registrera post<\/h2>\n<p>Registrering i handelsregistret.<br \/>\nRegisterdomstol: M\u00fcnchen HRB 54019<br \/>\nRegisternummer: HRB 54019<\/p>\n<h2>Merv\u00e4rdesskatt<\/h2>\n<p>Identifikationsnummer f\u00f6r merv\u00e4rdesskatt enligt \u00a7 27 a i merv\u00e4rdesskattelagen:<br \/>\nDE128234280<\/p>\n<h2>Tvistl\u00f6sning<\/h2>\n<p>Europeiska kommissionen tillhandah\u00e5ller en plattform f\u00f6r tvistl\u00f6sning online (OS): <a href=\"https:\/\/ec.europa.eu\/consumers\/odr\" target=\"_blank\" rel=\"noopener nofollow\">https:\/\/ec.europa.eu\/consumers\/odr.<\/a><br \/>\nDu hittar v\u00e5r e-postadress i det juridiska meddelandet ovan.<\/p>\n<p>Vi \u00e4r inte villiga eller skyldiga att delta i tvistl\u00f6sningsf\u00f6rfaranden inf\u00f6r en skiljen\u00e4mnd f\u00f6r konsumenter.<\/p>\n<h3>Ansvar f\u00f6r inneh\u00e5ll<\/h3>\n<p>Som tj\u00e4nsteleverant\u00f6r \u00e4r vi ansvariga f\u00f6r v\u00e5rt eget inneh\u00e5ll p\u00e5 dessa sidor i enlighet med allm\u00e4n lagstiftning. Som tj\u00e4nsteleverant\u00f6r \u00e4r vi dock inte skyldiga att \u00f6vervaka \u00f6verf\u00f6rd eller lagrad information fr\u00e5n tredje part eller att utreda omst\u00e4ndigheter som tyder p\u00e5 olaglig verksamhet. <\/p>\n<p>Skyldigheter att ta bort eller blockera anv\u00e4ndningen av information i enlighet med allm\u00e4n lagstiftning p\u00e5verkas inte av detta. Ansvar i detta avseende \u00e4r dock endast m\u00f6jligt fr\u00e5n och med den tidpunkt d\u00e5 vi blir medvetna om en specifik \u00f6vertr\u00e4delse. S\u00e5 snart vi blir medvetna om s\u00e5dana \u00f6vertr\u00e4delser kommer vi att ta bort detta inneh\u00e5ll omedelbart.  <\/p>\n<h3>Ansvar f\u00f6r l\u00e4nkar<\/h3>\n<p>V\u00e5r webbplats inneh\u00e5ller l\u00e4nkar till externa webbplatser fr\u00e5n tredje part vars inneh\u00e5ll vi inte har n\u00e5got inflytande \u00f6ver. D\u00e4rf\u00f6r kan vi inte ta n\u00e5got ansvar f\u00f6r detta inneh\u00e5ll fr\u00e5n tredje part. Respektive leverant\u00f6r eller operat\u00f6r av sidorna \u00e4r alltid ansvarig f\u00f6r inneh\u00e5llet p\u00e5 de l\u00e4nkade sidorna. De l\u00e4nkade sidorna har vid tidpunkten f\u00f6r l\u00e4nkningen kontrollerats med avseende p\u00e5 eventuella lag\u00f6vertr\u00e4delser. Olagligt inneh\u00e5ll kunde inte identifieras vid tidpunkten f\u00f6r l\u00e4nkningen.    <\/p>\n<p>En permanent \u00f6vervakning av inneh\u00e5llet p\u00e5 de l\u00e4nkade sidorna \u00e4r dock inte rimlig utan konkreta bevis p\u00e5 en \u00f6vertr\u00e4delse. Om vi f\u00e5r k\u00e4nnedom om lag\u00f6vertr\u00e4delser kommer vi omedelbart att ta bort s\u00e5dana l\u00e4nkar. <\/p>\n<h3>Upphovsr\u00e4tt<\/h3>\n<p>Inneh\u00e5llet och de verk som skapats av webbplatsoperat\u00f6rerna p\u00e5 dessa sidor omfattas av tysk upphovsr\u00e4ttslagstiftning. Kopiering, bearbetning, distribution och all annan anv\u00e4ndning utanf\u00f6r upphovsr\u00e4ttslagens gr\u00e4nser kr\u00e4ver skriftligt medgivande fr\u00e5n respektive f\u00f6rfattare eller upphovsman. Nedladdningar och kopior av denna webbplats \u00e4r endast till\u00e5tna f\u00f6r privat, icke-kommersiellt bruk.  <\/p>\n<p>I den m\u00e5n inneh\u00e5llet p\u00e5 denna webbplats inte har skapats av operat\u00f6ren respekteras tredje parts upphovsr\u00e4tt. I synnerhet inneh\u00e5ll fr\u00e5n tredje part \u00e4r m\u00e4rkt som s\u00e5dant. Om du \u00e4nd\u00e5 skulle f\u00e5 k\u00e4nnedom om ett upphovsr\u00e4ttsintr\u00e5ng, ber vi dig att informera oss om detta. Om vi f\u00e5r k\u00e4nnedom om n\u00e5got intr\u00e5ng kommer vi omedelbart att ta bort inneh\u00e5llet.<br \/>\n<div class=\"woocommerce woocommerce-gzd woocommerce-gzd-complaints-shortcode\">\n\t\t\t<h3>Alternative Dispute Resolution in accordance with Art. 14 (1) ODR-VO and \u00a7 36 VSBG:<\/h3>\n\t\nZur Teilnahme an einem Streitbeilegungsverfahren vor einer Verbraucherschlichtungsstelle sind wir nicht verpflichtet und nicht bereit.<\/div>\n","protected":false},"excerpt":{"rendered":"<p>Detta juridiska meddelande g\u00e4ller \u00e4ven f\u00f6r v\u00e5ra f\u00f6retagssidor p\u00e5 Facebook, YouTube. Avtryck Information enligt \u00a7 5 TMG Loeger GmbH Hauptstr. 57 82327 Tutzing F\u00f6retr\u00e4dd av Siegmund L\u00f6ger Kontakta oss Telefon: +49 (0)8158 92101 Fax: +49 (0)8158 7288 E-post: info@mini-bob.com Registrera post Registrering i handelsregistret. Registerdomstol: M\u00fcnchen HRB 54019 Registernummer: HRB 54019 Merv\u00e4rdesskatt Identifikationsnummer f\u00f6r merv\u00e4rdesskatt&hellip;<\/p>\n","protected":false},"author":1,"featured_media":0,"parent":0,"menu_order":0,"comment_status":"closed","ping_status":"closed","template":"","meta":{"_acf_changed":false,"footnotes":""},"class_list":["post-2930","page","type-page","status-publish","hentry","description-off"],"acf":[],"_links":{"self":[{"href":"https:\/\/mini-bob.com\/sv\/wp-json\/wp\/v2\/pages\/2930","targetHints":{"allow":["GET"]}}],"collection":[{"href":"https:\/\/mini-bob.com\/sv\/wp-json\/wp\/v2\/pages"}],"about":[{"href":"https:\/\/mini-bob.com\/sv\/wp-json\/wp\/v2\/types\/page"}],"author":[{"embeddable":true,"href":"https:\/\/mini-bob.com\/sv\/wp-json\/wp\/v2\/users\/1"}],"replies":[{"embeddable":true,"href":"https:\/\/mini-bob.com\/sv\/wp-json\/wp\/v2\/comments?post=2930"}],"version-history":[{"count":10,"href":"https:\/\/mini-bob.com\/sv\/wp-json\/wp\/v2\/pages\/2930\/revisions"}],"predecessor-version":[{"id":156877,"href":"https:\/\/mini-bob.com\/sv\/wp-json\/wp\/v2\/pages\/2930\/revisions\/156877"}],"wp:attachment":[{"href":"https:\/\/mini-bob.com\/sv\/wp-json\/wp\/v2\/media?parent=2930"}],"curies":[{"name":"wp","href":"https:\/\/api.w.org\/{rel}","templated":true}]}}