{"id":2945,"date":"2016-08-21T19:25:23","date_gmt":"2016-08-21T17:25:23","guid":{"rendered":"https:\/\/mini-bob.com\/?page_id=2945"},"modified":"2025-11-22T19:04:59","modified_gmt":"2025-11-22T18:04:59","slug":"mini-bob-paa-1990-talet","status":"publish","type":"page","link":"https:\/\/mini-bob.com\/sv\/mini-bob-paa-1990-talet\/","title":{"rendered":"mini bob p\u00e5 1990-talet"},"content":{"rendered":"<div class=\"wpb-content-wrapper\"><p>[vc_row][vc_column][vc_custom_heading text=&#8221;1990-talet&#8221; google_fonts=&#8221;font_family:Roboto%20Condensed%3A300%2C300italic%2Cregular%2Citalic%2C700%2C700italic|font_style:400%20regular%3A400%3Anormal&#8221;][vc_column_text]Det var &#8221;kidsen&#8221; p\u00e5 1980-talet som b\u00f6rjade etablera mini bob som sportutrustning och sportgren. De susade nerf\u00f6r backarna allt snabbare och mer v\u00e5ghalsigt. De tr\u00e4ffade sina v\u00e4nner, inte f\u00f6r att \u00e5ka k\u00e4lke, utan f\u00f6r att \u00e5ka &#8221;zip racing&#8221;. Det innebar att man \u00e5kte mini bob p\u00e5 st\u00e4ngda k\u00e4lkbanor genom skogen eller i utf\u00f6rs- och slalomlopp i skidsp\u00e5ret.   <\/p>\n<p>Runt millennieskiftet grundades de f\u00f6rsta klubbarna f\u00f6r mini bob \/ zipflbob och de f\u00f6rsta professionella t\u00e4vlingarna h\u00f6lls.[\/vc_column_text][\/vc_column][\/vc_row][vc_row][vc_column][vc_empty_space][\/vc_column][\/vc_row][vc_row][vc_column]<style type=\"text\/css\" data-type=\"the7_shortcodes-inline-css\">#default-btn-ee090e6ecf19038960465202feba6142.ico-right-side > i {\n  margin-right: 0px;\n  margin-left: 8px;\n}\n#default-btn-ee090e6ecf19038960465202feba6142 > i {\n  margin-right: 8px;\n}<\/style><a href=\"https:\/\/mini-bob.com\/sv\/historia-mini-bob-pulka\/\" class=\"default-btn-shortcode dt-btn dt-btn-l pulse animate-element animation-builder link-hover-off btn-inline-left \" id=\"default-btn-ee090e6ecf19038960465202feba6142\" title=\"Historia\"><span>H\u00c4R G\u00c5R VI TILLBAKA TILL 1970-TALET<\/span><\/a>[\/vc_column][\/vc_row][vc_row][vc_column][vc_empty_space][\/vc_column][\/vc_row][vc_row][vc_column]<style type=\"text\/css\" data-type=\"the7_shortcodes-inline-css\">.gallery-shortcode.gallery-masonry-shortcode-id-9d12967bd02ff59a88e11d21cda23cf7 figure,\n.gallery-shortcode.gallery-masonry-shortcode-id-9d12967bd02ff59a88e11d21cda23cf7 .rollover,\n.gallery-shortcode.gallery-masonry-shortcode-id-9d12967bd02ff59a88e11d21cda23cf7 img,\n.gallery-shortcode.gallery-masonry-shortcode-id-9d12967bd02ff59a88e11d21cda23cf7 .gallery-rollover {\n  border-radius: 0px;\n}\n.gallery-shortcode.gallery-masonry-shortcode-id-9d12967bd02ff59a88e11d21cda23cf7.enable-bg-rollover .gallery-rollover {\n  background: -webkit-linear-gradient();\n  background: linear-gradient();\n}\n.gallery-shortcode.gallery-masonry-shortcode-id-9d12967bd02ff59a88e11d21cda23cf7.enable-bg-rollover.hover-scale figure .rollover:after {\n  background: -webkit-linear-gradient();\n  background: linear-gradient();\n}\n.gallery-shortcode.gallery-masonry-shortcode-id-9d12967bd02ff59a88e11d21cda23cf7 .gallery-zoom-ico {\n  width: 44px;\n  height: 44px;\n  line-height: 44px;\n  border-radius: 100px;\n  margin: -22px 0 0 -22px;\n  border-width: 0px;\n  color: #ffffff;\n}\n.dt-icon-bg-on.gallery-shortcode.gallery-masonry-shortcode-id-9d12967bd02ff59a88e11d21cda23cf7 .gallery-zoom-ico {\n  background: rgba(255,255,255,0.3);\n  box-shadow: none;\n}\n.gallery-shortcode.gallery-masonry-shortcode-id-9d12967bd02ff59a88e11d21cda23cf7 .gallery-zoom-ico:before,\n.gallery-shortcode.gallery-masonry-shortcode-id-9d12967bd02ff59a88e11d21cda23cf7 .gallery-zoom-ico span {\n  font-size: 32px;\n  line-height: 44px;\n  color: #ffffff;\n}\n.gallery-shortcode.gallery-masonry-shortcode-id-9d12967bd02ff59a88e11d21cda23cf7:not(.resize-by-browser-width) .dt-css-grid {\n  grid-row-gap: 10px;\n  grid-column-gap: 10px;\n  grid-template-columns: repeat(auto-fill,minmax(,1fr));\n}\n.gallery-shortcode.gallery-masonry-shortcode-id-9d12967bd02ff59a88e11d21cda23cf7:not(.resize-by-browser-width) .dt-css-grid .double-width {\n  grid-column: span 2;\n}\n.cssgridlegacy.no-cssgrid .gallery-shortcode.gallery-masonry-shortcode-id-9d12967bd02ff59a88e11d21cda23cf7:not(.resize-by-browser-width) .dt-css-grid,\n.no-cssgridlegacy.no-cssgrid .gallery-shortcode.gallery-masonry-shortcode-id-9d12967bd02ff59a88e11d21cda23cf7:not(.resize-by-browser-width) .dt-css-grid {\n  display: flex;\n  flex-flow: row wrap;\n  margin: -5px;\n}\n.cssgridlegacy.no-cssgrid .gallery-shortcode.gallery-masonry-shortcode-id-9d12967bd02ff59a88e11d21cda23cf7:not(.resize-by-browser-width) .dt-css-grid .wf-cell,\n.no-cssgridlegacy.no-cssgrid .gallery-shortcode.gallery-masonry-shortcode-id-9d12967bd02ff59a88e11d21cda23cf7:not(.resize-by-browser-width) .dt-css-grid .wf-cell {\n  flex: 1 0 ;\n  max-width: 100%;\n  padding: 5px;\n  box-sizing: border-box;\n}\n.gallery-shortcode.gallery-masonry-shortcode-id-9d12967bd02ff59a88e11d21cda23cf7.resize-by-browser-width .dt-css-grid {\n  grid-template-columns: repeat(6,1fr);\n  grid-template-rows: auto;\n  grid-column-gap: 10px;\n  grid-row-gap: 10px;\n}\n.gallery-shortcode.gallery-masonry-shortcode-id-9d12967bd02ff59a88e11d21cda23cf7.resize-by-browser-width .dt-css-grid .double-width {\n  grid-column: span 2;\n}\n.cssgridlegacy.no-cssgrid .gallery-shortcode.gallery-masonry-shortcode-id-9d12967bd02ff59a88e11d21cda23cf7.resize-by-browser-width .dt-css-grid {\n  margin: -5px;\n}\n.cssgridlegacy.no-cssgrid .gallery-shortcode.gallery-masonry-shortcode-id-9d12967bd02ff59a88e11d21cda23cf7.resize-by-browser-width .dt-css-grid .wf-cell {\n  width: 16.666666666667%;\n  padding: 5px;\n}\n.cssgridlegacy.no-cssgrid .gallery-shortcode.gallery-masonry-shortcode-id-9d12967bd02ff59a88e11d21cda23cf7.resize-by-browser-width .dt-css-grid .wf-cell.double-width {\n  width: calc(16.666666666667%) * 2;\n}\n.gallery-shortcode.gallery-masonry-shortcode-id-9d12967bd02ff59a88e11d21cda23cf7.resize-by-browser-width:not(.centered-layout-list):not(.content-bg-on) .dt-css-grid {\n  grid-row-gap: 10px - ;\n}\n@media screen and (max-width: 1199px) {\n  .gallery-shortcode.gallery-masonry-shortcode-id-9d12967bd02ff59a88e11d21cda23cf7.resize-by-browser-width .dt-css-grid {\n    grid-template-columns: repeat(4,1fr);\n  }\n  .cssgridlegacy.no-cssgrid .gallery-shortcode.gallery-masonry-shortcode-id-9d12967bd02ff59a88e11d21cda23cf7.resize-by-browser-width .dt-css-grid .wf-cell,\n  .no-cssgridlegacy.no-cssgrid .gallery-shortcode.gallery-masonry-shortcode-id-9d12967bd02ff59a88e11d21cda23cf7.resize-by-browser-width .dt-css-grid .wf-cell {\n    width: 25%;\n  }\n  .cssgridlegacy.no-cssgrid .gallery-shortcode.gallery-masonry-shortcode-id-9d12967bd02ff59a88e11d21cda23cf7.resize-by-browser-width .dt-css-grid .wf-cell.double-width,\n  .no-cssgridlegacy.no-cssgrid .gallery-shortcode.gallery-masonry-shortcode-id-9d12967bd02ff59a88e11d21cda23cf7.resize-by-browser-width .dt-css-grid .wf-cell.double-width {\n    width: calc(25%)*2;\n  }\n}\n@media screen and (max-width: 991px) {\n  .gallery-shortcode.gallery-masonry-shortcode-id-9d12967bd02ff59a88e11d21cda23cf7.resize-by-browser-width .dt-css-grid {\n    grid-template-columns: repeat(3,1fr);\n  }\n  .cssgridlegacy.no-cssgrid .gallery-shortcode.gallery-masonry-shortcode-id-9d12967bd02ff59a88e11d21cda23cf7.resize-by-browser-width .dt-css-grid .wf-cell,\n  .no-cssgridlegacy.no-cssgrid .gallery-shortcode.gallery-masonry-shortcode-id-9d12967bd02ff59a88e11d21cda23cf7.resize-by-browser-width .dt-css-grid .wf-cell {\n    width: 33.333333333333%;\n  }\n  .cssgridlegacy.no-cssgrid .gallery-shortcode.gallery-masonry-shortcode-id-9d12967bd02ff59a88e11d21cda23cf7.resize-by-browser-width .dt-css-grid .wf-cell.double-width,\n  .no-cssgridlegacy.no-cssgrid .gallery-shortcode.gallery-masonry-shortcode-id-9d12967bd02ff59a88e11d21cda23cf7.resize-by-browser-width .dt-css-grid .wf-cell.double-width {\n    width: calc(33.333333333333%)*2;\n  }\n}\n@media screen and (max-width: 767px) {\n  .gallery-shortcode.gallery-masonry-shortcode-id-9d12967bd02ff59a88e11d21cda23cf7.resize-by-browser-width .dt-css-grid {\n    grid-template-columns: repeat(2,1fr);\n  }\n  .cssgridlegacy.no-cssgrid .gallery-shortcode.gallery-masonry-shortcode-id-9d12967bd02ff59a88e11d21cda23cf7.resize-by-browser-width .dt-css-grid .wf-cell,\n  .no-cssgridlegacy.no-cssgrid .gallery-shortcode.gallery-masonry-shortcode-id-9d12967bd02ff59a88e11d21cda23cf7.resize-by-browser-width .dt-css-grid .wf-cell {\n    width: 50%;\n  }\n  .cssgridlegacy.no-cssgrid .gallery-shortcode.gallery-masonry-shortcode-id-9d12967bd02ff59a88e11d21cda23cf7.resize-by-browser-width .dt-css-grid .wf-cell.double-width,\n  .no-cssgridlegacy.no-cssgrid .gallery-shortcode.gallery-masonry-shortcode-id-9d12967bd02ff59a88e11d21cda23cf7.resize-by-browser-width .dt-css-grid .wf-cell.double-width {\n    width: calc(50%)*2;\n  }\n}<\/style><div class=\"gallery-shortcode dt-gallery-container gallery-masonry-shortcode-id-9d12967bd02ff59a88e11d21cda23cf7 mode-masonry jquery-filter dt-icon-bg-off quick-scale-img enable-bg-rollover resize-by-browser-width  hover-fade loading-effect-fade-in description-on-hover\" data-padding=\"5px\" data-cur-page=\"1\" data-post-limit=\"-1\" data-pagination-mode=\"none\" data-desktop-columns-num=\"6\" data-v-tablet-columns-num=\"3\" data-h-tablet-columns-num=\"4\" data-phone-columns-num=\"2\" data-width=\"0px\" data-columns=\"0\"><div class=\"iso-container\" ><div class=\"wf-cell iso-item\" data-post-id=\"3343\" data-date=\"2015-03-03T16:39:29+01:00\" data-name=\"RACE093-1024\"><figure class=\"post visible\"><a href=\"https:\/\/mini-bob.com\/wp-content\/uploads\/2015\/03\/RACE093-1024.jpg\" class=\"rollover dt-pswp-item layzr-bg\" data-large_image_width=\"1024\" data-large_image_height=\"677\" data-dt-img-description=\"\" title=\"RACE093-1024\"><img fetchpriority=\"high\" decoding=\"async\" class=\"preload-me iso-lazy-load aspect\" src=\"data:image\/svg+xml,%3Csvg%20xmlns%3D&#039;http%3A%2F%2Fwww.w3.org%2F2000%2Fsvg&#039;%20viewBox%3D&#039;0%200%20379%20379&#039;%2F%3E\" data-src=\"https:\/\/mini-bob.com\/wp-content\/uploads\/2015\/03\/RACE093-1024-379x379.jpg\" data-srcset=\"https:\/\/mini-bob.com\/wp-content\/uploads\/2015\/03\/RACE093-1024-379x379.jpg 379w, https:\/\/mini-bob.com\/wp-content\/uploads\/2015\/03\/RACE093-1024-569x569.jpg 569w\" loading=\"eager\" style=\"--ratio: 379 \/ 379\" sizes=\"(max-width: 379px) 100vw, 379px\" alt=\"\" width=\"379\" height=\"379\"><span class=\"gallery-rollover\"><span class=\"gallery-zoom-ico icomoon-the7-font-the7-zoom-06\"><span><\/span><\/span><\/span><\/a><\/figure><\/div><div class=\"wf-cell iso-item\" data-post-id=\"3341\" data-date=\"2015-03-03T16:38:49+01:00\" data-name=\"JUMP-09-1024\"><figure class=\"post visible\"><a href=\"https:\/\/mini-bob.com\/wp-content\/uploads\/2015\/03\/JUMP-09-1024.jpg\" class=\"rollover dt-pswp-item layzr-bg\" data-large_image_width=\"1024\" data-large_image_height=\"683\" data-dt-img-description=\"\" title=\"JUMP-09-1024\"><img decoding=\"async\" class=\"preload-me iso-lazy-load aspect\" src=\"data:image\/svg+xml,%3Csvg%20xmlns%3D&#039;http%3A%2F%2Fwww.w3.org%2F2000%2Fsvg&#039;%20viewBox%3D&#039;0%200%20379%20379&#039;%2F%3E\" data-src=\"https:\/\/mini-bob.com\/wp-content\/uploads\/2015\/03\/JUMP-09-1024-379x379.jpg\" data-srcset=\"https:\/\/mini-bob.com\/wp-content\/uploads\/2015\/03\/JUMP-09-1024-379x379.jpg 379w, https:\/\/mini-bob.com\/wp-content\/uploads\/2015\/03\/JUMP-09-1024-569x569.jpg 569w\" loading=\"eager\" style=\"--ratio: 379 \/ 379\" sizes=\"(max-width: 379px) 100vw, 379px\" alt=\"\" width=\"379\" height=\"379\"><span class=\"gallery-rollover\"><span class=\"gallery-zoom-ico icomoon-the7-font-the7-zoom-06\"><span><\/span><\/span><\/span><\/a><\/figure><\/div><div class=\"wf-cell iso-item\" data-post-id=\"3339\" data-date=\"2015-03-03T16:32:56+01:00\" data-name=\"KingofBob\"><figure class=\"post visible\"><a href=\"https:\/\/mini-bob.com\/wp-content\/uploads\/2015\/03\/KingofBob.jpg\" class=\"rollover dt-pswp-item layzr-bg\" data-large_image_width=\"1600\" data-large_image_height=\"1200\" data-dt-img-description=\"\" title=\"KingofBob\"><img decoding=\"async\" class=\"preload-me iso-lazy-load aspect\" src=\"data:image\/svg+xml,%3Csvg%20xmlns%3D&#039;http%3A%2F%2Fwww.w3.org%2F2000%2Fsvg&#039;%20viewBox%3D&#039;0%200%20379%20379&#039;%2F%3E\" data-src=\"https:\/\/mini-bob.com\/wp-content\/uploads\/2015\/03\/KingofBob-379x379.jpg\" data-srcset=\"https:\/\/mini-bob.com\/wp-content\/uploads\/2015\/03\/KingofBob-379x379.jpg 379w, https:\/\/mini-bob.com\/wp-content\/uploads\/2015\/03\/KingofBob-569x569.jpg 569w\" loading=\"eager\" style=\"--ratio: 379 \/ 379\" sizes=\"(max-width: 379px) 100vw, 379px\" alt=\"\" width=\"379\" height=\"379\"><span class=\"gallery-rollover\"><span class=\"gallery-zoom-ico icomoon-the7-font-the7-zoom-06\"><span><\/span><\/span><\/span><\/a><\/figure><\/div><div class=\"wf-cell iso-item\" data-post-id=\"3192\" data-date=\"2015-02-14T12:22:35+01:00\" data-name=\"mini bob Prospekt 1990 Vorderseite\"><figure class=\"post visible\"><a href=\"https:\/\/mini-bob.com\/wp-content\/uploads\/2015\/02\/cl-03-cr.jpg\" class=\"rollover dt-pswp-item layzr-bg\" data-large_image_width=\"720\" data-large_image_height=\"1020\" data-dt-img-description=\"\" title=\"mini bob Prospekt 1990 Vorderseite\"><img decoding=\"async\" class=\"preload-me iso-lazy-load aspect\" src=\"data:image\/svg+xml,%3Csvg%20xmlns%3D&#039;http%3A%2F%2Fwww.w3.org%2F2000%2Fsvg&#039;%20viewBox%3D&#039;0%200%20379%20379&#039;%2F%3E\" data-src=\"https:\/\/mini-bob.com\/wp-content\/uploads\/2015\/02\/cl-03-cr-379x379.jpg\" data-srcset=\"https:\/\/mini-bob.com\/wp-content\/uploads\/2015\/02\/cl-03-cr-379x379.jpg 379w, https:\/\/mini-bob.com\/wp-content\/uploads\/2015\/02\/cl-03-cr-569x569.jpg 569w\" loading=\"eager\" style=\"--ratio: 379 \/ 379\" sizes=\"(max-width: 379px) 100vw, 379px\" alt=\"\" width=\"379\" height=\"379\"><span class=\"gallery-rollover\"><span class=\"gallery-zoom-ico icomoon-the7-font-the7-zoom-06\"><span><\/span><\/span><\/span><\/a><\/figure><\/div><div class=\"wf-cell iso-item\" data-post-id=\"3194\" data-date=\"2015-02-14T12:22:44+01:00\" data-name=\"mini bob Prospekt 1980 R\u00fcckseite\"><figure class=\"post visible\"><a href=\"https:\/\/mini-bob.com\/wp-content\/uploads\/2015\/02\/cl-06-cr.jpg\" class=\"rollover dt-pswp-item layzr-bg\" data-large_image_width=\"720\" data-large_image_height=\"1022\" data-dt-img-description=\"\" title=\"mini bob Prospekt 1980 R\u00fcckseite\"><img decoding=\"async\" class=\"preload-me iso-lazy-load aspect\" src=\"data:image\/svg+xml,%3Csvg%20xmlns%3D&#039;http%3A%2F%2Fwww.w3.org%2F2000%2Fsvg&#039;%20viewBox%3D&#039;0%200%20379%20379&#039;%2F%3E\" data-src=\"https:\/\/mini-bob.com\/wp-content\/uploads\/2015\/02\/cl-06-cr-379x379.jpg\" data-srcset=\"https:\/\/mini-bob.com\/wp-content\/uploads\/2015\/02\/cl-06-cr-379x379.jpg 379w, https:\/\/mini-bob.com\/wp-content\/uploads\/2015\/02\/cl-06-cr-569x569.jpg 569w\" loading=\"eager\" style=\"--ratio: 379 \/ 379\" sizes=\"(max-width: 379px) 100vw, 379px\" alt=\"\" width=\"379\" height=\"379\"><span class=\"gallery-rollover\"><span class=\"gallery-zoom-ico icomoon-the7-font-the7-zoom-06\"><span><\/span><\/span><\/span><\/a><\/figure><\/div><div class=\"wf-cell iso-item\" data-post-id=\"3119\" data-date=\"2015-01-20T15:58:56+01:00\" data-name=\"mini bob\"><figure class=\"post visible\"><a href=\"https:\/\/mini-bob.com\/wp-content\/uploads\/2015\/01\/mini-bob-race6.jpg\" class=\"rollover dt-pswp-item layzr-bg\" data-large_image_width=\"1179\" data-large_image_height=\"758\" data-dt-img-description=\"\" title=\"mini bob\"><img decoding=\"async\" class=\"preload-me iso-lazy-load aspect\" src=\"data:image\/svg+xml,%3Csvg%20xmlns%3D&#039;http%3A%2F%2Fwww.w3.org%2F2000%2Fsvg&#039;%20viewBox%3D&#039;0%200%20379%20379&#039;%2F%3E\" data-src=\"https:\/\/mini-bob.com\/wp-content\/uploads\/2015\/01\/mini-bob-race6-379x379.jpg\" data-srcset=\"https:\/\/mini-bob.com\/wp-content\/uploads\/2015\/01\/mini-bob-race6-379x379.jpg 379w, https:\/\/mini-bob.com\/wp-content\/uploads\/2015\/01\/mini-bob-race6-569x569.jpg 569w\" loading=\"eager\" style=\"--ratio: 379 \/ 379\" sizes=\"(max-width: 379px) 100vw, 379px\" alt=\"\" width=\"379\" height=\"379\"><span class=\"gallery-rollover\"><span class=\"gallery-zoom-ico icomoon-the7-font-the7-zoom-06\"><span><\/span><\/span><\/span><\/a><\/figure><\/div><div class=\"wf-cell iso-item\" data-post-id=\"3121\" data-date=\"2015-01-20T15:58:57+01:00\" data-name=\"zipfelbob-rennen1\"><figure class=\"post visible\"><a href=\"https:\/\/mini-bob.com\/wp-content\/uploads\/2015\/01\/zipfelbob-rennen1.jpg\" class=\"rollover dt-pswp-item layzr-bg\" data-large_image_width=\"1171\" data-large_image_height=\"781\" data-dt-img-description=\"\" title=\"zipfelbob-rennen1\"><img decoding=\"async\" class=\"preload-me iso-lazy-load aspect\" src=\"data:image\/svg+xml,%3Csvg%20xmlns%3D&#039;http%3A%2F%2Fwww.w3.org%2F2000%2Fsvg&#039;%20viewBox%3D&#039;0%200%20379%20379&#039;%2F%3E\" data-src=\"https:\/\/mini-bob.com\/wp-content\/uploads\/2015\/01\/zipfelbob-rennen1-379x379.jpg\" data-srcset=\"https:\/\/mini-bob.com\/wp-content\/uploads\/2015\/01\/zipfelbob-rennen1-379x379.jpg 379w, https:\/\/mini-bob.com\/wp-content\/uploads\/2015\/01\/zipfelbob-rennen1-569x569.jpg 569w\" loading=\"eager\" style=\"--ratio: 379 \/ 379\" sizes=\"(max-width: 379px) 100vw, 379px\" alt=\"\" width=\"379\" height=\"379\"><span class=\"gallery-rollover\"><span class=\"gallery-zoom-ico icomoon-the7-font-the7-zoom-06\"><span><\/span><\/span><\/span><\/a><\/figure><\/div><div class=\"wf-cell iso-item\" data-post-id=\"3125\" data-date=\"2015-01-20T15:59:00+01:00\" data-name=\"zipfelbob-rennen3\"><figure class=\"post visible\"><a href=\"https:\/\/mini-bob.com\/wp-content\/uploads\/2015\/01\/zipfelbob-rennen3.jpg\" class=\"rollover dt-pswp-item layzr-bg\" data-large_image_width=\"1073\" data-large_image_height=\"712\" data-dt-img-description=\"\" title=\"zipfelbob-rennen3\"><img decoding=\"async\" class=\"preload-me iso-lazy-load aspect\" src=\"data:image\/svg+xml,%3Csvg%20xmlns%3D&#039;http%3A%2F%2Fwww.w3.org%2F2000%2Fsvg&#039;%20viewBox%3D&#039;0%200%20379%20379&#039;%2F%3E\" data-src=\"https:\/\/mini-bob.com\/wp-content\/uploads\/2015\/01\/zipfelbob-rennen3-379x379.jpg\" data-srcset=\"https:\/\/mini-bob.com\/wp-content\/uploads\/2015\/01\/zipfelbob-rennen3-379x379.jpg 379w, https:\/\/mini-bob.com\/wp-content\/uploads\/2015\/01\/zipfelbob-rennen3-569x569.jpg 569w\" loading=\"eager\" style=\"--ratio: 379 \/ 379\" sizes=\"(max-width: 379px) 100vw, 379px\" alt=\"\" width=\"379\" height=\"379\"><span class=\"gallery-rollover\"><span class=\"gallery-zoom-ico icomoon-the7-font-the7-zoom-06\"><span><\/span><\/span><\/span><\/a><\/figure><\/div><div class=\"wf-cell iso-item\" data-post-id=\"3127\" data-date=\"2015-01-20T16:03:48+01:00\" data-name=\"mini-bob-race-bg\"><figure class=\"post visible\"><a href=\"https:\/\/mini-bob.com\/wp-content\/uploads\/2014\/05\/mini-bob-race-bg.jpg\" class=\"rollover dt-pswp-item layzr-bg\" data-large_image_width=\"2390\" data-large_image_height=\"1594\" data-dt-img-description=\"\" title=\"mini-bob-race-bg\"><img decoding=\"async\" class=\"preload-me iso-lazy-load aspect\" src=\"data:image\/svg+xml,%3Csvg%20xmlns%3D&#039;http%3A%2F%2Fwww.w3.org%2F2000%2Fsvg&#039;%20viewBox%3D&#039;0%200%20379%20379&#039;%2F%3E\" data-src=\"https:\/\/mini-bob.com\/wp-content\/uploads\/2014\/05\/mini-bob-race-bg-379x379.jpg\" data-srcset=\"https:\/\/mini-bob.com\/wp-content\/uploads\/2014\/05\/mini-bob-race-bg-379x379.jpg 379w, https:\/\/mini-bob.com\/wp-content\/uploads\/2014\/05\/mini-bob-race-bg-569x569.jpg 569w\" loading=\"eager\" style=\"--ratio: 379 \/ 379\" sizes=\"(max-width: 379px) 100vw, 379px\" alt=\"\" width=\"379\" height=\"379\"><span class=\"gallery-rollover\"><span class=\"gallery-zoom-ico icomoon-the7-font-the7-zoom-06\"><span><\/span><\/span><\/span><\/a><\/figure><\/div><div class=\"wf-cell iso-item\" data-post-id=\"3111\" data-date=\"2015-01-20T15:58:49+01:00\" data-name=\"mini-bob-race2\"><figure class=\"post visible\"><a href=\"https:\/\/mini-bob.com\/wp-content\/uploads\/2015\/01\/mini-bob-race2.jpg\" class=\"rollover dt-pswp-item layzr-bg\" data-large_image_width=\"1158\" data-large_image_height=\"902\" data-dt-img-description=\"\" title=\"mini-bob-race2\"><img decoding=\"async\" class=\"preload-me iso-lazy-load aspect\" src=\"data:image\/svg+xml,%3Csvg%20xmlns%3D&#039;http%3A%2F%2Fwww.w3.org%2F2000%2Fsvg&#039;%20viewBox%3D&#039;0%200%20379%20379&#039;%2F%3E\" data-src=\"https:\/\/mini-bob.com\/wp-content\/uploads\/2015\/01\/mini-bob-race2-379x379.jpg\" data-srcset=\"https:\/\/mini-bob.com\/wp-content\/uploads\/2015\/01\/mini-bob-race2-379x379.jpg 379w, https:\/\/mini-bob.com\/wp-content\/uploads\/2015\/01\/mini-bob-race2-569x569.jpg 569w\" loading=\"eager\" style=\"--ratio: 379 \/ 379\" sizes=\"(max-width: 379px) 100vw, 379px\" alt=\"\" width=\"379\" height=\"379\"><span class=\"gallery-rollover\"><span class=\"gallery-zoom-ico icomoon-the7-font-the7-zoom-06\"><span><\/span><\/span><\/span><\/a><\/figure><\/div><div class=\"wf-cell iso-item\" data-post-id=\"3109\" data-date=\"2015-01-20T15:58:47+01:00\" data-name=\"mini-bob-race1\"><figure class=\"post visible\"><a href=\"https:\/\/mini-bob.com\/wp-content\/uploads\/2015\/01\/mini-bob-race1.jpg\" class=\"rollover dt-pswp-item layzr-bg\" data-large_image_width=\"1187\" data-large_image_height=\"704\" data-dt-img-description=\"\" title=\"mini-bob-race1\"><img decoding=\"async\" class=\"preload-me iso-lazy-load aspect\" src=\"data:image\/svg+xml,%3Csvg%20xmlns%3D&#039;http%3A%2F%2Fwww.w3.org%2F2000%2Fsvg&#039;%20viewBox%3D&#039;0%200%20379%20379&#039;%2F%3E\" data-src=\"https:\/\/mini-bob.com\/wp-content\/uploads\/2015\/01\/mini-bob-race1-379x379.jpg\" data-srcset=\"https:\/\/mini-bob.com\/wp-content\/uploads\/2015\/01\/mini-bob-race1-379x379.jpg 379w, https:\/\/mini-bob.com\/wp-content\/uploads\/2015\/01\/mini-bob-race1-569x569.jpg 569w\" loading=\"eager\" style=\"--ratio: 379 \/ 379\" sizes=\"(max-width: 379px) 100vw, 379px\" alt=\"\" width=\"379\" height=\"379\"><span class=\"gallery-rollover\"><span class=\"gallery-zoom-ico icomoon-the7-font-the7-zoom-06\"><span><\/span><\/span><\/span><\/a><\/figure><\/div><div class=\"wf-cell iso-item\" data-post-id=\"3380\" data-date=\"2015-07-15T15:24:16+02:00\" data-name=\"Liten f\u00f6rare\"><figure class=\"post visible\"><a href=\"https:\/\/mini-bob.com\/wp-content\/uploads\/2015\/07\/Fahrerklein.jpg\" class=\"rollover dt-pswp-item layzr-bg\" data-large_image_width=\"1024\" data-large_image_height=\"683\" data-dt-img-description=\"\" title=\"Liten f\u00f6rare\"><img decoding=\"async\" class=\"preload-me iso-lazy-load aspect\" src=\"data:image\/svg+xml,%3Csvg%20xmlns%3D&#039;http%3A%2F%2Fwww.w3.org%2F2000%2Fsvg&#039;%20viewBox%3D&#039;0%200%20379%20379&#039;%2F%3E\" data-src=\"https:\/\/mini-bob.com\/wp-content\/uploads\/2015\/07\/Fahrerklein-379x379.jpg\" data-srcset=\"https:\/\/mini-bob.com\/wp-content\/uploads\/2015\/07\/Fahrerklein-379x379.jpg 379w, https:\/\/mini-bob.com\/wp-content\/uploads\/2015\/07\/Fahrerklein-569x569.jpg 569w\" loading=\"eager\" style=\"--ratio: 379 \/ 379\" sizes=\"(max-width: 379px) 100vw, 379px\" alt=\"\" width=\"379\" height=\"379\"><span class=\"gallery-rollover\"><span class=\"gallery-zoom-ico icomoon-the7-font-the7-zoom-06\"><span><\/span><\/span><\/span><\/a><\/figure><\/div><\/div><!-- iso-container|iso-grid --><\/div>[\/vc_column][\/vc_row]<\/p>\n<\/div>","protected":false},"excerpt":{"rendered":"<p>[vc_row][vc_column][vc_custom_heading text=&#8221;1990-talet&#8221; google_fonts=&#8221;font_family:Roboto%20Condensed%3A300%2C300italic%2Cregular%2Citalic%2C700%2C700italic|font_style:400%20regular%3A400%3Anormal&#8221;][vc_column_text]Det var &#8221;kidsen&#8221; p\u00e5 1980-talet som b\u00f6rjade etablera mini bob som sportutrustning och sportgren. De susade nerf\u00f6r backarna allt snabbare och mer v\u00e5ghalsigt. De tr\u00e4ffade sina v\u00e4nner, inte f\u00f6r att \u00e5ka k\u00e4lke, utan f\u00f6r att \u00e5ka &#8221;zip racing&#8221;. Det innebar att man \u00e5kte mini bob p\u00e5 st\u00e4ngda k\u00e4lkbanor genom skogen eller i utf\u00f6rs-&hellip;<\/p>\n","protected":false},"author":1,"featured_media":0,"parent":0,"menu_order":0,"comment_status":"closed","ping_status":"closed","template":"","meta":{"_acf_changed":false,"footnotes":""},"class_list":["post-2945","page","type-page","status-publish","hentry","description-off"],"acf":[],"_links":{"self":[{"href":"https:\/\/mini-bob.com\/sv\/wp-json\/wp\/v2\/pages\/2945","targetHints":{"allow":["GET"]}}],"collection":[{"href":"https:\/\/mini-bob.com\/sv\/wp-json\/wp\/v2\/pages"}],"about":[{"href":"https:\/\/mini-bob.com\/sv\/wp-json\/wp\/v2\/types\/page"}],"author":[{"embeddable":true,"href":"https:\/\/mini-bob.com\/sv\/wp-json\/wp\/v2\/users\/1"}],"replies":[{"embeddable":true,"href":"https:\/\/mini-bob.com\/sv\/wp-json\/wp\/v2\/comments?post=2945"}],"version-history":[{"count":4,"href":"https:\/\/mini-bob.com\/sv\/wp-json\/wp\/v2\/pages\/2945\/revisions"}],"predecessor-version":[{"id":157037,"href":"https:\/\/mini-bob.com\/sv\/wp-json\/wp\/v2\/pages\/2945\/revisions\/157037"}],"wp:attachment":[{"href":"https:\/\/mini-bob.com\/sv\/wp-json\/wp\/v2\/media?parent=2945"}],"curies":[{"name":"wp","href":"https:\/\/api.w.org\/{rel}","templated":true}]}}