{"id":3012,"date":"2014-05-30T13:54:44","date_gmt":"2014-05-30T11:54:44","guid":{"rendered":"https:\/\/mini-bob.com\/?page_id=3012"},"modified":"2026-01-01T21:34:58","modified_gmt":"2026-01-01T20:34:58","slug":"home","status":"publish","type":"page","link":"https:\/\/mini-bob.com\/sv\/","title":{"rendered":"Hem till mini bob - den ursprungliga zipflbob"},"content":{"rendered":"<div class=\"wpb-content-wrapper\"><p>[vc_row][vc_column][vc_custom_heading text=&#8221;den ursprungliga zipflboben sedan 1976 - mini bob&#8221; font_container=&#8221;tag:h3|text_align:left&#8221; google_fonts=&#8221;font_family:Roboto%20Condensed%3A300%2C300italic%2Cregular%2Citalic%2C700%2C700italic|font_style:400%20regular%3A400%3Anormal&#8221;][vc_empty_space]<script>console.log(\"mini bob intro 1: No active slides found\")<\/script>\n[vc_separator][vc_custom_heading text=&#8221;Kvalitet tillverkad i Tyskland sedan 1976&#8243; font_container=&#8221;tag:h3|text_align:left&#8221; google_fonts=&#8221;font_family:Roboto%20Condensed%3A300%2C300italic%2Cregular%2Citalic%2C700%2C700italic|font_style:400%20regular%3A400%3Anormal&#8221;][vc_separator][vc_column_text css=&#8221;&#8221;]I mer \u00e4n 50 \u00e5r har mini bob (original zipflbob) fortsatt att bevisa vad den \u00e4r gjord av. Mini bob f\u00f6ddes i \u00d6sterrike p\u00e5 1970-talet och kallas \u00e4ven &#8221;zipflbob&#8221; i alpregionen. Den forts\u00e4tter att leva vidare tack vare id\u00e9er och kreativitet fr\u00e5n dess entusiastiska fans.  En sak st\u00e5r dock fortfarande i f\u00f6rgrunden, vilket den har gjort fr\u00e5n f\u00f6rsta b\u00f6rjan&#8230; MAXISPASS f\u00f6r stora och sm\u00e5 med den ursprungliga mini bob.[\/vc_column_text][vc_empty_space][\/vc_column][\/vc_row][vc_row][vc_column width=&#8221;1\/2&#8243;][vc_wp_text]<\/p>\n<p style=\"margin-left: 60px; margin-top: 47px;\"><img loading=\"lazy\" decoding=\"async\" title=\"original mini bob - pulka r\u00f6d\" src=\"\/wp-content\/uploads\/2015\/01\/mini-bob-rot-500px.png\" alt=\"mini bob - den ursprungliga zipflbob Zipfelbob\" width=\"500\" height=\"433\"><\/p>\n<p>[\/vc_wp_text][\/vc_column][vc_column width=&#8221;1\/2&#8243;][vc_accordion active_tab=&#8221;1&#8243; title=&#8221;mini bob - Varf\u00f6r originalet?&#8221;][vc_accordion_tab title=&#8221;\u00c4n idag klarar mini bob de h\u00f6gsta material- och s\u00e4kerhetstesterna utan klagom\u00e5l.&#8221;][vc_column_text]Sedan den utvecklades p\u00e5 1970-talet har mini bob genomg\u00e5tt m\u00e5nga utvecklingsstadier tills den n\u00e5dde den form och perfektion som den har \u00e4n idag.<\/p>\n<p>Mini bob har tillverkats i denna full\u00e4ndade design i Tyskland sedan 1976 - redan d\u00e5 togs h\u00e4nsyn till funktion, design, h\u00e5llbarhet och milj\u00f6kompatibilitet i material och produktion.<\/p>\n<p>Mini bob har en ergonomisk sittform och ett perfekt gjutet handtag, vilket garanterar maximalt n\u00f6je och s\u00e4kerhet f\u00f6r b\u00e5de stora och sm\u00e5.<\/p>\n<p>Tack vare joysticken och den speciella formen kan mini bob styras exakt, snabbt och s\u00e4kert. Tack vare det intuitiva man\u00f6vreringskonceptet \u00e4r den en fr\u00f6jd att k\u00f6ra redan fr\u00e5n f\u00f6rsta minuten. <\/p>\n<p>L\u00e5ngt innan lagstiftningen inf\u00f6rdes var man noga med att se till att mini bob tillverkades ftalatfritt (utan mjukg\u00f6rare). \u00c4n idag klarar mini bob de h\u00f6gsta material- och s\u00e4kerhetstesterna utan n\u00e5gra klagom\u00e5l.[\/vc_column_text][\/vc_accordion_tab][vc_accordion_tab title=&#8221;\u00c5terigen tilldelades Bob.art Industry Arward&#8221;][vc_column_text]Det \u00e4r inte bara i Formel 1 som kombinationen av vikt, hastighet, stabilitet, perfekt balans och design \u00e4r en garanti f\u00f6r segrar!<\/p>\n<p>Till skillnad fr\u00e5n kopiorna av v\u00e5r produkt har denna garanti varit en del av originalet av mini bob sedan starten. Detta garanterar dig h\u00f6gsta m\u00f6jliga niv\u00e5 av s\u00e4ker k\u00f6rgl\u00e4dje.[\/vc_column_text][\/vc_accordion_tab][vc_accordion_tab title=&#8221;Uppfunnet i \u00d6sterrike - tillverkat i Tyskland&#8221;][vc_column_text]Sedan den uppfanns p\u00e5 1970-talet har mini bob tillverkats uteslutande i Tyskland. Detta s\u00e4kerst\u00e4ller de h\u00f6ga krav som st\u00e4lls p\u00e5 denna h\u00f6gkvalitativa produkt och garanterar anv\u00e4ndaren maximal s\u00e4kerhet och h\u00e5llbarhet. <\/p>\n<p>Den ursprungliga mini bob \u00e4r en kvalitetsprodukt f\u00f6r generationer - inte bara en tr\u00e5kig plastbob.[\/vc_column_text][\/vc_accordion_tab][\/vc_accordion][\/vc_column][\/vc_row][vc_row][vc_column][vc_separator][\/vc_column][\/vc_row][vc_row][vc_column][vc_empty_space][vc_cta h2=&#8221;Klicka h\u00e4r f\u00f6r att g\u00e5 till webbutiken&#8221; txt_align=&#8221;justify&#8221; shape=&#8221;square&#8221; add_button=&#8221;left&#8221; btn_title=&#8221;till butiken Mini Bob&#8221; btn_shape=&#8221;square&#8221; btn_color=&#8221;danger&#8221; btn_size=&#8221;lg&#8221; btn_align=&#8221;right&#8221; btn_i_type=&#8221;the7&#8243; btn_i_icon_the7=&#8221;icomoon-the7-font-the7-arrow-27&#8243; btn_button_block=&#8221;true&#8221; btn_add_icon=&#8221;true&#8221; btn_link=&#8221;url:https%3A%2F%2Fmini-bob.com%2Fmini-bob-zipfelbob-shop%2F|title:k%C3%B6pa%20mini%20bob%20%28Zipflbob%29|&#8221;]Alla tillg\u00e4ngliga f\u00e4rger kan ocks\u00e5 k\u00f6pas i v\u00e5r webbshop.[\/vc_cta][vc_cta h2=&#8221;k\u00f6pa mini bob - zipflbob?&#8221; txt_align=&#8221;justify&#8221; shape=&#8221;square&#8221; add_button=&#8221;left&#8221; btn_title=&#8221;k\u00f6pa mini bob&#8221; btn_shape=&#8221;square&#8221; btn_color=&#8221;danger&#8221; btn_size=&#8221;lg&#8221; btn_i_type=&#8221;the7&#8243; btn_i_icon_the7=&#8221;icomoon-the7-font-the7-arrow-27&#8243; btn_add_icon=&#8221;true&#8221; btn_link=&#8221;url:https%3A%2F%2Fmini-bob.com%2Fsv%2Fkoep-en-mini-bob%2F|title:k%C3%B6pa%20mini%20bob%20%28Zipflbob%29|&#8221;]Du kan k\u00f6pa original mini bob fr\u00e5n certifierade \u00e5terf\u00f6rs\u00e4ljare h\u00e4r![\/vc_cta][vc_cta h2=&#8221;Bli \u00e5terf\u00f6rs\u00e4ljare?&#8221; txt_align=&#8221;justify&#8221; shape=&#8221;square&#8221; add_button=&#8221;left&#8221; btn_title=&#8221;S\u00e4ljarf\u00f6rfr\u00e5gan&#8221; btn_shape=&#8221;square&#8221; btn_color=&#8221;danger&#8221; btn_size=&#8221;lg&#8221; btn_align=&#8221;right&#8221; btn_i_type=&#8221;the7&#8243; btn_i_icon_the7=&#8221;icomoon-the7-font-the7-arrow-27&#8243; btn_button_block=&#8221;true&#8221; btn_add_icon=&#8221;true&#8221; btn_link=&#8221;url:https%3A%2F%2Fmini-bob.com%2Fsv%2Fvi-ser-fram-emot-din-foerfraagan%2F|title:k%C3%B6pa%20mini%20bob%20%28Zipflbob%29|&#8221;]Har du en butik eller en webbshop och vill s\u00e4lja originalet av mini bob?[\/vc_cta][\/vc_column][\/vc_row][vc_row][vc_column][vc_empty_space][vc_basic_grid post_type=&#8221;post&#8221; max_items=&#8221;10&#8243; element_width=&#8221;3&#8243; grid_id=&#8221;vc_gid:1767299586999-9e25d1ab-97fc-2&#8243;][\/vc_column][\/vc_row]<\/p>\n<\/div>","protected":false},"excerpt":{"rendered":"<p>[vc_row][vc_column][vc_custom_heading text=&#8221;den ursprungliga zipflboben sedan 1976 - mini bob&#8221; font_container=&#8221;tag:h3|text_align:left&#8221; google_fonts=&#8221;font_family:Roboto%20Condensed%3A300%2C300italic%2Cregular%2Citalic%2C700%2C700italic|font_style:400%20regular%3A400%3Anormal&#8221;][vc_empty_space][vc_separator][vc_custom_heading text=&#8221;Kvalitet tillverkad i Tyskland sedan 1976&#8243; font_container=&#8221;tag:h3|text_align:left&#8221; google_fonts=&#8221;font_family:Roboto%20Condensed%3A300%2C300italic%2Cregular%2Citalic%2C700%2C700italic|font_style:400%20regular%3A400%3Anormal&#8221;][vc_separator][vc_column_text css=&#8221;&#8221;]I mer \u00e4n 50 \u00e5r har mini bob (original zipflbob) fortsatt att bevisa vad den \u00e4r gjord av. Mini bob f\u00f6ddes i \u00d6sterrike p\u00e5 1970-talet och kallas \u00e4ven &#8221;zipflbob&#8221; i alpregionen. Den forts\u00e4tter att leva vidare&hellip;<\/p>\n","protected":false},"author":1,"featured_media":0,"parent":0,"menu_order":0,"comment_status":"closed","ping_status":"closed","template":"","meta":{"_acf_changed":false,"footnotes":""},"class_list":["post-3012","page","type-page","status-publish","hentry","description-off"],"acf":[],"_links":{"self":[{"href":"https:\/\/mini-bob.com\/sv\/wp-json\/wp\/v2\/pages\/3012","targetHints":{"allow":["GET"]}}],"collection":[{"href":"https:\/\/mini-bob.com\/sv\/wp-json\/wp\/v2\/pages"}],"about":[{"href":"https:\/\/mini-bob.com\/sv\/wp-json\/wp\/v2\/types\/page"}],"author":[{"embeddable":true,"href":"https:\/\/mini-bob.com\/sv\/wp-json\/wp\/v2\/users\/1"}],"replies":[{"embeddable":true,"href":"https:\/\/mini-bob.com\/sv\/wp-json\/wp\/v2\/comments?post=3012"}],"version-history":[{"count":10,"href":"https:\/\/mini-bob.com\/sv\/wp-json\/wp\/v2\/pages\/3012\/revisions"}],"predecessor-version":[{"id":165362,"href":"https:\/\/mini-bob.com\/sv\/wp-json\/wp\/v2\/pages\/3012\/revisions\/165362"}],"wp:attachment":[{"href":"https:\/\/mini-bob.com\/sv\/wp-json\/wp\/v2\/media?parent=3012"}],"curies":[{"name":"wp","href":"https:\/\/api.w.org\/{rel}","templated":true}]}}