{"id":3029,"date":"2016-08-25T12:24:19","date_gmt":"2016-08-25T10:24:19","guid":{"rendered":"https:\/\/mini-bob.com\/?page_id=3029"},"modified":"2022-09-02T14:43:06","modified_gmt":"2022-09-02T12:43:06","slug":"faq","status":"publish","type":"page","link":"https:\/\/mini-bob.com\/sv\/faq\/","title":{"rendered":"FAQ"},"content":{"rendered":"<div class=\"wpb-content-wrapper\"><p>[vc_row][vc_column][vc_custom_heading text=&#8221;Fragen? Wir antworten!&#8221; font_container=&#8221;tag:h4|text_align:left&#8221; google_fonts=&#8221;font_family:Roboto%20Condensed%3A300%2C300italic%2Cregular%2Citalic%2C700%2C700italic|font_style:400%20regular%3A400%3Anormal&#8221;][vc_column_text]Hier versuchen wir alle Eure Fragen rund um den mini bob zu beantworten - falls Euch noch weitere Informationen fehlen, z\u00f6gert nicht mit uns\u00a0<a href=\"https:\/\/mini-bob.com\/?p=1077&amp;v=3a52f3c22ed6\">Kontakt<\/a>\u00a0aufzunehmen![\/vc_column_text][\/vc_column][\/vc_row][vc_row][vc_column][vc_toggle title=&#8221;Woran erkenne ich den Original mini bob?&#8221; style=&#8221;round&#8221;]Den Original mini bob erkennt man an dem unverkennbaren gesch\u00fctzten mini bob Logo, welches auf der Vorderseite eingepr\u00e4gt ist.<\/p>\n<p><img decoding=\"async\" src=\"\/wp-content\/uploads\/2015\/02\/MaxispassmitMinibob.gif\" alt=\"\" width=\"300\">[\/vc_toggle][vc_toggle title=&#8221;Was ist der &#8221;Zipflbob&#8221;?&#8221; style=&#8221;round&#8221;]Der mini bob wird auch liebevoll (je nach Dialekt) &#8221;Zipflbob&#8221;, &#8221;Zipfelbob&#8221;, &#8221;Zipfibob&#8221; oder &#8221;Zipfybob&#8221; genannt. Der Begriff entstand aufgrund der einzigartigen Form, in den Tiroler Bergen.<\/p>\n<p>Nur der Original mini bob ist also auch der echte &#8221;Zipflbob&#8221;![\/vc_toggle][vc_toggle title=&#8221;Seit wann gibt es den mini bob?&#8221; style=&#8221;round&#8221;]Die Idee entstand in den 70er Jahren beim Skiurlaub in Kitzb\u00fchel.<br \/>\nSeit 1976 wird der mini bob in nahezu unver\u00e4nderter Form in Deutschland von der Firma Loeger GmbH produziert und vertrieben.[\/vc_toggle][vc_toggle title=&#8221;Wer hat den mini bob erfunden?&#8221; style=&#8221;round&#8221;]Der mini bob wurde in den 70er Jahren von Siegmund Loeger und Johann Uttenthaler entwickelt und patentiert. Nach dem Tod von Johann Uttenthaler gingen die Patentrechte an die Firma Loeger GmbH \u00fcber, welche seither exklusiv den mini bob produziert und vertreibt.[\/vc_toggle][vc_toggle title=&#8221;Wo wird der mini bob hergestellt?&#8221; style=&#8221;round&#8221;]Der mini bob wird seit 1976\u00a0in Deutschland produziert. Wir arbeiten dazu mit kleinen und mittelst\u00e4ndischen Familienunternehmen zusammen.[\/vc_toggle][vc_toggle title=&#8221;Mein mini bob hat zwei L\u00f6cher in der Sitzfl\u00e4che. Ist das normal?&#8221; style=&#8221;round&#8221;]Bei der Produktion des mini bob, wird das sogenannte &#8221;Sitzdeckchen&#8221; in der Blas-Form an zwei &#8221;Dorne&#8221; aufgehangen\/befestigt. Diese zwei Dorne hinterlassen auf der Sitzfl\u00e4che die charakteristischen Vertiefungen (siehe Bild). Es handelt sich hierbei um keine L\u00f6cher, sondern lediglich um eine Vertiefung im Material, welche keinen Einfluss auf die Funktion und Sicherheit des mini bobs hat.<\/p>\n<p>&nbsp;<\/p>\n<p><img loading=\"lazy\" decoding=\"async\" src=\"\/wp-content\/uploads\/2017\/01\/Loch-in-mini-bob-zipflbob.jpg\" alt=\"Loch in mini bob - Sitzfl\u00e4che L\u00f6cher\" width=\"350\" height=\"382\" \/>[\/vc_toggle][vc_toggle title=&#8221;Ist der mini bob gesundheitlich unbedenklich?&#8221; style=&#8221;round&#8221;]Seit seiner Erfindung in den 1970er Jahren ist der mini bob auch als Kinderschlitten konzipiert. Dabei wurde bei der Entwicklung und Auswahl der Materialen von Anfang an auf Hautvertr\u00e4glichkeit geachtet. So werden beim Original mini bob keine sogenannten Weichmacher verwendet (phthalatfrei).<\/p>\n<p>Das verwendete Material HD PE ist lebensmittelzul\u00e4ssig, lebensmittelecht und physiologisch unbedenklich. So wird HD-PE z.B. auch bei Schneidebrettern in der K\u00fcche sowie bei Frischhalteboxen, welche mit Lebensmitteln in Kontakt kommen, verwendet.[\/vc_toggle][vc_toggle title=&#8221;Ist der mini bob recyclingf\u00e4hig?&#8221; style=&#8221;round&#8221;]Der mini bob wird aus dem hochfesten und best\u00e4ndigen Material HD-PE hergestellt, dies steht f\u00fcr Hart-Polyethylen (englisch: High Density Polyethylen). HD-PE hat eine hohe Z\u00e4higkeit und Steifigkeit (auch bei sehr niedrigen Temperaturen) und eine sehr gute chemische Best\u00e4ndigkeit. Der Original mini bob ist ein Produkt f\u00fcr Generationen und auf lange Haltbarkeit ausgelegt.<\/p>\n<p>Falls Sie den mini bob allerdings doch einmal entsorgen m\u00fcssen, stellt dies kein Problem dar. HD-PE besteht ausschlie\u00dflich aus Kohlenstoff und Wasserstoff und ist somit sehr umweltschonend zu entsorgen. Bitte geben Sie den mini bob einfach am n\u00e4chstgelegenen Wertstoffhof ab, damit er korrekt dem Recyclingprozess zugef\u00fchrt werden kann.[\/vc_toggle][vc_toggle title=&#8221;Sch\u00e4digt der mini bob die Piste\/ den Untergrund?&#8221; style=&#8221;round&#8221;]Der mini bob ist durch seine flache Bauweise an der Unterseite besonders schonend zu Rodel- und Skipisten. Anders als ein klassischer Holzschlitten mit seinen Kufen &#8221;walzt&#8221; der mini bob sogar den Untergrund anstatt ihn zu zerst\u00f6ren. Der mini bob hat somit keine negativen Auswirkungen auf die Vegetation oder die pr\u00e4parierte Piste[\/vc_toggle][vc_toggle title=&#8221;In welchem Alter kann ich mini bob fahren?&#8221; style=&#8221;round&#8221;]Der mini bob eignet sich f\u00fcr\u00a0jeden Menschen\u00a0im Alter\u00a0von 3-99 Jahren. Der mini bob-Spa\u00df kennt keine Altersgrenze. Durch die niedrige Sitzh\u00f6he kann der kleine Kunststoffschlitten kaum umkippen und damit bereits von den Kleinsten gefahren werden. Durch sein geringes Gewicht von nur ca. 1,6 kg ist er einer der leichtesten Plastikschlitten am Markt und so ziehen ihn selbst die j\u00fcngsten mini bob Fans m\u00fchelos an einer Schnur den Hang hinauf.[\/vc_toggle][vc_toggle title=&#8221;Bis zu welchem Gewicht kann ich mini bob fahren?&#8221; style=&#8221;round&#8221;]Der mini bob ist durch sein bruchfestes Kunststoffmaterial sehr belastbar und kann bis zu einem Gewicht von 100 kg gefahren werden.[\/vc_toggle][vc_toggle title=&#8221;Wo kann ich den mini bob kaufen?&#8221; style=&#8221;round&#8221;]Den mini bob erh\u00e4lt man im gut sortieren Sport- und Spielfachhandel sowie auf vielen Internetportalen.<br \/>\nAlle uns bekannten H\u00e4ndler finden Sie unter &#8221;<a href=\"https:\/\/mini-bob.com\/mini-bob-kaufen\/\">mini bob kaufen<\/a>&#8221;.<\/p>\n<p>Und nat\u00fcrlich bei uns im <a href=\"https:\/\/mini-bob.com\/mini-bob-zipfelbob-shop\/\">Shop<\/a>![\/vc_toggle][vc_toggle title=&#8221;In welchen Farben gibt es den mini bob?&#8221; style=&#8221;round&#8221;]Mini Bob finns f\u00f6r n\u00e4rvarande i f\u00e4rgerna r\u00f6tt, rosa och bl\u00e5tt.<\/p>\n<p>F\u00e4rgerna r\u00f6tt och gult har funnits med sedan minibobben uppfanns p\u00e5 1970-talet. Under en kort tid fanns minibobben \u00e4ven i de aktuella trendf\u00e4rgerna neongr\u00f6nt, neonrosa och svart med gult s\u00e4te.<\/p>\n<p>\u00c5r 2010 fanns den orange Zipfybob, som 2014 ersattes av den &#8221;nya&#8221; gula Zipflbob. 2013 fanns det en specialutg\u00e5va av mini bob i bronsmetallic, gr\u00f6nmetallic och p\u00e4rlvit i begr\u00e4nsad upplaga. \u00c5r 2015 fanns den lilla plastbobben \u00e4ven i lila. Den hittills sista specialf\u00e4rgen, &#8221;rosa&#8221;, tillverkades 2020.<\/p>\n<p>F\u00f6r att det aldrig ska bli tr\u00e5kigt planerar vi redan nu en ny specialf\u00e4rg!<\/p>\n<p>Det l\u00f6nar sig allts\u00e5 att bes\u00f6ka v\u00e5r webbplats regelbundet :-)[\/vc_toggle][vc_toggle title=&#8221;Kann ich den mini bob auch in individuellen Farben kaufen?&#8221; style=&#8221;round&#8221;]Generell ist es uns m\u00f6glich den mini bob in individuellen Farben zu produzieren, allerdings ist dies erst ab einer bestimmten St\u00fcckzahl m\u00f6glich. F\u00fcr Firmen und Gro\u00dfkunden k\u00f6nnen wir z.B. den mini bob in individuellen Farbkombinationen als Werbeartikel anbieten (siehe hierzu &#8221;<a href=\"https:\/\/mini-bob.com\/werbemittel\/\">Referenzen<\/a>&#8221;).<\/p>\n<p>Gerne nehmen wir Ihre Anfrage hierzu entgegen![\/vc_toggle][vc_toggle title=&#8221;Wie kann ich an mini bob Rennen teilnehmen?&#8221; style=&#8221;round&#8221;]Meist kann jeder an einem mini bob Rennen teilnehmen. \u00dcblicherweise gibt es eine Aufteilung in Damen und Herren Klassen sowie nach Alter der Teilnehmer. Oft wird noch in Hobby und Profi Klassen aufgeteilt. In einem K.O.-System werden dann die Sieger ermittelt. Das Tragen eines Helms ist Pflicht und Protektoren werden empfohlen. Die genauen Bedingungen zur jeweiligen Veranstaltung\u00a0erfahren Sie vom\u00a0Veranstalter.[\/vc_toggle][vc_toggle title=&#8221;Gibt es mini bob Rennen?&#8221; style=&#8221;round&#8221;]Es gibt inzwischen eine Vielzahl von Rennveranstaltungen, welche in verschiedenen Klassen durchgef\u00fchrt werden. Termine und Rennberichte sind unter der Rubrik &#8221;News&#8221; zu finden. So gibt es eine Zipflbob world Series sowie viele regionale Veranstaltungen und Events.<\/p>\n<p>Falls Ihr selbst ein Zipfelbobrennen organisiert, k\u00f6nnen wir Euch gerne dabei unterst\u00fctzen! Nutzt hierf\u00fcr einfach unser\u00a0<a href=\"https:\/\/mini-bob.com\/?p=1077&amp;v=3a52f3c22ed6\">Kontaktformular<\/a>![\/vc_toggle][vc_toggle title=&#8221;Gibt es mini bob Vereine?&#8221; style=&#8221;round&#8221;]Ja, es gibt inzwischen gut organisierte mini bob \/ Zipflbob Vereine.<\/p>\n<p>Wenn Ihr als Verein einen Rennbericht oder eine Ank\u00fcndigung zu einem Zipfelbobrennen auf unserer Seite posten m\u00f6chtet, dann nehmt gerne\u00a0<a href=\"https:\/\/mini-bob.com\/?p=1077&amp;v=3a52f3c22ed6\">Kontakt<\/a>\u00a0mit uns auf - wir unterst\u00fctzen gerne![\/vc_toggle][vc_toggle title=&#8221;Wo kann ich mini bob fahren?&#8221; style=&#8221;round&#8221;]Der mini bob kann fast \u00fcberall benutzt werden. Als Wintersportger\u00e4t f\u00fchlt er sich auf kleinen Schneeh\u00e4ngen genauso wohl wie auf steilen Skipisten. Manch einer hat den mini bob auch schon bei +30 C auf Sand gefahren. Dies ist z.B. in Deutschland am Monte Kaolino m\u00f6glich. Weitere Rodelgebiete im Alpenraum mit Schneebericht und Streckenzustand sind unter &#8221;Rodelf\u00fchrer&#8221; zu finden.[\/vc_toggle][vc_toggle title=&#8221;Was brauche ich zum mini-bobben? Brauche ich spezielle Kleidung?&#8221; style=&#8221;round&#8221;]Minibobfahren ben\u00f6tigt keine spezielle Kleidung, aber wie bei jeder Wintersportart gilt es sich der Witterung angepasst zu kleiden. Nur mit wasserdichter Kleidung\u00a0kann man den Spa\u00df auch richtig genie\u00dfen.<br \/>\nAu\u00dferdem empfehlen wir festes Schuhwerk (z.B. Snowboard Stiefel) sowie das Tragen einer Skibrille, Protektoren und eines Helms.<br \/>\nBei Rennveranstaltungen ist ein Helm Pflicht, Protektoren sollten ebenfalls getragen werden. Bei mini bob Rennen werden teilweise hohe Geschwindigkeiten erreicht, deshalb gilt hier immer &#8221;Safety first&#8221;![\/vc_toggle][vc_toggle title=&#8221;Ich will selbst ein mini bob Rennen ausrichten, was muss ich beachten?&#8221; style=&#8221;round&#8221;]Gerne stehen wir Ihnen mit unserer Erfahrung bei der Vorbereitung zur Verf\u00fcgung und stellen Kontakt zu professionellen Veranstaltern her. Hierbei erfahren Sie wichtige Tipps f\u00fcr eine erfolgreiche und spannende Veranstaltung. Des Weiteren ver\u00f6ffentlichen wir gerne\u00a0die Veranstaltung auf unser offiziellen mini bob Homepage und Facebook Seite, sowie\u00a0Rennberichte mit Text, Fotos und Videos. Richten\u00a0Sie hierzu Ihre\u00a0Anfrage einfach \u00fcber unser <a href=\"https:\/\/mini-bob.com\/?p=1077&amp;v=3a52f3c22ed6\">Kontaktformular<\/a> an uns![\/vc_toggle][\/vc_column][\/vc_row]<\/p>\n<\/div>","protected":false},"excerpt":{"rendered":"<p>[vc_row][vc_column][vc_custom_heading text=&#8221;Fragen? Wir antworten!&#8221; font_container=&#8221;tag:h4|text_align:left&#8221; google_fonts=&#8221;font_family:Roboto%20Condensed%3A300%2C300italic%2Cregular%2Citalic%2C700%2C700italic|font_style:400%20regular%3A400%3Anormal&#8221;][vc_column_text]Hier versuchen wir alle Eure Fragen rund um den mini bob zu beantworten - falls Euch noch weitere Informationen fehlen, z\u00f6gert nicht mit uns\u00a0Kontakt\u00a0aufzunehmen![\/vc_column_text][\/vc_column][\/vc_row][vc_row][vc_column][vc_toggle title=&#8221;Woran erkenne ich den Original mini bob?&#8221; style=&#8221;round&#8221;]Den Original mini bob erkennt man an dem unverkennbaren gesch\u00fctzten mini bob Logo, welches auf der Vorderseite eingepr\u00e4gt ist.&hellip;<\/p>\n","protected":false},"author":1,"featured_media":0,"parent":0,"menu_order":0,"comment_status":"closed","ping_status":"closed","template":"","meta":{"_acf_changed":false,"footnotes":""},"class_list":["post-3029","page","type-page","status-publish","hentry","description-off"],"acf":[],"_links":{"self":[{"href":"https:\/\/mini-bob.com\/sv\/wp-json\/wp\/v2\/pages\/3029","targetHints":{"allow":["GET"]}}],"collection":[{"href":"https:\/\/mini-bob.com\/sv\/wp-json\/wp\/v2\/pages"}],"about":[{"href":"https:\/\/mini-bob.com\/sv\/wp-json\/wp\/v2\/types\/page"}],"author":[{"embeddable":true,"href":"https:\/\/mini-bob.com\/sv\/wp-json\/wp\/v2\/users\/1"}],"replies":[{"embeddable":true,"href":"https:\/\/mini-bob.com\/sv\/wp-json\/wp\/v2\/comments?post=3029"}],"version-history":[{"count":3,"href":"https:\/\/mini-bob.com\/sv\/wp-json\/wp\/v2\/pages\/3029\/revisions"}],"predecessor-version":[{"id":146952,"href":"https:\/\/mini-bob.com\/sv\/wp-json\/wp\/v2\/pages\/3029\/revisions\/146952"}],"wp:attachment":[{"href":"https:\/\/mini-bob.com\/sv\/wp-json\/wp\/v2\/media?parent=3029"}],"curies":[{"name":"wp","href":"https:\/\/api.w.org\/{rel}","templated":true}]}}