{"id":4217,"date":"2015-08-07T11:32:01","date_gmt":"2015-08-07T09:32:01","guid":{"rendered":"https:\/\/mini-bob.com\/?page_id=4217"},"modified":"2025-11-22T18:54:09","modified_gmt":"2025-11-22T17:54:09","slug":"pulka-koepa-bobb-minibob","status":"publish","type":"page","link":"https:\/\/mini-bob.com\/sv\/pulka-koepa-bobb-minibob\/","title":{"rendered":"Plastbob - K\u00f6p plastsl\u00e4dar"},"content":{"rendered":"<div class=\"wpb-content-wrapper\"><p>[vc_row][vc_column][vc_custom_heading text=&#8221;K\u00f6p plastbob - den ursprungliga mini bob sedan 1976&#8243; google_fonts=&#8221;font_family:Roboto%3A100%2C100italic%2C300%2C300italic%2Cregular%2Citalic%2C500%2C500italic%2C700%2C700italic%2C900%2C900italic|font_style:400%20regular%3A400%3Anormal&#8221;][vc_column_text]Letar du efter den ultimata plastboben eller plastk\u00e4lken till dig sj\u00e4lv eller dina barn?<\/p>\n<p>Oavsett om du vill k\u00f6pa en plastbob som present eller \u00e4r ute efter maximalt k\u00e4lk\u00e5kningsgl\u00e4dje sj\u00e4lv&#8230;<\/p>\n<p>har du kommit till r\u00e4tt st\u00e4lle med den ursprungliga mini bob!<\/p>\n<p>Ta reda p\u00e5 h\u00e4r om vad som kanske \u00e4r den b\u00e4sta plastboben eller plastk\u00e4lken![\/vc_column_text][\/vc_column][\/vc_row][vc_row][vc_column]<style type=\"text\/css\" data-type=\"the7_shortcodes-inline-css\">#default-btn-96e42f906055187a9bb0ae333a0cbbf9.ico-right-side > i {\n  margin-right: 0px;\n  margin-left: 8px;\n}\n#default-btn-96e42f906055187a9bb0ae333a0cbbf9 > i {\n  margin-right: 8px;\n}<\/style><a href=\"https:\/\/mini-bob.com\/mini-bob-zipfelbob-shop\/\" class=\"default-btn-shortcode dt-btn dt-btn-l link-hover-off btn-inline-left \" id=\"default-btn-96e42f906055187a9bb0ae333a0cbbf9\" title=\"Original mini bob (Zipflbob) Butik\"><i class=\"icomoon-the7-font-the7-arrow-27\"><\/i><span>K\u00f6p original minibob nu<\/span><\/a>[\/vc_column][\/vc_row][vc_row][vc_column width=&#8221;1\/2&#8243;][vc_wp_text]<\/p>\n<p><a href=\"\/\"><img decoding=\"async\" class=\"wp-image-1733 size-medium\" src=\"\/wp-content\/uploads\/2014\/03\/mini-bob-rot-350px.png\" alt=\"K\u00f6pa plastbob\" width=\"500\"><\/a><\/p>\n<p>[\/vc_wp_text][\/vc_column][vc_column width=&#8221;1\/2&#8243;][vc_wp_text]<\/p>\n<p>&nbsp;<\/p>\n<p>&nbsp;<\/p>\n<p>&nbsp;<\/p>\n<p>&nbsp;<\/p>\n<p><a href=\"\/\"><img decoding=\"async\" class=\"wp-image-1733 size-medium\" src=\"\/wp-content\/uploads\/2015\/02\/mini-bob-logo-original10-300x152.png\" alt=\"Logo Original Zipflbob\" width=\"300\" srcset=\"https:\/\/mini-bob.com\/wp-content\/uploads\/2015\/02\/mini-bob-logo-original10-300x152.png 300w, https:\/\/mini-bob.com\/wp-content\/uploads\/2015\/02\/mini-bob-logo-original10.png 500w\" sizes=\"(max-width: 300px) 100vw, 300px\" \/><\/a><\/p>\n<p>[\/vc_wp_text][\/vc_column][\/vc_row][vc_row][vc_column]<style type=\"text\/css\" data-type=\"the7_shortcodes-inline-css\">.gallery-shortcode.gallery-masonry-shortcode-id-f48d8b6e84b09c1f137d732db6ef2108 figure,\n.gallery-shortcode.gallery-masonry-shortcode-id-f48d8b6e84b09c1f137d732db6ef2108 .rollover,\n.gallery-shortcode.gallery-masonry-shortcode-id-f48d8b6e84b09c1f137d732db6ef2108 img,\n.gallery-shortcode.gallery-masonry-shortcode-id-f48d8b6e84b09c1f137d732db6ef2108 .gallery-rollover {\n  border-radius: 0px;\n}\n.gallery-shortcode.gallery-masonry-shortcode-id-f48d8b6e84b09c1f137d732db6ef2108.enable-bg-rollover .gallery-rollover {\n  background: -webkit-linear-gradient();\n  background: linear-gradient();\n}\n.gallery-shortcode.gallery-masonry-shortcode-id-f48d8b6e84b09c1f137d732db6ef2108.enable-bg-rollover.hover-scale figure .rollover:after {\n  background: -webkit-linear-gradient();\n  background: linear-gradient();\n}\n.gallery-shortcode.gallery-masonry-shortcode-id-f48d8b6e84b09c1f137d732db6ef2108 .gallery-zoom-ico {\n  width: 44px;\n  height: 44px;\n  line-height: 44px;\n  border-radius: 100px;\n  margin: -22px 0 0 -22px;\n  border-width: 0px;\n  color: #ffffff;\n}\n.dt-icon-bg-on.gallery-shortcode.gallery-masonry-shortcode-id-f48d8b6e84b09c1f137d732db6ef2108 .gallery-zoom-ico {\n  background: rgba(255,255,255,0.3);\n  box-shadow: none;\n}\n.gallery-shortcode.gallery-masonry-shortcode-id-f48d8b6e84b09c1f137d732db6ef2108 .gallery-zoom-ico:before,\n.gallery-shortcode.gallery-masonry-shortcode-id-f48d8b6e84b09c1f137d732db6ef2108 .gallery-zoom-ico span {\n  font-size: 32px;\n  line-height: 44px;\n  color: #ffffff;\n}\n.gallery-shortcode.gallery-masonry-shortcode-id-f48d8b6e84b09c1f137d732db6ef2108:not(.resize-by-browser-width) .dt-css-grid {\n  grid-row-gap: 10px;\n  grid-column-gap: 10px;\n  grid-template-columns: repeat(auto-fill,minmax(,1fr));\n}\n.gallery-shortcode.gallery-masonry-shortcode-id-f48d8b6e84b09c1f137d732db6ef2108:not(.resize-by-browser-width) .dt-css-grid .double-width {\n  grid-column: span 2;\n}\n.cssgridlegacy.no-cssgrid .gallery-shortcode.gallery-masonry-shortcode-id-f48d8b6e84b09c1f137d732db6ef2108:not(.resize-by-browser-width) .dt-css-grid,\n.no-cssgridlegacy.no-cssgrid .gallery-shortcode.gallery-masonry-shortcode-id-f48d8b6e84b09c1f137d732db6ef2108:not(.resize-by-browser-width) .dt-css-grid {\n  display: flex;\n  flex-flow: row wrap;\n  margin: -5px;\n}\n.cssgridlegacy.no-cssgrid .gallery-shortcode.gallery-masonry-shortcode-id-f48d8b6e84b09c1f137d732db6ef2108:not(.resize-by-browser-width) .dt-css-grid .wf-cell,\n.no-cssgridlegacy.no-cssgrid .gallery-shortcode.gallery-masonry-shortcode-id-f48d8b6e84b09c1f137d732db6ef2108:not(.resize-by-browser-width) .dt-css-grid .wf-cell {\n  flex: 1 0 ;\n  max-width: 100%;\n  padding: 5px;\n  box-sizing: border-box;\n}\n.gallery-shortcode.gallery-masonry-shortcode-id-f48d8b6e84b09c1f137d732db6ef2108.resize-by-browser-width .dt-css-grid {\n  grid-template-columns: repeat(3,1fr);\n  grid-template-rows: auto;\n  grid-column-gap: 10px;\n  grid-row-gap: 10px;\n}\n.gallery-shortcode.gallery-masonry-shortcode-id-f48d8b6e84b09c1f137d732db6ef2108.resize-by-browser-width .dt-css-grid .double-width {\n  grid-column: span 2;\n}\n.cssgridlegacy.no-cssgrid .gallery-shortcode.gallery-masonry-shortcode-id-f48d8b6e84b09c1f137d732db6ef2108.resize-by-browser-width .dt-css-grid {\n  margin: -5px;\n}\n.cssgridlegacy.no-cssgrid .gallery-shortcode.gallery-masonry-shortcode-id-f48d8b6e84b09c1f137d732db6ef2108.resize-by-browser-width .dt-css-grid .wf-cell {\n  width: 33.333333333333%;\n  padding: 5px;\n}\n.cssgridlegacy.no-cssgrid .gallery-shortcode.gallery-masonry-shortcode-id-f48d8b6e84b09c1f137d732db6ef2108.resize-by-browser-width .dt-css-grid .wf-cell.double-width {\n  width: calc(33.333333333333%) * 2;\n}\n.gallery-shortcode.gallery-masonry-shortcode-id-f48d8b6e84b09c1f137d732db6ef2108.resize-by-browser-width:not(.centered-layout-list):not(.content-bg-on) .dt-css-grid {\n  grid-row-gap: 10px - ;\n}\n@media screen and (max-width: 1199px) {\n  .gallery-shortcode.gallery-masonry-shortcode-id-f48d8b6e84b09c1f137d732db6ef2108.resize-by-browser-width .dt-css-grid {\n    grid-template-columns: repeat(3,1fr);\n  }\n  .cssgridlegacy.no-cssgrid .gallery-shortcode.gallery-masonry-shortcode-id-f48d8b6e84b09c1f137d732db6ef2108.resize-by-browser-width .dt-css-grid .wf-cell,\n  .no-cssgridlegacy.no-cssgrid .gallery-shortcode.gallery-masonry-shortcode-id-f48d8b6e84b09c1f137d732db6ef2108.resize-by-browser-width .dt-css-grid .wf-cell {\n    width: 33.333333333333%;\n  }\n  .cssgridlegacy.no-cssgrid .gallery-shortcode.gallery-masonry-shortcode-id-f48d8b6e84b09c1f137d732db6ef2108.resize-by-browser-width .dt-css-grid .wf-cell.double-width,\n  .no-cssgridlegacy.no-cssgrid .gallery-shortcode.gallery-masonry-shortcode-id-f48d8b6e84b09c1f137d732db6ef2108.resize-by-browser-width .dt-css-grid .wf-cell.double-width {\n    width: calc(33.333333333333%)*2;\n  }\n}\n@media screen and (max-width: 991px) {\n  .gallery-shortcode.gallery-masonry-shortcode-id-f48d8b6e84b09c1f137d732db6ef2108.resize-by-browser-width .dt-css-grid {\n    grid-template-columns: repeat(3,1fr);\n  }\n  .cssgridlegacy.no-cssgrid .gallery-shortcode.gallery-masonry-shortcode-id-f48d8b6e84b09c1f137d732db6ef2108.resize-by-browser-width .dt-css-grid .wf-cell,\n  .no-cssgridlegacy.no-cssgrid .gallery-shortcode.gallery-masonry-shortcode-id-f48d8b6e84b09c1f137d732db6ef2108.resize-by-browser-width .dt-css-grid .wf-cell {\n    width: 33.333333333333%;\n  }\n  .cssgridlegacy.no-cssgrid .gallery-shortcode.gallery-masonry-shortcode-id-f48d8b6e84b09c1f137d732db6ef2108.resize-by-browser-width .dt-css-grid .wf-cell.double-width,\n  .no-cssgridlegacy.no-cssgrid .gallery-shortcode.gallery-masonry-shortcode-id-f48d8b6e84b09c1f137d732db6ef2108.resize-by-browser-width .dt-css-grid .wf-cell.double-width {\n    width: calc(33.333333333333%)*2;\n  }\n}\n@media screen and (max-width: 767px) {\n  .gallery-shortcode.gallery-masonry-shortcode-id-f48d8b6e84b09c1f137d732db6ef2108.resize-by-browser-width .dt-css-grid {\n    grid-template-columns: repeat(2,1fr);\n  }\n  .cssgridlegacy.no-cssgrid .gallery-shortcode.gallery-masonry-shortcode-id-f48d8b6e84b09c1f137d732db6ef2108.resize-by-browser-width .dt-css-grid .wf-cell,\n  .no-cssgridlegacy.no-cssgrid .gallery-shortcode.gallery-masonry-shortcode-id-f48d8b6e84b09c1f137d732db6ef2108.resize-by-browser-width .dt-css-grid .wf-cell {\n    width: 50%;\n  }\n  .cssgridlegacy.no-cssgrid .gallery-shortcode.gallery-masonry-shortcode-id-f48d8b6e84b09c1f137d732db6ef2108.resize-by-browser-width .dt-css-grid .wf-cell.double-width,\n  .no-cssgridlegacy.no-cssgrid .gallery-shortcode.gallery-masonry-shortcode-id-f48d8b6e84b09c1f137d732db6ef2108.resize-by-browser-width .dt-css-grid .wf-cell.double-width {\n    width: calc(50%)*2;\n  }\n}<\/style><div class=\"gallery-shortcode dt-gallery-container gallery-masonry-shortcode-id-f48d8b6e84b09c1f137d732db6ef2108 mode-masonry jquery-filter dt-icon-bg-off quick-scale-img enable-bg-rollover resize-by-browser-width  hover-fade loading-effect-none description-on-hover\" data-padding=\"5px\" data-cur-page=\"1\" data-post-limit=\"-1\" data-pagination-mode=\"none\" data-desktop-columns-num=\"3\" data-v-tablet-columns-num=\"3\" data-h-tablet-columns-num=\"3\" data-phone-columns-num=\"2\" data-width=\"0px\" data-columns=\"0\"><div class=\"iso-container\" ><div class=\"wf-cell iso-item\" data-post-id=\"3341\" data-date=\"2015-03-03T16:38:49+01:00\" data-name=\"JUMP-09-1024\"><figure class=\"post visible\"><a href=\"https:\/\/mini-bob.com\/wp-content\/uploads\/2015\/03\/JUMP-09-1024.jpg\" class=\"rollover dt-pswp-item layzr-bg\" data-large_image_width=\"1024\" data-large_image_height=\"683\" data-dt-img-description=\"\" title=\"JUMP-09-1024\"><img fetchpriority=\"high\" decoding=\"async\" class=\"preload-me iso-lazy-load aspect\" src=\"data:image\/svg+xml,%3Csvg%20xmlns%3D&#039;http%3A%2F%2Fwww.w3.org%2F2000%2Fsvg&#039;%20viewBox%3D&#039;0%200%20379%20253&#039;%2F%3E\" data-src=\"https:\/\/mini-bob.com\/wp-content\/uploads\/2015\/03\/JUMP-09-1024-379x253.jpg\" data-srcset=\"https:\/\/mini-bob.com\/wp-content\/uploads\/2015\/03\/JUMP-09-1024-379x253.jpg 379w, https:\/\/mini-bob.com\/wp-content\/uploads\/2015\/03\/JUMP-09-1024-569x380.jpg 569w\" loading=\"eager\" style=\"--ratio: 379 \/ 253\" sizes=\"(max-width: 379px) 100vw, 379px\" alt=\"\" width=\"379\" height=\"253\"><span class=\"gallery-rollover\"><span class=\"gallery-zoom-ico icomoon-the7-font-the7-zoom-06\"><span><\/span><\/span><\/span><\/a><\/figure><\/div><div class=\"wf-cell iso-item\" data-post-id=\"3343\" data-date=\"2015-03-03T16:39:29+01:00\" data-name=\"RACE093-1024\"><figure class=\"post visible\"><a href=\"https:\/\/mini-bob.com\/wp-content\/uploads\/2015\/03\/RACE093-1024.jpg\" class=\"rollover dt-pswp-item layzr-bg\" data-large_image_width=\"1024\" data-large_image_height=\"677\" data-dt-img-description=\"\" title=\"RACE093-1024\"><img decoding=\"async\" class=\"preload-me iso-lazy-load aspect\" src=\"data:image\/svg+xml,%3Csvg%20xmlns%3D&#039;http%3A%2F%2Fwww.w3.org%2F2000%2Fsvg&#039;%20viewBox%3D&#039;0%200%20379%20251&#039;%2F%3E\" data-src=\"https:\/\/mini-bob.com\/wp-content\/uploads\/2015\/03\/RACE093-1024-379x251.jpg\" data-srcset=\"https:\/\/mini-bob.com\/wp-content\/uploads\/2015\/03\/RACE093-1024-379x251.jpg 379w, https:\/\/mini-bob.com\/wp-content\/uploads\/2015\/03\/RACE093-1024-569x377.jpg 569w\" loading=\"eager\" style=\"--ratio: 379 \/ 251\" sizes=\"(max-width: 379px) 100vw, 379px\" alt=\"\" width=\"379\" height=\"251\"><span class=\"gallery-rollover\"><span class=\"gallery-zoom-ico icomoon-the7-font-the7-zoom-06\"><span><\/span><\/span><\/span><\/a><\/figure><\/div><div class=\"wf-cell iso-item\" data-post-id=\"3160\" data-date=\"2015-02-05T15:52:27+01:00\" data-name=\"IMG_4172\"><figure class=\"post visible\"><a href=\"https:\/\/mini-bob.com\/wp-content\/uploads\/2015\/02\/IMG_4172-scaled.jpg\" class=\"rollover dt-pswp-item layzr-bg\" data-large_image_width=\"2560\" data-large_image_height=\"1707\" data-dt-img-description=\"\" title=\"IMG_4172\"><img decoding=\"async\" class=\"preload-me iso-lazy-load aspect\" src=\"data:image\/svg+xml,%3Csvg%20xmlns%3D&#039;http%3A%2F%2Fwww.w3.org%2F2000%2Fsvg&#039;%20viewBox%3D&#039;0%200%20379%20253&#039;%2F%3E\" data-src=\"https:\/\/mini-bob.com\/wp-content\/uploads\/2015\/02\/IMG_4172-scaled-379x253.jpg\" data-srcset=\"https:\/\/mini-bob.com\/wp-content\/uploads\/2015\/02\/IMG_4172-scaled-379x253.jpg 379w, https:\/\/mini-bob.com\/wp-content\/uploads\/2015\/02\/IMG_4172-scaled-569x380.jpg 569w\" loading=\"eager\" style=\"--ratio: 379 \/ 253\" sizes=\"(max-width: 379px) 100vw, 379px\" alt=\"\" width=\"379\" height=\"253\"><span class=\"gallery-rollover\"><span class=\"gallery-zoom-ico icomoon-the7-font-the7-zoom-06\"><span><\/span><\/span><\/span><\/a><\/figure><\/div><div class=\"wf-cell iso-item\" data-post-id=\"3164\" data-date=\"2015-02-06T07:50:03+01:00\" data-name=\"Zipfelbob Funpark\"><figure class=\"post visible\"><a href=\"https:\/\/mini-bob.com\/wp-content\/uploads\/2015\/02\/IMG_2395-scaled.jpg\" class=\"rollover dt-pswp-item layzr-bg\" data-large_image_width=\"2560\" data-large_image_height=\"1707\" data-dt-img-description=\"mini bob im Funpark\" title=\"Zipfelbob Funpark\"><img decoding=\"async\" class=\"preload-me iso-lazy-load aspect\" src=\"data:image\/svg+xml,%3Csvg%20xmlns%3D&#039;http%3A%2F%2Fwww.w3.org%2F2000%2Fsvg&#039;%20viewBox%3D&#039;0%200%20379%20253&#039;%2F%3E\" data-src=\"https:\/\/mini-bob.com\/wp-content\/uploads\/2015\/02\/IMG_2395-scaled-379x253.jpg\" data-srcset=\"https:\/\/mini-bob.com\/wp-content\/uploads\/2015\/02\/IMG_2395-scaled-379x253.jpg 379w, https:\/\/mini-bob.com\/wp-content\/uploads\/2015\/02\/IMG_2395-scaled-569x380.jpg 569w\" loading=\"eager\" style=\"--ratio: 379 \/ 253\" sizes=\"(max-width: 379px) 100vw, 379px\" alt=\"\" width=\"379\" height=\"253\"><span class=\"gallery-rollover\"><span class=\"gallery-zoom-ico icomoon-the7-font-the7-zoom-06\"><span><\/span><\/span><\/span><\/a><\/figure><\/div><div class=\"wf-cell iso-item\" data-post-id=\"3119\" data-date=\"2015-01-20T15:58:56+01:00\" data-name=\"mini bob\"><figure class=\"post visible\"><a href=\"https:\/\/mini-bob.com\/wp-content\/uploads\/2015\/01\/mini-bob-race6.jpg\" class=\"rollover dt-pswp-item layzr-bg\" data-large_image_width=\"1179\" data-large_image_height=\"758\" data-dt-img-description=\"\" title=\"mini bob\"><img decoding=\"async\" class=\"preload-me iso-lazy-load aspect\" src=\"data:image\/svg+xml,%3Csvg%20xmlns%3D&#039;http%3A%2F%2Fwww.w3.org%2F2000%2Fsvg&#039;%20viewBox%3D&#039;0%200%20379%20244&#039;%2F%3E\" data-src=\"https:\/\/mini-bob.com\/wp-content\/uploads\/2015\/01\/mini-bob-race6-379x244.jpg\" data-srcset=\"https:\/\/mini-bob.com\/wp-content\/uploads\/2015\/01\/mini-bob-race6-379x244.jpg 379w, https:\/\/mini-bob.com\/wp-content\/uploads\/2015\/01\/mini-bob-race6-569x366.jpg 569w\" loading=\"eager\" style=\"--ratio: 379 \/ 244\" sizes=\"(max-width: 379px) 100vw, 379px\" alt=\"\" width=\"379\" height=\"244\"><span class=\"gallery-rollover\"><span class=\"gallery-zoom-ico icomoon-the7-font-the7-zoom-06\"><span><\/span><\/span><\/span><\/a><\/figure><\/div><div class=\"wf-cell iso-item\" data-post-id=\"9555\" data-date=\"2018-02-27T16:24:25+01:00\" data-name=\"Zipflbob bl\u00e5 och r\u00f6d - Dammkar\"><figure class=\"post visible\"><a href=\"https:\/\/mini-bob.com\/wp-content\/uploads\/2018\/02\/Zipfelbob-Dammkar.jpg\" class=\"rollover dt-pswp-item layzr-bg\" data-large_image_width=\"1210\" data-large_image_height=\"907\" data-dt-img-description=\"\" title=\"Zipflbob bl\u00e5 och r\u00f6d - Dammkar\"><img decoding=\"async\" class=\"preload-me iso-lazy-load aspect\" src=\"data:image\/svg+xml,%3Csvg%20xmlns%3D&#39;http%3A%2F%2Fwww.w3.org%2F2000%2Fsvg&#39;%20viewBox%3D&#39;0%200%20379%20284&#39;%2F%3E\" data-src=\"https:\/\/mini-bob.com\/wp-content\/uploads\/2018\/02\/Zipfelbob-Dammkar-379x284.jpg\" data-srcset=\"https:\/\/mini-bob.com\/wp-content\/uploads\/2018\/02\/Zipfelbob-Dammkar-379x284.jpg 379w, https:\/\/mini-bob.com\/wp-content\/uploads\/2018\/02\/Zipfelbob-Dammkar-569x426.jpg 569w\" loading=\"eager\" style=\"--ratio: 379 \/ 284\" sizes=\"(max-width: 379px) 100vw, 379px\" alt=\"Dammkar nedstigning Zipfy\" width=\"379\" height=\"284\"  \/><span class=\"gallery-rollover\"><span class=\"gallery-zoom-ico icomoon-the7-font-the7-zoom-06\"><span><\/span><\/span><\/span><\/a><\/figure><\/div><\/div><!-- iso-container|iso-grid --><\/div>[\/vc_column][\/vc_row][vc_row][vc_column][vc_wp_text]<\/p>\n<p>Plastbob: &#8221;Maximalt kul med mini bob&#8221; f\u00f6r barn och vuxna - det har varit slogan f\u00f6r den lilla plastboben sedan 1976!<\/p>\n<p>Precis som Davos-k\u00e4lken, plastk\u00e4lken, plastbobben, k\u00e4lken, <a href=\"https:\/\/mini-bob.com\/sv\/poporutscher-plastskaal-eller-mini-bob\/\">popo-k\u00e4lken<\/a>, k\u00e4lken, bobben, plastsk\u00e5len, glidplattan, sn\u00f6rutschkanan, rumprutschkanan, sn\u00f6glidaren, sn\u00f6streakern, sn\u00f6woken, airboarden eller en enkel rutschkana \u00e4r plastk\u00e4lken &#8221;mini bob&#8221; det perfekta fordonet f\u00f6r maximalt vinterkul i sn\u00f6n i skidsp\u00e5ret, k\u00e4lkbanan eller helt enkelt i backen i byn. En klassisk tr\u00e4k\u00e4lke styrs alltid med f\u00f6tterna genom att de vidr\u00f6r marken. Med den s.k. airboarden, en typ av uppbl\u00e5sbar pulka, flyger man \u00f6ver k\u00e4lkbanan (ungef\u00e4r som en sv\u00e4vare \u00f6ver vatten). Plastboben &#8221;mini bob&#8221; styrs mycket enkelt med hj\u00e4lp av joysticken och genom att f\u00f6rflytta vikten. Bob, k\u00e4lke och pulka \u00e4r d\u00e4rf\u00f6r idealiska sportredskap f\u00f6r vintern\u00f6jen f\u00f6r b\u00e5de stora och sm\u00e5.    <\/p>\n<p>Den lilla plastboben eller plastk\u00e4lken &#8221;mini bob&#8221; \u00e4r perfekt f\u00f6r barn eftersom den kan styras snabbt och s\u00e4kert - ditt barn kommer snabbt att ha mycket roligt p\u00e5 k\u00e4lkbanan och vara &#8221;kung&#8221; i backen.<\/p>\n<p>Om du vill k\u00f6pa en ny plastbob eller plastsl\u00e4de till dig sj\u00e4lv eller dina barn b\u00f6r du vara uppm\u00e4rksam p\u00e5 n\u00e5gra saker:<\/p>\n<p>1. Kvalitet - plastboben ska inte vara en billig underm\u00e5lig produkt - den ursprungliga mini bob tillverkas uteslutande i Tyskland - varje bob kontrolleras f\u00f6r defekter efter produktion och omarbetas f\u00f6r hand vid behov.<\/p>\n<p>2. f\u00f6rarens vikt i kombination med plastbobben. Mini bob \u00e4r avsedd f\u00f6r barn fr\u00e5n 3 \u00e5r och vuxna upp till en vikt p\u00e5 90 kg. <\/p>\n<p>3. Utveckling - plastbobben ska ha testats och provats under m\u00e5nga \u00e5r och alltid fungera felfritt. En l\u00e5ng livsl\u00e4ngd trots h\u00e5rd anv\u00e4ndning ska alltid kunna garanteras. Den ursprungliga mini bob har funnits p\u00e5 marknaden i of\u00f6r\u00e4ndrad form sedan 1976 och har \u00e5tnjutit stor popularitet i generationer.  <\/p>\n<p>S\u00e5 v\u00e4lj en plastbob eller plastk\u00e4lke som kommer att ge dig, din familj och dina v\u00e4nner mycket roligt under en l\u00e5ng tid fram\u00f6ver. Plastboben &#8221;mini bob&#8221; finns i v\u00e4lsorterade sport- och leksaksaff\u00e4rer och i m\u00e5nga n\u00e4tbutiker! H\u00e5ll dock alltid utkik efter den ursprungliga logotypen f\u00f6r mini bob och be din \u00e5terf\u00f6rs\u00e4ljare om &#8221;originalet&#8221; n\u00e4r du k\u00f6per plastbobben!  <\/p>\n<p>Du hittar \u00e5terf\u00f6rs\u00e4ljare p\u00e5 v\u00e5r sida<a href=\"https:\/\/mini-bob.com\/sv\/koep-en-mini-bob\/\">&#8221;K\u00f6p mini bob<\/a>&#8221;.<\/p>\n<p>[\/vc_wp_text][\/vc_column][\/vc_row][vc_row][vc_column]<style type=\"text\/css\" data-type=\"the7_shortcodes-inline-css\">#default-btn-96e42f906055187a9bb0ae333a0cbbf9.ico-right-side > i {\n  margin-right: 0px;\n  margin-left: 8px;\n}\n#default-btn-96e42f906055187a9bb0ae333a0cbbf9 > i {\n  margin-right: 8px;\n}<\/style><a href=\"https:\/\/mini-bob.com\/mini-bob-zipfelbob-shop\/\" class=\"default-btn-shortcode dt-btn dt-btn-l link-hover-off btn-inline-left \" id=\"default-btn-96e42f906055187a9bb0ae333a0cbbf9\" title=\"Original mini bob (Zipflbob) Butik\"><i class=\"icomoon-the7-font-the7-arrow-27\"><\/i><span>k\u00f6p original minibob - plast bob!<\/span><\/a>[\/vc_column][\/vc_row]<\/p>\n<\/div>","protected":false},"excerpt":{"rendered":"<p>[vc_row][vc_column][vc_custom_heading text=&#8221;K\u00f6p plastbob - den ursprungliga mini bob sedan 1976&#8243; google_fonts=&#8221;font_family:Roboto%3A100%2C100italic%2C300%2C300italic%2Cregular%2Citalic%2C500%2C500italic%2C700%2C700italic%2C900%2C900italic|font_style:400%20regular%3A400%3Anormal&#8221;][vc_column_text]Letar du efter den ultimata plastboben eller plastk\u00e4lken till dig sj\u00e4lv eller dina barn? Oavsett om du vill k\u00f6pa en plastbob som present eller \u00e4r ute efter maximalt k\u00e4lk\u00e5kningsgl\u00e4dje sj\u00e4lv&#8230; har du kommit till r\u00e4tt st\u00e4lle med den ursprungliga mini bob! Ta reda p\u00e5 h\u00e4r&hellip;<\/p>\n","protected":false},"author":1,"featured_media":0,"parent":0,"menu_order":0,"comment_status":"closed","ping_status":"closed","template":"","meta":{"_acf_changed":false,"footnotes":""},"class_list":["post-4217","page","type-page","status-publish","hentry","description-off"],"acf":[],"_links":{"self":[{"href":"https:\/\/mini-bob.com\/sv\/wp-json\/wp\/v2\/pages\/4217","targetHints":{"allow":["GET"]}}],"collection":[{"href":"https:\/\/mini-bob.com\/sv\/wp-json\/wp\/v2\/pages"}],"about":[{"href":"https:\/\/mini-bob.com\/sv\/wp-json\/wp\/v2\/types\/page"}],"author":[{"embeddable":true,"href":"https:\/\/mini-bob.com\/sv\/wp-json\/wp\/v2\/users\/1"}],"replies":[{"embeddable":true,"href":"https:\/\/mini-bob.com\/sv\/wp-json\/wp\/v2\/comments?post=4217"}],"version-history":[{"count":5,"href":"https:\/\/mini-bob.com\/sv\/wp-json\/wp\/v2\/pages\/4217\/revisions"}],"predecessor-version":[{"id":156821,"href":"https:\/\/mini-bob.com\/sv\/wp-json\/wp\/v2\/pages\/4217\/revisions\/156821"}],"wp:attachment":[{"href":"https:\/\/mini-bob.com\/sv\/wp-json\/wp\/v2\/media?parent=4217"}],"curies":[{"name":"wp","href":"https:\/\/api.w.org\/{rel}","templated":true}]}}