{"id":140430,"date":"2020-01-21T17:45:28","date_gmt":"2020-01-21T16:45:28","guid":{"rendered":"https:\/\/mini-bob.com\/?post_type=product&#038;p=140430"},"modified":"2026-03-30T19:24:49","modified_gmt":"2026-03-30T17:24:49","slug":"mini-bob-sledge-plastic-bob-rosa","status":"publish","type":"product","link":"https:\/\/mini-bob.com\/sv\/produkt\/mini-bob-sledge-plastic-bob-rosa\/","title":{"rendered":"Original mini bob (Zipflbob k\u00e4lke) i rosa"},"content":{"rendered":"<h2>Original mini bob (zipflbob) rosa - rosa<\/h2>\n<p>Den <strong>ursprungliga mini bob<\/strong> (\u00e4ven k\u00e4nd som &#8221;Zipflbob&#8221;, &#8221;Zipfelbob&#8221; eller &#8221;Zipfybob&#8221;) uppfanns i \u00d6sterrike p\u00e5 1970-talet och har tillverkats av oss i Tyskland sedan 1976, fortfarande delvis f\u00f6r hand.<\/p>\n<p>Tack vare den bryts\u00e4kra och kompakta h\u00e5lkroppskonstruktionen i plast, som framg\u00e5ngsrikt har testats i \u00e5rtionden, \u00e4r den rosa <strong>mini bob<\/strong> praktiskt taget of\u00f6rst\u00f6rbar och med sina ca 1,7 kg fortfarande mycket l\u00e4tt. Den l\u00e5ga s\u00e4tespositionen, som \u00e4r anpassad till kroppen, m\u00f6jligg\u00f6r bekv\u00e4mt och tr\u00f6tthetsfritt vintern\u00f6je f\u00f6r b\u00e5de unga och gamla. Sedan den uppfanns p\u00e5 1970-talet har tre generationer kunnat f\u00f6lja sloganen: <strong>&#8221;Maxi fun with mini bob&#8221;.<\/strong> Mini bob i rosa \u00e4r l\u00e4mplig f\u00f6r alla tack vare sitt s\u00e4kra k\u00f6rbeteende!    K\u00f6rgl\u00e4dje \u00e4r garanterat p\u00e5 korta och platta k\u00e4lkbackar samt p\u00e5 t\u00e4vlingsbanor. Tack vare den stabila konstruktionen och den extrema man\u00f6vrerbarheten \u00e4r h\u00f6ga hastigheter inget problem. <\/p>\n<blockquote><p><span style=\"color: #ff0000;\">!! Uppm\u00e4rksamhet !!!! Kopior erbjuds i olika n\u00e4tbutiker. N\u00e4r du k\u00f6per, leta efter en licensierad \u00e5terf\u00f6rs\u00e4ljare och mini bob-logotypen!  <\/span><\/p><\/blockquote>\n<p>Original mini bob i rosa \u00e4r en flerfaldig vinnare i nationella och internationella &#8221;Zipflbob&#8221;-m\u00e4sterskap.<\/p>\n<p>Uppgifter:<\/p>\n<h3>rosa zipflbob (mini bob)<\/h3>\n<p>Vikt: ca 1,7 kg<br \/>\nM\u00e5tt L x B x H (i cm): 53 x 33 x 40<br \/>\nMaterial: HD PE (ftalatfri)<br \/>\nTill\u00e5ten belastning: max 100 kg<\/p>\n<p>Tillverkad i Tyskland - Tillverkad i Tyskland<\/p>\n<p>F\u00f6rsiktighet: Inte l\u00e4mplig f\u00f6r barn under tre \u00e5r. Anv\u00e4nd under direkt \u00f6vervakning av en vuxen.  Ska anv\u00e4ndas med skyddsutrustning.<\/p>\n<p>De lagstadgade garantir\u00e4ttigheterna g\u00e4ller f\u00f6r v\u00e5ra varor. Observera v\u00e5ra s\u00e4kerhetsanvisningar och v\u00e5ra vanliga <a href=\"https:\/\/mini-bob.com\/sv\/faq\/\" target=\"_blank\" rel=\"noopener noreferrer\">fr\u00e5gor och svar<\/a>! <\/p>\n<p>Du kan hitta mer intressant information om den ursprungliga rosa Zipflbob p\u00e5 <strong>mini bob-webbplatsen<\/strong>: <strong><a href=\"https:\/\/mini-bob.com\/sv\/mini-bob\/\" target=\"_blank\" rel=\"noopener noreferrer\">original mini bob webbplats<\/a><\/strong><\/p>\n<p>F\u00f6rs\u00e4ljning endast i hush\u00e5llskvantiteter - endast f\u00f6r privat bruk! Det \u00e4r f\u00f6rbjudet att s\u00e4lja vidare till f\u00f6retag (med till\u00e4ggsavgift)! <\/p>\n","protected":false},"excerpt":{"rendered":"<p>Original mini bob i rosa - Zipflbob rosa. rosa Zipflbob <\/p>\n","protected":false},"featured_media":152305,"comment_status":"open","ping_status":"closed","template":"","meta":{"_acf_changed":false},"product_brand":[],"product_cat":[217,224],"product_tag":[],"class_list":{"0":"post-140430","1":"product","2":"type-product","3":"status-publish","4":"has-post-thumbnail","6":"product_cat-minibob-sv","7":"product_cat-mini-bob-specialedition-sv","8":"product_shipping_class-minibob-sv-2","9":"description-off","11":"first","12":"instock","13":"featured","14":"taxable","15":"shipping-taxable","16":"purchasable","17":"product-type-simple"},"acf":[],"_links":{"self":[{"href":"https:\/\/mini-bob.com\/sv\/wp-json\/wp\/v2\/product\/140430","targetHints":{"allow":["GET"]}}],"collection":[{"href":"https:\/\/mini-bob.com\/sv\/wp-json\/wp\/v2\/product"}],"about":[{"href":"https:\/\/mini-bob.com\/sv\/wp-json\/wp\/v2\/types\/product"}],"replies":[{"embeddable":true,"href":"https:\/\/mini-bob.com\/sv\/wp-json\/wp\/v2\/comments?post=140430"}],"wp:featuredmedia":[{"embeddable":true,"href":"https:\/\/mini-bob.com\/sv\/wp-json\/wp\/v2\/media\/152305"}],"wp:attachment":[{"href":"https:\/\/mini-bob.com\/sv\/wp-json\/wp\/v2\/media?parent=140430"}],"wp:term":[{"taxonomy":"product_brand","embeddable":true,"href":"https:\/\/mini-bob.com\/sv\/wp-json\/wp\/v2\/product_brand?post=140430"},{"taxonomy":"product_cat","embeddable":true,"href":"https:\/\/mini-bob.com\/sv\/wp-json\/wp\/v2\/product_cat?post=140430"},{"taxonomy":"product_tag","embeddable":true,"href":"https:\/\/mini-bob.com\/sv\/wp-json\/wp\/v2\/product_tag?post=140430"}],"curies":[{"name":"wp","href":"https:\/\/api.w.org\/{rel}","templated":true}]}}