{"id":147272,"date":"2019-11-03T17:20:45","date_gmt":"2019-11-03T16:20:45","guid":{"rendered":"https:\/\/mini-bob.com\/produkt\/mini-bob-moessa-olika-faerger\/"},"modified":"2025-11-22T17:05:55","modified_gmt":"2025-11-22T16:05:55","slug":"mini-bob-hattar-varierade-faerger","status":"publish","type":"product","link":"https:\/\/mini-bob.com\/sv\/produkt\/mini-bob-hattar-varierade-faerger\/","title":{"rendered":"mini bob - zipflbob-hatt - olika f\u00e4rger"},"content":{"rendered":"<h2>Original mini bob (zipflbob) keps<\/h2>\n<ul>\n<li>100% ekologiskt bomullstyg<\/li>\n<li>Med 100 % OCS certifierad ekologisk bomull, certifierad av Control Union CU811033<\/li>\n<li>L\u00e4ttviktigt, andningsbart tyg<\/li>\n<li>Dubbelskiktsstickning<\/li>\n<li>Original mini bob logotyp h\u00f6gkvalitativ pinne<\/li>\n<li>F\u00e4rger: svart, r\u00f6tt, gr\u00e5tt, gult, gr\u00f6nt, bl\u00e5tt och beige.<\/li>\n<\/ul>\n","protected":false},"excerpt":{"rendered":"<p>Ullhattar 100 % bomull med minibob-logotyp<\/p>\n","protected":false},"featured_media":143787,"comment_status":"closed","ping_status":"closed","template":"","meta":{"_acf_changed":false},"product_brand":[],"product_cat":[563],"product_tag":[564,565],"class_list":{"0":"post-147272","1":"product","2":"type-product","3":"status-publish","4":"has-post-thumbnail","6":"product_cat-caps","7":"product_tag-minibob-moessa","8":"product_tag-moessa","9":"product_shipping_class-minibob-sv-2","10":"description-off","12":"first","13":"instock","14":"taxable","15":"shipping-taxable","16":"purchasable","17":"product-type-variable"},"acf":[],"_links":{"self":[{"href":"https:\/\/mini-bob.com\/sv\/wp-json\/wp\/v2\/product\/147272","targetHints":{"allow":["GET"]}}],"collection":[{"href":"https:\/\/mini-bob.com\/sv\/wp-json\/wp\/v2\/product"}],"about":[{"href":"https:\/\/mini-bob.com\/sv\/wp-json\/wp\/v2\/types\/product"}],"replies":[{"embeddable":true,"href":"https:\/\/mini-bob.com\/sv\/wp-json\/wp\/v2\/comments?post=147272"}],"wp:featuredmedia":[{"embeddable":true,"href":"https:\/\/mini-bob.com\/sv\/wp-json\/wp\/v2\/media\/143787"}],"wp:attachment":[{"href":"https:\/\/mini-bob.com\/sv\/wp-json\/wp\/v2\/media?parent=147272"}],"wp:term":[{"taxonomy":"product_brand","embeddable":true,"href":"https:\/\/mini-bob.com\/sv\/wp-json\/wp\/v2\/product_brand?post=147272"},{"taxonomy":"product_cat","embeddable":true,"href":"https:\/\/mini-bob.com\/sv\/wp-json\/wp\/v2\/product_cat?post=147272"},{"taxonomy":"product_tag","embeddable":true,"href":"https:\/\/mini-bob.com\/sv\/wp-json\/wp\/v2\/product_tag?post=147272"}],"curies":[{"name":"wp","href":"https:\/\/api.w.org\/{rel}","templated":true}]}}