{"id":147556,"date":"2025-06-22T15:55:15","date_gmt":"2025-06-22T13:55:15","guid":{"rendered":"https:\/\/mini-bob.com\/produkt\/original-mini-bob-zipfelbob-i-roett\/"},"modified":"2026-02-18T14:20:08","modified_gmt":"2026-02-18T13:20:08","slug":"mini-bob-sledge-sled-red","status":"publish","type":"product","link":"https:\/\/mini-bob.com\/sv\/produkt\/mini-bob-sledge-sled-red\/","title":{"rendered":"Original mini bob (Zipflbob k\u00e4lke) i r\u00f6tt"},"content":{"rendered":"<h2>Original mini bob (Zipflbob) r\u00f6d<\/h2>\n<p>Den <strong>ursprungliga mini bob<\/strong> (\u00e4ven k\u00e4nd som &#8221;Zipflbob&#8221;, &#8221;Zipflbob&#8221; eller &#8221;Zipfybob&#8221;) uppfanns i \u00d6sterrike p\u00e5 1970-talet och har tillverkats av oss i Tyskland sedan 1976, delvis fortfarande f\u00f6r hand, som en bryts\u00e4ker och l\u00e4tt k\u00e4lke.<\/p>\n<p>Originalmodellen mini bob i r\u00f6tt har en ergonomisk sits med ett speciellt sitsmaterial som ocks\u00e5 anv\u00e4nds inom bilindustrin. Den h\u00f6gh\u00e5llfasta joysticken, som \u00e4r fast ansluten till den r\u00f6da (zipflbob) mini bob, \u00e4r ocks\u00e5 ergonomiskt formad och halkfri f\u00f6r att passa handens form. Sp\u00e5rsp\u00e5r p\u00e5 undersidan av mini bob s\u00e4kerst\u00e4ller riktningsstabilitet och k\u00f6rstabilitet.  <\/p>\n<blockquote><p><span style=\"color: #ff0000;\">!! Uppm\u00e4rksamhet !!!! Kopior erbjuds i olika n\u00e4tbutiker. N\u00e4r du k\u00f6per, leta efter en licensierad \u00e5terf\u00f6rs\u00e4ljare och mini bob-logotypen!<\/span><\/p><\/blockquote>\n<p>Uppgifter:<\/p>\n<h3>r\u00f6d zipflbob (mini bob)<\/h3>\n<p>Vikt: ca 1,7 kg<br \/>\nM\u00e5tt L x B x H (i cm): 53 x 33 x 40<br \/>\nMaterial: HD PE (ftalatfri)<br \/>\nTill\u00e5ten belastning: max 100 kg<br \/>\nTillverkad i Tyskland - Tillverkad i Tyskland<\/p>\n<p>F\u00f6rsiktighet: Inte l\u00e4mplig f\u00f6r barn under tre \u00e5r. Anv\u00e4nd under direkt \u00f6vervakning av en vuxen.  Ska anv\u00e4ndas med skyddsutrustning.<\/p>\n<p>De lagstadgade garantir\u00e4ttigheterna g\u00e4ller f\u00f6r v\u00e5ra varor. Observera v\u00e5ra s\u00e4kerhetsanvisningar och v\u00e5ra vanliga <a href=\"https:\/\/mini-bob.com\/sv\/faq\/\" target=\"_blank\" rel=\"noopener noreferrer\">fr\u00e5gor och svar<\/a>! <\/p>\n<p>Du kan hitta mer intressant information om den ursprungliga zipflbob p\u00e5 <strong>mini bob-webbplatsen<\/strong>: <strong><a href=\"https:\/\/mini-bob.com\/sv\/mini-bob\/\">ursprungliga webbplatsen f\u00f6r mini bob<\/a><\/strong><\/p>\n<p>F\u00f6rs\u00e4ljning endast i hush\u00e5llskvantiteter - endast f\u00f6r privat bruk! Det \u00e4r f\u00f6rbjudet att s\u00e4lja vidare till f\u00f6retag (med till\u00e4ggsavgift)! <\/p>\n","protected":false},"excerpt":{"rendered":"<p>Original mini bob i r\u00f6tt - Zipflbob r\u00f6d<\/p>\n","protected":false},"featured_media":154657,"comment_status":"open","ping_status":"closed","template":"","meta":{"_acf_changed":false},"product_brand":[],"product_cat":[217,585],"product_tag":[591,587,588,589,590],"class_list":{"0":"post-147556","1":"product","2":"type-product","3":"status-publish","4":"has-post-thumbnail","6":"product_cat-minibob-sv","7":"product_cat-minibob-standardutgaavor","8":"product_tag-zipfy-bob-roed","9":"product_tag-zipflbob-roed","10":"product_tag-minibob-roed","11":"product_tag-roed-plastbob","12":"product_tag-zipfybob-roed","13":"product_shipping_class-minibob-sv-2","14":"description-off","16":"first","17":"instock","18":"featured","19":"taxable","20":"shipping-taxable","21":"purchasable","22":"product-type-simple"},"acf":[],"_links":{"self":[{"href":"https:\/\/mini-bob.com\/sv\/wp-json\/wp\/v2\/product\/147556","targetHints":{"allow":["GET"]}}],"collection":[{"href":"https:\/\/mini-bob.com\/sv\/wp-json\/wp\/v2\/product"}],"about":[{"href":"https:\/\/mini-bob.com\/sv\/wp-json\/wp\/v2\/types\/product"}],"replies":[{"embeddable":true,"href":"https:\/\/mini-bob.com\/sv\/wp-json\/wp\/v2\/comments?post=147556"}],"wp:featuredmedia":[{"embeddable":true,"href":"https:\/\/mini-bob.com\/sv\/wp-json\/wp\/v2\/media\/154657"}],"wp:attachment":[{"href":"https:\/\/mini-bob.com\/sv\/wp-json\/wp\/v2\/media?parent=147556"}],"wp:term":[{"taxonomy":"product_brand","embeddable":true,"href":"https:\/\/mini-bob.com\/sv\/wp-json\/wp\/v2\/product_brand?post=147556"},{"taxonomy":"product_cat","embeddable":true,"href":"https:\/\/mini-bob.com\/sv\/wp-json\/wp\/v2\/product_cat?post=147556"},{"taxonomy":"product_tag","embeddable":true,"href":"https:\/\/mini-bob.com\/sv\/wp-json\/wp\/v2\/product_tag?post=147556"}],"curies":[{"name":"wp","href":"https:\/\/api.w.org\/{rel}","templated":true}]}}