{"id":156382,"date":"2019-11-01T11:18:24","date_gmt":"2019-11-01T10:18:24","guid":{"rendered":"https:\/\/mini-bob.com\/produkt\/original-mini-bob-zipflbob-hoodie-barn-moerkblaa\/"},"modified":"2025-11-22T16:52:52","modified_gmt":"2025-11-22T15:52:52","slug":"original-mini-bob-zipflbob-hoodie-barn-moerkblaa","status":"publish","type":"product","link":"https:\/\/mini-bob.com\/sv\/produkt\/original-mini-bob-zipflbob-hoodie-barn-moerkblaa\/","title":{"rendered":"Original mini bob - Zipflbob Hoodie Barn - M\u00f6rkbl\u00e5"},"content":{"rendered":"<h2>Original mini bob (Zipflbob) Hoodie Barn - M\u00f6rkbl\u00e5<\/h2>\n<ul>\n<li>80% bomull, kammad och ringspunnen, 20% polyester (3-lagers)<\/li>\n<li>Fin och mycket sl\u00e4t yta tillverkad av 100% bomull<\/li>\n<li>Borstat fleecetyg p\u00e5 insidan<\/li>\n<li>Huva med dubbla lager (ingen dragsko)<\/li>\n<li>Vidd i f\u00e5ll och \u00e4rmslut med elastan<\/li>\n<li>Sids\u00f6mmar f\u00f6r optimal passform<\/li>\n<li>P\u00e5sydd k\u00e4nguruficka<\/li>\n<li>T\u00e4ck s\u00f6mmar vid \u00e4rmh\u00e5l, manschetter och midjeband<\/li>\n<li>Bredare ribbade \u00e4rmslut och midjeband.<\/li>\n<li>Original mini bob &#8221;Silhouette&#8221; framsida - h\u00f6gkvalitativt tryck<\/li>\n<li>Original mini bob-logotyp p\u00e5 baksidan - h\u00f6gkvalitativt tryck<\/li>\n<li>40\u00b0C maskintv\u00e4tt, l\u00e4mplig f\u00f6r torktumling (l\u00e5g temperatur)<\/li>\n<\/ul>\n","protected":false},"excerpt":{"rendered":"<p>Kids hoodie 80% bomull 20% polyester med zipflbob-logotyp i f\u00e4rgen french navy (m\u00f6rkbl\u00e5)<\/p>\n","protected":false},"featured_media":147130,"comment_status":"closed","ping_status":"closed","template":"","meta":{"_acf_changed":false},"product_brand":[],"product_cat":[1022],"product_tag":[],"class_list":{"0":"post-156382","1":"product","2":"type-product","3":"status-publish","4":"has-post-thumbnail","6":"product_cat-minibob-hoodie-kids","7":"product_shipping_class-minibob-sv-2","8":"description-off","10":"first","11":"instock","12":"taxable","13":"shipping-taxable","14":"purchasable","15":"product-type-variable"},"acf":[],"_links":{"self":[{"href":"https:\/\/mini-bob.com\/sv\/wp-json\/wp\/v2\/product\/156382","targetHints":{"allow":["GET"]}}],"collection":[{"href":"https:\/\/mini-bob.com\/sv\/wp-json\/wp\/v2\/product"}],"about":[{"href":"https:\/\/mini-bob.com\/sv\/wp-json\/wp\/v2\/types\/product"}],"replies":[{"embeddable":true,"href":"https:\/\/mini-bob.com\/sv\/wp-json\/wp\/v2\/comments?post=156382"}],"wp:featuredmedia":[{"embeddable":true,"href":"https:\/\/mini-bob.com\/sv\/wp-json\/wp\/v2\/media\/147130"}],"wp:attachment":[{"href":"https:\/\/mini-bob.com\/sv\/wp-json\/wp\/v2\/media?parent=156382"}],"wp:term":[{"taxonomy":"product_brand","embeddable":true,"href":"https:\/\/mini-bob.com\/sv\/wp-json\/wp\/v2\/product_brand?post=156382"},{"taxonomy":"product_cat","embeddable":true,"href":"https:\/\/mini-bob.com\/sv\/wp-json\/wp\/v2\/product_cat?post=156382"},{"taxonomy":"product_tag","embeddable":true,"href":"https:\/\/mini-bob.com\/sv\/wp-json\/wp\/v2\/product_tag?post=156382"}],"curies":[{"name":"wp","href":"https:\/\/api.w.org\/{rel}","templated":true}]}}