{"id":156404,"date":"2019-11-01T10:54:42","date_gmt":"2019-11-01T09:54:42","guid":{"rendered":"https:\/\/mini-bob.com\/produkt\/mini-bob-zipflbob-ekologisk-t-shirt-barn-olika-faerger\/"},"modified":"2025-11-22T16:52:59","modified_gmt":"2025-11-22T15:52:59","slug":"mini-bob-zipflbob-ekologisk-t-shirt-barn-olika-faerger","status":"publish","type":"product","link":"https:\/\/mini-bob.com\/sv\/produkt\/mini-bob-zipflbob-ekologisk-t-shirt-barn-olika-faerger\/","title":{"rendered":"mini bob - Zipflbob Ekologisk T-shirt Barn - olika f\u00e4rger"},"content":{"rendered":"<h2>Original mini bob (Zipflbob) Ekologisk T-shirt Barn<\/h2>\n<ul>\n<li>100% bomull (ekologisk), kammad och ringspunnen<\/li>\n<li>Sl\u00e4t yta<\/li>\n<li>Smal krage med elastan<\/li>\n<li>Halsband fr\u00e5n axel till axel<\/li>\n<li>Modern kroppsn\u00e4ra passform<\/li>\n<li>Original mini bob &#8221;Silhouette&#8221; framsida - h\u00f6gkvalitativt tryck<\/li>\n<li>Original mini bob logo sleeve - h\u00f6gkvalitativt tryck<\/li>\n<li>40\u00b0C maskintv\u00e4tt, l\u00e4mplig f\u00f6r torktumling (l\u00e5g temperatur)<\/li>\n<\/ul>\n","protected":false},"excerpt":{"rendered":"<p>T-shirt f\u00f6r barn i 100 % ekologisk bomull med Zipflbob &amp; &#8221;mini bob&#8221;-logotypen<\/p>\n","protected":false},"featured_media":147144,"comment_status":"closed","ping_status":"closed","template":"","meta":{"_acf_changed":false},"product_brand":[],"product_cat":[1023],"product_tag":[],"class_list":{"0":"post-156404","1":"product","2":"type-product","3":"status-publish","4":"has-post-thumbnail","6":"product_cat-minibob-t-shirt-foer-barn","7":"product_shipping_class-minibob-sv-2","8":"description-off","10":"first","11":"instock","12":"taxable","13":"shipping-taxable","14":"purchasable","15":"product-type-variable"},"acf":[],"_links":{"self":[{"href":"https:\/\/mini-bob.com\/sv\/wp-json\/wp\/v2\/product\/156404","targetHints":{"allow":["GET"]}}],"collection":[{"href":"https:\/\/mini-bob.com\/sv\/wp-json\/wp\/v2\/product"}],"about":[{"href":"https:\/\/mini-bob.com\/sv\/wp-json\/wp\/v2\/types\/product"}],"replies":[{"embeddable":true,"href":"https:\/\/mini-bob.com\/sv\/wp-json\/wp\/v2\/comments?post=156404"}],"wp:featuredmedia":[{"embeddable":true,"href":"https:\/\/mini-bob.com\/sv\/wp-json\/wp\/v2\/media\/147144"}],"wp:attachment":[{"href":"https:\/\/mini-bob.com\/sv\/wp-json\/wp\/v2\/media?parent=156404"}],"wp:term":[{"taxonomy":"product_brand","embeddable":true,"href":"https:\/\/mini-bob.com\/sv\/wp-json\/wp\/v2\/product_brand?post=156404"},{"taxonomy":"product_cat","embeddable":true,"href":"https:\/\/mini-bob.com\/sv\/wp-json\/wp\/v2\/product_cat?post=156404"},{"taxonomy":"product_tag","embeddable":true,"href":"https:\/\/mini-bob.com\/sv\/wp-json\/wp\/v2\/product_tag?post=156404"}],"curies":[{"name":"wp","href":"https:\/\/api.w.org\/{rel}","templated":true}]}}